{"id":22459,"date":"2024-04-10T18:46:54","date_gmt":"2024-04-10T18:46:54","guid":{"rendered":"https:\/\/ztsports.com\/?post_type=product&#038;p=22459"},"modified":"2026-03-06T12:24:42","modified_gmt":"2026-03-06T12:24:42","slug":"bont-skate-velcro-straps-2","status":"publish","type":"product","link":"https:\/\/ztsports.com\/fr\/store\/bont-skate-velcro-straps-2\/","title":{"rendered":"Bont Skate Velcro Straps"},"content":{"rendered":"<h1 class=\"h2 product-single__title\">Sangles Velcro Bont pour Patins<\/h1>\n<p class=\"h2 product-single__title\">Sangles Velcro Bont pour patins. Vos <a href=\"https:\/\/ztsports.com\/product\/bont-patriot-short-track-boot-version-2\/\"><strong>Patriot Skates<\/strong><\/a> ont besoin de nouvelles sangles \u00e0 cause de l\u2019usure ou parce que votre chien les a m\u00e2ch\u00e9es ? Pas de panique, <a href=\"https:\/\/ztsports.com\/fr\/\"><strong>Zt Sports<\/strong><\/a> vous couvre. Cet article est la sangle de remplacement standard pour le Bont Patriot Skate en noir avec le logo Bont blanc. Cet article est vendu par lot de 4.<\/p>\n<p>Le Bont Patriot Skate repousse les limites des mat\u00e9riaux utilis\u00e9s pour un patin de niveau interm\u00e9diaire et offre des performances sup\u00e9rieures \u00e0 celles de nombreux patins haut de gamme d\u2019autres marques. Cela inclut \u00e9galement la sangle velcro ajustable, fabriqu\u00e9e \u00e0 100% en microfibre.<\/p>\n<p>Pour personnaliser vos Patriot Skates et les faire ressortir, vous pouvez commander une sangle brod\u00e9e sur mesure pour 15$ suppl\u00e9mentaires. La production et la livraison prennent environ 4 \u00e0 5 semaines. Pour commander des sangles personnalis\u00e9es, envoyez un email pour plus d\u2019informations \u00e0 <a href=\"mailto:info@ztsports.com\"><strong>info@ztsports.com<\/strong><\/a>.<\/p>\n","protected":false},"excerpt":{"rendered":"<p>Sangles Velcro Bont pour Patins Sangles Velcro Bont pour patins. Vos Patriot Skates ont besoin de nouvelles sangles \u00e0 cause de l\u2019usure ou parce que votre chien les a m\u00e2ch\u00e9es ? Pas de panique, Zt Sports vous couvre. Cet article est la sangle de remplacement standard pour le Bont Patriot Skate en noir avec le [&hellip;]<\/p>\n","protected":false},"featured_media":22458,"comment_status":"open","ping_status":"closed","template":"","meta":{"_acf_changed":false,"_monsterinsights_skip_tracking":false,"_monsterinsights_sitenote_active":false,"_monsterinsights_sitenote_note":"","_monsterinsights_sitenote_category":0,"_uf_show_specific_survey":0,"_uf_disable_surveys":false,"site-sidebar-layout":"default","site-content-layout":"","ast-site-content-layout":"default","site-content-style":"default","site-sidebar-style":"default","ast-global-header-display":"","ast-banner-title-visibility":"","ast-main-header-display":"","ast-hfb-above-header-display":"","ast-hfb-below-header-display":"","ast-hfb-mobile-header-display":"","site-post-title":"","ast-breadcrumbs-content":"","ast-featured-img":"","footer-sml-layout":"","ast-disable-related-posts":"","theme-transparent-header-meta":"default","adv-header-id-meta":"","stick-header-meta":"","header-above-stick-meta":"","header-main-stick-meta":"","header-below-stick-meta":"","astra-migrate-meta-layouts":"set","ast-page-background-enabled":"default","ast-page-background-meta":{"desktop":{"background-color":"","background-image":"","background-repeat":"repeat","background-position":"center center","background-size":"auto","background-attachment":"scroll","background-type":"","background-media":"","overlay-type":"","overlay-color":"","overlay-opacity":"","overlay-gradient":""},"tablet":{"background-color":"","background-image":"","background-repeat":"repeat","background-position":"center center","background-size":"auto","background-attachment":"scroll","background-type":"","background-media":"","overlay-type":"","overlay-color":"","overlay-opacity":"","overlay-gradient":""},"mobile":{"background-color":"","background-image":"","background-repeat":"repeat","background-position":"center center","background-size":"auto","background-attachment":"scroll","background-type":"","background-media":"","overlay-type":"","overlay-color":"","overlay-opacity":"","overlay-gradient":""}},"ast-content-background-meta":{"desktop":{"background-color":"var(--ast-global-color-5)","background-image":"","background-repeat":"repeat","background-position":"center center","background-size":"auto","background-attachment":"scroll","background-type":"","background-media":"","overlay-type":"","overlay-color":"","overlay-opacity":"","overlay-gradient":""},"tablet":{"background-color":"var(--ast-global-color-5)","background-image":"","background-repeat":"repeat","background-position":"center center","background-size":"auto","background-attachment":"scroll","background-type":"","background-media":"","overlay-type":"","overlay-color":"","overlay-opacity":"","overlay-gradient":""},"mobile":{"background-color":"var(--ast-global-color-5)","background-image":"","background-repeat":"repeat","background-position":"center center","background-size":"auto","background-attachment":"scroll","background-type":"","background-media":"","overlay-type":"","overlay-color":"","overlay-opacity":"","overlay-gradient":""}}},"product_brand":[3285],"product_cat":[3378],"product_tag":[],"class_list":{"0":"post-22459","1":"product","2":"type-product","3":"status-publish","4":"has-post-thumbnail","6":"product_brand-bont","7":"product_cat-non-categorise","8":"desktop-align-left","9":"tablet-align-left","10":"mobile-align-left","12":"first","13":"instock","14":"sale","15":"taxable","16":"shipping-taxable","17":"purchasable","18":"product-type-simple"},"acf":[],"_links":{"self":[{"href":"https:\/\/ztsports.com\/fr\/wp-json\/wp\/v2\/product\/22459","targetHints":{"allow":["GET"]}}],"collection":[{"href":"https:\/\/ztsports.com\/fr\/wp-json\/wp\/v2\/product"}],"about":[{"href":"https:\/\/ztsports.com\/fr\/wp-json\/wp\/v2\/types\/product"}],"replies":[{"embeddable":true,"href":"https:\/\/ztsports.com\/fr\/wp-json\/wp\/v2\/comments?post=22459"}],"version-history":[{"count":1,"href":"https:\/\/ztsports.com\/fr\/wp-json\/wp\/v2\/product\/22459\/revisions"}],"predecessor-version":[{"id":22460,"href":"https:\/\/ztsports.com\/fr\/wp-json\/wp\/v2\/product\/22459\/revisions\/22460"}],"wp:featuredmedia":[{"embeddable":true,"href":"https:\/\/ztsports.com\/fr\/wp-json\/wp\/v2\/media\/22458"}],"wp:attachment":[{"href":"https:\/\/ztsports.com\/fr\/wp-json\/wp\/v2\/media?parent=22459"}],"wp:term":[{"taxonomy":"product_brand","embeddable":true,"href":"https:\/\/ztsports.com\/fr\/wp-json\/wp\/v2\/product_brand?post=22459"},{"taxonomy":"product_cat","embeddable":true,"href":"https:\/\/ztsports.com\/fr\/wp-json\/wp\/v2\/product_cat?post=22459"},{"taxonomy":"product_tag","embeddable":true,"href":"https:\/\/ztsports.com\/fr\/wp-json\/wp\/v2\/product_tag?post=22459"}],"curies":[{"name":"wp","href":"https:\/\/api.w.org\/{rel}","templated":true}]}}