{"id":22456,"date":"2024-04-10T19:26:22","date_gmt":"2024-04-10T19:26:22","guid":{"rendered":"https:\/\/ztsports.com\/?post_type=product&#038;p=22456"},"modified":"2026-03-06T12:07:57","modified_gmt":"2026-03-06T12:07:57","slug":"short-track-speed-skating-diamond-stone","status":"publish","type":"product","link":"https:\/\/ztsports.com\/fr\/store\/short-track-speed-skating-diamond-stone\/","title":{"rendered":"Short Track Speed Skating Diamond Stone"},"content":{"rendered":"<h1>Pierre \u00e0 Aff\u00fbter Diamond pour Patinage de Vitesse<\/h1>\n<p class=\"h2 product-single__title\">Cette pierre \u00e0 aff\u00fbter Diamond pour patinage de vitesse sur piste courte est double face, avec un c\u00f4t\u00e9 800 pour le travail grossier et un c\u00f4t\u00e9 1600 pour la finition. La surface en <em>diamant<\/em> mesure 20 cm (8&#8243;) et la longueur totale est de 28 cm (11&#8243;).<\/p>\n<p><b>Les pierres Diamond pr\u00e9sentent des avantages cl\u00e9s par rapport aux autres types de pierres \u00e0 aff\u00fbter :<\/b> Les pierres Diamond sont les plus rapides pour couper et aff\u00fbter. Cette rapidit\u00e9 est particuli\u00e8rement utile pour les grains grossiers, lorsque vous pourriez passer plus de temps sur un tranchant \u00e9mouss\u00e9.<\/p>\n<div data-hveid=\"CFoQAQ\">\n<div class=\"dnXCYb\" tabindex=\"0\" role=\"button\" aria-controls=\"_RiAXZpunLbC80PEP0aOnoAQ_111\" aria-expanded=\"true\">\n<h3 class=\"JlqpRe\"><span class=\"JCzEY tNxQIb\"><span class=\"CSkcDe\">Faut-il lubrifier une pierre \u00e0 aff\u00fbter Diamond ?<\/span><\/span><\/h3>\n<\/div>\n<\/div>\n<div id=\"_RiAXZpunLbC80PEP0aOnoAQ_111\" class=\"bCOlv\" data-ved=\"2ahUKEwib4v2B5riFAxUwHjQIHdHRCUQQ7NUEegQIWhAE\">\n<div class=\"IZE3Td\">\n<div class=\"r2fjmd t0bRye\" data-hveid=\"CFoQBQ\" data-ved=\"2ahUKEwib4v2B5riFAxUwHjQIHdHRCUQQu04oAHoECFoQBQ\">\n<div id=\"RiAXZpunLbC80PEP0aOnoAQ__108\">\n<div class=\"wDYxhc\" data-md=\"61\">\n<div class=\"LGOjhe\" role=\"heading\" data-attrid=\"wa:\/description\" aria-level=\"3\" data-hveid=\"CGEQAA\"><span class=\"BxUVEf ILfuVd\" lang=\"fr\"><br \/>\n<span class=\"hgKElc\">L\u2019erreur la plus courante avec les pierres Diamond est <b>de ne pas utiliser suffisamment de lubrifiant<\/b>. Maintenir une bonne quantit\u00e9 d\u2019eau sur la pierre emp\u00eache les copeaux de m\u00e9tal de boucher la surface, ce qui ralentit le processus d\u2019aff\u00fbtage.<\/span><br \/>\n<\/span><\/div>\n<\/div>\n<\/div>\n<h5 role=\"heading\" data-attrid=\"wa:\/description\" aria-level=\"3\" data-hveid=\"CGEQAA\">Pierre \u00e0 Aff\u00fbter Diamond pour Patinage de Vitesse<\/h5>\n<div id=\"RiAXZpunLbC80PEP0aOnoAQ__108\">\n<div class=\"wDYxhc\" data-md=\"61\">\n<div role=\"heading\" data-attrid=\"wa:\/description\" aria-level=\"3\" data-hveid=\"CGEQAA\"><\/div>\n<div role=\"heading\" data-attrid=\"wa:\/description\" aria-level=\"3\" data-hveid=\"CGEQAA\"><b>L\u2019eau est pr\u00e9f\u00e9r\u00e9e car elle est plus propre \u00e0 utiliser et l\u2019huile n\u2019apporte aucun avantage<\/b>. Si vous d\u00e9cidez d\u2019utiliser de l\u2019huile sur votre pierre Diamond, n\u2019utilisez qu\u2019une huile non durcissante comme l\u2019huile min\u00e9rale. Toute huile qui durcit, comme la plupart des huiles v\u00e9g\u00e9tales, <strong>ne doit pas \u00eatre utilis\u00e9e<\/strong> sur une pierre, qu\u2019elle soit Diamond ou autre.<\/div>\n<\/div>\n<\/div>\n<\/div>\n<\/div>\n<\/div>\n<ul>\n<li>Pierre \u00e0 aff\u00fbter BONT Diamond<\/li>\n<li>Grain 800\/1600<\/li>\n<li>Nouvelle technologie Diamond honeycomb<\/li>\n<li>Surface diamant : 20 cm (8&#8243;) | Longueur totale : 28 cm (11&#8243;)<\/li>\n<li>Les plaques diamant sont rempla\u00e7ables et maintenues par des aimants<\/li>\n<\/ul>\n<p>Enfin, retrouvez tous nos <a href=\"\/?product_cat=diamond-stones-2\"><strong>pierres \u00e0 aff\u00fbter et Burr Diamond<\/strong><\/a>.<\/p>\n","protected":false},"excerpt":{"rendered":"<p>Pierre \u00e0 Aff\u00fbter Diamond pour Patinage de Vitesse Cette pierre \u00e0 aff\u00fbter Diamond pour patinage de vitesse sur piste courte est double face, avec un c\u00f4t\u00e9 800 pour le travail grossier et un c\u00f4t\u00e9 1600 pour la finition. La surface en diamant mesure 20 cm (8&#8243;) et la longueur totale est de 28 cm (11&#8243;). [&hellip;]<\/p>\n","protected":false},"featured_media":22453,"comment_status":"open","ping_status":"closed","template":"","meta":{"_acf_changed":false,"_monsterinsights_skip_tracking":false,"_monsterinsights_sitenote_active":false,"_monsterinsights_sitenote_note":"","_monsterinsights_sitenote_category":0,"_uf_show_specific_survey":0,"_uf_disable_surveys":false,"site-sidebar-layout":"default","site-content-layout":"","ast-site-content-layout":"default","site-content-style":"default","site-sidebar-style":"default","ast-global-header-display":"","ast-banner-title-visibility":"","ast-main-header-display":"","ast-hfb-above-header-display":"","ast-hfb-below-header-display":"","ast-hfb-mobile-header-display":"","site-post-title":"","ast-breadcrumbs-content":"","ast-featured-img":"","footer-sml-layout":"","ast-disable-related-posts":"","theme-transparent-header-meta":"default","adv-header-id-meta":"","stick-header-meta":"","header-above-stick-meta":"","header-main-stick-meta":"","header-below-stick-meta":"","astra-migrate-meta-layouts":"set","ast-page-background-enabled":"default","ast-page-background-meta":{"desktop":{"background-color":"","background-image":"","background-repeat":"repeat","background-position":"center center","background-size":"auto","background-attachment":"scroll","background-type":"","background-media":"","overlay-type":"","overlay-color":"","overlay-opacity":"","overlay-gradient":""},"tablet":{"background-color":"","background-image":"","background-repeat":"repeat","background-position":"center center","background-size":"auto","background-attachment":"scroll","background-type":"","background-media":"","overlay-type":"","overlay-color":"","overlay-opacity":"","overlay-gradient":""},"mobile":{"background-color":"","background-image":"","background-repeat":"repeat","background-position":"center center","background-size":"auto","background-attachment":"scroll","background-type":"","background-media":"","overlay-type":"","overlay-color":"","overlay-opacity":"","overlay-gradient":""}},"ast-content-background-meta":{"desktop":{"background-color":"var(--ast-global-color-5)","background-image":"","background-repeat":"repeat","background-position":"center center","background-size":"auto","background-attachment":"scroll","background-type":"","background-media":"","overlay-type":"","overlay-color":"","overlay-opacity":"","overlay-gradient":""},"tablet":{"background-color":"var(--ast-global-color-5)","background-image":"","background-repeat":"repeat","background-position":"center center","background-size":"auto","background-attachment":"scroll","background-type":"","background-media":"","overlay-type":"","overlay-color":"","overlay-opacity":"","overlay-gradient":""},"mobile":{"background-color":"var(--ast-global-color-5)","background-image":"","background-repeat":"repeat","background-position":"center center","background-size":"auto","background-attachment":"scroll","background-type":"","background-media":"","overlay-type":"","overlay-color":"","overlay-opacity":"","overlay-gradient":""}}},"product_brand":[3285],"product_cat":[3378],"product_tag":[],"class_list":{"0":"post-22456","1":"product","2":"type-product","3":"status-publish","4":"has-post-thumbnail","6":"product_brand-bont","7":"product_cat-non-categorise","8":"desktop-align-left","9":"tablet-align-left","10":"mobile-align-left","12":"first","13":"instock","14":"sale","15":"taxable","16":"shipping-taxable","17":"purchasable","18":"product-type-simple"},"acf":[],"_links":{"self":[{"href":"https:\/\/ztsports.com\/fr\/wp-json\/wp\/v2\/product\/22456","targetHints":{"allow":["GET"]}}],"collection":[{"href":"https:\/\/ztsports.com\/fr\/wp-json\/wp\/v2\/product"}],"about":[{"href":"https:\/\/ztsports.com\/fr\/wp-json\/wp\/v2\/types\/product"}],"replies":[{"embeddable":true,"href":"https:\/\/ztsports.com\/fr\/wp-json\/wp\/v2\/comments?post=22456"}],"version-history":[{"count":1,"href":"https:\/\/ztsports.com\/fr\/wp-json\/wp\/v2\/product\/22456\/revisions"}],"predecessor-version":[{"id":22457,"href":"https:\/\/ztsports.com\/fr\/wp-json\/wp\/v2\/product\/22456\/revisions\/22457"}],"wp:featuredmedia":[{"embeddable":true,"href":"https:\/\/ztsports.com\/fr\/wp-json\/wp\/v2\/media\/22453"}],"wp:attachment":[{"href":"https:\/\/ztsports.com\/fr\/wp-json\/wp\/v2\/media?parent=22456"}],"wp:term":[{"taxonomy":"product_brand","embeddable":true,"href":"https:\/\/ztsports.com\/fr\/wp-json\/wp\/v2\/product_brand?post=22456"},{"taxonomy":"product_cat","embeddable":true,"href":"https:\/\/ztsports.com\/fr\/wp-json\/wp\/v2\/product_cat?post=22456"},{"taxonomy":"product_tag","embeddable":true,"href":"https:\/\/ztsports.com\/fr\/wp-json\/wp\/v2\/product_tag?post=22456"}],"curies":[{"name":"wp","href":"https:\/\/api.w.org\/{rel}","templated":true}]}}