{"id":22451,"date":"2024-04-11T22:43:42","date_gmt":"2024-04-11T22:43:42","guid":{"rendered":"https:\/\/ztsports.com\/?post_type=product&#038;p=22451"},"modified":"2026-03-06T12:06:48","modified_gmt":"2026-03-06T12:06:48","slug":"bont-super-speed-skating-helmet-black","status":"publish","type":"product","link":"https:\/\/ztsports.com\/fr\/store\/bont-super-speed-skating-helmet-black\/","title":{"rendered":"BONT Super SPEED SKATING HELMET BLACK"},"content":{"rendered":"<h2 class=\"product_title entry-title show-product-nav\">CASQUE DE PATINAGE VITESSE BONT NOIR<\/h2>\n<p>Le Casque de Patinage Vitesse Bont Noir est con\u00e7u sp\u00e9cifiquement pour le patinage de vitesse. <span class=\"Y2IQFc\" lang=\"fr\">Il adopte une forme arrondie pour une meilleure protection lors des impacts. Ce <em>casque<\/em> convient \u00e0 tous les niveaux de patinage de vitesse sur piste courte et piste longue, du d\u00e9butant \u00e0 l\u2019avanc\u00e9.<\/span><\/p>\n<p><span class=\"Y2IQFc\" lang=\"fr\">L\u00e9ger et confortable. Ajustement parfait. Serrage Spider lock \u00e0 l\u2019arri\u00e8re. Conforme aux r\u00e9glementations de l\u2019ISU.<\/span><\/p>\n<p><span class=\"Y2IQFc\" lang=\"fr\">Disponible en <strong>Stealth Black Mat<\/strong> avec logo argent et trois tailles. De plus, la molette de confort permet d\u2019ajuster l\u2019arri\u00e8re du casque pour un maintien parfait. Ce casque de patinage vitesse sur piste courte est disponible en <a href=\"https:\/\/ztsports.com\/product\/1bont-adult-speed-skating-helmet\/\"><strong>trois tailles et trois couleurs.<\/strong><\/a><\/span><\/p>\n<div>\n<div class=\"bubble-element GroupItem bubble-r-container flex row group-item entry-1\">\n<div class=\"bubble-element Group bubble-r-container relative clickable-element\">Ce casque r\u00e9pond \u00e0 toutes les normes de s\u00e9curit\u00e9 pour le patinage de vitesse sur piste courte et convient \u00e9galement au patinage de vitesse sur piste longue, vous offrant une tranquillit\u00e9 d\u2019esprit sur la glace.<\/div>\n<\/div>\n<\/div>\n<div>\n<div class=\"bubble-element GroupItem bubble-r-container flex row group-item entry-2\">\n<div class=\"bubble-element Group bubble-r-container relative clickable-element\">\n<div id=\"clicktocopy_text_2\" class=\"bubble-element Text\">Ajustement Confortable :<\/div>\n<div class=\"bubble-element Text\">Ce casque a \u00e9t\u00e9 con\u00e7u pour offrir un ajustement confortable et dispose de sangles r\u00e9glables pour un maximum de confort. Il est l\u00e9ger et ne vous alourdira pas lors de vos s\u00e9ances de patinage.<\/div>\n<\/div>\n<\/div>\n<div class=\"bubble-element GroupItem bubble-r-container flex row group-item entry-3\">\n<div class=\"bubble-element Group bubble-r-container relative clickable-element\">\n<div id=\"clicktocopy_text_3\" class=\"bubble-element Text\">Construction Durable :<\/div>\n<div class=\"bubble-element Text\">Le casque de patinage Bont est fabriqu\u00e9 avec des mat\u00e9riaux robustes qui dureront des ann\u00e9es.<\/div>\n<div class=\"bubble-element Text\">Sa construction solide prot\u00e9gera efficacement votre t\u00eate sur la glace.<\/div>\n<\/div>\n<\/div>\n<div class=\"bubble-element GroupItem bubble-r-container flex row group-item entry-4\">\n<div class=\"bubble-element Group bubble-r-container relative clickable-element\">\n<div id=\"clicktocopy_text_4\" class=\"bubble-element Text\">Visibilit\u00e9 Am\u00e9lior\u00e9e :<\/div>\n<div class=\"bubble-element Text\">Rien \u00e0 craindre pour la visibilit\u00e9 avec ce casque \u2013 son design offre une meilleure visibilit\u00e9 pour rester concentr\u00e9 sur la course.<\/div>\n<\/div>\n<\/div>\n<div class=\"bubble-element GroupItem bubble-r-container flex row group-item entry-5\">\n<div class=\"bubble-element Group bubble-r-container relative clickable-element\">\n<div id=\"clicktocopy_text_5\" class=\"bubble-element Text\">Design de Haute Qualit\u00e9 :<\/div>\n<div class=\"bubble-element Text\">De son apparence \u00e9l\u00e9gante \u00e0 sa construction solide, ce casque est con\u00e7u avec style et qualit\u00e9. Vous pouvez \u00eatre s\u00fbr que votre t\u00eate sera prot\u00e9g\u00e9e tout en restant \u00e9l\u00e9gant sur la glace !<\/div>\n<\/div>\n<\/div>\n<div id=\"copy_text_1\" class=\"bubble-element Text\">LE CASQUE DE PATINAGE VITESSE BONT NOIR OFFRE UNE S\u00c9CURIT\u00c9 SUP\u00c9RIEURE :<\/div>\n<h4><span class=\"Y2IQFc\" lang=\"fr\">Disponible en <strong>3<\/strong> tailles<\/span><\/h4>\n<p><span class=\"Y2IQFc\" lang=\"fr\">XS-48-54 cm<\/span><br \/>\n<span class=\"Y2IQFc\" lang=\"fr\">S\/M-54-58 cm<\/span><br \/>\n<span class=\"Y2IQFc\" lang=\"fr\">L\/XL-58-62 cm<\/span><\/p>\n<p>Enfin, d\u00e9couvrez bien d\u2019autres <a href=\"https:\/\/ztsports.com\/product-category\/inline\/helmets\/\"><strong>Casques Short Track ici<\/strong><\/a>.<\/p>\n<\/div>\n","protected":false},"excerpt":{"rendered":"<p>CASQUE DE PATINAGE VITESSE BONT NOIR Le Casque de Patinage Vitesse Bont Noir est con\u00e7u sp\u00e9cifiquement pour le patinage de vitesse. Il adopte une forme arrondie pour une meilleure protection lors des impacts. Ce casque convient \u00e0 tous les niveaux de patinage de vitesse sur piste courte et piste longue, du d\u00e9butant \u00e0 l\u2019avanc\u00e9. L\u00e9ger [&hellip;]<\/p>\n","protected":false},"featured_media":22448,"comment_status":"open","ping_status":"closed","template":"","meta":{"_acf_changed":false,"_monsterinsights_skip_tracking":false,"_monsterinsights_sitenote_active":false,"_monsterinsights_sitenote_note":"","_monsterinsights_sitenote_category":0,"_uf_show_specific_survey":0,"_uf_disable_surveys":false,"site-sidebar-layout":"default","site-content-layout":"","ast-site-content-layout":"default","site-content-style":"default","site-sidebar-style":"default","ast-global-header-display":"","ast-banner-title-visibility":"","ast-main-header-display":"","ast-hfb-above-header-display":"","ast-hfb-below-header-display":"","ast-hfb-mobile-header-display":"","site-post-title":"","ast-breadcrumbs-content":"","ast-featured-img":"","footer-sml-layout":"","ast-disable-related-posts":"","theme-transparent-header-meta":"default","adv-header-id-meta":"","stick-header-meta":"","header-above-stick-meta":"","header-main-stick-meta":"","header-below-stick-meta":"","astra-migrate-meta-layouts":"set","ast-page-background-enabled":"default","ast-page-background-meta":{"desktop":{"background-color":"","background-image":"","background-repeat":"repeat","background-position":"center center","background-size":"auto","background-attachment":"scroll","background-type":"","background-media":"","overlay-type":"","overlay-color":"","overlay-opacity":"","overlay-gradient":""},"tablet":{"background-color":"","background-image":"","background-repeat":"repeat","background-position":"center center","background-size":"auto","background-attachment":"scroll","background-type":"","background-media":"","overlay-type":"","overlay-color":"","overlay-opacity":"","overlay-gradient":""},"mobile":{"background-color":"","background-image":"","background-repeat":"repeat","background-position":"center center","background-size":"auto","background-attachment":"scroll","background-type":"","background-media":"","overlay-type":"","overlay-color":"","overlay-opacity":"","overlay-gradient":""}},"ast-content-background-meta":{"desktop":{"background-color":"var(--ast-global-color-5)","background-image":"","background-repeat":"repeat","background-position":"center center","background-size":"auto","background-attachment":"scroll","background-type":"","background-media":"","overlay-type":"","overlay-color":"","overlay-opacity":"","overlay-gradient":""},"tablet":{"background-color":"var(--ast-global-color-5)","background-image":"","background-repeat":"repeat","background-position":"center center","background-size":"auto","background-attachment":"scroll","background-type":"","background-media":"","overlay-type":"","overlay-color":"","overlay-opacity":"","overlay-gradient":""},"mobile":{"background-color":"var(--ast-global-color-5)","background-image":"","background-repeat":"repeat","background-position":"center center","background-size":"auto","background-attachment":"scroll","background-type":"","background-media":"","overlay-type":"","overlay-color":"","overlay-opacity":"","overlay-gradient":""}}},"product_brand":[3285],"product_cat":[3378],"product_tag":[3796,4562],"class_list":{"0":"post-22451","1":"product","2":"type-product","3":"status-publish","4":"has-post-thumbnail","6":"product_brand-bont","7":"product_cat-non-categorise","8":"product_tag-short-track","9":"product_tag-speed-skating","10":"desktop-align-left","11":"tablet-align-left","12":"mobile-align-left","14":"first","15":"instock","16":"featured","17":"taxable","18":"shipping-taxable","19":"purchasable","20":"product-type-simple"},"acf":[],"_links":{"self":[{"href":"https:\/\/ztsports.com\/fr\/wp-json\/wp\/v2\/product\/22451","targetHints":{"allow":["GET"]}}],"collection":[{"href":"https:\/\/ztsports.com\/fr\/wp-json\/wp\/v2\/product"}],"about":[{"href":"https:\/\/ztsports.com\/fr\/wp-json\/wp\/v2\/types\/product"}],"replies":[{"embeddable":true,"href":"https:\/\/ztsports.com\/fr\/wp-json\/wp\/v2\/comments?post=22451"}],"version-history":[{"count":1,"href":"https:\/\/ztsports.com\/fr\/wp-json\/wp\/v2\/product\/22451\/revisions"}],"predecessor-version":[{"id":22452,"href":"https:\/\/ztsports.com\/fr\/wp-json\/wp\/v2\/product\/22451\/revisions\/22452"}],"wp:featuredmedia":[{"embeddable":true,"href":"https:\/\/ztsports.com\/fr\/wp-json\/wp\/v2\/media\/22448"}],"wp:attachment":[{"href":"https:\/\/ztsports.com\/fr\/wp-json\/wp\/v2\/media?parent=22451"}],"wp:term":[{"taxonomy":"product_brand","embeddable":true,"href":"https:\/\/ztsports.com\/fr\/wp-json\/wp\/v2\/product_brand?post=22451"},{"taxonomy":"product_cat","embeddable":true,"href":"https:\/\/ztsports.com\/fr\/wp-json\/wp\/v2\/product_cat?post=22451"},{"taxonomy":"product_tag","embeddable":true,"href":"https:\/\/ztsports.com\/fr\/wp-json\/wp\/v2\/product_tag?post=22451"}],"curies":[{"name":"wp","href":"https:\/\/api.w.org\/{rel}","templated":true}]}}