{"id":22445,"date":"2024-04-13T11:13:59","date_gmt":"2024-04-13T11:13:59","guid":{"rendered":"https:\/\/ztsports.com\/?post_type=product&#038;p=22445"},"modified":"2026-03-06T12:05:27","modified_gmt":"2026-03-06T12:05:27","slug":"cadomotus-alpha-2-aero-ice-skating-helmet","status":"publish","type":"product","link":"https:\/\/ztsports.com\/fr\/store\/cadomotus-alpha-2-aero-ice-skating-helmet\/","title":{"rendered":"Cadomotus Alpha-2 aero ice skating helmet"},"content":{"rendered":"<h1>Casque de patinage sur glace Cadomotus Alpha-2 aero<\/h1>\n<p>Avec le <em>Cadomotus Alpha-2<\/em> Aerospeed, nous pr\u00e9sentons le successeur du tout premier casque sp\u00e9cifique pour les longues distances au monde, le Cadomotus Alpha. L\u2019Alpha-2 est encore plus s\u00fbr, s\u2019adapte mieux et reste le casque de patinage qui fixe la norme.<\/p>\n<p>L\u2019introduction du Cadomotus Alpha-2 en 2015 a co\u00efncid\u00e9 avec l\u2019appel \u00e0 plus de s\u00e9curit\u00e9 dans le patinage marathon et le d\u00e9part en masse sur piste longue, marquant le d\u00e9but d\u2019une r\u00e9volution. Il est impossible d\u2019imaginer la patinoire sans casque et de nombreux amateurs de glace naturelle ou r\u00e9cr\u00e9ative l\u2019utilisent. Comme pour le cyclisme et le roller, le port du casque en patinage est d\u00e9sormais consid\u00e9r\u00e9 comme normal.<\/p>\n<h3>Quoi de neuf avec le Cadomotus Alpha-2 ?<\/h3>\n<p>Le casque Alpha-2 a \u00e9t\u00e9 am\u00e9lior\u00e9 avec un design plus arrondi \u00e0 l\u2019arri\u00e8re, offrant plus d\u2019a\u00e9rodynamisme et un look moderne. La forme arrondie offre une meilleure protection pour l\u2019arri\u00e8re de la t\u00eate.<\/p>\n<p>Vous pouvez simplement clipser une visi\u00e8re sur le casque gr\u00e2ce \u00e0 des aimants, comme sur notre mod\u00e8le haut de gamme, l\u2019Omega. Si vous ne souhaitez pas avoir de visi\u00e8re devant vos yeux pendant un moment, vous pouvez la clipser \u00e0 l\u2019envers. Les grandes ouvertures de ventilation \u00e0 l\u2019arri\u00e8re ont \u00e9t\u00e9 remplac\u00e9es par plusieurs petites fentes pour plus de s\u00e9curit\u00e9 en cas de chute.<\/p>\n<p>Non chang\u00e9 : toujours tr\u00e8s l\u00e9ger et confortable \u00e0 porter.<\/p>\n<p>Personnalisez votre casque avec un <strong>aero shield<\/strong>. Vous pouvez rendre ce casque unique en ajoutant un bouclier a\u00e9rodynamique de la couleur de votre choix. Il se fixe facilement sur le dessus du casque. Avec ces boucliers color\u00e9s, vous pouvez \u00e9galement harmoniser votre casque avec l\u2019\u00e9quipement de votre club ou de votre \u00e9quipe. Les Sonic Aero shields de Cadomotus offrent \u00e9galement un avantage a\u00e9rodynamique.<\/p>\n<h3>Casque officiellement approuv\u00e9<\/h3>\n<p>Il reste l\u2019un des rares casques de patinage officiellement approuv\u00e9s par l\u2019ISU. Selon les r\u00e8gles, le casque doit suivre la forme de la t\u00eate et ne doit pr\u00e9senter aucune saillie. Un test d\u2019impact pr\u00e9vu pour les casques de short track doit \u00e9galement \u00eatre respect\u00e9. Presque tous les casques de v\u00e9lo sont donc inadapt\u00e9s au patinage marathon. Le casque Alpha-2 convient donc \u00e9galement pour le short track.<\/p>\n<div class=\"my-4\">\n<h4>Tailles disponibles<\/h4>\n<h4><strong>S\/M (54-58 cm)<\/strong><\/h4>\n<\/div>\n<p><strong>Vid\u00e9o du <a href=\"https:\/\/www.youtube.com\/watch?v=7XZzirH3PzI\" target=\"_blank\" rel=\"noopener\">test du casque par Cadomotus<\/a><\/strong><\/p>\n<p>Enfin, d\u00e9couvrez tous nos <a href=\"https:\/\/ztsports.com\/product-category\/inline\/helmets\/\"><strong>Casques Short Track ici<\/strong><\/a>.<\/p>\n","protected":false},"excerpt":{"rendered":"<p>Casque de patinage sur glace Cadomotus Alpha-2 aero Avec le Cadomotus Alpha-2 Aerospeed, nous pr\u00e9sentons le successeur du tout premier casque sp\u00e9cifique pour les longues distances au monde, le Cadomotus Alpha. L\u2019Alpha-2 est encore plus s\u00fbr, s\u2019adapte mieux et reste le casque de patinage qui fixe la norme. L\u2019introduction du Cadomotus Alpha-2 en 2015 a [&hellip;]<\/p>\n","protected":false},"featured_media":22441,"comment_status":"open","ping_status":"closed","template":"","meta":{"_acf_changed":false,"_monsterinsights_skip_tracking":false,"_monsterinsights_sitenote_active":false,"_monsterinsights_sitenote_note":"","_monsterinsights_sitenote_category":0,"_uf_show_specific_survey":0,"_uf_disable_surveys":false,"site-sidebar-layout":"default","site-content-layout":"","ast-site-content-layout":"default","site-content-style":"default","site-sidebar-style":"default","ast-global-header-display":"","ast-banner-title-visibility":"","ast-main-header-display":"","ast-hfb-above-header-display":"","ast-hfb-below-header-display":"","ast-hfb-mobile-header-display":"","site-post-title":"","ast-breadcrumbs-content":"","ast-featured-img":"","footer-sml-layout":"","ast-disable-related-posts":"","theme-transparent-header-meta":"default","adv-header-id-meta":"","stick-header-meta":"","header-above-stick-meta":"","header-main-stick-meta":"","header-below-stick-meta":"","astra-migrate-meta-layouts":"set","ast-page-background-enabled":"default","ast-page-background-meta":{"desktop":{"background-color":"","background-image":"","background-repeat":"repeat","background-position":"center center","background-size":"auto","background-attachment":"scroll","background-type":"","background-media":"","overlay-type":"","overlay-color":"","overlay-opacity":"","overlay-gradient":""},"tablet":{"background-color":"","background-image":"","background-repeat":"repeat","background-position":"center center","background-size":"auto","background-attachment":"scroll","background-type":"","background-media":"","overlay-type":"","overlay-color":"","overlay-opacity":"","overlay-gradient":""},"mobile":{"background-color":"","background-image":"","background-repeat":"repeat","background-position":"center center","background-size":"auto","background-attachment":"scroll","background-type":"","background-media":"","overlay-type":"","overlay-color":"","overlay-opacity":"","overlay-gradient":""}},"ast-content-background-meta":{"desktop":{"background-color":"var(--ast-global-color-5)","background-image":"","background-repeat":"repeat","background-position":"center center","background-size":"auto","background-attachment":"scroll","background-type":"","background-media":"","overlay-type":"","overlay-color":"","overlay-opacity":"","overlay-gradient":""},"tablet":{"background-color":"var(--ast-global-color-5)","background-image":"","background-repeat":"repeat","background-position":"center center","background-size":"auto","background-attachment":"scroll","background-type":"","background-media":"","overlay-type":"","overlay-color":"","overlay-opacity":"","overlay-gradient":""},"mobile":{"background-color":"var(--ast-global-color-5)","background-image":"","background-repeat":"repeat","background-position":"center center","background-size":"auto","background-attachment":"scroll","background-type":"","background-media":"","overlay-type":"","overlay-color":"","overlay-opacity":"","overlay-gradient":""}}},"product_brand":[3289],"product_cat":[3378],"product_tag":[],"class_list":{"0":"post-22445","1":"product","2":"type-product","3":"status-publish","4":"has-post-thumbnail","6":"product_brand-cadomotus","7":"product_cat-non-categorise","8":"desktop-align-left","9":"tablet-align-left","10":"mobile-align-left","12":"first","13":"outofstock","14":"sale","15":"taxable","16":"shipping-taxable","17":"purchasable","18":"product-type-simple"},"acf":[],"_links":{"self":[{"href":"https:\/\/ztsports.com\/fr\/wp-json\/wp\/v2\/product\/22445","targetHints":{"allow":["GET"]}}],"collection":[{"href":"https:\/\/ztsports.com\/fr\/wp-json\/wp\/v2\/product"}],"about":[{"href":"https:\/\/ztsports.com\/fr\/wp-json\/wp\/v2\/types\/product"}],"replies":[{"embeddable":true,"href":"https:\/\/ztsports.com\/fr\/wp-json\/wp\/v2\/comments?post=22445"}],"version-history":[{"count":1,"href":"https:\/\/ztsports.com\/fr\/wp-json\/wp\/v2\/product\/22445\/revisions"}],"predecessor-version":[{"id":22447,"href":"https:\/\/ztsports.com\/fr\/wp-json\/wp\/v2\/product\/22445\/revisions\/22447"}],"wp:featuredmedia":[{"embeddable":true,"href":"https:\/\/ztsports.com\/fr\/wp-json\/wp\/v2\/media\/22441"}],"wp:attachment":[{"href":"https:\/\/ztsports.com\/fr\/wp-json\/wp\/v2\/media?parent=22445"}],"wp:term":[{"taxonomy":"product_brand","embeddable":true,"href":"https:\/\/ztsports.com\/fr\/wp-json\/wp\/v2\/product_brand?post=22445"},{"taxonomy":"product_cat","embeddable":true,"href":"https:\/\/ztsports.com\/fr\/wp-json\/wp\/v2\/product_cat?post=22445"},{"taxonomy":"product_tag","embeddable":true,"href":"https:\/\/ztsports.com\/fr\/wp-json\/wp\/v2\/product_tag?post=22445"}],"curies":[{"name":"wp","href":"https:\/\/api.w.org\/{rel}","templated":true}]}}