{"id":22439,"date":"2024-04-14T17:34:22","date_gmt":"2024-04-14T17:34:22","guid":{"rendered":"https:\/\/ztsports.com\/?post_type=product&#038;p=22439"},"modified":"2026-03-06T12:04:15","modified_gmt":"2026-03-06T12:04:15","slug":"guardian-sport-eye-guard-new","status":"publish","type":"product","link":"https:\/\/ztsports.com\/fr\/store\/guardian-sport-eye-guard-new\/","title":{"rendered":"Guardian Sport Eye Guard New"},"content":{"rendered":"<h1>Guardian Sport Eye Guard<\/h1>\n<p>Le Guardian Sport Eye Guard de Black Knight offre le meilleur ajustement et style possible, avec des branches r\u00e9glables qui se posent parfaitement sur votre visage, des verres trait\u00e9s anti-bu\u00e9e et un appui nasal super confortable et rembourr\u00e9. Ces prot\u00e8ge-yeux sont \u00e9galement approuv\u00e9s ASTM F803 pour le short track, le long track et tous les sports de raquette tels que le squash, le pickleball et le badminton, vous assurant ainsi une protection maximale. Avec un design \u00e9l\u00e9gant, des branches de style ba\u00efonnette moul\u00e9es par injection et des angles ajustables, ces prot\u00e8ge-yeux ont tout pour plaire.<\/p>\n<p>Les lunettes de protection sportives conviennent \u00e0 diff\u00e9rents sports sur glace et sur route, avec un <strong>\u00e9tui rigide puis une pochette protectrice souple<\/strong> pour prot\u00e9ger vos lunettes et verres. Nos lunettes en nylon Grilamid TR-90 sont l\u00e9g\u00e8res et performantes. Il est difficile de trouver mieux en termes de qualit\u00e9.<\/p>\n<p>Caract\u00e9ristiques du Guardian Sport Eye Guard Black Knight :<\/p>\n<ul>\n<li>Verres en polycarbonate haute r\u00e9sistance aux chocs et anti-rayures<\/li>\n<li>Verres optiquement corrects sans distorsion<\/li>\n<li>Branches de type ba\u00efonnette pour un ajustement confortable<\/li>\n<li>Rev\u00eatement anti-bu\u00e9e et ventilation pour \u00e9liminer la condensation<\/li>\n<li>Conforme aux normes d\u2019impact ASTM F803 pour les sports de raquette (squash, badminton, racquetball, paddleball, tennis)<\/li>\n<li>Couleur : Noir \/ Jaune<\/li>\n<\/ul>\n<p><strong>FPVQ &amp; <a href=\"https:\/\/www.ontariospeedskating.ca\/safety-equipment\" target=\"_blank\" rel=\"noopener\">OSSA : Accessoire obligatoire<\/a> en comp\u00e9tition.<\/strong><\/p>\n<p>Enfin, d\u00e9couvrez toutes nos <a href=\"https:\/\/ztsports.ca\/product-category\/speed-skating-protection-equipment\/glasses\/\" target=\"_blank\" rel=\"noopener\"><strong>lunettes de protection pour le patinage de vitesse<\/strong><\/a> ici.<\/p>\n","protected":false},"excerpt":{"rendered":"<p>Guardian Sport Eye Guard Le Guardian Sport Eye Guard de Black Knight offre le meilleur ajustement et style possible, avec des branches r\u00e9glables qui se posent parfaitement sur votre visage, des verres trait\u00e9s anti-bu\u00e9e et un appui nasal super confortable et rembourr\u00e9. Ces prot\u00e8ge-yeux sont \u00e9galement approuv\u00e9s ASTM F803 pour le short track, le long [&hellip;]<\/p>\n","protected":false},"featured_media":22437,"comment_status":"open","ping_status":"closed","template":"","meta":{"_acf_changed":false,"_monsterinsights_skip_tracking":false,"_monsterinsights_sitenote_active":false,"_monsterinsights_sitenote_note":"","_monsterinsights_sitenote_category":0,"_uf_show_specific_survey":0,"_uf_disable_surveys":false,"site-sidebar-layout":"default","site-content-layout":"","ast-site-content-layout":"default","site-content-style":"default","site-sidebar-style":"default","ast-global-header-display":"","ast-banner-title-visibility":"","ast-main-header-display":"","ast-hfb-above-header-display":"","ast-hfb-below-header-display":"","ast-hfb-mobile-header-display":"","site-post-title":"","ast-breadcrumbs-content":"","ast-featured-img":"","footer-sml-layout":"","ast-disable-related-posts":"","theme-transparent-header-meta":"default","adv-header-id-meta":"","stick-header-meta":"","header-above-stick-meta":"","header-main-stick-meta":"","header-below-stick-meta":"","astra-migrate-meta-layouts":"set","ast-page-background-enabled":"default","ast-page-background-meta":{"desktop":{"background-color":"","background-image":"","background-repeat":"repeat","background-position":"center center","background-size":"auto","background-attachment":"scroll","background-type":"","background-media":"","overlay-type":"","overlay-color":"","overlay-opacity":"","overlay-gradient":""},"tablet":{"background-color":"","background-image":"","background-repeat":"repeat","background-position":"center center","background-size":"auto","background-attachment":"scroll","background-type":"","background-media":"","overlay-type":"","overlay-color":"","overlay-opacity":"","overlay-gradient":""},"mobile":{"background-color":"","background-image":"","background-repeat":"repeat","background-position":"center center","background-size":"auto","background-attachment":"scroll","background-type":"","background-media":"","overlay-type":"","overlay-color":"","overlay-opacity":"","overlay-gradient":""}},"ast-content-background-meta":{"desktop":{"background-color":"var(--ast-global-color-5)","background-image":"","background-repeat":"repeat","background-position":"center center","background-size":"auto","background-attachment":"scroll","background-type":"","background-media":"","overlay-type":"","overlay-color":"","overlay-opacity":"","overlay-gradient":""},"tablet":{"background-color":"var(--ast-global-color-5)","background-image":"","background-repeat":"repeat","background-position":"center center","background-size":"auto","background-attachment":"scroll","background-type":"","background-media":"","overlay-type":"","overlay-color":"","overlay-opacity":"","overlay-gradient":""},"mobile":{"background-color":"var(--ast-global-color-5)","background-image":"","background-repeat":"repeat","background-position":"center center","background-size":"auto","background-attachment":"scroll","background-type":"","background-media":"","overlay-type":"","overlay-color":"","overlay-opacity":"","overlay-gradient":""}}},"product_brand":[3281],"product_cat":[3378],"product_tag":[3796,4562],"class_list":{"0":"post-22439","1":"product","2":"type-product","3":"status-publish","4":"has-post-thumbnail","6":"product_brand-black-knight","7":"product_cat-non-categorise","8":"product_tag-short-track","9":"product_tag-speed-skating","10":"desktop-align-left","11":"tablet-align-left","12":"mobile-align-left","14":"first","15":"instock","16":"featured","17":"taxable","18":"shipping-taxable","19":"purchasable","20":"product-type-simple"},"acf":[],"_links":{"self":[{"href":"https:\/\/ztsports.com\/fr\/wp-json\/wp\/v2\/product\/22439","targetHints":{"allow":["GET"]}}],"collection":[{"href":"https:\/\/ztsports.com\/fr\/wp-json\/wp\/v2\/product"}],"about":[{"href":"https:\/\/ztsports.com\/fr\/wp-json\/wp\/v2\/types\/product"}],"replies":[{"embeddable":true,"href":"https:\/\/ztsports.com\/fr\/wp-json\/wp\/v2\/comments?post=22439"}],"version-history":[{"count":1,"href":"https:\/\/ztsports.com\/fr\/wp-json\/wp\/v2\/product\/22439\/revisions"}],"predecessor-version":[{"id":22440,"href":"https:\/\/ztsports.com\/fr\/wp-json\/wp\/v2\/product\/22439\/revisions\/22440"}],"wp:featuredmedia":[{"embeddable":true,"href":"https:\/\/ztsports.com\/fr\/wp-json\/wp\/v2\/media\/22437"}],"wp:attachment":[{"href":"https:\/\/ztsports.com\/fr\/wp-json\/wp\/v2\/media?parent=22439"}],"wp:term":[{"taxonomy":"product_brand","embeddable":true,"href":"https:\/\/ztsports.com\/fr\/wp-json\/wp\/v2\/product_brand?post=22439"},{"taxonomy":"product_cat","embeddable":true,"href":"https:\/\/ztsports.com\/fr\/wp-json\/wp\/v2\/product_cat?post=22439"},{"taxonomy":"product_tag","embeddable":true,"href":"https:\/\/ztsports.com\/fr\/wp-json\/wp\/v2\/product_tag?post=22439"}],"curies":[{"name":"wp","href":"https:\/\/api.w.org\/{rel}","templated":true}]}}