{"id":22429,"date":"2024-04-15T16:35:42","date_gmt":"2024-04-15T16:35:42","guid":{"rendered":"https:\/\/ztsports.com\/?post_type=product&#038;p=22429"},"modified":"2026-03-06T12:02:24","modified_gmt":"2026-03-06T12:02:24","slug":"staybent-st-helmet-new","status":"publish","type":"product","link":"https:\/\/ztsports.com\/fr\/store\/staybent-st-helmet-new\/","title":{"rendered":"StayBent ST Helmet NEW"},"content":{"rendered":"<h1 class=\"product-single__title\">CASQUE STAYBENT SHORT TRACK<\/h1>\n<p>Le casque StayBent ST vous offre un confort et une protection ultimes sans sacrifier le style. Con\u00e7u pour un ajustement enti\u00e8rement personnalisable, ce casque peut s\u2019adapter exactement \u00e0 votre taille.<\/p>\n<p>Un casque de short track adapt\u00e9 \u00e0 tous les niveaux de patinage, offrant un confort et une protection optimaux.<\/p>\n<p><strong>Disponible en deux tailles : S\/M et M\/L<\/strong><\/p>\n<p>Pour un ajustement sup\u00e9rieur et une sensation de s\u00e9curit\u00e9. Profitez d\u2019une exp\u00e9rience de patinage comme jamais auparavant ! Le casque StayBent ST vous procure un confort et une protection maximaux tout en restant \u00e9l\u00e9gant.<\/p>\n<ul>\n<li>Approuv\u00e9 ASTM.<\/li>\n<li>Convient pour le patinage, le roller en ligne et le cyclisme.<\/li>\n<li>Poids : 290 grammes.<\/li>\n<\/ul>\n<p>Enfin, d\u00e9couvrez de nombreux autres <a href=\"https:\/\/ztsports.com\/product-category\/inline\/helmets\/\"><strong>casques de short track ici<\/strong><\/a>.<\/p>\n","protected":false},"excerpt":{"rendered":"<p>CASQUE STAYBENT SHORT TRACK Le casque StayBent ST vous offre un confort et une protection ultimes sans sacrifier le style. Con\u00e7u pour un ajustement enti\u00e8rement personnalisable, ce casque peut s\u2019adapter exactement \u00e0 votre taille. Un casque de short track adapt\u00e9 \u00e0 tous les niveaux de patinage, offrant un confort et une protection optimaux. Disponible en [&hellip;]<\/p>\n","protected":false},"featured_media":22422,"comment_status":"open","ping_status":"closed","template":"","meta":{"_acf_changed":false,"_monsterinsights_skip_tracking":false,"_monsterinsights_sitenote_active":false,"_monsterinsights_sitenote_note":"","_monsterinsights_sitenote_category":0,"_uf_show_specific_survey":0,"_uf_disable_surveys":false,"site-sidebar-layout":"default","site-content-layout":"","ast-site-content-layout":"default","site-content-style":"default","site-sidebar-style":"default","ast-global-header-display":"","ast-banner-title-visibility":"","ast-main-header-display":"","ast-hfb-above-header-display":"","ast-hfb-below-header-display":"","ast-hfb-mobile-header-display":"","site-post-title":"","ast-breadcrumbs-content":"","ast-featured-img":"","footer-sml-layout":"","ast-disable-related-posts":"","theme-transparent-header-meta":"default","adv-header-id-meta":"","stick-header-meta":"","header-above-stick-meta":"","header-main-stick-meta":"","header-below-stick-meta":"","astra-migrate-meta-layouts":"set","ast-page-background-enabled":"default","ast-page-background-meta":{"desktop":{"background-color":"","background-image":"","background-repeat":"repeat","background-position":"center center","background-size":"auto","background-attachment":"scroll","background-type":"","background-media":"","overlay-type":"","overlay-color":"","overlay-opacity":"","overlay-gradient":""},"tablet":{"background-color":"","background-image":"","background-repeat":"repeat","background-position":"center center","background-size":"auto","background-attachment":"scroll","background-type":"","background-media":"","overlay-type":"","overlay-color":"","overlay-opacity":"","overlay-gradient":""},"mobile":{"background-color":"","background-image":"","background-repeat":"repeat","background-position":"center center","background-size":"auto","background-attachment":"scroll","background-type":"","background-media":"","overlay-type":"","overlay-color":"","overlay-opacity":"","overlay-gradient":""}},"ast-content-background-meta":{"desktop":{"background-color":"var(--ast-global-color-5)","background-image":"","background-repeat":"repeat","background-position":"center center","background-size":"auto","background-attachment":"scroll","background-type":"","background-media":"","overlay-type":"","overlay-color":"","overlay-opacity":"","overlay-gradient":""},"tablet":{"background-color":"var(--ast-global-color-5)","background-image":"","background-repeat":"repeat","background-position":"center center","background-size":"auto","background-attachment":"scroll","background-type":"","background-media":"","overlay-type":"","overlay-color":"","overlay-opacity":"","overlay-gradient":""},"mobile":{"background-color":"var(--ast-global-color-5)","background-image":"","background-repeat":"repeat","background-position":"center center","background-size":"auto","background-attachment":"scroll","background-type":"","background-media":"","overlay-type":"","overlay-color":"","overlay-opacity":"","overlay-gradient":""}}},"product_brand":[3344,3346],"product_cat":[3378],"product_tag":[4562,3806,3805],"class_list":{"0":"post-22429","1":"product","2":"type-product","3":"status-publish","4":"has-post-thumbnail","6":"product_brand-stay-bent","7":"product_brand-staybent-by-ehs","8":"product_cat-non-categorise","9":"product_tag-speed-skating","10":"product_tag-staybent","11":"product_tag-staybent-by-ehs","12":"desktop-align-left","13":"tablet-align-left","14":"mobile-align-left","16":"first","17":"instock","18":"taxable","19":"shipping-taxable","20":"purchasable","21":"product-type-simple"},"acf":[],"_links":{"self":[{"href":"https:\/\/ztsports.com\/fr\/wp-json\/wp\/v2\/product\/22429","targetHints":{"allow":["GET"]}}],"collection":[{"href":"https:\/\/ztsports.com\/fr\/wp-json\/wp\/v2\/product"}],"about":[{"href":"https:\/\/ztsports.com\/fr\/wp-json\/wp\/v2\/types\/product"}],"replies":[{"embeddable":true,"href":"https:\/\/ztsports.com\/fr\/wp-json\/wp\/v2\/comments?post=22429"}],"version-history":[{"count":1,"href":"https:\/\/ztsports.com\/fr\/wp-json\/wp\/v2\/product\/22429\/revisions"}],"predecessor-version":[{"id":22430,"href":"https:\/\/ztsports.com\/fr\/wp-json\/wp\/v2\/product\/22429\/revisions\/22430"}],"wp:featuredmedia":[{"embeddable":true,"href":"https:\/\/ztsports.com\/fr\/wp-json\/wp\/v2\/media\/22422"}],"wp:attachment":[{"href":"https:\/\/ztsports.com\/fr\/wp-json\/wp\/v2\/media?parent=22429"}],"wp:term":[{"taxonomy":"product_brand","embeddable":true,"href":"https:\/\/ztsports.com\/fr\/wp-json\/wp\/v2\/product_brand?post=22429"},{"taxonomy":"product_cat","embeddable":true,"href":"https:\/\/ztsports.com\/fr\/wp-json\/wp\/v2\/product_cat?post=22429"},{"taxonomy":"product_tag","embeddable":true,"href":"https:\/\/ztsports.com\/fr\/wp-json\/wp\/v2\/product_tag?post=22429"}],"curies":[{"name":"wp","href":"https:\/\/api.w.org\/{rel}","templated":true}]}}