{"id":22420,"date":"2024-04-15T18:36:43","date_gmt":"2024-04-15T18:36:43","guid":{"rendered":"https:\/\/ztsports.com\/?post_type=product&#038;p=22420"},"modified":"2026-03-06T12:01:22","modified_gmt":"2026-03-06T12:01:22","slug":"staybent-cut-resistant-suit-new","status":"publish","type":"product","link":"https:\/\/ztsports.com\/fr\/store\/staybent-cut-resistant-suit-new\/","title":{"rendered":"STAYBENT CUT RESISTANT SUIT NEW"},"content":{"rendered":"<p>Pr\u00e9sentation du <strong>nouveau StayBent Cut Resistant Suit<\/strong>, sp\u00e9cialement con\u00e7u pour le patinage de vitesse sur piste courte.<\/p>\n<p>Une excellente addition \u00e0 la famille grandissante de produits <a href=\"https:\/\/ztsports.com\/product-category\/ehs-stay-bent-blades\/\">StayBent<\/a> :<\/p>\n<p>Fabriqu\u00e9 \u00e0 95 % en Dyneema et 5 % en Lycra, et class\u00e9 EN388 Niveau 5 pour la r\u00e9sistance aux coupures, le StayBent Cut Resistant Suit vous offre un confort et une s\u00e9curit\u00e9 optimaux.<\/p>\n<p>De plus, ce costume propose des tailles sp\u00e9cialement adapt\u00e9es \u00e0 la morphologie f\u00e9minine.<\/p>\n<p>Ce costume est propos\u00e9 en noir de course, pour rester \u00e9l\u00e9gant apr\u00e8s de nombreuses ann\u00e9es de patinage et de lavages.<\/p>\n<p>Il est consid\u00e9r\u00e9 comme le costume le plus confortable et protecteur sur le march\u00e9.<\/p>\n<p>Du tissu \u00e0 la finition, le StayBent Cut Resistant Suit est enti\u00e8rement fabriqu\u00e9 dans l\u2019<a href=\"https:\/\/european-union.europa.eu\/index_en\" target=\"_blank\" rel=\"noopener\"><strong>Union Europ\u00e9enne<\/strong><\/a>.<\/p>\n<p>Disponible pour toutes les tailles unisexes, actuellement Sm, Med et Lg pour les tailles f\u00e9minines.<\/p>\n<p>Tailles unisexes : XXS-XXL<\/p>\n<p>Tailles f\u00e9minines : Sm, Med et Lg<\/p>\n<p>Trouvez tous nos <a href=\"https:\/\/ztsports.com\/product-category\/protection\/cut-resistant-suits\/\"><strong>produits r\u00e9sistants aux coupures ici.<\/strong><\/a><\/p>\n","protected":false},"excerpt":{"rendered":"<p>Pr\u00e9sentation du nouveau StayBent Cut Resistant Suit, sp\u00e9cialement con\u00e7u pour le patinage de vitesse sur piste courte. Une excellente addition \u00e0 la famille grandissante de produits StayBent : Fabriqu\u00e9 \u00e0 95 % en Dyneema et 5 % en Lycra, et class\u00e9 EN388 Niveau 5 pour la r\u00e9sistance aux coupures, le StayBent Cut Resistant Suit vous [&hellip;]<\/p>\n","protected":false},"featured_media":22419,"comment_status":"open","ping_status":"closed","template":"","meta":{"_acf_changed":false,"_monsterinsights_skip_tracking":false,"_monsterinsights_sitenote_active":false,"_monsterinsights_sitenote_note":"","_monsterinsights_sitenote_category":0,"_uf_show_specific_survey":0,"_uf_disable_surveys":false,"site-sidebar-layout":"default","site-content-layout":"","ast-site-content-layout":"default","site-content-style":"default","site-sidebar-style":"default","ast-global-header-display":"","ast-banner-title-visibility":"","ast-main-header-display":"","ast-hfb-above-header-display":"","ast-hfb-below-header-display":"","ast-hfb-mobile-header-display":"","site-post-title":"","ast-breadcrumbs-content":"","ast-featured-img":"","footer-sml-layout":"","ast-disable-related-posts":"","theme-transparent-header-meta":"default","adv-header-id-meta":"","stick-header-meta":"","header-above-stick-meta":"","header-main-stick-meta":"","header-below-stick-meta":"","astra-migrate-meta-layouts":"set","ast-page-background-enabled":"default","ast-page-background-meta":{"desktop":{"background-color":"","background-image":"","background-repeat":"repeat","background-position":"center center","background-size":"auto","background-attachment":"scroll","background-type":"","background-media":"","overlay-type":"","overlay-color":"","overlay-opacity":"","overlay-gradient":""},"tablet":{"background-color":"","background-image":"","background-repeat":"repeat","background-position":"center center","background-size":"auto","background-attachment":"scroll","background-type":"","background-media":"","overlay-type":"","overlay-color":"","overlay-opacity":"","overlay-gradient":""},"mobile":{"background-color":"","background-image":"","background-repeat":"repeat","background-position":"center center","background-size":"auto","background-attachment":"scroll","background-type":"","background-media":"","overlay-type":"","overlay-color":"","overlay-opacity":"","overlay-gradient":""}},"ast-content-background-meta":{"desktop":{"background-color":"var(--ast-global-color-5)","background-image":"","background-repeat":"repeat","background-position":"center center","background-size":"auto","background-attachment":"scroll","background-type":"","background-media":"","overlay-type":"","overlay-color":"","overlay-opacity":"","overlay-gradient":""},"tablet":{"background-color":"var(--ast-global-color-5)","background-image":"","background-repeat":"repeat","background-position":"center center","background-size":"auto","background-attachment":"scroll","background-type":"","background-media":"","overlay-type":"","overlay-color":"","overlay-opacity":"","overlay-gradient":""},"mobile":{"background-color":"var(--ast-global-color-5)","background-image":"","background-repeat":"repeat","background-position":"center center","background-size":"auto","background-attachment":"scroll","background-type":"","background-media":"","overlay-type":"","overlay-color":"","overlay-opacity":"","overlay-gradient":""}}},"product_brand":[3344,3346],"product_cat":[3378],"product_tag":[4562,3805],"class_list":{"0":"post-22420","1":"product","2":"type-product","3":"status-publish","4":"has-post-thumbnail","6":"product_brand-stay-bent","7":"product_brand-staybent-by-ehs","8":"product_cat-non-categorise","9":"product_tag-speed-skating","10":"product_tag-staybent-by-ehs","11":"desktop-align-left","12":"tablet-align-left","13":"mobile-align-left","15":"first","16":"outofstock","17":"taxable","18":"shipping-taxable","19":"purchasable","20":"product-type-simple"},"acf":[],"_links":{"self":[{"href":"https:\/\/ztsports.com\/fr\/wp-json\/wp\/v2\/product\/22420","targetHints":{"allow":["GET"]}}],"collection":[{"href":"https:\/\/ztsports.com\/fr\/wp-json\/wp\/v2\/product"}],"about":[{"href":"https:\/\/ztsports.com\/fr\/wp-json\/wp\/v2\/types\/product"}],"replies":[{"embeddable":true,"href":"https:\/\/ztsports.com\/fr\/wp-json\/wp\/v2\/comments?post=22420"}],"version-history":[{"count":1,"href":"https:\/\/ztsports.com\/fr\/wp-json\/wp\/v2\/product\/22420\/revisions"}],"predecessor-version":[{"id":22421,"href":"https:\/\/ztsports.com\/fr\/wp-json\/wp\/v2\/product\/22420\/revisions\/22421"}],"wp:featuredmedia":[{"embeddable":true,"href":"https:\/\/ztsports.com\/fr\/wp-json\/wp\/v2\/media\/22419"}],"wp:attachment":[{"href":"https:\/\/ztsports.com\/fr\/wp-json\/wp\/v2\/media?parent=22420"}],"wp:term":[{"taxonomy":"product_brand","embeddable":true,"href":"https:\/\/ztsports.com\/fr\/wp-json\/wp\/v2\/product_brand?post=22420"},{"taxonomy":"product_cat","embeddable":true,"href":"https:\/\/ztsports.com\/fr\/wp-json\/wp\/v2\/product_cat?post=22420"},{"taxonomy":"product_tag","embeddable":true,"href":"https:\/\/ztsports.com\/fr\/wp-json\/wp\/v2\/product_tag?post=22420"}],"curies":[{"name":"wp","href":"https:\/\/api.w.org\/{rel}","templated":true}]}}