{"id":22417,"date":"2024-04-18T15:47:48","date_gmt":"2024-04-18T15:47:48","guid":{"rendered":"https:\/\/ztsports.com\/?post_type=product&#038;p=22417"},"modified":"2026-03-06T12:00:27","modified_gmt":"2026-03-06T12:00:27","slug":"cadomotus-omega-aero-helmet-speedy-red-or-blue","status":"publish","type":"product","link":"https:\/\/ztsports.com\/fr\/store\/cadomotus-omega-aero-helmet-speedy-red-or-blue\/","title":{"rendered":"Cadomotus Omega Aero Helmet Speedy Red or Blue"},"content":{"rendered":"<h1>Casque Cadomotus Omega Aero<\/h1>\n<div id=\"product-content\" class=\"product-content general-content content-col mobile-popup\" data-popup=\"product-content\">\n<div class=\"popup-inner\">\n<p>Ce casque fabriqu\u00e9 aux Pays-Bas respecte toutes les normes ASTM, EN et CE pour le patinage de vitesse sur glace et le cyclisme sur route. Un v\u00e9ritable casque polyvalent qui vous aidera \u00e0 gagner de pr\u00e9cieuses secondes, quelle que soit la discipline que vous pratiquez.<\/p>\n<p>Le casque Cadomotus Omega \u00e9tablit de nouvelles normes en mati\u00e8re d\u2019a\u00e9rodynamisme, de ventilation et de protection contre les impacts pour les casques haute performance. Construit sur un noyau de s\u00e9curit\u00e9 strict alliant respirabilit\u00e9 et r\u00e9sistance sans compromis, l\u2019Omega absorbe les contraintes li\u00e9es au contr\u00f4le climatique et aux chocs, vous gardant au frais et en s\u00e9curit\u00e9 lorsque l\u2019intensit\u00e9 augmente.<\/p>\n<p>Notre proc\u00e9d\u00e9 de fabrication exclusif cr\u00e9e une coque monobloc, n\u00e9e d\u2019un processus int\u00e9grant des structures en nid d\u2019abeilles dans un moule de production en polystyr\u00e8ne expans\u00e9 (EPS) pour forger un monocoque unique sur le march\u00e9. Cet hybride exclusif en moulage d\u2019un noyau structurel l\u00e9ger et de l\u2019EPS permet d\u2019avoir plus d\u2019ouvertures de ventilation sans compromettre les exigences de protection \u00e9lev\u00e9es d\u2019un casque de patinage de vitesse. Cette technologie brevet\u00e9e est exclusivement licenci\u00e9e \u00e0 Cadomotus.<\/p>\n<p>Le design a\u00e9rodynamique de l\u2019Omega optimise les b\u00e9n\u00e9fices en s\u2019ins\u00e9rant dans le sillage, et permet de suivre la ligne avec la moindre r\u00e9sistance jamais ressentie. Dominez le vent facilement, tout en gardant la t\u00eate au frais gr\u00e2ce \u00e0 un flux d\u2019air constant.<\/p>\n<\/div>\n<\/div>\n<div class=\"content-col specs mobile-popup\" data-popup=\"product-specs\">\n<div class=\"popup-inner\">\n<div class=\"title-small title-font\">Sp\u00e9cifications<\/div>\n<div class=\"spec-table\">\n<table>\n<tbody>\n<tr>\n<td class=\"spec-title\"><strong>Approuv\u00e9 pour la comp\u00e9tition<\/strong><\/td>\n<td>Triathlon ITU, Cyclisme UCI, Patinage de vitesse ISU, World Skate (FIRS)<\/td>\n<\/tr>\n<tr>\n<td class=\"spec-title\"><strong>Visi\u00e8re int\u00e9gr\u00e9e<\/strong><\/td>\n<td>Oui | Aimant\u00e9e, clipsable<\/td>\n<\/tr>\n<tr>\n<td class=\"spec-title\"><strong>Option Aeroshield<\/strong><\/td>\n<td>Non<\/td>\n<\/tr>\n<tr>\n<td class=\"spec-title\"><strong>Ventilation<\/strong><\/td>\n<td>Canalisation interne, ventilation au-dessus des sourcils<\/td>\n<\/tr>\n<tr>\n<td class=\"spec-title\"><strong>Protection contre les insectes<\/strong><\/td>\n<td>Oui<\/td>\n<\/tr>\n<tr>\n<td class=\"spec-title\"><strong>Syst\u00e8me d\u2019ajustement<\/strong><\/td>\n<td>Verrou \u00e0 molette, r\u00e9glage vertical<\/td>\n<\/tr>\n<tr>\n<td class=\"spec-title\"><strong>Boucle<\/strong><\/td>\n<td>Boucle standard<\/td>\n<\/tr>\n<tr>\n<td class=\"spec-title\"><strong>Construction<\/strong><\/td>\n<td>Structure hybride en nid d\u2019abeilles, Inmold EPC\/PC<\/td>\n<\/tr>\n<tr>\n<td class=\"spec-title\"><strong>Doublure<\/strong><\/td>\n<td>\u00c9paisseur unique | 5 pi\u00e8ces<\/td>\n<\/tr>\n<tr>\n<td class=\"spec-title\"><strong>Doublure lavable<\/strong><\/td>\n<td>Oui<\/td>\n<\/tr>\n<tr>\n<td class=\"spec-title\"><strong>Certification<\/strong><\/td>\n<td>CE, ASTM F-1849, EN1078<\/td>\n<\/tr>\n<tr>\n<td class=\"spec-title\"><strong>Test en soufflerie<\/strong><\/td>\n<td>Oui<\/td>\n<\/tr>\n<\/tbody>\n<\/table>\n<\/div>\n<\/div>\n<\/div>\n","protected":false},"excerpt":{"rendered":"<p>Casque Cadomotus Omega Aero Ce casque fabriqu\u00e9 aux Pays-Bas respecte toutes les normes ASTM, EN et CE pour le patinage de vitesse sur glace et le cyclisme sur route. Un v\u00e9ritable casque polyvalent qui vous aidera \u00e0 gagner de pr\u00e9cieuses secondes, quelle que soit la discipline que vous pratiquez. Le casque Cadomotus Omega \u00e9tablit de [&hellip;]<\/p>\n","protected":false},"featured_media":22408,"comment_status":"open","ping_status":"closed","template":"","meta":{"_acf_changed":false,"_monsterinsights_skip_tracking":false,"_monsterinsights_sitenote_active":false,"_monsterinsights_sitenote_note":"","_monsterinsights_sitenote_category":0,"_uf_show_specific_survey":0,"_uf_disable_surveys":false,"site-sidebar-layout":"default","site-content-layout":"","ast-site-content-layout":"default","site-content-style":"default","site-sidebar-style":"default","ast-global-header-display":"","ast-banner-title-visibility":"","ast-main-header-display":"","ast-hfb-above-header-display":"","ast-hfb-below-header-display":"","ast-hfb-mobile-header-display":"","site-post-title":"","ast-breadcrumbs-content":"","ast-featured-img":"","footer-sml-layout":"","ast-disable-related-posts":"","theme-transparent-header-meta":"default","adv-header-id-meta":"","stick-header-meta":"","header-above-stick-meta":"","header-main-stick-meta":"","header-below-stick-meta":"","astra-migrate-meta-layouts":"set","ast-page-background-enabled":"default","ast-page-background-meta":{"desktop":{"background-color":"","background-image":"","background-repeat":"repeat","background-position":"center center","background-size":"auto","background-attachment":"scroll","background-type":"","background-media":"","overlay-type":"","overlay-color":"","overlay-opacity":"","overlay-gradient":""},"tablet":{"background-color":"","background-image":"","background-repeat":"repeat","background-position":"center center","background-size":"auto","background-attachment":"scroll","background-type":"","background-media":"","overlay-type":"","overlay-color":"","overlay-opacity":"","overlay-gradient":""},"mobile":{"background-color":"","background-image":"","background-repeat":"repeat","background-position":"center center","background-size":"auto","background-attachment":"scroll","background-type":"","background-media":"","overlay-type":"","overlay-color":"","overlay-opacity":"","overlay-gradient":""}},"ast-content-background-meta":{"desktop":{"background-color":"var(--ast-global-color-5)","background-image":"","background-repeat":"repeat","background-position":"center center","background-size":"auto","background-attachment":"scroll","background-type":"","background-media":"","overlay-type":"","overlay-color":"","overlay-opacity":"","overlay-gradient":""},"tablet":{"background-color":"var(--ast-global-color-5)","background-image":"","background-repeat":"repeat","background-position":"center center","background-size":"auto","background-attachment":"scroll","background-type":"","background-media":"","overlay-type":"","overlay-color":"","overlay-opacity":"","overlay-gradient":""},"mobile":{"background-color":"var(--ast-global-color-5)","background-image":"","background-repeat":"repeat","background-position":"center center","background-size":"auto","background-attachment":"scroll","background-type":"","background-media":"","overlay-type":"","overlay-color":"","overlay-opacity":"","overlay-gradient":""}}},"product_brand":[3289],"product_cat":[3381],"product_tag":[4562],"class_list":{"0":"post-22417","1":"product","2":"type-product","3":"status-publish","4":"has-post-thumbnail","6":"product_brand-cadomotus","7":"product_cat-patinage-de-vitesse-en-ligne","8":"product_tag-speed-skating","9":"desktop-align-left","10":"tablet-align-left","11":"mobile-align-left","13":"first","14":"instock","15":"sale","16":"taxable","17":"shipping-taxable","18":"purchasable","19":"product-type-simple"},"acf":[],"_links":{"self":[{"href":"https:\/\/ztsports.com\/fr\/wp-json\/wp\/v2\/product\/22417","targetHints":{"allow":["GET"]}}],"collection":[{"href":"https:\/\/ztsports.com\/fr\/wp-json\/wp\/v2\/product"}],"about":[{"href":"https:\/\/ztsports.com\/fr\/wp-json\/wp\/v2\/types\/product"}],"replies":[{"embeddable":true,"href":"https:\/\/ztsports.com\/fr\/wp-json\/wp\/v2\/comments?post=22417"}],"version-history":[{"count":1,"href":"https:\/\/ztsports.com\/fr\/wp-json\/wp\/v2\/product\/22417\/revisions"}],"predecessor-version":[{"id":22418,"href":"https:\/\/ztsports.com\/fr\/wp-json\/wp\/v2\/product\/22417\/revisions\/22418"}],"wp:featuredmedia":[{"embeddable":true,"href":"https:\/\/ztsports.com\/fr\/wp-json\/wp\/v2\/media\/22408"}],"wp:attachment":[{"href":"https:\/\/ztsports.com\/fr\/wp-json\/wp\/v2\/media?parent=22417"}],"wp:term":[{"taxonomy":"product_brand","embeddable":true,"href":"https:\/\/ztsports.com\/fr\/wp-json\/wp\/v2\/product_brand?post=22417"},{"taxonomy":"product_cat","embeddable":true,"href":"https:\/\/ztsports.com\/fr\/wp-json\/wp\/v2\/product_cat?post=22417"},{"taxonomy":"product_tag","embeddable":true,"href":"https:\/\/ztsports.com\/fr\/wp-json\/wp\/v2\/product_tag?post=22417"}],"curies":[{"name":"wp","href":"https:\/\/api.w.org\/{rel}","templated":true}]}}