{"id":22399,"date":"2024-04-26T11:45:39","date_gmt":"2024-04-26T11:45:39","guid":{"rendered":"https:\/\/ztsports.com\/?post_type=product&#038;p=22399"},"modified":"2026-03-06T11:57:18","modified_gmt":"2026-03-06T11:57:18","slug":"auclair-kevlar-glove-liner","status":"publish","type":"product","link":"https:\/\/ztsports.com\/fr\/store\/auclair-kevlar-glove-liner\/","title":{"rendered":"Auclair Kevlar Glove Liner"},"content":{"rendered":"<h1>Sous-gants Auclair en Kevlar<\/h1>\n<p>Caract\u00e9ristiques<\/p>\n<p><strong>Kevlar\u00ae<\/strong> offre une excellente protection contre les coupures, une r\u00e9sistance \u00e0 la chaleur et est naturellement r\u00e9sistant au feu. La construction tricot\u00e9e sans couture prot\u00e8ge les mains sans sacrifier le confort ni la dext\u00e9rit\u00e9. Le poignet tricot\u00e9 emp\u00eache la salet\u00e9 et les d\u00e9bris de p\u00e9n\u00e9trer dans le gant. Le design r\u00e9versible permet de remplacer un gant \u00e0 la fois, plut\u00f4t que les paires. Peut \u00eatre utilis\u00e9 comme gants ou sous-gants. Ourlets cod\u00e9s par couleur pour une identification facile de la taille.<\/p>\n<p>&nbsp;<\/p>\n<p>Sous-gants Auclair en Kevlar.<\/p>\n<p>Produit de Paris Gloves.<\/p>\n<p>Sous-gants techniques pour patineurs de vitesse juniors et adultes.<\/p>\n<p>R\u00e9sistance aux coupures (niveau 2).<\/p>\n<p>Tricot 13 gauge, 100 % Kevlar.<\/p>\n<p>Enfin, consultez tous nos <a href=\"https:\/\/ztsports.com\/product-category\/protection\/gloves\/\"><strong>gants Short Track<\/strong><\/a> ici.<\/p>\n<h1 class=\"product-title\">SOUS-GANTS DE SKI NAUTIQUE KEVLAR<\/h1>\n<p>Ces gants peuvent r\u00e9duire consid\u00e9rablement les risques d\u2019ampoules, bien que rien ne puisse totalement \u00e9viter l\u2019usure des mains. Nous constatons qu\u2019avec un ajustement serr\u00e9, ces gants peuvent vraiment faire la diff\u00e9rence sans nuire \u00e0 la performance.<\/p>\n","protected":false},"excerpt":{"rendered":"<p>Sous-gants Auclair en Kevlar Caract\u00e9ristiques Kevlar\u00ae offre une excellente protection contre les coupures, une r\u00e9sistance \u00e0 la chaleur et est naturellement r\u00e9sistant au feu. La construction tricot\u00e9e sans couture prot\u00e8ge les mains sans sacrifier le confort ni la dext\u00e9rit\u00e9. Le poignet tricot\u00e9 emp\u00eache la salet\u00e9 et les d\u00e9bris de p\u00e9n\u00e9trer dans le gant. Le design [&hellip;]<\/p>\n","protected":false},"featured_media":22393,"comment_status":"open","ping_status":"closed","template":"","meta":{"_acf_changed":false,"_monsterinsights_skip_tracking":false,"_monsterinsights_sitenote_active":false,"_monsterinsights_sitenote_note":"","_monsterinsights_sitenote_category":0,"_uf_show_specific_survey":0,"_uf_disable_surveys":false,"site-sidebar-layout":"default","site-content-layout":"","ast-site-content-layout":"default","site-content-style":"default","site-sidebar-style":"default","ast-global-header-display":"","ast-banner-title-visibility":"","ast-main-header-display":"","ast-hfb-above-header-display":"","ast-hfb-below-header-display":"","ast-hfb-mobile-header-display":"","site-post-title":"","ast-breadcrumbs-content":"","ast-featured-img":"","footer-sml-layout":"","ast-disable-related-posts":"","theme-transparent-header-meta":"default","adv-header-id-meta":"","stick-header-meta":"","header-above-stick-meta":"","header-main-stick-meta":"","header-below-stick-meta":"","astra-migrate-meta-layouts":"set","ast-page-background-enabled":"default","ast-page-background-meta":{"desktop":{"background-color":"","background-image":"","background-repeat":"repeat","background-position":"center center","background-size":"auto","background-attachment":"scroll","background-type":"","background-media":"","overlay-type":"","overlay-color":"","overlay-opacity":"","overlay-gradient":""},"tablet":{"background-color":"","background-image":"","background-repeat":"repeat","background-position":"center center","background-size":"auto","background-attachment":"scroll","background-type":"","background-media":"","overlay-type":"","overlay-color":"","overlay-opacity":"","overlay-gradient":""},"mobile":{"background-color":"","background-image":"","background-repeat":"repeat","background-position":"center center","background-size":"auto","background-attachment":"scroll","background-type":"","background-media":"","overlay-type":"","overlay-color":"","overlay-opacity":"","overlay-gradient":""}},"ast-content-background-meta":{"desktop":{"background-color":"var(--ast-global-color-5)","background-image":"","background-repeat":"repeat","background-position":"center center","background-size":"auto","background-attachment":"scroll","background-type":"","background-media":"","overlay-type":"","overlay-color":"","overlay-opacity":"","overlay-gradient":""},"tablet":{"background-color":"var(--ast-global-color-5)","background-image":"","background-repeat":"repeat","background-position":"center center","background-size":"auto","background-attachment":"scroll","background-type":"","background-media":"","overlay-type":"","overlay-color":"","overlay-opacity":"","overlay-gradient":""},"mobile":{"background-color":"var(--ast-global-color-5)","background-image":"","background-repeat":"repeat","background-position":"center center","background-size":"auto","background-attachment":"scroll","background-type":"","background-media":"","overlay-type":"","overlay-color":"","overlay-opacity":"","overlay-gradient":""}}},"product_brand":[3278],"product_cat":[3378],"product_tag":[],"class_list":{"0":"post-22399","1":"product","2":"type-product","3":"status-publish","4":"has-post-thumbnail","6":"product_brand-auclair","7":"product_cat-non-categorise","8":"desktop-align-left","9":"tablet-align-left","10":"mobile-align-left","12":"first","13":"instock","14":"taxable","15":"shipping-taxable","16":"purchasable","17":"product-type-simple"},"acf":[],"_links":{"self":[{"href":"https:\/\/ztsports.com\/fr\/wp-json\/wp\/v2\/product\/22399","targetHints":{"allow":["GET"]}}],"collection":[{"href":"https:\/\/ztsports.com\/fr\/wp-json\/wp\/v2\/product"}],"about":[{"href":"https:\/\/ztsports.com\/fr\/wp-json\/wp\/v2\/types\/product"}],"replies":[{"embeddable":true,"href":"https:\/\/ztsports.com\/fr\/wp-json\/wp\/v2\/comments?post=22399"}],"version-history":[{"count":1,"href":"https:\/\/ztsports.com\/fr\/wp-json\/wp\/v2\/product\/22399\/revisions"}],"predecessor-version":[{"id":22400,"href":"https:\/\/ztsports.com\/fr\/wp-json\/wp\/v2\/product\/22399\/revisions\/22400"}],"wp:featuredmedia":[{"embeddable":true,"href":"https:\/\/ztsports.com\/fr\/wp-json\/wp\/v2\/media\/22393"}],"wp:attachment":[{"href":"https:\/\/ztsports.com\/fr\/wp-json\/wp\/v2\/media?parent=22399"}],"wp:term":[{"taxonomy":"product_brand","embeddable":true,"href":"https:\/\/ztsports.com\/fr\/wp-json\/wp\/v2\/product_brand?post=22399"},{"taxonomy":"product_cat","embeddable":true,"href":"https:\/\/ztsports.com\/fr\/wp-json\/wp\/v2\/product_cat?post=22399"},{"taxonomy":"product_tag","embeddable":true,"href":"https:\/\/ztsports.com\/fr\/wp-json\/wp\/v2\/product_tag?post=22399"}],"curies":[{"name":"wp","href":"https:\/\/api.w.org\/{rel}","templated":true}]}}