{"id":22391,"date":"2024-04-30T12:38:55","date_gmt":"2024-04-30T12:38:55","guid":{"rendered":"https:\/\/ztsports.com\/?post_type=product&#038;p=22391"},"modified":"2026-03-12T11:42:15","modified_gmt":"2026-03-12T11:42:15","slug":"short-track-markers-factory-cut","status":"publish","type":"product","link":"https:\/\/ztsports.com\/fr\/store\/short-track-markers-factory-cut\/","title":{"rendered":"Short Track Markers Factory Cut"},"content":{"rendered":"<h1>Marqueurs Short Track<\/h1>\n<p>Les marqueurs Short Track Skate-Tec sont le choix id\u00e9al pour le patinage sur glace ! D\u00e9coup\u00e9s en usine pour tenir solidement sur la glace, ils sont plus souples et plus s\u00fbrs que jamais. Profitez de l\u2019adr\u00e9naline de la course avec nos marqueurs Short Track am\u00e9lior\u00e9s !<\/p>\n<p class=\"archive-title\">Sept blocs en caoutchouc appel\u00e9s Track Markers sont plac\u00e9s autour de chaque virage pour identifier la piste utilis\u00e9e pour chaque course (14 au total). La piste est chang\u00e9e r\u00e9guli\u00e8rement pour \u00e9viter une usure excessive de la glace dans une zone. Il est important d\u2019avoir au moins 2 \u00e0 4 marqueurs suppl\u00e9mentaires pour que les responsables de piste puissent changer rapidement la piste ou remplacer un palet d\u00e9plac\u00e9.<\/p>\n<p class=\"archive-title\">Les patineurs doivent patiner \u00e0 l\u2019ext\u00e9rieur des marqueurs. Patiner \u00e0 l\u2019int\u00e9rieur des marqueurs entra\u00eene une disqualification.<\/p>\n<p>Marqueurs de piste de la marque Skate-Tec.<\/p>\n<p>Le prix est pour une unit\u00e9.<\/p>\n<p>Fabriqu\u00e9s en caoutchouc de haute qualit\u00e9<\/p>\n<p>Nouveaux marqueurs d\u00e9coup\u00e9s en usine<\/p>\n<p>&#8211; D\u00e9j\u00e0 d\u00e9coup\u00e9s en usine<br \/>\n&#8211; Plus souples<br \/>\n&#8211; Plus s\u00fbrs<br \/>\n&#8211; D\u00e9velopp\u00e9s au Qu\u00e9bec<\/p>\n","protected":false},"excerpt":{"rendered":"<p>Marqueurs Short Track Les marqueurs Short Track Skate-Tec sont le choix id\u00e9al pour le patinage sur glace ! D\u00e9coup\u00e9s en usine pour tenir solidement sur la glace, ils sont plus souples et plus s\u00fbrs que jamais. Profitez de l\u2019adr\u00e9naline de la course avec nos marqueurs Short Track am\u00e9lior\u00e9s ! Sept blocs en caoutchouc appel\u00e9s Track [&hellip;]<\/p>\n","protected":false},"featured_media":22387,"comment_status":"open","ping_status":"closed","template":"","meta":{"_acf_changed":false,"_monsterinsights_skip_tracking":false,"_monsterinsights_sitenote_active":false,"_monsterinsights_sitenote_note":"","_monsterinsights_sitenote_category":0,"_uf_show_specific_survey":0,"_uf_disable_surveys":false,"site-sidebar-layout":"default","site-content-layout":"","ast-site-content-layout":"default","site-content-style":"default","site-sidebar-style":"default","ast-global-header-display":"","ast-banner-title-visibility":"","ast-main-header-display":"","ast-hfb-above-header-display":"","ast-hfb-below-header-display":"","ast-hfb-mobile-header-display":"","site-post-title":"","ast-breadcrumbs-content":"","ast-featured-img":"","footer-sml-layout":"","ast-disable-related-posts":"","theme-transparent-header-meta":"default","adv-header-id-meta":"","stick-header-meta":"","header-above-stick-meta":"","header-main-stick-meta":"","header-below-stick-meta":"","astra-migrate-meta-layouts":"set","ast-page-background-enabled":"default","ast-page-background-meta":{"desktop":{"background-color":"","background-image":"","background-repeat":"repeat","background-position":"center center","background-size":"auto","background-attachment":"scroll","background-type":"","background-media":"","overlay-type":"","overlay-color":"","overlay-opacity":"","overlay-gradient":""},"tablet":{"background-color":"","background-image":"","background-repeat":"repeat","background-position":"center center","background-size":"auto","background-attachment":"scroll","background-type":"","background-media":"","overlay-type":"","overlay-color":"","overlay-opacity":"","overlay-gradient":""},"mobile":{"background-color":"","background-image":"","background-repeat":"repeat","background-position":"center center","background-size":"auto","background-attachment":"scroll","background-type":"","background-media":"","overlay-type":"","overlay-color":"","overlay-opacity":"","overlay-gradient":""}},"ast-content-background-meta":{"desktop":{"background-color":"var(--ast-global-color-5)","background-image":"","background-repeat":"repeat","background-position":"center center","background-size":"auto","background-attachment":"scroll","background-type":"","background-media":"","overlay-type":"","overlay-color":"","overlay-opacity":"","overlay-gradient":""},"tablet":{"background-color":"var(--ast-global-color-5)","background-image":"","background-repeat":"repeat","background-position":"center center","background-size":"auto","background-attachment":"scroll","background-type":"","background-media":"","overlay-type":"","overlay-color":"","overlay-opacity":"","overlay-gradient":""},"mobile":{"background-color":"var(--ast-global-color-5)","background-image":"","background-repeat":"repeat","background-position":"center center","background-size":"auto","background-attachment":"scroll","background-type":"","background-media":"","overlay-type":"","overlay-color":"","overlay-opacity":"","overlay-gradient":""}}},"product_brand":[3338],"product_cat":[4565,3380,3379],"product_tag":[3796],"class_list":{"0":"post-22391","1":"product","2":"type-product","3":"status-publish","4":"has-post-thumbnail","6":"product_brand-skate-tec","7":"product_cat-accessoires","8":"product_cat-aides-a-lentrainement","9":"product_cat-aides-au-coaching-et-a-lentrainement","10":"product_tag-short-track","11":"desktop-align-left","12":"tablet-align-left","13":"mobile-align-left","15":"first","16":"instock","17":"sale","18":"taxable","19":"shipping-taxable","20":"purchasable","21":"product-type-simple"},"acf":[],"_links":{"self":[{"href":"https:\/\/ztsports.com\/fr\/wp-json\/wp\/v2\/product\/22391","targetHints":{"allow":["GET"]}}],"collection":[{"href":"https:\/\/ztsports.com\/fr\/wp-json\/wp\/v2\/product"}],"about":[{"href":"https:\/\/ztsports.com\/fr\/wp-json\/wp\/v2\/types\/product"}],"replies":[{"embeddable":true,"href":"https:\/\/ztsports.com\/fr\/wp-json\/wp\/v2\/comments?post=22391"}],"version-history":[{"count":1,"href":"https:\/\/ztsports.com\/fr\/wp-json\/wp\/v2\/product\/22391\/revisions"}],"predecessor-version":[{"id":22392,"href":"https:\/\/ztsports.com\/fr\/wp-json\/wp\/v2\/product\/22391\/revisions\/22392"}],"wp:featuredmedia":[{"embeddable":true,"href":"https:\/\/ztsports.com\/fr\/wp-json\/wp\/v2\/media\/22387"}],"wp:attachment":[{"href":"https:\/\/ztsports.com\/fr\/wp-json\/wp\/v2\/media?parent=22391"}],"wp:term":[{"taxonomy":"product_brand","embeddable":true,"href":"https:\/\/ztsports.com\/fr\/wp-json\/wp\/v2\/product_brand?post=22391"},{"taxonomy":"product_cat","embeddable":true,"href":"https:\/\/ztsports.com\/fr\/wp-json\/wp\/v2\/product_cat?post=22391"},{"taxonomy":"product_tag","embeddable":true,"href":"https:\/\/ztsports.com\/fr\/wp-json\/wp\/v2\/product_tag?post=22391"}],"curies":[{"name":"wp","href":"https:\/\/api.w.org\/{rel}","templated":true}]}}