{"id":22378,"date":"2024-05-15T09:50:49","date_gmt":"2024-05-15T09:50:49","guid":{"rendered":"https:\/\/ztsports.com\/?post_type=product&#038;p=22378"},"modified":"2026-03-06T11:54:27","modified_gmt":"2026-03-06T11:54:27","slug":"cadomotus-alpha-3-red-st-helmet-new-2","status":"publish","type":"product","link":"https:\/\/ztsports.com\/fr\/store\/cadomotus-alpha-3-red-st-helmet-new-2\/","title":{"rendered":"CADOMOTUS ALPHA 3 Red ST Helmet New"},"content":{"rendered":"<h1>Casque CADOMOTUS ALPHA 3 Rouge ST Nouveau<\/h1>\n<p>Ce casque CADOMOTUS ALPHA 3 Bleu ST est le successeur de notre casque de patinage de vitesse le plus vendu : le Cadomotus Alpha Aerospeed 2015. Apr\u00e8s 5 ans, il \u00e9tait temps d\u2019une mise \u00e0 jour !<\/p>\n<div id=\"product-content\" class=\"product-content general-content content-col mobile-popup\" data-popup=\"product-content\">\n<div class=\"popup-inner\">\n<div class=\"title-small title-font\">Description<\/div>\n<p>Casque short track. L\u2019Alpha-3 Rouge est le successeur de notre casque de patinage de vitesse le plus vendu : le Cadomotus Alpha Aerospeed 2015. Apr\u00e8s 5 ans, il \u00e9tait temps de le moderniser !<\/p>\n<h2 class=\"null\">L\u2019Alpha-3 Rouge est le casque de patinage le plus s\u00fbr du march\u00e9 !<\/h2>\n<p>De plus, lors du processus de conception, notre \u00e9quipe R&amp;D est rest\u00e9e en contact constant avec le comit\u00e9 technique de l\u2019ISU. C\u2019est pourquoi nous pouvons garantir que l\u2019Alpha-3 respecte toutes les directives de s\u00e9curit\u00e9 r\u00e9centes, ainsi que les adaptations \u00e0 venir.<\/p>\n<p>Avec le casque Alpha-3, vous \u00eates s\u00fbr d\u2019avoir un casque certifi\u00e9, maintenant et \u00e0 l\u2019avenir !<\/p>\n<p>Combin\u00e9 \u00e0 un design \u00e9l\u00e9gant et a\u00e9rodynamique, l\u2019Alpha-3 est un casque que m\u00eame les patineurs les plus conservateurs aiment porter !<\/p>\n<h2>Quoi de neuf pour le casque CADOMOTUS ALPHA 3 Rouge ST ?<\/h2>\n<ul>\n<li>Le casque Alpha-3 a un nouveau design plus arrondi \u00e0 l\u2019arri\u00e8re.<\/li>\n<li>Cette forme arrondie offre une meilleure protection \u00e0 l\u2019arri\u00e8re de votre t\u00eate.<\/li>\n<li>Contrairement \u00e0 l\u2019Alpha Aerospeed taille unique, l\u2019Alpha-3 est disponible en deux tailles : M (54-57 cm) et L (58-62 cm).<\/li>\n<li>L\u2019Alpha-3 n\u2019a ni visi\u00e8re ni bouclier a\u00e9rodynamique.<\/li>\n<li>Le soi-disant effet global, un motif c\u00f4tel\u00e9 \u00e0 l\u2019avant du casque, r\u00e9duit la tra\u00een\u00e9e a\u00e9rodynamique.<\/li>\n<li>Les a\u00e9rations recouvertes de grillage respectent les directives ISU et offrent une protection suppl\u00e9mentaire en cas de chute.<\/li>\n<li>Ce qui n\u2019a pas chang\u00e9 : l\u00e9g\u00e8ret\u00e9 et confort.<\/li>\n<\/ul>\n<h2>Casque CADOMOTUS ALPHA 3 Rouge ST certifi\u00e9 ISU<\/h2>\n<p>De plus, l\u2019Alpha-3 est l\u2019un des rares casques de patinage officiellement approuv\u00e9s par l\u2019ISU sur le march\u00e9. Selon les r\u00e8gles, un casque doit avoir la forme d\u2019une t\u00eate et ne pas pr\u00e9senter de protub\u00e9rances. Les casques de patinage de vitesse doivent \u00e9galement passer un test d\u2019impact con\u00e7u \u00e0 l\u2019origine pour le short track. Presque tous les casques de v\u00e9lo ne conviennent donc pas au patinage short track. Le casque Alpha-3 peut \u00eatre utilis\u00e9 en toute s\u00e9curit\u00e9 pour le patinage de vitesse, le short track et le marathon sur glace.<\/p>\n<h2>Remplacement apr\u00e8s chute<\/h2>\n<p>En enregistrant l\u2019achat de votre casque aupr\u00e8s de C\u00e1domotus Crash Replacement, vous b\u00e9n\u00e9ficierez d\u2019une r\u00e9duction de 50 % sur un nouveau casque apr\u00e8s une chute. Votre casque a subi un impact lors d\u2019une chute ? Attention, la structure du casque peut \u00eatre endommag\u00e9e m\u00eame si cela n\u2019est pas visible. La solution la plus s\u00fbre reste toujours de remplacer votre casque.<\/p>\n<\/div>\n<\/div>\n<div class=\"content-col specs mobile-popup\" data-popup=\"product-specs\">\n<div class=\"popup-inner\">\n<div class=\"title-small title-font\">Sp\u00e9cifications du CadoMotus Alpha 3 Rouge :<\/div>\n<div class=\"spec-table\">\n<table>\n<tbody>\n<tr>\n<td class=\"spec-title\"><strong>Approuv\u00e9 pour la comp\u00e9tition<\/strong><\/td>\n<td>Patinage de vitesse ISU<\/td>\n<\/tr>\n<tr>\n<td class=\"spec-title\"><strong>Visi\u00e8re int\u00e9gr\u00e9e<\/strong><\/td>\n<td>Non<\/td>\n<\/tr>\n<tr>\n<td class=\"spec-title\"><strong>Option bouclier a\u00e9rodynamique<\/strong><\/td>\n<td>Non<\/td>\n<\/tr>\n<tr>\n<td class=\"spec-title\"><strong>Ventilation<\/strong><\/td>\n<td>Canaux internes, ventilation au-dessus des sourcils<\/td>\n<\/tr>\n<tr>\n<td class=\"spec-title\"><strong>Protection contre les insectes<\/strong><\/td>\n<td>Non<\/td>\n<\/tr>\n<tr>\n<td class=\"spec-title\"><strong>Syst\u00e8me d\u2019ajustement<\/strong><\/td>\n<td>R\u00e9glage par molette avec verrouillage, ajustement vertical<\/td>\n<\/tr>\n<tr>\n<td class=\"spec-title\"><strong>Boucle<\/strong><\/td>\n<td>Boucle standard<\/td>\n<\/tr>\n<tr>\n<td class=\"spec-title\"><strong>Construction<\/strong><\/td>\n<td>Inmold EPC\/PC<\/td>\n<\/tr>\n<tr>\n<td class=\"spec-title\"><strong>Doublure<\/strong><\/td>\n<td>\u00c9paisseur double | 3 pi\u00e8ces<\/td>\n<\/tr>\n<tr>\n<td class=\"spec-title\"><strong>Doublure lavable<\/strong><\/td>\n<td>Oui<\/td>\n<\/tr>\n<tr>\n<td class=\"spec-title\"><strong>Certification<\/strong><\/td>\n<td>CE, ASTM F-1849<\/td>\n<\/tr>\n<tr>\n<td class=\"spec-title\"><strong>Test\u00e9 en soufflerie<\/strong><\/td>\n<td>Oui<\/td>\n<\/tr>\n<\/tbody>\n<\/table>\n<div id=\"product-content\" class=\"product-content general-content content-col mobile-popup\" data-popup=\"product-content\">\n<div class=\"popup-inner\">\n<p><strong>Vid\u00e9o de <a href=\"https:\/\/www.youtube.com\/watch?v=7XZzirH3PzI\" target=\"_blank\" rel=\"noopener\">tests du casque par Cadomotus.<\/a><\/strong><\/p>\n<\/div>\n<\/div>\n<p>Enfin, consultez tous nos <a href=\"https:\/\/ztsports.com\/product-category\/inline\/helmets\/\"><strong>casques Short Track ici<\/strong><\/a>.<\/p>\n<\/div>\n<\/div>\n<\/div>\n","protected":false},"excerpt":{"rendered":"<p>Casque CADOMOTUS ALPHA 3 Rouge ST Nouveau Ce casque CADOMOTUS ALPHA 3 Bleu ST est le successeur de notre casque de patinage de vitesse le plus vendu : le Cadomotus Alpha Aerospeed 2015. Apr\u00e8s 5 ans, il \u00e9tait temps d\u2019une mise \u00e0 jour ! Description Casque short track. L\u2019Alpha-3 Rouge est le successeur de notre [&hellip;]<\/p>\n","protected":false},"featured_media":22374,"comment_status":"open","ping_status":"closed","template":"","meta":{"_acf_changed":false,"_monsterinsights_skip_tracking":false,"_monsterinsights_sitenote_active":false,"_monsterinsights_sitenote_note":"","_monsterinsights_sitenote_category":0,"_uf_show_specific_survey":0,"_uf_disable_surveys":false,"site-sidebar-layout":"default","site-content-layout":"","ast-site-content-layout":"default","site-content-style":"default","site-sidebar-style":"default","ast-global-header-display":"","ast-banner-title-visibility":"","ast-main-header-display":"","ast-hfb-above-header-display":"","ast-hfb-below-header-display":"","ast-hfb-mobile-header-display":"","site-post-title":"","ast-breadcrumbs-content":"","ast-featured-img":"","footer-sml-layout":"","ast-disable-related-posts":"","theme-transparent-header-meta":"default","adv-header-id-meta":"","stick-header-meta":"","header-above-stick-meta":"","header-main-stick-meta":"","header-below-stick-meta":"","astra-migrate-meta-layouts":"set","ast-page-background-enabled":"default","ast-page-background-meta":{"desktop":{"background-color":"","background-image":"","background-repeat":"repeat","background-position":"center center","background-size":"auto","background-attachment":"scroll","background-type":"","background-media":"","overlay-type":"","overlay-color":"","overlay-opacity":"","overlay-gradient":""},"tablet":{"background-color":"","background-image":"","background-repeat":"repeat","background-position":"center center","background-size":"auto","background-attachment":"scroll","background-type":"","background-media":"","overlay-type":"","overlay-color":"","overlay-opacity":"","overlay-gradient":""},"mobile":{"background-color":"","background-image":"","background-repeat":"repeat","background-position":"center center","background-size":"auto","background-attachment":"scroll","background-type":"","background-media":"","overlay-type":"","overlay-color":"","overlay-opacity":"","overlay-gradient":""}},"ast-content-background-meta":{"desktop":{"background-color":"var(--ast-global-color-5)","background-image":"","background-repeat":"repeat","background-position":"center center","background-size":"auto","background-attachment":"scroll","background-type":"","background-media":"","overlay-type":"","overlay-color":"","overlay-opacity":"","overlay-gradient":""},"tablet":{"background-color":"var(--ast-global-color-5)","background-image":"","background-repeat":"repeat","background-position":"center center","background-size":"auto","background-attachment":"scroll","background-type":"","background-media":"","overlay-type":"","overlay-color":"","overlay-opacity":"","overlay-gradient":""},"mobile":{"background-color":"var(--ast-global-color-5)","background-image":"","background-repeat":"repeat","background-position":"center center","background-size":"auto","background-attachment":"scroll","background-type":"","background-media":"","overlay-type":"","overlay-color":"","overlay-opacity":"","overlay-gradient":""}}},"product_brand":[3289],"product_cat":[3381],"product_tag":[3796,4562],"class_list":{"0":"post-22378","1":"product","2":"type-product","3":"status-publish","4":"has-post-thumbnail","6":"product_brand-cadomotus","7":"product_cat-patinage-de-vitesse-en-ligne","8":"product_tag-short-track","9":"product_tag-speed-skating","10":"desktop-align-left","11":"tablet-align-left","12":"mobile-align-left","14":"first","15":"instock","16":"featured","17":"taxable","18":"shipping-taxable","19":"purchasable","20":"product-type-simple"},"acf":[],"_links":{"self":[{"href":"https:\/\/ztsports.com\/fr\/wp-json\/wp\/v2\/product\/22378","targetHints":{"allow":["GET"]}}],"collection":[{"href":"https:\/\/ztsports.com\/fr\/wp-json\/wp\/v2\/product"}],"about":[{"href":"https:\/\/ztsports.com\/fr\/wp-json\/wp\/v2\/types\/product"}],"replies":[{"embeddable":true,"href":"https:\/\/ztsports.com\/fr\/wp-json\/wp\/v2\/comments?post=22378"}],"version-history":[{"count":1,"href":"https:\/\/ztsports.com\/fr\/wp-json\/wp\/v2\/product\/22378\/revisions"}],"predecessor-version":[{"id":22379,"href":"https:\/\/ztsports.com\/fr\/wp-json\/wp\/v2\/product\/22378\/revisions\/22379"}],"wp:featuredmedia":[{"embeddable":true,"href":"https:\/\/ztsports.com\/fr\/wp-json\/wp\/v2\/media\/22374"}],"wp:attachment":[{"href":"https:\/\/ztsports.com\/fr\/wp-json\/wp\/v2\/media?parent=22378"}],"wp:term":[{"taxonomy":"product_brand","embeddable":true,"href":"https:\/\/ztsports.com\/fr\/wp-json\/wp\/v2\/product_brand?post=22378"},{"taxonomy":"product_cat","embeddable":true,"href":"https:\/\/ztsports.com\/fr\/wp-json\/wp\/v2\/product_cat?post=22378"},{"taxonomy":"product_tag","embeddable":true,"href":"https:\/\/ztsports.com\/fr\/wp-json\/wp\/v2\/product_tag?post=22378"}],"curies":[{"name":"wp","href":"https:\/\/api.w.org\/{rel}","templated":true}]}}