{"id":22372,"date":"2024-06-03T11:16:50","date_gmt":"2024-06-03T11:16:50","guid":{"rendered":"https:\/\/ztsports.com\/?post_type=product&#038;p=22372"},"modified":"2026-03-06T11:53:13","modified_gmt":"2026-03-06T11:53:13","slug":"short-track-blade-preparation","status":"publish","type":"product","link":"https:\/\/ztsports.com\/fr\/store\/short-track-blade-preparation\/","title":{"rendered":"Short Track Blade Preparation"},"content":{"rendered":"<h2>Pr\u00e9paration des Lames Short Track<\/h2>\n<p>Pr\u00e9paration compl\u00e8te de vos lames. Profitez de notre expertise et de notre service personnalis\u00e9 pour configurer vos lames, garantissant qu&#8217;elles soient pr\u00eates pour la glace et adapt\u00e9es \u00e0 la course !<\/p>\n<p><strong>INCLUS :<\/strong><\/p>\n<ul>\n<li>Contr\u00f4le qualit\u00e9 (qualit\u00e9 de la lame (vagues), colle et tube)<\/li>\n<li>Pr\u00e9paration de la flexion avec haute pr\u00e9cision<\/li>\n<li>Profilage (rockering) sur profils haute performance<\/li>\n<li>Arrondi des extr\u00e9mit\u00e9s des lames pour conformit\u00e9 et s\u00e9curit\u00e9<\/li>\n<li>L\u00e9g\u00e8re polissage des lames<\/li>\n<li>D\u00e9poussi\u00e9rage personnalis\u00e9 des lames<\/li>\n<li>Premier aff\u00fbtage<\/li>\n<li>Polissage miroir pour la course<\/li>\n<\/ul>\n","protected":false},"excerpt":{"rendered":"<p>Pr\u00e9paration des Lames Short Track Pr\u00e9paration compl\u00e8te de vos lames. Profitez de notre expertise et de notre service personnalis\u00e9 pour configurer vos lames, garantissant qu&#8217;elles soient pr\u00eates pour la glace et adapt\u00e9es \u00e0 la course ! INCLUS : Contr\u00f4le qualit\u00e9 (qualit\u00e9 de la lame (vagues), colle et tube) Pr\u00e9paration de la flexion avec haute pr\u00e9cision [&hellip;]<\/p>\n","protected":false},"featured_media":22368,"comment_status":"open","ping_status":"closed","template":"","meta":{"_acf_changed":false,"_monsterinsights_skip_tracking":false,"_monsterinsights_sitenote_active":false,"_monsterinsights_sitenote_note":"","_monsterinsights_sitenote_category":0,"_uf_show_specific_survey":0,"_uf_disable_surveys":false,"site-sidebar-layout":"default","site-content-layout":"","ast-site-content-layout":"default","site-content-style":"default","site-sidebar-style":"default","ast-global-header-display":"","ast-banner-title-visibility":"","ast-main-header-display":"","ast-hfb-above-header-display":"","ast-hfb-below-header-display":"","ast-hfb-mobile-header-display":"","site-post-title":"","ast-breadcrumbs-content":"","ast-featured-img":"","footer-sml-layout":"","ast-disable-related-posts":"","theme-transparent-header-meta":"default","adv-header-id-meta":"","stick-header-meta":"","header-above-stick-meta":"","header-main-stick-meta":"","header-below-stick-meta":"","astra-migrate-meta-layouts":"set","ast-page-background-enabled":"default","ast-page-background-meta":{"desktop":{"background-color":"","background-image":"","background-repeat":"repeat","background-position":"center center","background-size":"auto","background-attachment":"scroll","background-type":"","background-media":"","overlay-type":"","overlay-color":"","overlay-opacity":"","overlay-gradient":""},"tablet":{"background-color":"","background-image":"","background-repeat":"repeat","background-position":"center center","background-size":"auto","background-attachment":"scroll","background-type":"","background-media":"","overlay-type":"","overlay-color":"","overlay-opacity":"","overlay-gradient":""},"mobile":{"background-color":"","background-image":"","background-repeat":"repeat","background-position":"center center","background-size":"auto","background-attachment":"scroll","background-type":"","background-media":"","overlay-type":"","overlay-color":"","overlay-opacity":"","overlay-gradient":""}},"ast-content-background-meta":{"desktop":{"background-color":"var(--ast-global-color-5)","background-image":"","background-repeat":"repeat","background-position":"center center","background-size":"auto","background-attachment":"scroll","background-type":"","background-media":"","overlay-type":"","overlay-color":"","overlay-opacity":"","overlay-gradient":""},"tablet":{"background-color":"var(--ast-global-color-5)","background-image":"","background-repeat":"repeat","background-position":"center center","background-size":"auto","background-attachment":"scroll","background-type":"","background-media":"","overlay-type":"","overlay-color":"","overlay-opacity":"","overlay-gradient":""},"mobile":{"background-color":"var(--ast-global-color-5)","background-image":"","background-repeat":"repeat","background-position":"center center","background-size":"auto","background-attachment":"scroll","background-type":"","background-media":"","overlay-type":"","overlay-color":"","overlay-opacity":"","overlay-gradient":""}}},"product_brand":[3326,3352,3365],"product_cat":[3378],"product_tag":[],"class_list":{"0":"post-22372","1":"product","2":"type-product","3":"status-publish","4":"has-post-thumbnail","6":"product_brand-nagano","7":"product_brand-twin","8":"product_brand-zt-sports","9":"product_cat-non-categorise","10":"desktop-align-left","11":"tablet-align-left","12":"mobile-align-left","14":"first","15":"instock","16":"taxable","17":"shipping-taxable","18":"purchasable","19":"product-type-simple"},"acf":[],"_links":{"self":[{"href":"https:\/\/ztsports.com\/fr\/wp-json\/wp\/v2\/product\/22372","targetHints":{"allow":["GET"]}}],"collection":[{"href":"https:\/\/ztsports.com\/fr\/wp-json\/wp\/v2\/product"}],"about":[{"href":"https:\/\/ztsports.com\/fr\/wp-json\/wp\/v2\/types\/product"}],"replies":[{"embeddable":true,"href":"https:\/\/ztsports.com\/fr\/wp-json\/wp\/v2\/comments?post=22372"}],"version-history":[{"count":1,"href":"https:\/\/ztsports.com\/fr\/wp-json\/wp\/v2\/product\/22372\/revisions"}],"predecessor-version":[{"id":22373,"href":"https:\/\/ztsports.com\/fr\/wp-json\/wp\/v2\/product\/22372\/revisions\/22373"}],"wp:featuredmedia":[{"embeddable":true,"href":"https:\/\/ztsports.com\/fr\/wp-json\/wp\/v2\/media\/22368"}],"wp:attachment":[{"href":"https:\/\/ztsports.com\/fr\/wp-json\/wp\/v2\/media?parent=22372"}],"wp:term":[{"taxonomy":"product_brand","embeddable":true,"href":"https:\/\/ztsports.com\/fr\/wp-json\/wp\/v2\/product_brand?post=22372"},{"taxonomy":"product_cat","embeddable":true,"href":"https:\/\/ztsports.com\/fr\/wp-json\/wp\/v2\/product_cat?post=22372"},{"taxonomy":"product_tag","embeddable":true,"href":"https:\/\/ztsports.com\/fr\/wp-json\/wp\/v2\/product_tag?post=22372"}],"curies":[{"name":"wp","href":"https:\/\/api.w.org\/{rel}","templated":true}]}}