{"id":22366,"date":"2024-06-03T12:22:17","date_gmt":"2024-06-03T12:22:17","guid":{"rendered":"https:\/\/ztsports.com\/?post_type=product&#038;p=22366"},"modified":"2026-03-06T11:52:34","modified_gmt":"2026-03-06T11:52:34","slug":"apogee-cut-resistant-undersuit","status":"publish","type":"product","link":"https:\/\/ztsports.com\/fr\/store\/apogee-cut-resistant-undersuit\/","title":{"rendered":"APOGEE Cut Resistant Undersuit"},"content":{"rendered":"<h1>APOGEE Combinaison Anti-Coupure Niveau 6<\/h1>\n<p>Combinaison anti-coupure Apogee<\/p>\n<ul>\n<li>Unisexe<\/li>\n<li>Mat\u00e9riau Dynamix exclusif \u00e0 Apogee<\/li>\n<li>Fermeture \u00e9clair auto-verrouillante YKK<\/li>\n<li>Test\u00e9e pour respecter et d\u00e9passer les normes ISU<\/li>\n<li><strong>Fabriqu\u00e9e au Canada<\/strong><\/li>\n<\/ul>\n<p>Plus \u00e9lastique, plus confortable, excellent ajustement !<\/p>\n<p>Combinaison anti-coupure Apogee<\/p>\n<p class=\"product_name\">COMBINAISON ANTICOUPE UNE PI\u00c8CE<\/p>\n<div class=\"description\">\n<ul>\n<li>Unisexe<\/li>\n<li>Mat\u00e9riau Dynamix exclusif \u00e0 Apogee<\/li>\n<li>Fermeture \u00e9clair auto-verrouillante YKK<\/li>\n<li>La combinaison anti-coupure Apogee est test\u00e9e pour respecter et d\u00e9passer les normes ISU \u2013 <strong>R\u00e9sistance aux coupures : Niveau 6<\/strong> <strong>Test EN-388<\/strong> <strong>le meilleur sur le march\u00e9 !<\/strong><\/li>\n<li>Chaque rouleau de mat\u00e9riau est test\u00e9 avant utilisation.<\/li>\n<li>Fabriqu\u00e9e au Canada \u2013 qualit\u00e9 sup\u00e9rieure<\/li>\n<\/ul>\n<p>Apogee Sports est une entreprise canadienne sp\u00e9cialis\u00e9e dans la production de v\u00eatements et accessoires sur mesure pour \u00e9quipes et organisations sportives \u00e0 tous les niveaux, des clubs locaux aux champions olympiques. <span class=\"\">Depuis sa cr\u00e9ation en 1998, Apogee joue un r\u00f4le cl\u00e9 dans les communaut\u00e9s de cyclisme, course \u00e0 pied, triathlon, cano\u00eb-kayak, ski de fond, ski alpin et patinage de vitesse au Canada et dans le monde entier.<\/span><\/p>\n<p>Apogee Sports se concentre sur l&#8217;innovation, la qualit\u00e9 et la collaboration afin de rester un leader dans le secteur. Leur engagement \u00e0 concevoir un \u00e9quipement s\u00fbr et adapt\u00e9 aux athl\u00e8tes est remarquable, en donnant la priorit\u00e9 \u00e0 la s\u00e9curit\u00e9 pour les aider \u00e0 atteindre leurs objectifs sportifs.<\/p>\n<p>Promouvoir l\u2019importance du sport et du bien-\u00eatre est notre mission. Pratiquer une activit\u00e9 physique et maintenir un mode de vie sain offrent de nombreux avantages, tant sur le plan physique que mental. En mettant l&#8217;accent sur ces aspects, Apogee Sports fournit non seulement des v\u00eatements de haute qualit\u00e9, mais encourage \u00e9galement les individus \u00e0 pratiquer des activit\u00e9s physiques contribuant \u00e0 leur bien-\u00eatre g\u00e9n\u00e9ral.<\/p>\n<p>Collaborer \u00e9troitement avec des athl\u00e8tes d\u2019\u00e9lite permet de garantir que nos produits r\u00e9pondent aux besoins et exigences de ceux qui en d\u00e9pendent. En prenant en compte leurs retours et en les impliquant dans le processus de d\u00e9veloppement, Apogee Sports peut cr\u00e9er des solutions qui soutiennent r\u00e9ellement leur performance et am\u00e9liorent leurs exploits sportifs.<\/p>\n<p>Dans l\u2019ensemble, l\u2019engagement de votre entreprise \u00e0 fournir des produits innovants et de haute qualit\u00e9 tout en priorisant la s\u00e9curit\u00e9 et le succ\u00e8s des athl\u00e8tes d\u00e9montre un fort d\u00e9vouement \u00e0 l\u2019excellence et \u00e0 la satisfaction client.<\/p>\n<p>En savoir plus sur Apogee <a href=\"https:\/\/apogee-sports.com\/pages\/nous-sommes-apogee\" target=\"_blank\" rel=\"noopener\">ici !<\/a><\/p>\n<p>Voir tous nos autres <a href=\"https:\/\/ztsports.ca\/product-category\/speed-skating-protection-equipment\/cut-resistant-protection\/\" target=\"_blank\" rel=\"noopener\"><strong>produits anti-coupure ici<\/strong><\/a>.\n<\/div>\n","protected":false},"excerpt":{"rendered":"<p>APOGEE Combinaison Anti-Coupure Niveau 6 Combinaison anti-coupure Apogee Unisexe Mat\u00e9riau Dynamix exclusif \u00e0 Apogee Fermeture \u00e9clair auto-verrouillante YKK Test\u00e9e pour respecter et d\u00e9passer les normes ISU Fabriqu\u00e9e au Canada Plus \u00e9lastique, plus confortable, excellent ajustement ! Combinaison anti-coupure Apogee COMBINAISON ANTICOUPE UNE PI\u00c8CE Unisexe Mat\u00e9riau Dynamix exclusif \u00e0 Apogee Fermeture \u00e9clair auto-verrouillante YKK La combinaison [&hellip;]<\/p>\n","protected":false},"featured_media":22364,"comment_status":"open","ping_status":"closed","template":"","meta":{"_acf_changed":false,"_monsterinsights_skip_tracking":false,"_monsterinsights_sitenote_active":false,"_monsterinsights_sitenote_note":"","_monsterinsights_sitenote_category":0,"_uf_show_specific_survey":0,"_uf_disable_surveys":false,"site-sidebar-layout":"default","site-content-layout":"","ast-site-content-layout":"default","site-content-style":"default","site-sidebar-style":"default","ast-global-header-display":"","ast-banner-title-visibility":"","ast-main-header-display":"","ast-hfb-above-header-display":"","ast-hfb-below-header-display":"","ast-hfb-mobile-header-display":"","site-post-title":"","ast-breadcrumbs-content":"","ast-featured-img":"","footer-sml-layout":"","ast-disable-related-posts":"","theme-transparent-header-meta":"default","adv-header-id-meta":"","stick-header-meta":"","header-above-stick-meta":"","header-main-stick-meta":"","header-below-stick-meta":"","astra-migrate-meta-layouts":"set","ast-page-background-enabled":"default","ast-page-background-meta":{"desktop":{"background-color":"","background-image":"","background-repeat":"repeat","background-position":"center center","background-size":"auto","background-attachment":"scroll","background-type":"","background-media":"","overlay-type":"","overlay-color":"","overlay-opacity":"","overlay-gradient":""},"tablet":{"background-color":"","background-image":"","background-repeat":"repeat","background-position":"center center","background-size":"auto","background-attachment":"scroll","background-type":"","background-media":"","overlay-type":"","overlay-color":"","overlay-opacity":"","overlay-gradient":""},"mobile":{"background-color":"","background-image":"","background-repeat":"repeat","background-position":"center center","background-size":"auto","background-attachment":"scroll","background-type":"","background-media":"","overlay-type":"","overlay-color":"","overlay-opacity":"","overlay-gradient":""}},"ast-content-background-meta":{"desktop":{"background-color":"var(--ast-global-color-5)","background-image":"","background-repeat":"repeat","background-position":"center center","background-size":"auto","background-attachment":"scroll","background-type":"","background-media":"","overlay-type":"","overlay-color":"","overlay-opacity":"","overlay-gradient":""},"tablet":{"background-color":"var(--ast-global-color-5)","background-image":"","background-repeat":"repeat","background-position":"center center","background-size":"auto","background-attachment":"scroll","background-type":"","background-media":"","overlay-type":"","overlay-color":"","overlay-opacity":"","overlay-gradient":""},"mobile":{"background-color":"var(--ast-global-color-5)","background-image":"","background-repeat":"repeat","background-position":"center center","background-size":"auto","background-attachment":"scroll","background-type":"","background-media":"","overlay-type":"","overlay-color":"","overlay-opacity":"","overlay-gradient":""}}},"product_brand":[3275],"product_cat":[3378],"product_tag":[],"class_list":{"0":"post-22366","1":"product","2":"type-product","3":"status-publish","4":"has-post-thumbnail","6":"product_brand-apogee","7":"product_cat-non-categorise","8":"desktop-align-left","9":"tablet-align-left","10":"mobile-align-left","12":"first","13":"instock","14":"sale","15":"taxable","16":"shipping-taxable","17":"purchasable","18":"product-type-simple"},"acf":[],"_links":{"self":[{"href":"https:\/\/ztsports.com\/fr\/wp-json\/wp\/v2\/product\/22366","targetHints":{"allow":["GET"]}}],"collection":[{"href":"https:\/\/ztsports.com\/fr\/wp-json\/wp\/v2\/product"}],"about":[{"href":"https:\/\/ztsports.com\/fr\/wp-json\/wp\/v2\/types\/product"}],"replies":[{"embeddable":true,"href":"https:\/\/ztsports.com\/fr\/wp-json\/wp\/v2\/comments?post=22366"}],"version-history":[{"count":1,"href":"https:\/\/ztsports.com\/fr\/wp-json\/wp\/v2\/product\/22366\/revisions"}],"predecessor-version":[{"id":22367,"href":"https:\/\/ztsports.com\/fr\/wp-json\/wp\/v2\/product\/22366\/revisions\/22367"}],"wp:featuredmedia":[{"embeddable":true,"href":"https:\/\/ztsports.com\/fr\/wp-json\/wp\/v2\/media\/22364"}],"wp:attachment":[{"href":"https:\/\/ztsports.com\/fr\/wp-json\/wp\/v2\/media?parent=22366"}],"wp:term":[{"taxonomy":"product_brand","embeddable":true,"href":"https:\/\/ztsports.com\/fr\/wp-json\/wp\/v2\/product_brand?post=22366"},{"taxonomy":"product_cat","embeddable":true,"href":"https:\/\/ztsports.com\/fr\/wp-json\/wp\/v2\/product_cat?post=22366"},{"taxonomy":"product_tag","embeddable":true,"href":"https:\/\/ztsports.com\/fr\/wp-json\/wp\/v2\/product_tag?post=22366"}],"curies":[{"name":"wp","href":"https:\/\/api.w.org\/{rel}","templated":true}]}}