{"id":22358,"date":"2024-06-16T14:53:38","date_gmt":"2024-06-16T14:53:38","guid":{"rendered":"https:\/\/ztsports.com\/?post_type=product&#038;p=22358"},"modified":"2026-03-06T11:49:59","modified_gmt":"2026-03-06T11:49:59","slug":"sharpening-jig-transport-case","status":"publish","type":"product","link":"https:\/\/ztsports.com\/fr\/store\/sharpening-jig-transport-case\/","title":{"rendered":"Sharpening Jig Transport Case"},"content":{"rendered":"<h1>\u00c9tui de Transport pour Gabarit d\u2019Aiguisage<\/h1>\n<p>Cet \u00e9tui de transport pour gabarit d\u2019aiguisage Ron Nagano Skate est le moyen id\u00e9al pour transporter votre gabarit d\u2019aiguisage.<\/p>\n<p>\u00c9tui rigide doubl\u00e9 de mousse pour le gabarit et les pierres d\u2019aiguisage. <em>Bo\u00eete du Gabarit<\/em> est l\u2019endroit parfait pour stocker et prot\u00e9ger votre gabarit et vos pierres !<\/p>\n<p>Id\u00e9al pour transporter votre gabarit lors d\u2019une comp\u00e9tition ou d\u2019un d\u00e9placement. Un excellent moyen de prot\u00e9ger votre investissement \u00e0 moindre co\u00fbt, id\u00e9al \u00e9galement pour le stockage en hors-saison.<\/p>\n<p>Enfin, vous pouvez consulter tous nos <a href=\"https:\/\/ztsports.com\/product-category\/sharpening\/jigs\/\"><strong>gabarits d\u2019aiguisage pour patins de vitesse ici<\/strong><\/a>.<\/p>\n","protected":false},"excerpt":{"rendered":"<p>\u00c9tui de Transport pour Gabarit d\u2019Aiguisage Cet \u00e9tui de transport pour gabarit d\u2019aiguisage Ron Nagano Skate est le moyen id\u00e9al pour transporter votre gabarit d\u2019aiguisage. \u00c9tui rigide doubl\u00e9 de mousse pour le gabarit et les pierres d\u2019aiguisage. Bo\u00eete du Gabarit est l\u2019endroit parfait pour stocker et prot\u00e9ger votre gabarit et vos pierres ! Id\u00e9al pour [&hellip;]<\/p>\n","protected":false},"featured_media":22355,"comment_status":"open","ping_status":"closed","template":"","meta":{"_acf_changed":false,"_monsterinsights_skip_tracking":false,"_monsterinsights_sitenote_active":false,"_monsterinsights_sitenote_note":"","_monsterinsights_sitenote_category":0,"_uf_show_specific_survey":0,"_uf_disable_surveys":false,"site-sidebar-layout":"default","site-content-layout":"","ast-site-content-layout":"default","site-content-style":"default","site-sidebar-style":"default","ast-global-header-display":"","ast-banner-title-visibility":"","ast-main-header-display":"","ast-hfb-above-header-display":"","ast-hfb-below-header-display":"","ast-hfb-mobile-header-display":"","site-post-title":"","ast-breadcrumbs-content":"","ast-featured-img":"","footer-sml-layout":"","ast-disable-related-posts":"","theme-transparent-header-meta":"default","adv-header-id-meta":"","stick-header-meta":"","header-above-stick-meta":"","header-main-stick-meta":"","header-below-stick-meta":"","astra-migrate-meta-layouts":"set","ast-page-background-enabled":"default","ast-page-background-meta":{"desktop":{"background-color":"","background-image":"","background-repeat":"repeat","background-position":"center center","background-size":"auto","background-attachment":"scroll","background-type":"","background-media":"","overlay-type":"","overlay-color":"","overlay-opacity":"","overlay-gradient":""},"tablet":{"background-color":"","background-image":"","background-repeat":"repeat","background-position":"center center","background-size":"auto","background-attachment":"scroll","background-type":"","background-media":"","overlay-type":"","overlay-color":"","overlay-opacity":"","overlay-gradient":""},"mobile":{"background-color":"","background-image":"","background-repeat":"repeat","background-position":"center center","background-size":"auto","background-attachment":"scroll","background-type":"","background-media":"","overlay-type":"","overlay-color":"","overlay-opacity":"","overlay-gradient":""}},"ast-content-background-meta":{"desktop":{"background-color":"var(--ast-global-color-5)","background-image":"","background-repeat":"repeat","background-position":"center center","background-size":"auto","background-attachment":"scroll","background-type":"","background-media":"","overlay-type":"","overlay-color":"","overlay-opacity":"","overlay-gradient":""},"tablet":{"background-color":"var(--ast-global-color-5)","background-image":"","background-repeat":"repeat","background-position":"center center","background-size":"auto","background-attachment":"scroll","background-type":"","background-media":"","overlay-type":"","overlay-color":"","overlay-opacity":"","overlay-gradient":""},"mobile":{"background-color":"var(--ast-global-color-5)","background-image":"","background-repeat":"repeat","background-position":"center center","background-size":"auto","background-attachment":"scroll","background-type":"","background-media":"","overlay-type":"","overlay-color":"","overlay-opacity":"","overlay-gradient":""}}},"product_brand":[3326,3365],"product_cat":[3378],"product_tag":[],"class_list":{"0":"post-22358","1":"product","2":"type-product","3":"status-publish","4":"has-post-thumbnail","6":"product_brand-nagano","7":"product_brand-zt-sports","8":"product_cat-non-categorise","9":"desktop-align-left","10":"tablet-align-left","11":"mobile-align-left","13":"first","14":"instock","15":"taxable","16":"shipping-taxable","17":"purchasable","18":"product-type-simple"},"acf":[],"_links":{"self":[{"href":"https:\/\/ztsports.com\/fr\/wp-json\/wp\/v2\/product\/22358","targetHints":{"allow":["GET"]}}],"collection":[{"href":"https:\/\/ztsports.com\/fr\/wp-json\/wp\/v2\/product"}],"about":[{"href":"https:\/\/ztsports.com\/fr\/wp-json\/wp\/v2\/types\/product"}],"replies":[{"embeddable":true,"href":"https:\/\/ztsports.com\/fr\/wp-json\/wp\/v2\/comments?post=22358"}],"version-history":[{"count":2,"href":"https:\/\/ztsports.com\/fr\/wp-json\/wp\/v2\/product\/22358\/revisions"}],"predecessor-version":[{"id":22361,"href":"https:\/\/ztsports.com\/fr\/wp-json\/wp\/v2\/product\/22358\/revisions\/22361"}],"wp:featuredmedia":[{"embeddable":true,"href":"https:\/\/ztsports.com\/fr\/wp-json\/wp\/v2\/media\/22355"}],"wp:attachment":[{"href":"https:\/\/ztsports.com\/fr\/wp-json\/wp\/v2\/media?parent=22358"}],"wp:term":[{"taxonomy":"product_brand","embeddable":true,"href":"https:\/\/ztsports.com\/fr\/wp-json\/wp\/v2\/product_brand?post=22358"},{"taxonomy":"product_cat","embeddable":true,"href":"https:\/\/ztsports.com\/fr\/wp-json\/wp\/v2\/product_cat?post=22358"},{"taxonomy":"product_tag","embeddable":true,"href":"https:\/\/ztsports.com\/fr\/wp-json\/wp\/v2\/product_tag?post=22358"}],"curies":[{"name":"wp","href":"https:\/\/api.w.org\/{rel}","templated":true}]}}