{"id":22354,"date":"2024-06-17T17:33:47","date_gmt":"2024-06-17T17:33:47","guid":{"rendered":"https:\/\/ztsports.com\/?post_type=product&#038;p=22354"},"modified":"2026-03-06T11:49:11","modified_gmt":"2026-03-06T11:49:11","slug":"bont-skate-velcro-straps-set-4-2","status":"publish","type":"product","link":"https:\/\/ztsports.com\/fr\/store\/bont-skate-velcro-straps-set-4-2\/","title":{"rendered":"Bont Skate Velcro Straps Set (4)"},"content":{"rendered":"<h1 class=\"h2 product-single__title\">Sangles Velcro Bont pour Patins (4)<\/h1>\n<p>Vos <strong><a href=\"https:\/\/ztsports.com\/product\/bont-patriot-short-track-boot-version-2\/\">sangles Velcro des patins Patriot Bont<\/a><\/strong> doivent-elles \u00eatre remplac\u00e9es \u00e0 cause de l&#8217;usure ou parce que votre chien les a mang\u00e9es ? Pas de souci, <a href=\"https:\/\/ztsports.com\/fr\/\"><strong>Zt Sports<\/strong><\/a> s&#8217;en occupe. Cet article est la sangle de remplacement standard pour les <a href=\"https:\/\/ztsports.com\/product\/bont-patriot\/\">patins Patriot<\/a> en noir avec le logo Bont blanc. <strong>Ce produit est vendu par lot de 4 et est un produit de remplacement original Bont.<\/strong><\/p>\n<p>Les sangles velcro des patins Bont Patriot repoussent les limites des mat\u00e9riaux utilis\u00e9s pour un patin de niveau interm\u00e9diaire et offrent des performances sup\u00e9rieures \u00e0 celles de la plupart des bottes haut de gamme d&#8217;autres marques. Cela inclut \u00e9galement la sangle velcro r\u00e9glable fabriqu\u00e9e \u00e0 100 % en microfibre.<\/p>\n<p>Ceci est un lot de 4. Il s&#8217;agit d&#8217;une sangle noire avec des coutures noires et un logo blanc.<\/p>\n<p>Vos sangles velcro Bont doivent-elles \u00eatre remplac\u00e9es \u00e0 cause de l&#8217;usure ou parce que votre chien les a mang\u00e9es ? Pas de souci, Zt Sports vous couvre avec des pi\u00e8ces de rechange Bont originales. Cet article est la sangle de remplacement standard en noir avec le logo Bont blanc. Cette sangle velcro r\u00e9glable est fabriqu\u00e9e en cuir australien v\u00e9ritable \u00e0 100 %.<\/p>\n","protected":false},"excerpt":{"rendered":"<p>Sangles Velcro Bont pour Patins (4) Vos sangles Velcro des patins Patriot Bont doivent-elles \u00eatre remplac\u00e9es \u00e0 cause de l&#8217;usure ou parce que votre chien les a mang\u00e9es ? Pas de souci, Zt Sports s&#8217;en occupe. Cet article est la sangle de remplacement standard pour les patins Patriot en noir avec le logo Bont blanc. [&hellip;]<\/p>\n","protected":false},"featured_media":22352,"comment_status":"open","ping_status":"closed","template":"","meta":{"_acf_changed":false,"_monsterinsights_skip_tracking":false,"_monsterinsights_sitenote_active":false,"_monsterinsights_sitenote_note":"","_monsterinsights_sitenote_category":0,"_uf_show_specific_survey":0,"_uf_disable_surveys":false,"site-sidebar-layout":"default","site-content-layout":"","ast-site-content-layout":"default","site-content-style":"default","site-sidebar-style":"default","ast-global-header-display":"","ast-banner-title-visibility":"","ast-main-header-display":"","ast-hfb-above-header-display":"","ast-hfb-below-header-display":"","ast-hfb-mobile-header-display":"","site-post-title":"","ast-breadcrumbs-content":"","ast-featured-img":"","footer-sml-layout":"","ast-disable-related-posts":"","theme-transparent-header-meta":"default","adv-header-id-meta":"","stick-header-meta":"","header-above-stick-meta":"","header-main-stick-meta":"","header-below-stick-meta":"","astra-migrate-meta-layouts":"set","ast-page-background-enabled":"default","ast-page-background-meta":{"desktop":{"background-color":"","background-image":"","background-repeat":"repeat","background-position":"center center","background-size":"auto","background-attachment":"scroll","background-type":"","background-media":"","overlay-type":"","overlay-color":"","overlay-opacity":"","overlay-gradient":""},"tablet":{"background-color":"","background-image":"","background-repeat":"repeat","background-position":"center center","background-size":"auto","background-attachment":"scroll","background-type":"","background-media":"","overlay-type":"","overlay-color":"","overlay-opacity":"","overlay-gradient":""},"mobile":{"background-color":"","background-image":"","background-repeat":"repeat","background-position":"center center","background-size":"auto","background-attachment":"scroll","background-type":"","background-media":"","overlay-type":"","overlay-color":"","overlay-opacity":"","overlay-gradient":""}},"ast-content-background-meta":{"desktop":{"background-color":"var(--ast-global-color-5)","background-image":"","background-repeat":"repeat","background-position":"center center","background-size":"auto","background-attachment":"scroll","background-type":"","background-media":"","overlay-type":"","overlay-color":"","overlay-opacity":"","overlay-gradient":""},"tablet":{"background-color":"var(--ast-global-color-5)","background-image":"","background-repeat":"repeat","background-position":"center center","background-size":"auto","background-attachment":"scroll","background-type":"","background-media":"","overlay-type":"","overlay-color":"","overlay-opacity":"","overlay-gradient":""},"mobile":{"background-color":"var(--ast-global-color-5)","background-image":"","background-repeat":"repeat","background-position":"center center","background-size":"auto","background-attachment":"scroll","background-type":"","background-media":"","overlay-type":"","overlay-color":"","overlay-opacity":"","overlay-gradient":""}}},"product_brand":[3285],"product_cat":[3378],"product_tag":[],"class_list":{"0":"post-22354","1":"product","2":"type-product","3":"status-publish","4":"has-post-thumbnail","6":"product_brand-bont","7":"product_cat-non-categorise","8":"desktop-align-left","9":"tablet-align-left","10":"mobile-align-left","12":"first","13":"instock","14":"sale","15":"taxable","16":"shipping-taxable","17":"purchasable","18":"product-type-simple"},"acf":[],"_links":{"self":[{"href":"https:\/\/ztsports.com\/fr\/wp-json\/wp\/v2\/product\/22354","targetHints":{"allow":["GET"]}}],"collection":[{"href":"https:\/\/ztsports.com\/fr\/wp-json\/wp\/v2\/product"}],"about":[{"href":"https:\/\/ztsports.com\/fr\/wp-json\/wp\/v2\/types\/product"}],"replies":[{"embeddable":true,"href":"https:\/\/ztsports.com\/fr\/wp-json\/wp\/v2\/comments?post=22354"}],"version-history":[{"count":1,"href":"https:\/\/ztsports.com\/fr\/wp-json\/wp\/v2\/product\/22354\/revisions"}],"predecessor-version":[{"id":22359,"href":"https:\/\/ztsports.com\/fr\/wp-json\/wp\/v2\/product\/22354\/revisions\/22359"}],"wp:featuredmedia":[{"embeddable":true,"href":"https:\/\/ztsports.com\/fr\/wp-json\/wp\/v2\/media\/22352"}],"wp:attachment":[{"href":"https:\/\/ztsports.com\/fr\/wp-json\/wp\/v2\/media?parent=22354"}],"wp:term":[{"taxonomy":"product_brand","embeddable":true,"href":"https:\/\/ztsports.com\/fr\/wp-json\/wp\/v2\/product_brand?post=22354"},{"taxonomy":"product_cat","embeddable":true,"href":"https:\/\/ztsports.com\/fr\/wp-json\/wp\/v2\/product_cat?post=22354"},{"taxonomy":"product_tag","embeddable":true,"href":"https:\/\/ztsports.com\/fr\/wp-json\/wp\/v2\/product_tag?post=22354"}],"curies":[{"name":"wp","href":"https:\/\/api.w.org\/{rel}","templated":true}]}}