{"id":22311,"date":"2024-08-03T11:39:11","date_gmt":"2024-08-03T11:39:11","guid":{"rendered":"https:\/\/ztsports.com\/?post_type=product&#038;p=22311"},"modified":"2026-03-06T11:20:09","modified_gmt":"2026-03-06T11:20:09","slug":"bones-big-balls-reds-bearings-8mm-16-pack","status":"publish","type":"product","link":"https:\/\/ztsports.com\/fr\/store\/bones-big-balls-reds-bearings-8mm-16-pack\/","title":{"rendered":"BONES BIG BALLS REDS bearings 8mm 16 pack"},"content":{"rendered":"<h2 class=\"product_title entry-title\">Billes Bones Big Balls REDS 8mm &#8211; Pack de 16<\/h2>\n<h3>Billes Bones Big Balls REDS<\/h3>\n<p><em>BIG BALLS<\/em>, le dernier membre de notre famille REDS. Ces <em>BIG BALLS<\/em> sont con\u00e7ues pour rouler plus vite et durer plus longtemps gr\u00e2ce \u00e0 des billes 17 % plus grandes, comme nos l\u00e9gendaires Bones Super Swiss 6. Ces billes plus grandes vous permettent de gagner en vitesse et de continuer \u00e0 rouler m\u00eame \u00e0 travers la salet\u00e9 qui ralentit les billes plus petites.<\/p>\n<p>Cela fait des <em>BIG BALLS<\/em> un excellent choix pour les patineurs recherchant plus de vitesse et une dur\u00e9e de vie plus longue de leurs roulements.<\/p>\n<p>La famille REDS de Bones est le choix n\u00b01 des patineurs pour sa qualit\u00e9 constante, sa vitesse, sa durabilit\u00e9 et son excellent rapport qualit\u00e9-prix.<\/p>\n<p><strong>D\u00c9TAILS<\/strong><\/p>\n<ul>\n<li>Vitesse maximale plus \u00e9lev\u00e9e<\/li>\n<li>R\u00e9sistance accrue<\/li>\n<li>Dur\u00e9e de vie prolong\u00e9e<\/li>\n<li>Nettoyage facile<\/li>\n<li>L\u00e9g\u00e8ret\u00e9<\/li>\n<li>Design Skate Rated\u2122<\/li>\n<\/ul>\n<p><strong>CONTENU DU PACK<\/strong><\/p>\n<ul>\n<li>Set de 16 roulements<\/li>\n<li>Instructions<\/li>\n<li>Autocollant<\/li>\n<\/ul>\n<p><strong>Revue<\/strong> des <a href=\"https:\/\/www.youtube.com\/watch?v=5W_xp8SHv1E\" target=\"_blank\" rel=\"noopener\"><strong>Billes Bones Big Balls ici<\/strong><\/a>.<\/p>\n<p>D\u00e9couvrez tous nos <a href=\"https:\/\/ztsports.com\/product-category\/patinage-de-vitesse-en-ligne\/bearings\/\"><strong>roulements pour patins \u00e0 vitesse en ligne ici<\/strong><\/a>.<\/p>\n","protected":false},"excerpt":{"rendered":"<p>Billes Bones Big Balls REDS 8mm &#8211; Pack de 16 Billes Bones Big Balls REDS BIG BALLS, le dernier membre de notre famille REDS. Ces BIG BALLS sont con\u00e7ues pour rouler plus vite et durer plus longtemps gr\u00e2ce \u00e0 des billes 17 % plus grandes, comme nos l\u00e9gendaires Bones Super Swiss 6. Ces billes plus [&hellip;]<\/p>\n","protected":false},"featured_media":22304,"comment_status":"open","ping_status":"closed","template":"","meta":{"_acf_changed":false,"_monsterinsights_skip_tracking":false,"_monsterinsights_sitenote_active":false,"_monsterinsights_sitenote_note":"","_monsterinsights_sitenote_category":0,"_uf_show_specific_survey":0,"_uf_disable_surveys":false,"site-sidebar-layout":"default","site-content-layout":"","ast-site-content-layout":"default","site-content-style":"default","site-sidebar-style":"default","ast-global-header-display":"","ast-banner-title-visibility":"","ast-main-header-display":"","ast-hfb-above-header-display":"","ast-hfb-below-header-display":"","ast-hfb-mobile-header-display":"","site-post-title":"","ast-breadcrumbs-content":"","ast-featured-img":"","footer-sml-layout":"","ast-disable-related-posts":"","theme-transparent-header-meta":"default","adv-header-id-meta":"","stick-header-meta":"","header-above-stick-meta":"","header-main-stick-meta":"","header-below-stick-meta":"","astra-migrate-meta-layouts":"set","ast-page-background-enabled":"default","ast-page-background-meta":{"desktop":{"background-color":"","background-image":"","background-repeat":"repeat","background-position":"center center","background-size":"auto","background-attachment":"scroll","background-type":"","background-media":"","overlay-type":"","overlay-color":"","overlay-opacity":"","overlay-gradient":""},"tablet":{"background-color":"","background-image":"","background-repeat":"repeat","background-position":"center center","background-size":"auto","background-attachment":"scroll","background-type":"","background-media":"","overlay-type":"","overlay-color":"","overlay-opacity":"","overlay-gradient":""},"mobile":{"background-color":"","background-image":"","background-repeat":"repeat","background-position":"center center","background-size":"auto","background-attachment":"scroll","background-type":"","background-media":"","overlay-type":"","overlay-color":"","overlay-opacity":"","overlay-gradient":""}},"ast-content-background-meta":{"desktop":{"background-color":"var(--ast-global-color-5)","background-image":"","background-repeat":"repeat","background-position":"center center","background-size":"auto","background-attachment":"scroll","background-type":"","background-media":"","overlay-type":"","overlay-color":"","overlay-opacity":"","overlay-gradient":""},"tablet":{"background-color":"var(--ast-global-color-5)","background-image":"","background-repeat":"repeat","background-position":"center center","background-size":"auto","background-attachment":"scroll","background-type":"","background-media":"","overlay-type":"","overlay-color":"","overlay-opacity":"","overlay-gradient":""},"mobile":{"background-color":"var(--ast-global-color-5)","background-image":"","background-repeat":"repeat","background-position":"center center","background-size":"auto","background-attachment":"scroll","background-type":"","background-media":"","overlay-type":"","overlay-color":"","overlay-opacity":"","overlay-gradient":""}}},"product_brand":[3284],"product_cat":[3381],"product_tag":[],"class_list":{"0":"post-22311","1":"product","2":"type-product","3":"status-publish","4":"has-post-thumbnail","6":"product_brand-bones","7":"product_cat-patinage-de-vitesse-en-ligne","8":"desktop-align-left","9":"tablet-align-left","10":"mobile-align-left","12":"first","13":"instock","14":"taxable","15":"shipping-taxable","16":"purchasable","17":"product-type-simple"},"acf":[],"_links":{"self":[{"href":"https:\/\/ztsports.com\/fr\/wp-json\/wp\/v2\/product\/22311","targetHints":{"allow":["GET"]}}],"collection":[{"href":"https:\/\/ztsports.com\/fr\/wp-json\/wp\/v2\/product"}],"about":[{"href":"https:\/\/ztsports.com\/fr\/wp-json\/wp\/v2\/types\/product"}],"replies":[{"embeddable":true,"href":"https:\/\/ztsports.com\/fr\/wp-json\/wp\/v2\/comments?post=22311"}],"version-history":[{"count":1,"href":"https:\/\/ztsports.com\/fr\/wp-json\/wp\/v2\/product\/22311\/revisions"}],"predecessor-version":[{"id":22312,"href":"https:\/\/ztsports.com\/fr\/wp-json\/wp\/v2\/product\/22311\/revisions\/22312"}],"wp:featuredmedia":[{"embeddable":true,"href":"https:\/\/ztsports.com\/fr\/wp-json\/wp\/v2\/media\/22304"}],"wp:attachment":[{"href":"https:\/\/ztsports.com\/fr\/wp-json\/wp\/v2\/media?parent=22311"}],"wp:term":[{"taxonomy":"product_brand","embeddable":true,"href":"https:\/\/ztsports.com\/fr\/wp-json\/wp\/v2\/product_brand?post=22311"},{"taxonomy":"product_cat","embeddable":true,"href":"https:\/\/ztsports.com\/fr\/wp-json\/wp\/v2\/product_cat?post=22311"},{"taxonomy":"product_tag","embeddable":true,"href":"https:\/\/ztsports.com\/fr\/wp-json\/wp\/v2\/product_tag?post=22311"}],"curies":[{"name":"wp","href":"https:\/\/api.w.org\/{rel}","templated":true}]}}