{"id":22301,"date":"2024-09-04T19:45:52","date_gmt":"2024-09-04T19:45:52","guid":{"rendered":"https:\/\/ztsports.com\/?post_type=product&#038;p=22301"},"modified":"2026-04-12T17:26:51","modified_gmt":"2026-04-12T17:26:51","slug":"3-speed-skating-gloves-white-by-bont","status":"publish","type":"product","link":"https:\/\/ztsports.com\/fr\/store\/3-speed-skating-gloves-white-by-bont\/","title":{"rendered":"Speed Skating Gloves White by Bont"},"content":{"rendered":"<h1>Gants de Patinage de Vitesse Blancs Bont<\/h1>\n<p>Speed Skating Gloves White by Bont<\/p>\n<p>Les gants r\u00e9sistants aux coupures sont un \u00e9quipement de protection essentiel pour les patineurs de short track, car ils r\u00e9duisent le risque de blessure aux mains pendant l\u2019entra\u00eenement et les comp\u00e9titions. Les gants Bont r\u00e9sistants aux coupures sont confortables, offrent une excellente protection, ont un niveau 4 de r\u00e9sistance aux coupures et sont disponibles en 5 tailles.<\/p>\n<p>Ce produit peut \u00eatre utilis\u00e9 avec les <a title=\"Bont Carbon Finger Tips for Short Track Speed Skating\" href=\"https:\/\/ztsports.com\/product\/bont-carbon-tips\/\" target=\"_blank\" rel=\"noopener noreferrer\">pointes de doigts en carbone Bont<\/a> pour prot\u00e9ger les extr\u00e9mit\u00e9s de vos gants lors du patinage en short track.<\/p>\n<p>Le patinage de vitesse peut \u00eatre dangereux \u00e0 haute vitesse. Ces gants Bont r\u00e9sistants aux coupures prot\u00e8gent vos doigts en cas d\u2019accidents.<\/p>\n<p>Les gants anti-coupures pour short track sont disponibles en 5 tailles afin de convenir aux hommes, femmes, gar\u00e7ons, filles et adolescents.<\/p>\n<div class=\"gmail_default\">Les chiffres en millim\u00e8tres correspondent \u00e0 la mesure du bout du doigt majeur jusqu\u2019au bout du poignet.<\/div>\n<div><\/div>\n<h5>Speed Skating Gloves White by Bont<\/h5>\n<div class=\"gmail_default\">XS \u2013 220 mm \u00e0 229 mm \u2013 Blanc<\/div>\n<div class=\"gmail_default\">S \u2013 230 mm \u00e0 239 mm \u2013 Vert<\/div>\n<div class=\"gmail_default\">M \u2013 240 mm \u00e0 249 mm \u2013 Marron<\/div>\n<div class=\"gmail_default\">L \u2013 250 mm \u00e0 259 mm \u2013 Jaune<\/div>\n<div class=\"gmail_default\">XL \u2013 260 mm \u00e0 269 mm \u2013 Gris<\/div>\n<div class=\"gmail_default\">XXL \u2013 270 mm \u00e0 279 mm \u2013 Bleu<\/div>\n<div><\/div>\n","protected":false},"excerpt":{"rendered":"<p>Gants de Patinage de Vitesse Blancs Bont Speed Skating Gloves White by Bont Les gants r\u00e9sistants aux coupures sont un \u00e9quipement de protection essentiel pour les patineurs de short track, car ils r\u00e9duisent le risque de blessure aux mains pendant l\u2019entra\u00eenement et les comp\u00e9titions. Les gants Bont r\u00e9sistants aux coupures sont confortables, offrent une excellente [&hellip;]<\/p>\n","protected":false},"featured_media":22296,"comment_status":"open","ping_status":"closed","template":"","meta":{"_acf_changed":false,"_monsterinsights_skip_tracking":false,"_monsterinsights_sitenote_active":false,"_monsterinsights_sitenote_note":"","_monsterinsights_sitenote_category":0,"_uf_show_specific_survey":0,"_uf_disable_surveys":false,"site-sidebar-layout":"default","site-content-layout":"","ast-site-content-layout":"default","site-content-style":"default","site-sidebar-style":"default","ast-global-header-display":"","ast-banner-title-visibility":"","ast-main-header-display":"","ast-hfb-above-header-display":"","ast-hfb-below-header-display":"","ast-hfb-mobile-header-display":"","site-post-title":"","ast-breadcrumbs-content":"","ast-featured-img":"","footer-sml-layout":"","ast-disable-related-posts":"","theme-transparent-header-meta":"default","adv-header-id-meta":"","stick-header-meta":"","header-above-stick-meta":"","header-main-stick-meta":"","header-below-stick-meta":"","astra-migrate-meta-layouts":"set","ast-page-background-enabled":"default","ast-page-background-meta":{"desktop":{"background-color":"","background-image":"","background-repeat":"repeat","background-position":"center center","background-size":"auto","background-attachment":"scroll","background-type":"","background-media":"","overlay-type":"","overlay-color":"","overlay-opacity":"","overlay-gradient":""},"tablet":{"background-color":"","background-image":"","background-repeat":"repeat","background-position":"center center","background-size":"auto","background-attachment":"scroll","background-type":"","background-media":"","overlay-type":"","overlay-color":"","overlay-opacity":"","overlay-gradient":""},"mobile":{"background-color":"","background-image":"","background-repeat":"repeat","background-position":"center center","background-size":"auto","background-attachment":"scroll","background-type":"","background-media":"","overlay-type":"","overlay-color":"","overlay-opacity":"","overlay-gradient":""}},"ast-content-background-meta":{"desktop":{"background-color":"var(--ast-global-color-5)","background-image":"","background-repeat":"repeat","background-position":"center center","background-size":"auto","background-attachment":"scroll","background-type":"","background-media":"","overlay-type":"","overlay-color":"","overlay-opacity":"","overlay-gradient":""},"tablet":{"background-color":"var(--ast-global-color-5)","background-image":"","background-repeat":"repeat","background-position":"center center","background-size":"auto","background-attachment":"scroll","background-type":"","background-media":"","overlay-type":"","overlay-color":"","overlay-opacity":"","overlay-gradient":""},"mobile":{"background-color":"var(--ast-global-color-5)","background-image":"","background-repeat":"repeat","background-position":"center center","background-size":"auto","background-attachment":"scroll","background-type":"","background-media":"","overlay-type":"","overlay-color":"","overlay-opacity":"","overlay-gradient":""}}},"product_brand":[3285],"product_cat":[3483,3480,3481],"product_tag":[],"class_list":{"0":"post-22301","1":"product","2":"type-product","3":"status-publish","4":"has-post-thumbnail","6":"product_brand-bont","7":"product_cat-gants","8":"product_cat-gants-blancs","9":"product_cat-gants-pour-short-track","10":"desktop-align-left","11":"tablet-align-left","12":"mobile-align-left","14":"first","15":"instock","16":"sale","17":"taxable","18":"shipping-taxable","19":"purchasable","20":"product-type-simple"},"acf":[],"_links":{"self":[{"href":"https:\/\/ztsports.com\/fr\/wp-json\/wp\/v2\/product\/22301","targetHints":{"allow":["GET"]}}],"collection":[{"href":"https:\/\/ztsports.com\/fr\/wp-json\/wp\/v2\/product"}],"about":[{"href":"https:\/\/ztsports.com\/fr\/wp-json\/wp\/v2\/types\/product"}],"replies":[{"embeddable":true,"href":"https:\/\/ztsports.com\/fr\/wp-json\/wp\/v2\/comments?post=22301"}],"version-history":[{"count":4,"href":"https:\/\/ztsports.com\/fr\/wp-json\/wp\/v2\/product\/22301\/revisions"}],"predecessor-version":[{"id":25233,"href":"https:\/\/ztsports.com\/fr\/wp-json\/wp\/v2\/product\/22301\/revisions\/25233"}],"wp:featuredmedia":[{"embeddable":true,"href":"https:\/\/ztsports.com\/fr\/wp-json\/wp\/v2\/media\/22296"}],"wp:attachment":[{"href":"https:\/\/ztsports.com\/fr\/wp-json\/wp\/v2\/media?parent=22301"}],"wp:term":[{"taxonomy":"product_brand","embeddable":true,"href":"https:\/\/ztsports.com\/fr\/wp-json\/wp\/v2\/product_brand?post=22301"},{"taxonomy":"product_cat","embeddable":true,"href":"https:\/\/ztsports.com\/fr\/wp-json\/wp\/v2\/product_cat?post=22301"},{"taxonomy":"product_tag","embeddable":true,"href":"https:\/\/ztsports.com\/fr\/wp-json\/wp\/v2\/product_tag?post=22301"}],"curies":[{"name":"wp","href":"https:\/\/api.w.org\/{rel}","templated":true}]}}