{"id":22285,"date":"2024-09-08T12:47:40","date_gmt":"2024-09-08T12:47:40","guid":{"rendered":"https:\/\/ztsports.com\/?post_type=product&#038;p=22285"},"modified":"2026-04-11T21:49:38","modified_gmt":"2026-04-11T21:49:38","slug":"pro-white-gloves-2-0-nagano-skate-new-protect","status":"publish","type":"product","link":"https:\/\/ztsports.com\/fr\/store\/pro-white-gloves-2-0-nagano-skate-new-protect\/","title":{"rendered":"Pro White Gloves 2.0 Nagano Skate NEW Protect!"},"content":{"rendered":"<h2>Gants Pro White 2.0 de Nagano Skate<\/h2>\n<h5 class=\"serp-title\"><mark>Pro White Gloves 2.0 Nagano<\/mark><\/h5>\n<p><strong>Deuxi\u00e8me g\u00e9n\u00e9ration de nos gants blancs populaires pour Short Track.<\/strong><\/p>\n<p>Con\u00e7us par Nagano Skate, ils sont tr\u00e8s l\u00e9gers, ultra confortables et \u00e9pousent parfaitement la forme de votre main.<\/p>\n<p>De plus, ils sont &#8220;moulables&#8221; avec un peu de chaleur et de pression entre les doigts.<\/p>\n<p>Les Pro White Gloves 2.0 repoussent l&#8217;eau et s\u00e8chent tr\u00e8s rapidement.<\/p>\n<h4>Protection contre les coupures<\/h4>\n<h5 class=\"serp-title\"><mark>Pro White Gloves 2.0 Nagano<\/mark><\/h5>\n<p>Niveau de protection contre les coupures : <strong>4+ (sur une \u00e9chelle de 1 \u00e0 5)<\/strong><\/p>\n<p>Mat\u00e9riau : HPPE \u2013 Poly\u00e9thyl\u00e8ne Haute Performance provenant de notre Imperium Nagano.<\/p>\n<p><span class=\"body2\"><b>Mat\u00e9riaux Haute Performance (Poly\u00e9thyl\u00e8ne de notre Imperium Nagano)<\/b><\/span><\/p>\n<p><span class=\"body2\">Des avantages significatifs sont apport\u00e9s par notre nouveau mat\u00e9riau en poly\u00e9thyl\u00e8ne ultra-haut poids mol\u00e9culaire et haute performance. Le Tensylon<sup>\u2122<\/sup> de DuPont<sup>\u2122<\/sup> est un mat\u00e9riau UHMWPE offrant un excellent compromis entre co\u00fbt, performance et l\u00e9g\u00e8ret\u00e9 pour r\u00e9pondre aux besoins de conception.<\/span><\/p>\n<h3>Pro White Gloves 2.0<\/h3>\n<p>Commandez votre taille selon la couleur du bandeau :<\/p>\n<ul>\n<li>XXXS (Orange)<\/li>\n<li>XXS (Vert)<\/li>\n<li>XS (Bleu)<\/li>\n<li>S (Jaune)<\/li>\n<li>M (Rouge)<\/li>\n<li>L (Blanc)<\/li>\n<li>XL (Noir)<\/li>\n<li>XXL (Gris)<\/li>\n<\/ul>\n<p>Voir la vid\u00e9o sur <a href=\"https:\/\/www.youtube.com\/watch?v=6uwqkhgJr7Y\" target=\"_blank\" rel=\"noopener\"><strong>YouTube \u2013 Gants et Quick Tips<\/strong><\/a>.<\/p>\n<p>D\u00e9couvrez notre large s\u00e9lection de <a href=\"https:\/\/ztsports.com\/product-category\/protection\/quick-tips\/\"><strong>Quick Tips<\/strong><\/a>.<\/p>\n<p>Consultez tous nos <a href=\"https:\/\/ztsports.com\/product-category\/protection\/gloves\/\"><strong>Gants de Patinage de Vitesse<\/strong><\/a> ici.<\/p>\n","protected":false},"excerpt":{"rendered":"<p>Gants Pro White 2.0 de Nagano Skate Pro White Gloves 2.0 Nagano Deuxi\u00e8me g\u00e9n\u00e9ration de nos gants blancs populaires pour Short Track. Con\u00e7us par Nagano Skate, ils sont tr\u00e8s l\u00e9gers, ultra confortables et \u00e9pousent parfaitement la forme de votre main. De plus, ils sont &#8220;moulables&#8221; avec un peu de chaleur et de pression entre les [&hellip;]<\/p>\n","protected":false},"featured_media":25225,"comment_status":"open","ping_status":"closed","template":"","meta":{"_acf_changed":false,"_monsterinsights_skip_tracking":false,"_monsterinsights_sitenote_active":false,"_monsterinsights_sitenote_note":"","_monsterinsights_sitenote_category":0,"_uf_show_specific_survey":0,"_uf_disable_surveys":false,"site-sidebar-layout":"default","site-content-layout":"","ast-site-content-layout":"default","site-content-style":"default","site-sidebar-style":"default","ast-global-header-display":"","ast-banner-title-visibility":"","ast-main-header-display":"","ast-hfb-above-header-display":"","ast-hfb-below-header-display":"","ast-hfb-mobile-header-display":"","site-post-title":"","ast-breadcrumbs-content":"","ast-featured-img":"","footer-sml-layout":"","ast-disable-related-posts":"","theme-transparent-header-meta":"default","adv-header-id-meta":"","stick-header-meta":"","header-above-stick-meta":"","header-main-stick-meta":"","header-below-stick-meta":"","astra-migrate-meta-layouts":"set","ast-page-background-enabled":"default","ast-page-background-meta":{"desktop":{"background-color":"","background-image":"","background-repeat":"repeat","background-position":"center center","background-size":"auto","background-attachment":"scroll","background-type":"","background-media":"","overlay-type":"","overlay-color":"","overlay-opacity":"","overlay-gradient":""},"tablet":{"background-color":"","background-image":"","background-repeat":"repeat","background-position":"center center","background-size":"auto","background-attachment":"scroll","background-type":"","background-media":"","overlay-type":"","overlay-color":"","overlay-opacity":"","overlay-gradient":""},"mobile":{"background-color":"","background-image":"","background-repeat":"repeat","background-position":"center center","background-size":"auto","background-attachment":"scroll","background-type":"","background-media":"","overlay-type":"","overlay-color":"","overlay-opacity":"","overlay-gradient":""}},"ast-content-background-meta":{"desktop":{"background-color":"var(--ast-global-color-5)","background-image":"","background-repeat":"repeat","background-position":"center center","background-size":"auto","background-attachment":"scroll","background-type":"","background-media":"","overlay-type":"","overlay-color":"","overlay-opacity":"","overlay-gradient":""},"tablet":{"background-color":"var(--ast-global-color-5)","background-image":"","background-repeat":"repeat","background-position":"center center","background-size":"auto","background-attachment":"scroll","background-type":"","background-media":"","overlay-type":"","overlay-color":"","overlay-opacity":"","overlay-gradient":""},"mobile":{"background-color":"var(--ast-global-color-5)","background-image":"","background-repeat":"repeat","background-position":"center center","background-size":"auto","background-attachment":"scroll","background-type":"","background-media":"","overlay-type":"","overlay-color":"","overlay-opacity":"","overlay-gradient":""}}},"product_brand":[3326],"product_cat":[3483,3480],"product_tag":[4649,3796,4646,4562],"class_list":{"0":"post-22285","1":"product","2":"type-product","3":"status-publish","4":"has-post-thumbnail","6":"product_brand-nagano","7":"product_cat-gants","8":"product_cat-gants-blancs","9":"product_tag-gants","10":"product_tag-short-track","11":"product_tag-skate-tec","12":"product_tag-speed-skating","13":"desktop-align-left","14":"tablet-align-left","15":"mobile-align-left","17":"first","18":"instock","19":"sale","20":"taxable","21":"shipping-taxable","22":"purchasable","23":"product-type-simple"},"acf":[],"_links":{"self":[{"href":"https:\/\/ztsports.com\/fr\/wp-json\/wp\/v2\/product\/22285","targetHints":{"allow":["GET"]}}],"collection":[{"href":"https:\/\/ztsports.com\/fr\/wp-json\/wp\/v2\/product"}],"about":[{"href":"https:\/\/ztsports.com\/fr\/wp-json\/wp\/v2\/types\/product"}],"replies":[{"embeddable":true,"href":"https:\/\/ztsports.com\/fr\/wp-json\/wp\/v2\/comments?post=22285"}],"version-history":[{"count":3,"href":"https:\/\/ztsports.com\/fr\/wp-json\/wp\/v2\/product\/22285\/revisions"}],"predecessor-version":[{"id":25232,"href":"https:\/\/ztsports.com\/fr\/wp-json\/wp\/v2\/product\/22285\/revisions\/25232"}],"wp:featuredmedia":[{"embeddable":true,"href":"https:\/\/ztsports.com\/fr\/wp-json\/wp\/v2\/media\/25225"}],"wp:attachment":[{"href":"https:\/\/ztsports.com\/fr\/wp-json\/wp\/v2\/media?parent=22285"}],"wp:term":[{"taxonomy":"product_brand","embeddable":true,"href":"https:\/\/ztsports.com\/fr\/wp-json\/wp\/v2\/product_brand?post=22285"},{"taxonomy":"product_cat","embeddable":true,"href":"https:\/\/ztsports.com\/fr\/wp-json\/wp\/v2\/product_cat?post=22285"},{"taxonomy":"product_tag","embeddable":true,"href":"https:\/\/ztsports.com\/fr\/wp-json\/wp\/v2\/product_tag?post=22285"}],"curies":[{"name":"wp","href":"https:\/\/api.w.org\/{rel}","templated":true}]}}