{"id":22279,"date":"2024-09-10T15:51:37","date_gmt":"2024-09-10T15:51:37","guid":{"rendered":"https:\/\/ztsports.com\/?post_type=product&#038;p=22279"},"modified":"2026-03-06T11:15:39","modified_gmt":"2026-03-06T11:15:39","slug":"maple-comet-aluminium-3","status":"publish","type":"product","link":"https:\/\/ztsports.com\/fr\/store\/maple-comet-aluminium-3\/","title":{"rendered":"Maple Comet Aluminium"},"content":{"rendered":"<h1>Maple Comet Aluminium<\/h1>\n<p>Le Maple Comet Aluminium, \u00e9quip\u00e9 du syst\u00e8me Clap de patinage de vitesse, dispose d\u2019un cadre et d\u2019un pivot robustes pour vous permettre de glisser plus rapidement que jamais.<\/p>\n<p>Il est dot\u00e9 de ressorts r\u00e9visables sur le terrain, d\u2019un tube et d\u2019un cadre en alliage 7000 de qualit\u00e9 a\u00e9ronautique usin\u00e9 CNC, ainsi que d\u2019une lame Bi-metal de 1,1 mm avec traitement thermique de pointe.<\/p>\n<p>Test\u00e9es pour offrir la plus faible friction et la meilleure tenue de tranchant parmi toutes les lames actuelles, ces lames sont compatibles avec des bottes \u00e0 fixation 6,5\u2033 \/ 165 mm ou Long Track.<\/p>\n<p>Rectifi\u00e9es avec pr\u00e9cision pour un contr\u00f4le maximal et con\u00e7ues avec un tube en acier offrant une flexibilit\u00e9 optimale,<\/p>\n<p>Le Maple Comet Aluminium est parfait pour les patineurs l\u00e9gers et disponible en tailles 15-34\/35 \u00e0 18-46\/47.<\/p>\n<p><strong>Caract\u00e9ristiques :<\/strong><\/p>\n<ul>\n<li>Lame Bi-metal 64 HRC, \u00e9paisseur 1,1 mm<\/li>\n<li>Traitement sp\u00e9cial pour r\u00e9duire au minimum la r\u00e9sistance au glissement<\/li>\n<li>Lame rectifi\u00e9e avec pr\u00e9cision<\/li>\n<li>Tests montrant une tenue de tranchant sup\u00e9rieure aux autres lames de patinage<\/li>\n<li>Lame coll\u00e9e de mani\u00e8re permanente pour plus de stabilit\u00e9<\/li>\n<li>M\u00e9canisme Clap Maple avec deux roulements \u00e0 billes \u00e9tanches, un axe en acier et deux ressorts en inox<\/li>\n<li>Les ressorts sont simples \u00e0 changer et leur tension est r\u00e9glable<\/li>\n<\/ul>\n<p>Veuillez choisir la longueur de lame avec le pont appropri\u00e9 pour vos bottes. En cas de doute, utilisez notre expertise pour vous guider.<\/p>\n<h4>D\u00e9couvrez \u00e9galement l\u2019Art de la Vitesse dans la vid\u00e9o <a href=\"https:\/\/www.youtube.com\/watch?v=aC5yxStvjV4\" target=\"_blank\" rel=\"noopener\"><strong>Skating expliquant le Clap et Longtrack<\/strong><\/a><\/h4>\n<p>Comparez enfin toutes les <a href=\"\/?product_cat=blades1\"><strong>lames Clap ici.<\/strong><\/a><\/p>\n","protected":false},"excerpt":{"rendered":"<p>Maple Comet Aluminium Le Maple Comet Aluminium, \u00e9quip\u00e9 du syst\u00e8me Clap de patinage de vitesse, dispose d\u2019un cadre et d\u2019un pivot robustes pour vous permettre de glisser plus rapidement que jamais. Il est dot\u00e9 de ressorts r\u00e9visables sur le terrain, d\u2019un tube et d\u2019un cadre en alliage 7000 de qualit\u00e9 a\u00e9ronautique usin\u00e9 CNC, ainsi que [&hellip;]<\/p>\n","protected":false},"featured_media":22275,"comment_status":"open","ping_status":"closed","template":"","meta":{"_acf_changed":false,"_monsterinsights_skip_tracking":false,"_monsterinsights_sitenote_active":false,"_monsterinsights_sitenote_note":"","_monsterinsights_sitenote_category":0,"_uf_show_specific_survey":0,"_uf_disable_surveys":false,"site-sidebar-layout":"default","site-content-layout":"","ast-site-content-layout":"default","site-content-style":"default","site-sidebar-style":"default","ast-global-header-display":"","ast-banner-title-visibility":"","ast-main-header-display":"","ast-hfb-above-header-display":"","ast-hfb-below-header-display":"","ast-hfb-mobile-header-display":"","site-post-title":"","ast-breadcrumbs-content":"","ast-featured-img":"","footer-sml-layout":"","ast-disable-related-posts":"","theme-transparent-header-meta":"default","adv-header-id-meta":"","stick-header-meta":"","header-above-stick-meta":"","header-main-stick-meta":"","header-below-stick-meta":"","astra-migrate-meta-layouts":"set","ast-page-background-enabled":"default","ast-page-background-meta":{"desktop":{"background-color":"","background-image":"","background-repeat":"repeat","background-position":"center center","background-size":"auto","background-attachment":"scroll","background-type":"","background-media":"","overlay-type":"","overlay-color":"","overlay-opacity":"","overlay-gradient":""},"tablet":{"background-color":"","background-image":"","background-repeat":"repeat","background-position":"center center","background-size":"auto","background-attachment":"scroll","background-type":"","background-media":"","overlay-type":"","overlay-color":"","overlay-opacity":"","overlay-gradient":""},"mobile":{"background-color":"","background-image":"","background-repeat":"repeat","background-position":"center center","background-size":"auto","background-attachment":"scroll","background-type":"","background-media":"","overlay-type":"","overlay-color":"","overlay-opacity":"","overlay-gradient":""}},"ast-content-background-meta":{"desktop":{"background-color":"var(--ast-global-color-5)","background-image":"","background-repeat":"repeat","background-position":"center center","background-size":"auto","background-attachment":"scroll","background-type":"","background-media":"","overlay-type":"","overlay-color":"","overlay-opacity":"","overlay-gradient":""},"tablet":{"background-color":"var(--ast-global-color-5)","background-image":"","background-repeat":"repeat","background-position":"center center","background-size":"auto","background-attachment":"scroll","background-type":"","background-media":"","overlay-type":"","overlay-color":"","overlay-opacity":"","overlay-gradient":""},"mobile":{"background-color":"var(--ast-global-color-5)","background-image":"","background-repeat":"repeat","background-position":"center center","background-size":"auto","background-attachment":"scroll","background-type":"","background-media":"","overlay-type":"","overlay-color":"","overlay-opacity":"","overlay-gradient":""}}},"product_brand":[3318,3319],"product_cat":[3378],"product_tag":[],"class_list":{"0":"post-22279","1":"product","2":"type-product","3":"status-publish","4":"has-post-thumbnail","6":"product_brand-maple","7":"product_brand-maplez","8":"product_cat-non-categorise","9":"desktop-align-left","10":"tablet-align-left","11":"mobile-align-left","13":"first","14":"instock","15":"sale","16":"taxable","17":"shipping-taxable","18":"purchasable","19":"product-type-simple"},"acf":[],"_links":{"self":[{"href":"https:\/\/ztsports.com\/fr\/wp-json\/wp\/v2\/product\/22279","targetHints":{"allow":["GET"]}}],"collection":[{"href":"https:\/\/ztsports.com\/fr\/wp-json\/wp\/v2\/product"}],"about":[{"href":"https:\/\/ztsports.com\/fr\/wp-json\/wp\/v2\/types\/product"}],"replies":[{"embeddable":true,"href":"https:\/\/ztsports.com\/fr\/wp-json\/wp\/v2\/comments?post=22279"}],"version-history":[{"count":1,"href":"https:\/\/ztsports.com\/fr\/wp-json\/wp\/v2\/product\/22279\/revisions"}],"predecessor-version":[{"id":22293,"href":"https:\/\/ztsports.com\/fr\/wp-json\/wp\/v2\/product\/22279\/revisions\/22293"}],"wp:featuredmedia":[{"embeddable":true,"href":"https:\/\/ztsports.com\/fr\/wp-json\/wp\/v2\/media\/22275"}],"wp:attachment":[{"href":"https:\/\/ztsports.com\/fr\/wp-json\/wp\/v2\/media?parent=22279"}],"wp:term":[{"taxonomy":"product_brand","embeddable":true,"href":"https:\/\/ztsports.com\/fr\/wp-json\/wp\/v2\/product_brand?post=22279"},{"taxonomy":"product_cat","embeddable":true,"href":"https:\/\/ztsports.com\/fr\/wp-json\/wp\/v2\/product_cat?post=22279"},{"taxonomy":"product_tag","embeddable":true,"href":"https:\/\/ztsports.com\/fr\/wp-json\/wp\/v2\/product_tag?post=22279"}],"curies":[{"name":"wp","href":"https:\/\/api.w.org\/{rel}","templated":true}]}}