{"id":22274,"date":"2024-09-12T12:28:10","date_gmt":"2024-09-12T12:28:10","guid":{"rendered":"https:\/\/ztsports.com\/?post_type=product&#038;p=22274"},"modified":"2026-03-06T11:14:31","modified_gmt":"2026-03-06T11:14:31","slug":"maple-twin-laser-flex-t-bone","status":"publish","type":"product","link":"https:\/\/ztsports.com\/fr\/store\/maple-twin-laser-flex-t-bone\/","title":{"rendered":"Maple Twin Laser Flex T-Bone"},"content":{"rendered":"<h1>Maple Twin Laser Flex T-Bone<\/h1>\n<p>D\u00e9couvrez la derni\u00e8re innovation de la gamme Maple : le Comet Twin Laser Flex, offrant un patinage fluide mais ferme, avec moins de rigidit\u00e9 que les mod\u00e8les Comet Laser ou Twin Laser. Profitez de la puissance de glisse sans effort de l\u2019acier PM !<\/p>\n<p>Le syst\u00e8me de clap Maple pour le patinage de vitesse s\u2019impose dans le monde entier gr\u00e2ce \u00e0 sa glisse rapide et \u00e0 son cadre et pivot robustes et fiables. Ressorts r\u00e9visables sur le terrain, tube et cadre en acier. Lame Bi-metal exclusive de 1,1 mm d\u2019\u00e9paisseur avec traitement thermique de pointe. Test\u00e9e pour avoir la plus faible friction de toutes les lames actuellement sur le march\u00e9 et consid\u00e9r\u00e9e comme ayant la meilleure tenue de tranchant parmi les lames en utilisation aujourd\u2019hui.<\/p>\n<p>Compatible avec les bottes \u00e0 fixation espac\u00e9e de 6,5\u2033 \/ 165 mm et peut \u00eatre command\u00e9e pour s\u2019adapter aux bottes avec fixation Long Track. Lames Bi-metal de 1,1 mm, duret\u00e9 64 HRC. Les lames ont re\u00e7u un traitement sp\u00e9cial afin de r\u00e9duire la friction au minimum. Lames rectifi\u00e9es avec pr\u00e9cision et tube en acier sp\u00e9cialement con\u00e7u pour une flexibilit\u00e9 optimale : stable tout en restant facile \u00e0 contr\u00f4ler.<\/p>\n<p>Finition plaqu\u00e9e or 24 Kt et nickel.<\/p>\n","protected":false},"excerpt":{"rendered":"<p>Maple Twin Laser Flex T-Bone D\u00e9couvrez la derni\u00e8re innovation de la gamme Maple : le Comet Twin Laser Flex, offrant un patinage fluide mais ferme, avec moins de rigidit\u00e9 que les mod\u00e8les Comet Laser ou Twin Laser. Profitez de la puissance de glisse sans effort de l\u2019acier PM ! Le syst\u00e8me de clap Maple pour [&hellip;]<\/p>\n","protected":false},"featured_media":22272,"comment_status":"open","ping_status":"closed","template":"","meta":{"_acf_changed":false,"_monsterinsights_skip_tracking":false,"_monsterinsights_sitenote_active":false,"_monsterinsights_sitenote_note":"","_monsterinsights_sitenote_category":0,"_uf_show_specific_survey":0,"_uf_disable_surveys":false,"site-sidebar-layout":"default","site-content-layout":"","ast-site-content-layout":"default","site-content-style":"default","site-sidebar-style":"default","ast-global-header-display":"","ast-banner-title-visibility":"","ast-main-header-display":"","ast-hfb-above-header-display":"","ast-hfb-below-header-display":"","ast-hfb-mobile-header-display":"","site-post-title":"","ast-breadcrumbs-content":"","ast-featured-img":"","footer-sml-layout":"","ast-disable-related-posts":"","theme-transparent-header-meta":"default","adv-header-id-meta":"","stick-header-meta":"","header-above-stick-meta":"","header-main-stick-meta":"","header-below-stick-meta":"","astra-migrate-meta-layouts":"set","ast-page-background-enabled":"default","ast-page-background-meta":{"desktop":{"background-color":"","background-image":"","background-repeat":"repeat","background-position":"center center","background-size":"auto","background-attachment":"scroll","background-type":"","background-media":"","overlay-type":"","overlay-color":"","overlay-opacity":"","overlay-gradient":""},"tablet":{"background-color":"","background-image":"","background-repeat":"repeat","background-position":"center center","background-size":"auto","background-attachment":"scroll","background-type":"","background-media":"","overlay-type":"","overlay-color":"","overlay-opacity":"","overlay-gradient":""},"mobile":{"background-color":"","background-image":"","background-repeat":"repeat","background-position":"center center","background-size":"auto","background-attachment":"scroll","background-type":"","background-media":"","overlay-type":"","overlay-color":"","overlay-opacity":"","overlay-gradient":""}},"ast-content-background-meta":{"desktop":{"background-color":"var(--ast-global-color-5)","background-image":"","background-repeat":"repeat","background-position":"center center","background-size":"auto","background-attachment":"scroll","background-type":"","background-media":"","overlay-type":"","overlay-color":"","overlay-opacity":"","overlay-gradient":""},"tablet":{"background-color":"var(--ast-global-color-5)","background-image":"","background-repeat":"repeat","background-position":"center center","background-size":"auto","background-attachment":"scroll","background-type":"","background-media":"","overlay-type":"","overlay-color":"","overlay-opacity":"","overlay-gradient":""},"mobile":{"background-color":"var(--ast-global-color-5)","background-image":"","background-repeat":"repeat","background-position":"center center","background-size":"auto","background-attachment":"scroll","background-type":"","background-media":"","overlay-type":"","overlay-color":"","overlay-opacity":"","overlay-gradient":""}}},"product_brand":[3318,3319],"product_cat":[4561],"product_tag":[],"class_list":{"0":"post-22274","1":"product","2":"type-product","3":"status-publish","4":"has-post-thumbnail","6":"product_brand-maple","7":"product_brand-maplez","8":"product_cat-blades","9":"desktop-align-left","10":"tablet-align-left","11":"mobile-align-left","13":"first","14":"instock","15":"sale","16":"taxable","17":"shipping-taxable","18":"purchasable","19":"product-type-simple"},"acf":[],"_links":{"self":[{"href":"https:\/\/ztsports.com\/fr\/wp-json\/wp\/v2\/product\/22274","targetHints":{"allow":["GET"]}}],"collection":[{"href":"https:\/\/ztsports.com\/fr\/wp-json\/wp\/v2\/product"}],"about":[{"href":"https:\/\/ztsports.com\/fr\/wp-json\/wp\/v2\/types\/product"}],"replies":[{"embeddable":true,"href":"https:\/\/ztsports.com\/fr\/wp-json\/wp\/v2\/comments?post=22274"}],"version-history":[{"count":1,"href":"https:\/\/ztsports.com\/fr\/wp-json\/wp\/v2\/product\/22274\/revisions"}],"predecessor-version":[{"id":22292,"href":"https:\/\/ztsports.com\/fr\/wp-json\/wp\/v2\/product\/22274\/revisions\/22292"}],"wp:featuredmedia":[{"embeddable":true,"href":"https:\/\/ztsports.com\/fr\/wp-json\/wp\/v2\/media\/22272"}],"wp:attachment":[{"href":"https:\/\/ztsports.com\/fr\/wp-json\/wp\/v2\/media?parent=22274"}],"wp:term":[{"taxonomy":"product_brand","embeddable":true,"href":"https:\/\/ztsports.com\/fr\/wp-json\/wp\/v2\/product_brand?post=22274"},{"taxonomy":"product_cat","embeddable":true,"href":"https:\/\/ztsports.com\/fr\/wp-json\/wp\/v2\/product_cat?post=22274"},{"taxonomy":"product_tag","embeddable":true,"href":"https:\/\/ztsports.com\/fr\/wp-json\/wp\/v2\/product_tag?post=22274"}],"curies":[{"name":"wp","href":"https:\/\/api.w.org\/{rel}","templated":true}]}}