{"id":22271,"date":"2024-09-28T19:02:36","date_gmt":"2024-09-28T19:02:36","guid":{"rendered":"https:\/\/ztsports.com\/?post_type=product&#038;p=22271"},"modified":"2026-03-06T11:13:40","modified_gmt":"2026-03-06T11:13:40","slug":"staybent-carbon-glove-tips-by-ehs-new","status":"publish","type":"product","link":"https:\/\/ztsports.com\/fr\/store\/staybent-carbon-glove-tips-by-ehs-new\/","title":{"rendered":"StayBent Carbon Glove Tips By EHS NEW"},"content":{"rendered":"<h2>Embouts en Carbone StayBent pour Gants<\/h2>\n<p>Les embouts StayBent &#8220;Quick Tips&#8221; en fibre de carbone sont fabriqu\u00e9s avec un tissage de carbone premium impr\u00e9gn\u00e9 d\u2019une r\u00e9sine r\u00e9sistante et durable. Ils sont con\u00e7us pour r\u00e9duire la friction lors des virages serr\u00e9s. L\u00e9gers et solides, ils peuvent \u00eatre facilement fix\u00e9s sur vos gants avec de la colle super glue (CA glue).<\/p>\n<p>Ces embouts protecteurs sont sp\u00e9cialement con\u00e7us pour les gants de short track afin de minimiser l\u2019usure lorsqu\u2019on pose la main sur la glace dans les virages. Ils peuvent \u00eatre en fibre de carbone ou en plastique et se collent sur le gant.<\/p>\n<h3>Caract\u00e9ristiques et avantages :<\/h3>\n<ul>\n<li><strong>R\u00e9duction de la friction :<\/strong> Diminue le frottement entre le gant et la glace pour \u00e9viter l\u2019usure pr\u00e9matur\u00e9e.<\/li>\n<li><strong>Mat\u00e9riaux durables :<\/strong> Fabriqu\u00e9s en fibre de carbone premium ou plastique r\u00e9sistant pour une protection longue dur\u00e9e.<\/li>\n<li><strong>Fixation facile :<\/strong> Se collent facilement sur le gant avec de la super glue ou CA glue.<\/li>\n<li><strong>Vari\u00e9t\u00e9 de couleurs :<\/strong> Disponibles en plusieurs couleurs pour correspondre \u00e0 vos pr\u00e9f\u00e9rences ou aux couleurs de votre \u00e9quipe.<\/li>\n<li><strong>Con\u00e7us pour le short track :<\/strong> Forme et taille adapt\u00e9es au patinage de vitesse sur short track.<\/li>\n<\/ul>\n<h4>Comment mettre les embouts StayBent Carbon sur vos gants ?<\/h4>\n<h4><b>Instructions de collage<\/b><\/h4>\n<ol>\n<li>Commencez avec des <strong>gants propres et secs<\/strong>.<\/li>\n<li>Le paquet contient 5 ou 7 embouts de tailles diff\u00e9rentes. Choisissez les cinq embouts qui correspondent le mieux \u00e0 vos doigts et associez-les \u00e0 vos gants.<\/li>\n<li>Appliquez de la colle autour du bord et un petit point au centre de l\u2019embout. Fixez sur les gants propres et secs. Appuyez fermement avec la main dans le gant.<\/li>\n<li>Attendez au moins 30 minutes avant d\u2019utiliser les gants.<\/li>\n<li><strong>ATTENTION !<\/strong> Lors du collage, gardez la colle \u00e9loign\u00e9e des yeux. Elle peut provoquer des r\u00e9actions allergiques au contact de la peau. Lisez les pr\u00e9cautions sur le panneau arri\u00e8re.<\/li>\n<\/ol>\n<p>Regardez une vid\u00e9o des <a href=\"https:\/\/olympics.com\/en\/video\/special-skates-and-gloves-for-short-track-speed-skaters\" target=\"_blank\" rel=\"noopener\"><strong>patineurs olympiques utilisant leurs Quick Tips<\/strong><\/a>.<\/p>\n<p><strong>D\u00e9couvrez toutes les couleurs et styles de nos <a href=\"https:\/\/ztsports.com\/product-category\/protection\/quick-tips\/\">Quick Tips<\/a> ici.<\/strong><\/p>\n<h3>Voir notre s\u00e9lection de gants <a href=\"https:\/\/ztsports.com\/product-category\/protection\/gloves\/\">ici<\/a><\/h3>\n<p><strong>En savoir plus sur <a href=\"https:\/\/ehs-staybent.com\/\" target=\"_blank\" rel=\"noopener\">StayBent by EHS<\/a>.<\/strong><\/p>\n","protected":false},"excerpt":{"rendered":"<p>Embouts en Carbone StayBent pour Gants Les embouts StayBent &#8220;Quick Tips&#8221; en fibre de carbone sont fabriqu\u00e9s avec un tissage de carbone premium impr\u00e9gn\u00e9 d\u2019une r\u00e9sine r\u00e9sistante et durable. Ils sont con\u00e7us pour r\u00e9duire la friction lors des virages serr\u00e9s. L\u00e9gers et solides, ils peuvent \u00eatre facilement fix\u00e9s sur vos gants avec de la colle [&hellip;]<\/p>\n","protected":false},"featured_media":22268,"comment_status":"open","ping_status":"closed","template":"","meta":{"_acf_changed":false,"_monsterinsights_skip_tracking":false,"_monsterinsights_sitenote_active":false,"_monsterinsights_sitenote_note":"","_monsterinsights_sitenote_category":0,"_uf_show_specific_survey":0,"_uf_disable_surveys":false,"site-sidebar-layout":"default","site-content-layout":"","ast-site-content-layout":"default","site-content-style":"default","site-sidebar-style":"default","ast-global-header-display":"","ast-banner-title-visibility":"","ast-main-header-display":"","ast-hfb-above-header-display":"","ast-hfb-below-header-display":"","ast-hfb-mobile-header-display":"","site-post-title":"","ast-breadcrumbs-content":"","ast-featured-img":"","footer-sml-layout":"","ast-disable-related-posts":"","theme-transparent-header-meta":"default","adv-header-id-meta":"","stick-header-meta":"","header-above-stick-meta":"","header-main-stick-meta":"","header-below-stick-meta":"","astra-migrate-meta-layouts":"set","ast-page-background-enabled":"default","ast-page-background-meta":{"desktop":{"background-color":"","background-image":"","background-repeat":"repeat","background-position":"center center","background-size":"auto","background-attachment":"scroll","background-type":"","background-media":"","overlay-type":"","overlay-color":"","overlay-opacity":"","overlay-gradient":""},"tablet":{"background-color":"","background-image":"","background-repeat":"repeat","background-position":"center center","background-size":"auto","background-attachment":"scroll","background-type":"","background-media":"","overlay-type":"","overlay-color":"","overlay-opacity":"","overlay-gradient":""},"mobile":{"background-color":"","background-image":"","background-repeat":"repeat","background-position":"center center","background-size":"auto","background-attachment":"scroll","background-type":"","background-media":"","overlay-type":"","overlay-color":"","overlay-opacity":"","overlay-gradient":""}},"ast-content-background-meta":{"desktop":{"background-color":"var(--ast-global-color-5)","background-image":"","background-repeat":"repeat","background-position":"center center","background-size":"auto","background-attachment":"scroll","background-type":"","background-media":"","overlay-type":"","overlay-color":"","overlay-opacity":"","overlay-gradient":""},"tablet":{"background-color":"var(--ast-global-color-5)","background-image":"","background-repeat":"repeat","background-position":"center center","background-size":"auto","background-attachment":"scroll","background-type":"","background-media":"","overlay-type":"","overlay-color":"","overlay-opacity":"","overlay-gradient":""},"mobile":{"background-color":"var(--ast-global-color-5)","background-image":"","background-repeat":"repeat","background-position":"center center","background-size":"auto","background-attachment":"scroll","background-type":"","background-media":"","overlay-type":"","overlay-color":"","overlay-opacity":"","overlay-gradient":""}}},"product_brand":[3296,3347,3346],"product_cat":[3378],"product_tag":[3811,3796,3806],"class_list":{"0":"post-22271","1":"product","2":"type-product","3":"status-publish","4":"has-post-thumbnail","6":"product_brand-ehs-2","7":"product_brand-ehs","8":"product_brand-staybent-by-ehs","9":"product_cat-non-categorise","10":"product_tag-ehs","11":"product_tag-short-track","12":"product_tag-staybent","13":"desktop-align-left","14":"tablet-align-left","15":"mobile-align-left","17":"first","18":"instock","19":"taxable","20":"shipping-taxable","21":"purchasable","22":"product-type-simple"},"acf":[],"_links":{"self":[{"href":"https:\/\/ztsports.com\/fr\/wp-json\/wp\/v2\/product\/22271","targetHints":{"allow":["GET"]}}],"collection":[{"href":"https:\/\/ztsports.com\/fr\/wp-json\/wp\/v2\/product"}],"about":[{"href":"https:\/\/ztsports.com\/fr\/wp-json\/wp\/v2\/types\/product"}],"replies":[{"embeddable":true,"href":"https:\/\/ztsports.com\/fr\/wp-json\/wp\/v2\/comments?post=22271"}],"version-history":[{"count":1,"href":"https:\/\/ztsports.com\/fr\/wp-json\/wp\/v2\/product\/22271\/revisions"}],"predecessor-version":[{"id":22291,"href":"https:\/\/ztsports.com\/fr\/wp-json\/wp\/v2\/product\/22271\/revisions\/22291"}],"wp:featuredmedia":[{"embeddable":true,"href":"https:\/\/ztsports.com\/fr\/wp-json\/wp\/v2\/media\/22268"}],"wp:attachment":[{"href":"https:\/\/ztsports.com\/fr\/wp-json\/wp\/v2\/media?parent=22271"}],"wp:term":[{"taxonomy":"product_brand","embeddable":true,"href":"https:\/\/ztsports.com\/fr\/wp-json\/wp\/v2\/product_brand?post=22271"},{"taxonomy":"product_cat","embeddable":true,"href":"https:\/\/ztsports.com\/fr\/wp-json\/wp\/v2\/product_cat?post=22271"},{"taxonomy":"product_tag","embeddable":true,"href":"https:\/\/ztsports.com\/fr\/wp-json\/wp\/v2\/product_tag?post=22271"}],"curies":[{"name":"wp","href":"https:\/\/api.w.org\/{rel}","templated":true}]}}