{"id":22267,"date":"2024-09-28T19:40:52","date_gmt":"2024-09-28T19:40:52","guid":{"rendered":"https:\/\/ztsports.com\/?post_type=product&#038;p=22267"},"modified":"2026-04-11T19:02:12","modified_gmt":"2026-04-11T19:02:12","slug":"staybent-quick-tips","status":"publish","type":"product","link":"https:\/\/ztsports.com\/fr\/store\/staybent-quick-tips\/","title":{"rendered":"STAYBENT Quick Tips"},"content":{"rendered":"<h1>STAYBENT Embouts Rapides Color\u00e9s<\/h1>\n<p>Les embouts en plastique StayBent sont disponibles en plusieurs couleurs.<\/p>\n<p>Les embouts protecteurs StayBent Quick Tips pour short track sont id\u00e9aux pour prot\u00e9ger vos gants de l\u2019usure rapide. Les patineurs de short track posent souvent la main gauche sur la glace dans les virages, ce qui peut rapidement percer vos gants. Ces embouts emp\u00eachent ce probl\u00e8me.<\/p>\n<p>Utilisez de la colle gel pour les fixer \u00e0 vos gants.<\/p>\n<p><strong>Nous fournissons la colle avec tous nos embouts.<\/strong><\/p>\n<h3><strong>Caract\u00e9ristiques<\/strong><\/h3>\n<ul>\n<li>Fabriqu\u00e9s en plastique<\/li>\n<li>Durables<\/li>\n<li>Faciles \u00e0 coller<\/li>\n<li>L\u00e9gers<\/li>\n<\/ul>\n<h4>Comment mettre les StayBent Quick Tips sur vos gants de patinage ?<\/h4>\n<h4><b>Instructions de collage<\/b><\/h4>\n<ol>\n<li>Commencez avec des <strong>gants propres et secs<\/strong>.<\/li>\n<li>Le paquet contient 5 ou 7 embouts de tailles diff\u00e9rentes. Choisissez les cinq embouts qui correspondent le mieux \u00e0 vos doigts et associez-les \u00e0 vos gants.<\/li>\n<li>Appliquez de la colle autour du bord puis un petit point au centre de l\u2019embout. Fixez sur des gants propres et secs. Appuyez fermement avec la main dans le gant.<\/li>\n<li>Attendez au moins 30 minutes avant d\u2019utiliser les gants.<\/li>\n<li><strong>DANGER !<\/strong> Lors du collage, gardez la colle \u00e9loign\u00e9e des yeux. Elle peut provoquer des r\u00e9actions allergiques au contact de la peau. Lisez les pr\u00e9cautions sur le panneau arri\u00e8re.<\/li>\n<\/ol>\n<p>Enfin, regardez une vid\u00e9o de <a href=\"https:\/\/olympics.com\/en\/video\/special-skates-and-gloves-for-short-track-speed-skaters\" target=\"_blank\" rel=\"noopener\"><strong>patineurs olympiques utilisant leurs Quick Tips<\/strong><\/a>.<\/p>\n<p><strong>D\u00e9couvrez toutes les couleurs et styles de nos <a href=\"https:\/\/ztsports.com\/product-category\/protection\/quick-tips\/\">Quick Tips<\/a> ici.<\/strong><\/p>\n<h3>Voir notre s\u00e9lection de gants <a href=\"https:\/\/ztsports.com\/product-category\/protection\/gloves\/\">ici<\/a><\/h3>\n<p><strong>En savoir plus sur <a href=\"https:\/\/ehs-staybent.com\/\" target=\"_blank\" rel=\"noopener\">StayBent by EHS<\/a>.<\/strong><\/p>\n","protected":false},"excerpt":{"rendered":"<p>STAYBENT Embouts Rapides Color\u00e9s Les embouts en plastique StayBent sont disponibles en plusieurs couleurs. Les embouts protecteurs StayBent Quick Tips pour short track sont id\u00e9aux pour prot\u00e9ger vos gants de l\u2019usure rapide. Les patineurs de short track posent souvent la main gauche sur la glace dans les virages, ce qui peut rapidement percer vos gants. [&hellip;]<\/p>\n","protected":false},"featured_media":22256,"comment_status":"open","ping_status":"closed","template":"","meta":{"_acf_changed":false,"_monsterinsights_skip_tracking":false,"_monsterinsights_sitenote_active":false,"_monsterinsights_sitenote_note":"","_monsterinsights_sitenote_category":0,"_uf_show_specific_survey":0,"_uf_disable_surveys":false,"site-sidebar-layout":"default","site-content-layout":"","ast-site-content-layout":"default","site-content-style":"default","site-sidebar-style":"default","ast-global-header-display":"","ast-banner-title-visibility":"","ast-main-header-display":"","ast-hfb-above-header-display":"","ast-hfb-below-header-display":"","ast-hfb-mobile-header-display":"","site-post-title":"","ast-breadcrumbs-content":"","ast-featured-img":"","footer-sml-layout":"","ast-disable-related-posts":"","theme-transparent-header-meta":"default","adv-header-id-meta":"","stick-header-meta":"","header-above-stick-meta":"","header-main-stick-meta":"","header-below-stick-meta":"","astra-migrate-meta-layouts":"set","ast-page-background-enabled":"default","ast-page-background-meta":{"desktop":{"background-color":"","background-image":"","background-repeat":"repeat","background-position":"center center","background-size":"auto","background-attachment":"scroll","background-type":"","background-media":"","overlay-type":"","overlay-color":"","overlay-opacity":"","overlay-gradient":""},"tablet":{"background-color":"","background-image":"","background-repeat":"repeat","background-position":"center center","background-size":"auto","background-attachment":"scroll","background-type":"","background-media":"","overlay-type":"","overlay-color":"","overlay-opacity":"","overlay-gradient":""},"mobile":{"background-color":"","background-image":"","background-repeat":"repeat","background-position":"center center","background-size":"auto","background-attachment":"scroll","background-type":"","background-media":"","overlay-type":"","overlay-color":"","overlay-opacity":"","overlay-gradient":""}},"ast-content-background-meta":{"desktop":{"background-color":"var(--ast-global-color-5)","background-image":"","background-repeat":"repeat","background-position":"center center","background-size":"auto","background-attachment":"scroll","background-type":"","background-media":"","overlay-type":"","overlay-color":"","overlay-opacity":"","overlay-gradient":""},"tablet":{"background-color":"var(--ast-global-color-5)","background-image":"","background-repeat":"repeat","background-position":"center center","background-size":"auto","background-attachment":"scroll","background-type":"","background-media":"","overlay-type":"","overlay-color":"","overlay-opacity":"","overlay-gradient":""},"mobile":{"background-color":"var(--ast-global-color-5)","background-image":"","background-repeat":"repeat","background-position":"center center","background-size":"auto","background-attachment":"scroll","background-type":"","background-media":"","overlay-type":"","overlay-color":"","overlay-opacity":"","overlay-gradient":""}}},"product_brand":[3296,3347,3346],"product_cat":[4003,3818],"product_tag":[3811,4599,3796,3806,4644],"class_list":{"0":"post-22267","1":"product","2":"type-product","3":"status-publish","4":"has-post-thumbnail","6":"product_brand-ehs-2","7":"product_brand-ehs","8":"product_brand-staybent-by-ehs","9":"product_cat-conseils-rapides","10":"product_cat-protege-cou","11":"product_tag-ehs","12":"product_tag-quick-tips","13":"product_tag-short-track","14":"product_tag-staybent","15":"product_tag-staybent-quick-tips","16":"desktop-align-left","17":"tablet-align-left","18":"mobile-align-left","20":"first","21":"instock","22":"taxable","23":"shipping-taxable","24":"purchasable","25":"product-type-simple"},"acf":[],"_links":{"self":[{"href":"https:\/\/ztsports.com\/fr\/wp-json\/wp\/v2\/product\/22267","targetHints":{"allow":["GET"]}}],"collection":[{"href":"https:\/\/ztsports.com\/fr\/wp-json\/wp\/v2\/product"}],"about":[{"href":"https:\/\/ztsports.com\/fr\/wp-json\/wp\/v2\/types\/product"}],"replies":[{"embeddable":true,"href":"https:\/\/ztsports.com\/fr\/wp-json\/wp\/v2\/comments?post=22267"}],"version-history":[{"count":2,"href":"https:\/\/ztsports.com\/fr\/wp-json\/wp\/v2\/product\/22267\/revisions"}],"predecessor-version":[{"id":25207,"href":"https:\/\/ztsports.com\/fr\/wp-json\/wp\/v2\/product\/22267\/revisions\/25207"}],"wp:featuredmedia":[{"embeddable":true,"href":"https:\/\/ztsports.com\/fr\/wp-json\/wp\/v2\/media\/22256"}],"wp:attachment":[{"href":"https:\/\/ztsports.com\/fr\/wp-json\/wp\/v2\/media?parent=22267"}],"wp:term":[{"taxonomy":"product_brand","embeddable":true,"href":"https:\/\/ztsports.com\/fr\/wp-json\/wp\/v2\/product_brand?post=22267"},{"taxonomy":"product_cat","embeddable":true,"href":"https:\/\/ztsports.com\/fr\/wp-json\/wp\/v2\/product_cat?post=22267"},{"taxonomy":"product_tag","embeddable":true,"href":"https:\/\/ztsports.com\/fr\/wp-json\/wp\/v2\/product_tag?post=22267"}],"curies":[{"name":"wp","href":"https:\/\/api.w.org\/{rel}","templated":true}]}}