{"id":22255,"date":"2024-11-14T16:22:01","date_gmt":"2024-11-14T16:22:01","guid":{"rendered":"https:\/\/ztsports.com\/?post_type=product&#038;p=22255"},"modified":"2026-03-06T11:10:29","modified_gmt":"2026-03-06T11:10:29","slug":"staybent-pro-st-bender","status":"publish","type":"product","link":"https:\/\/ztsports.com\/fr\/store\/staybent-pro-st-bender\/","title":{"rendered":"StayBent Pro ST Bender"},"content":{"rendered":"<h1>StayBent Pro ST Pince \u00e0 Lame<\/h1>\n<p>La StayBent Pro ST est une pince en aluminium s\u00e9rie 7000 usin\u00e9e CBC en un seul bloc. Cette pince poss\u00e8de des tol\u00e9rances extr\u00eamement pr\u00e9cises et maintient vos lames dans une position constante \u00e0 chaque r\u00e9glage. Elle est \u00e9quip\u00e9e de rep\u00e8res de montage inf\u00e9rieurs pour appliquer la pression exactement l\u00e0 o\u00f9 c\u2019est n\u00e9cessaire pour un pliage parfait. La poign\u00e9e repens\u00e9e offre une excellente sensation lors de l\u2019application de la pression. Ne vous laissez pas tromper par des imitations. Elle est approuv\u00e9e par les meilleurs patineurs du monde.<\/p>\n<ul>\n<li>Syst\u00e8me de pince pivotante<\/li>\n<li>Rep\u00e8res de montage inf\u00e9rieurs inclus<\/li>\n<li>Option de mise \u00e0 niveau avec rep\u00e8res de montage sup\u00e9rieurs<\/li>\n<li>Molette de serrage en aluminium usin\u00e9<\/li>\n<li>Barre hexagonale du cadre avec graduations d\u2019alignement usin\u00e9es<\/li>\n<li>Rep\u00e8res sup\u00e9rieurs usin\u00e9s dans un seul bloc d\u2019aluminium<\/li>\n<\/ul>\n<p>Voici une vid\u00e9o sur le <a href=\"https:\/\/www.youtube.com\/watch?v=Wcjvgt_6sKg\" target=\"_blank\" rel=\"noopener\">pliage et le contr\u00f4le du rocker des lames<\/a>.<\/p>\n<p><strong>D\u00e9couvrez tous nos <a href=\"\/?product_cat=benders-and-gages-sharpening\">outils d\u2019entretien pour pliage de lames<\/a> ici.<\/strong><\/p>\n","protected":false},"excerpt":{"rendered":"<p>StayBent Pro ST Pince \u00e0 Lame La StayBent Pro ST est une pince en aluminium s\u00e9rie 7000 usin\u00e9e CBC en un seul bloc. Cette pince poss\u00e8de des tol\u00e9rances extr\u00eamement pr\u00e9cises et maintient vos lames dans une position constante \u00e0 chaque r\u00e9glage. Elle est \u00e9quip\u00e9e de rep\u00e8res de montage inf\u00e9rieurs pour appliquer la pression exactement l\u00e0 [&hellip;]<\/p>\n","protected":false},"featured_media":22251,"comment_status":"open","ping_status":"closed","template":"","meta":{"_acf_changed":false,"_monsterinsights_skip_tracking":false,"_monsterinsights_sitenote_active":false,"_monsterinsights_sitenote_note":"","_monsterinsights_sitenote_category":0,"_uf_show_specific_survey":0,"_uf_disable_surveys":false,"site-sidebar-layout":"default","site-content-layout":"","ast-site-content-layout":"default","site-content-style":"default","site-sidebar-style":"default","ast-global-header-display":"","ast-banner-title-visibility":"","ast-main-header-display":"","ast-hfb-above-header-display":"","ast-hfb-below-header-display":"","ast-hfb-mobile-header-display":"","site-post-title":"","ast-breadcrumbs-content":"","ast-featured-img":"","footer-sml-layout":"","ast-disable-related-posts":"","theme-transparent-header-meta":"default","adv-header-id-meta":"","stick-header-meta":"","header-above-stick-meta":"","header-main-stick-meta":"","header-below-stick-meta":"","astra-migrate-meta-layouts":"set","ast-page-background-enabled":"default","ast-page-background-meta":{"desktop":{"background-color":"","background-image":"","background-repeat":"repeat","background-position":"center center","background-size":"auto","background-attachment":"scroll","background-type":"","background-media":"","overlay-type":"","overlay-color":"","overlay-opacity":"","overlay-gradient":""},"tablet":{"background-color":"","background-image":"","background-repeat":"repeat","background-position":"center center","background-size":"auto","background-attachment":"scroll","background-type":"","background-media":"","overlay-type":"","overlay-color":"","overlay-opacity":"","overlay-gradient":""},"mobile":{"background-color":"","background-image":"","background-repeat":"repeat","background-position":"center center","background-size":"auto","background-attachment":"scroll","background-type":"","background-media":"","overlay-type":"","overlay-color":"","overlay-opacity":"","overlay-gradient":""}},"ast-content-background-meta":{"desktop":{"background-color":"var(--ast-global-color-5)","background-image":"","background-repeat":"repeat","background-position":"center center","background-size":"auto","background-attachment":"scroll","background-type":"","background-media":"","overlay-type":"","overlay-color":"","overlay-opacity":"","overlay-gradient":""},"tablet":{"background-color":"var(--ast-global-color-5)","background-image":"","background-repeat":"repeat","background-position":"center center","background-size":"auto","background-attachment":"scroll","background-type":"","background-media":"","overlay-type":"","overlay-color":"","overlay-opacity":"","overlay-gradient":""},"mobile":{"background-color":"var(--ast-global-color-5)","background-image":"","background-repeat":"repeat","background-position":"center center","background-size":"auto","background-attachment":"scroll","background-type":"","background-media":"","overlay-type":"","overlay-color":"","overlay-opacity":"","overlay-gradient":""}}},"product_brand":[3344,3346],"product_cat":[3378],"product_tag":[3806],"class_list":{"0":"post-22255","1":"product","2":"type-product","3":"status-publish","4":"has-post-thumbnail","6":"product_brand-stay-bent","7":"product_brand-staybent-by-ehs","8":"product_cat-non-categorise","9":"product_tag-staybent","10":"desktop-align-left","11":"tablet-align-left","12":"mobile-align-left","14":"first","15":"instock","16":"taxable","17":"shipping-taxable","18":"purchasable","19":"product-type-simple"},"acf":[],"_links":{"self":[{"href":"https:\/\/ztsports.com\/fr\/wp-json\/wp\/v2\/product\/22255","targetHints":{"allow":["GET"]}}],"collection":[{"href":"https:\/\/ztsports.com\/fr\/wp-json\/wp\/v2\/product"}],"about":[{"href":"https:\/\/ztsports.com\/fr\/wp-json\/wp\/v2\/types\/product"}],"replies":[{"embeddable":true,"href":"https:\/\/ztsports.com\/fr\/wp-json\/wp\/v2\/comments?post=22255"}],"version-history":[{"count":2,"href":"https:\/\/ztsports.com\/fr\/wp-json\/wp\/v2\/product\/22255\/revisions"}],"predecessor-version":[{"id":22289,"href":"https:\/\/ztsports.com\/fr\/wp-json\/wp\/v2\/product\/22255\/revisions\/22289"}],"wp:featuredmedia":[{"embeddable":true,"href":"https:\/\/ztsports.com\/fr\/wp-json\/wp\/v2\/media\/22251"}],"wp:attachment":[{"href":"https:\/\/ztsports.com\/fr\/wp-json\/wp\/v2\/media?parent=22255"}],"wp:term":[{"taxonomy":"product_brand","embeddable":true,"href":"https:\/\/ztsports.com\/fr\/wp-json\/wp\/v2\/product_brand?post=22255"},{"taxonomy":"product_cat","embeddable":true,"href":"https:\/\/ztsports.com\/fr\/wp-json\/wp\/v2\/product_cat?post=22255"},{"taxonomy":"product_tag","embeddable":true,"href":"https:\/\/ztsports.com\/fr\/wp-json\/wp\/v2\/product_tag?post=22255"}],"curies":[{"name":"wp","href":"https:\/\/api.w.org\/{rel}","templated":true}]}}