{"id":22243,"date":"2024-11-14T16:51:22","date_gmt":"2024-11-14T16:51:22","guid":{"rendered":"https:\/\/ztsports.com\/?post_type=product&#038;p=22243"},"modified":"2026-03-06T11:07:28","modified_gmt":"2026-03-06T11:07:28","slug":"skate-tec-blade-lip-bender","status":"publish","type":"product","link":"https:\/\/ztsports.com\/fr\/store\/skate-tec-blade-lip-bender\/","title":{"rendered":"SKATE-TEC blade lip bender"},"content":{"rendered":"<h1 class=\"product_title entry-title\">Pince \u00e0 l\u00e8vre de lame SKATE-TEC<\/h1>\n<p>Pince courte piste Skate-Tec.<\/p>\n<p>Nouvelle alternative \u00e0 l\u2019ancienne <strong>Pince Penenton<\/strong>.<\/p>\n<p>Excellent rapport qualit\u00e9-prix, fabriqu\u00e9e en aluminium 6061 T6.<\/p>\n<ul class=\"productspecs\">\n<li>Bloc solide en aluminium T6 6061<\/li>\n<li>Usinage CNC<\/li>\n<li>Levier en carbone UD<\/li>\n<li>Poign\u00e9e en plastique POM<\/li>\n<li>Tube guide en carbone UD<\/li>\n<li>But\u00e9es en aluminium T6 6061<\/li>\n<li>Roue de pliage Bearder<\/li>\n<li>Nouvelle alternative \u00e0 l\u2019ancienne <strong>Pince Penenton<\/strong><\/li>\n<\/ul>\n<p>D\u00e9couvrez une vid\u00e9o sur le <a href=\"https:\/\/www.youtube.com\/watch?v=Wcjvgt_6sKg\" target=\"_blank\" rel=\"noopener\">pliage et le contr\u00f4le du rocker des lames<\/a>.<\/p>\n<p>D\u00e9couvrez tous nos <a href=\"\/?product_cat=benders-and-gages-sharpening\"><strong>outils d\u2019entretien des lames et pinces<\/strong><\/a>.<\/p>\n","protected":false},"excerpt":{"rendered":"<p>Pince \u00e0 l\u00e8vre de lame SKATE-TEC Pince courte piste Skate-Tec. Nouvelle alternative \u00e0 l\u2019ancienne Pince Penenton. Excellent rapport qualit\u00e9-prix, fabriqu\u00e9e en aluminium 6061 T6. Bloc solide en aluminium T6 6061 Usinage CNC Levier en carbone UD Poign\u00e9e en plastique POM Tube guide en carbone UD But\u00e9es en aluminium T6 6061 Roue de pliage Bearder Nouvelle [&hellip;]<\/p>\n","protected":false},"featured_media":22242,"comment_status":"open","ping_status":"closed","template":"","meta":{"_acf_changed":false,"_monsterinsights_skip_tracking":false,"_monsterinsights_sitenote_active":false,"_monsterinsights_sitenote_note":"","_monsterinsights_sitenote_category":0,"_uf_show_specific_survey":0,"_uf_disable_surveys":false,"site-sidebar-layout":"default","site-content-layout":"","ast-site-content-layout":"default","site-content-style":"default","site-sidebar-style":"default","ast-global-header-display":"","ast-banner-title-visibility":"","ast-main-header-display":"","ast-hfb-above-header-display":"","ast-hfb-below-header-display":"","ast-hfb-mobile-header-display":"","site-post-title":"","ast-breadcrumbs-content":"","ast-featured-img":"","footer-sml-layout":"","ast-disable-related-posts":"","theme-transparent-header-meta":"default","adv-header-id-meta":"","stick-header-meta":"","header-above-stick-meta":"","header-main-stick-meta":"","header-below-stick-meta":"","astra-migrate-meta-layouts":"set","ast-page-background-enabled":"default","ast-page-background-meta":{"desktop":{"background-color":"","background-image":"","background-repeat":"repeat","background-position":"center center","background-size":"auto","background-attachment":"scroll","background-type":"","background-media":"","overlay-type":"","overlay-color":"","overlay-opacity":"","overlay-gradient":""},"tablet":{"background-color":"","background-image":"","background-repeat":"repeat","background-position":"center center","background-size":"auto","background-attachment":"scroll","background-type":"","background-media":"","overlay-type":"","overlay-color":"","overlay-opacity":"","overlay-gradient":""},"mobile":{"background-color":"","background-image":"","background-repeat":"repeat","background-position":"center center","background-size":"auto","background-attachment":"scroll","background-type":"","background-media":"","overlay-type":"","overlay-color":"","overlay-opacity":"","overlay-gradient":""}},"ast-content-background-meta":{"desktop":{"background-color":"var(--ast-global-color-5)","background-image":"","background-repeat":"repeat","background-position":"center center","background-size":"auto","background-attachment":"scroll","background-type":"","background-media":"","overlay-type":"","overlay-color":"","overlay-opacity":"","overlay-gradient":""},"tablet":{"background-color":"var(--ast-global-color-5)","background-image":"","background-repeat":"repeat","background-position":"center center","background-size":"auto","background-attachment":"scroll","background-type":"","background-media":"","overlay-type":"","overlay-color":"","overlay-opacity":"","overlay-gradient":""},"mobile":{"background-color":"var(--ast-global-color-5)","background-image":"","background-repeat":"repeat","background-position":"center center","background-size":"auto","background-attachment":"scroll","background-type":"","background-media":"","overlay-type":"","overlay-color":"","overlay-opacity":"","overlay-gradient":""}}},"product_brand":[3297,3338],"product_cat":[3378],"product_tag":[],"class_list":{"0":"post-22243","1":"product","2":"type-product","3":"status-publish","4":"has-post-thumbnail","6":"product_brand-evo","7":"product_brand-skate-tec","8":"product_cat-non-categorise","9":"desktop-align-left","10":"tablet-align-left","11":"mobile-align-left","13":"first","14":"instock","15":"taxable","16":"shipping-taxable","17":"purchasable","18":"product-type-simple"},"acf":[],"_links":{"self":[{"href":"https:\/\/ztsports.com\/fr\/wp-json\/wp\/v2\/product\/22243","targetHints":{"allow":["GET"]}}],"collection":[{"href":"https:\/\/ztsports.com\/fr\/wp-json\/wp\/v2\/product"}],"about":[{"href":"https:\/\/ztsports.com\/fr\/wp-json\/wp\/v2\/types\/product"}],"replies":[{"embeddable":true,"href":"https:\/\/ztsports.com\/fr\/wp-json\/wp\/v2\/comments?post=22243"}],"version-history":[{"count":2,"href":"https:\/\/ztsports.com\/fr\/wp-json\/wp\/v2\/product\/22243\/revisions"}],"predecessor-version":[{"id":22248,"href":"https:\/\/ztsports.com\/fr\/wp-json\/wp\/v2\/product\/22243\/revisions\/22248"}],"wp:featuredmedia":[{"embeddable":true,"href":"https:\/\/ztsports.com\/fr\/wp-json\/wp\/v2\/media\/22242"}],"wp:attachment":[{"href":"https:\/\/ztsports.com\/fr\/wp-json\/wp\/v2\/media?parent=22243"}],"wp:term":[{"taxonomy":"product_brand","embeddable":true,"href":"https:\/\/ztsports.com\/fr\/wp-json\/wp\/v2\/product_brand?post=22243"},{"taxonomy":"product_cat","embeddable":true,"href":"https:\/\/ztsports.com\/fr\/wp-json\/wp\/v2\/product_cat?post=22243"},{"taxonomy":"product_tag","embeddable":true,"href":"https:\/\/ztsports.com\/fr\/wp-json\/wp\/v2\/product_tag?post=22243"}],"curies":[{"name":"wp","href":"https:\/\/api.w.org\/{rel}","templated":true}]}}