{"id":22241,"date":"2024-11-24T10:46:32","date_gmt":"2024-11-24T10:46:32","guid":{"rendered":"https:\/\/ztsports.com\/?post_type=product&#038;p=22241"},"modified":"2026-03-06T11:06:01","modified_gmt":"2026-03-06T11:06:01","slug":"cadomotus-alpha-3-pink-st-helmet-new","status":"publish","type":"product","link":"https:\/\/ztsports.com\/fr\/store\/cadomotus-alpha-3-pink-st-helmet-new\/","title":{"rendered":"CADOMOTUS ALPHA 3 Pink ST Helmet New"},"content":{"rendered":"<h1>Casque CADOMOTUS ALPHA 3 Rose ST &#8211; Nouveau<\/h1>\n<p>Le casque CADOMOTUS ALPHA 3 Rose ST est le successeur de notre casque de patinage de vitesse le plus vendu : le Cadomotus Alpha Aerospeed 2015. Apr\u00e8s 5 ans, il \u00e9tait temps de le mettre \u00e0 jour !<\/p>\n<div id=\"product-content\" class=\"product-content general-content content-col mobile-popup\" data-popup=\"product-content\">\n<div class=\"popup-inner\">\n<div class=\"title-small title-font\">Description<\/div>\n<p>Casque pour short track. L\u2019Alpha-3 succ\u00e8de \u00e0 notre casque le plus vendu : le Cadomotus Alpha Aerospeed 2015. Apr\u00e8s 5 ans, il est temps d\u2019une mise \u00e0 jour !<\/p>\n<h2 class=\"null\">L\u2019Alpha-3 Rose est le casque de patinage le plus s\u00fbr du march\u00e9 !<\/h2>\n<p>Lors du processus de conception, notre \u00e9quipe R&amp;D a \u00e9t\u00e9 en contact permanent avec le comit\u00e9 technique de l\u2019ISU. C\u2019est pourquoi nous garantissons que l\u2019Alpha-3 respecte toutes les directives de s\u00e9curit\u00e9 r\u00e9centes ainsi que les adaptations \u00e0 venir.<\/p>\n<p>Avec l\u2019Alpha-3, vous \u00eates assur\u00e9 de porter un casque certifi\u00e9, aujourd\u2019hui et \u00e0 l\u2019avenir ! Combin\u00e9 \u00e0 un design \u00e9l\u00e9gant et a\u00e9rodynamique, l\u2019Alpha-3 est un casque appr\u00e9ci\u00e9 m\u00eame par les patineurs les plus conservateurs.<\/p>\n<h2>Quoi de neuf avec le casque CADOMOTUS ALPHA 3 Rose ST ?<\/h2>\n<ul>\n<li>Le casque Alpha-3 Rose poss\u00e8de un nouveau design plus arrondi \u00e0 l\u2019arri\u00e8re.<\/li>\n<li>Cette forme arrondie offre plus de protection \u00e0 l\u2019arri\u00e8re de la t\u00eate.<\/li>\n<li>Contrairement \u00e0 l\u2019Alpha Aerospeed taille unique, l\u2019Alpha-3 est disponible en deux tailles : M (54-57 cm) et L (58-62 cm).<\/li>\n<li>L\u2019Alpha-3 n\u2019a pas de visi\u00e8re ni de bouclier a\u00e9rodynamique.<\/li>\n<li>Effet global : un motif c\u00f4tel\u00e9 \u00e0 l\u2019avant du casque r\u00e9duit la tra\u00een\u00e9e a\u00e9rodynamique.<\/li>\n<li>Les a\u00e9rations recouvertes de grille respectent les normes ISU et offrent une protection suppl\u00e9mentaire en cas de chute.<\/li>\n<li>Ce qui n\u2019a pas chang\u00e9 : l\u00e9g\u00e8ret\u00e9 et confort optimal.<\/li>\n<\/ul>\n<h2>Casque CADOMOTUS ALPHA 3 Rose ST<\/h2>\n<h2>Casque certifi\u00e9 ISU<\/h2>\n<p>L\u2019Alpha-3 est l\u2019un des rares casques de patinage officiellement approuv\u00e9s par l\u2019ISU. Selon les r\u00e8gles, un casque doit suivre la forme de la t\u00eate et ne doit pas avoir de saillies. Les casques de vitesse doivent \u00e9galement passer un test d\u2019impact d\u00e9velopp\u00e9 pour le short track. La plupart des casques de v\u00e9lo ne sont donc pas adapt\u00e9s au short track. L\u2019Alpha-3 peut \u00eatre utilis\u00e9 en toute s\u00e9curit\u00e9 pour le patinage de vitesse, le short track et le marathon.<\/p>\n<h2>Remplacement apr\u00e8s chute<\/h2>\n<p>En enregistrant l\u2019achat de votre casque aupr\u00e8s de Cadomotus Crash Replacement, vous b\u00e9n\u00e9ficiez d\u2019une remise de 50 % sur un nouveau casque apr\u00e8s une chute. M\u00eame si l\u2019impact n\u2019est pas visible, la structure de votre casque peut \u00eatre endommag\u00e9e. La solution la plus s\u00fbre est toujours de remplacer le casque.<\/p>\n<\/div>\n<\/div>\n<div class=\"content-col specs mobile-popup\" data-popup=\"product-specs\">\n<div class=\"popup-inner\">\n<div class=\"title-small title-font\">Sp\u00e9cifications du CadoMotus Alpha 3 Rose :<\/div>\n<div class=\"spec-table\">\n<table>\n<tbody>\n<tr>\n<td class=\"spec-title\"><strong>Approuv\u00e9 pour la course<\/strong><\/td>\n<td>Patinage de vitesse ISU<\/td>\n<\/tr>\n<tr>\n<td class=\"spec-title\"><strong>Visi\u00e8re int\u00e9gr\u00e9e<\/strong><\/td>\n<td>Non<\/td>\n<\/tr>\n<tr>\n<td class=\"spec-title\"><strong>Option Aeroshield<\/strong><\/td>\n<td>Non<\/td>\n<\/tr>\n<tr>\n<td class=\"spec-title\"><strong>Ventilation<\/strong><\/td>\n<td>Canalisation interne, ventilation au-dessus des sourcils<\/td>\n<\/tr>\n<tr>\n<td class=\"spec-title\"><strong>Protection contre les insectes<\/strong><\/td>\n<td>Non<\/td>\n<\/tr>\n<tr>\n<td class=\"spec-title\"><strong>Syst\u00e8me d\u2019ajustement<\/strong><\/td>\n<td>Molette \u00e0 cr\u00e9maill\u00e8re, ajustement vertical<\/td>\n<\/tr>\n<tr>\n<td class=\"spec-title\"><strong>Boucle<\/strong><\/td>\n<td>Boucle standard<\/td>\n<\/tr>\n<tr>\n<td class=\"spec-title\"><strong>Construction<\/strong><\/td>\n<td>Inmold EPC\/PC<\/td>\n<\/tr>\n<tr>\n<td class=\"spec-title\"><strong>Doublure<\/strong><\/td>\n<td>Double \u00e9paisseur | 3 pi\u00e8ces<\/td>\n<\/tr>\n<tr>\n<td class=\"spec-title\"><strong>Doublure lavable<\/strong><\/td>\n<td>Oui<\/td>\n<\/tr>\n<tr>\n<td class=\"spec-title\"><strong>Certification<\/strong><\/td>\n<td>CE, ASTM F-1849<\/td>\n<\/tr>\n<tr>\n<td class=\"spec-title\"><strong>Test\u00e9 en soufflerie<\/strong><\/td>\n<td>Oui<\/td>\n<\/tr>\n<\/tbody>\n<\/table>\n<p><strong>Vid\u00e9o de <a href=\"https:\/\/www.youtube.com\/watch?v=7XZzirH3PzI\" target=\"_blank\" rel=\"noopener\">test du casque par Cadomotus<\/a><\/strong><\/p>\n<p>D\u00e9couvrez tous nos <a href=\"https:\/\/ztsports.com\/product-category\/inline\/helmets\/\"><strong>casques Short Track ici<\/strong><\/a>.<\/p>\n<\/div>\n<\/div>\n<\/div>\n","protected":false},"excerpt":{"rendered":"<p>Casque CADOMOTUS ALPHA 3 Rose ST &#8211; Nouveau Le casque CADOMOTUS ALPHA 3 Rose ST est le successeur de notre casque de patinage de vitesse le plus vendu : le Cadomotus Alpha Aerospeed 2015. Apr\u00e8s 5 ans, il \u00e9tait temps de le mettre \u00e0 jour ! Description Casque pour short track. L\u2019Alpha-3 succ\u00e8de \u00e0 notre [&hellip;]<\/p>\n","protected":false},"featured_media":22237,"comment_status":"open","ping_status":"closed","template":"","meta":{"_acf_changed":false,"_monsterinsights_skip_tracking":false,"_monsterinsights_sitenote_active":false,"_monsterinsights_sitenote_note":"","_monsterinsights_sitenote_category":0,"_uf_show_specific_survey":0,"_uf_disable_surveys":false,"site-sidebar-layout":"default","site-content-layout":"","ast-site-content-layout":"default","site-content-style":"default","site-sidebar-style":"default","ast-global-header-display":"","ast-banner-title-visibility":"","ast-main-header-display":"","ast-hfb-above-header-display":"","ast-hfb-below-header-display":"","ast-hfb-mobile-header-display":"","site-post-title":"","ast-breadcrumbs-content":"","ast-featured-img":"","footer-sml-layout":"","ast-disable-related-posts":"","theme-transparent-header-meta":"default","adv-header-id-meta":"","stick-header-meta":"","header-above-stick-meta":"","header-main-stick-meta":"","header-below-stick-meta":"","astra-migrate-meta-layouts":"set","ast-page-background-enabled":"default","ast-page-background-meta":{"desktop":{"background-color":"","background-image":"","background-repeat":"repeat","background-position":"center center","background-size":"auto","background-attachment":"scroll","background-type":"","background-media":"","overlay-type":"","overlay-color":"","overlay-opacity":"","overlay-gradient":""},"tablet":{"background-color":"","background-image":"","background-repeat":"repeat","background-position":"center center","background-size":"auto","background-attachment":"scroll","background-type":"","background-media":"","overlay-type":"","overlay-color":"","overlay-opacity":"","overlay-gradient":""},"mobile":{"background-color":"","background-image":"","background-repeat":"repeat","background-position":"center center","background-size":"auto","background-attachment":"scroll","background-type":"","background-media":"","overlay-type":"","overlay-color":"","overlay-opacity":"","overlay-gradient":""}},"ast-content-background-meta":{"desktop":{"background-color":"var(--ast-global-color-5)","background-image":"","background-repeat":"repeat","background-position":"center center","background-size":"auto","background-attachment":"scroll","background-type":"","background-media":"","overlay-type":"","overlay-color":"","overlay-opacity":"","overlay-gradient":""},"tablet":{"background-color":"var(--ast-global-color-5)","background-image":"","background-repeat":"repeat","background-position":"center center","background-size":"auto","background-attachment":"scroll","background-type":"","background-media":"","overlay-type":"","overlay-color":"","overlay-opacity":"","overlay-gradient":""},"mobile":{"background-color":"var(--ast-global-color-5)","background-image":"","background-repeat":"repeat","background-position":"center center","background-size":"auto","background-attachment":"scroll","background-type":"","background-media":"","overlay-type":"","overlay-color":"","overlay-opacity":"","overlay-gradient":""}}},"product_brand":[3289],"product_cat":[3378],"product_tag":[3796,4562],"class_list":{"0":"post-22241","1":"product","2":"type-product","3":"status-publish","4":"has-post-thumbnail","6":"product_brand-cadomotus","7":"product_cat-non-categorise","8":"product_tag-short-track","9":"product_tag-speed-skating","10":"desktop-align-left","11":"tablet-align-left","12":"mobile-align-left","14":"first","15":"instock","16":"taxable","17":"shipping-taxable","18":"purchasable","19":"product-type-simple"},"acf":[],"_links":{"self":[{"href":"https:\/\/ztsports.com\/fr\/wp-json\/wp\/v2\/product\/22241","targetHints":{"allow":["GET"]}}],"collection":[{"href":"https:\/\/ztsports.com\/fr\/wp-json\/wp\/v2\/product"}],"about":[{"href":"https:\/\/ztsports.com\/fr\/wp-json\/wp\/v2\/types\/product"}],"replies":[{"embeddable":true,"href":"https:\/\/ztsports.com\/fr\/wp-json\/wp\/v2\/comments?post=22241"}],"version-history":[{"count":3,"href":"https:\/\/ztsports.com\/fr\/wp-json\/wp\/v2\/product\/22241\/revisions"}],"predecessor-version":[{"id":22246,"href":"https:\/\/ztsports.com\/fr\/wp-json\/wp\/v2\/product\/22241\/revisions\/22246"}],"wp:featuredmedia":[{"embeddable":true,"href":"https:\/\/ztsports.com\/fr\/wp-json\/wp\/v2\/media\/22237"}],"wp:attachment":[{"href":"https:\/\/ztsports.com\/fr\/wp-json\/wp\/v2\/media?parent=22241"}],"wp:term":[{"taxonomy":"product_brand","embeddable":true,"href":"https:\/\/ztsports.com\/fr\/wp-json\/wp\/v2\/product_brand?post=22241"},{"taxonomy":"product_cat","embeddable":true,"href":"https:\/\/ztsports.com\/fr\/wp-json\/wp\/v2\/product_cat?post=22241"},{"taxonomy":"product_tag","embeddable":true,"href":"https:\/\/ztsports.com\/fr\/wp-json\/wp\/v2\/product_tag?post=22241"}],"curies":[{"name":"wp","href":"https:\/\/api.w.org\/{rel}","templated":true}]}}