{"id":22219,"date":"2024-11-28T16:42:53","date_gmt":"2024-11-28T16:42:53","guid":{"rendered":"https:\/\/ztsports.com\/?post_type=product&#038;p=22219"},"modified":"2026-04-11T21:25:32","modified_gmt":"2026-04-11T21:25:32","slug":"skate-tec-n98-futuro-package","status":"publish","type":"product","link":"https:\/\/ztsports.com\/fr\/store\/skate-tec-n98-futuro-package\/","title":{"rendered":"Skate-Tec N98 Futuro Package"},"content":{"rendered":"<h1>Skate-Tec N98 &#8211; Pack Futuro<\/h1>\n<p>Pack Skate-Tec N98 Futuro pour Short Track<\/p>\n<ul>\n<li>Coque en fibre de carbone \/ rh\u00e9noplastique thermomoulable<\/li>\n<li>Coque l\u00e9g\u00e8re offrant une excellente rigidit\u00e9 et un bon maintien<\/li>\n<li>Mousse thermoformable au niveau de la cheville et de la languette pour un ajustement personnalis\u00e9<\/li>\n<li>Straps sup\u00e9rieurs et inf\u00e9rieurs renforc\u00e9s pour un soutien optimal<\/li>\n<li>Lacets cir\u00e9s<\/li>\n<li>Protection Velcro pour les lacets<\/li>\n<li>Int\u00e9rieur en mesh a\u00e9r\u00e9<\/li>\n<li>Double strap<\/li>\n<\/ul>\n<p>Le pack Skate-Tec N98 Futuro inclut les lames Evo Futuro :<\/p>\n<ul>\n<li>La lame Evo Futuro offre une excellente accroche tout en maintenant un contr\u00f4le et une sensation optimale<\/li>\n<li>Acier BiMetal 58 HRC pour une qualit\u00e9 de tranchant durable<\/li>\n<li>Tube en aluminium 7000<\/li>\n<li>Pr\u00e9courb\u00e9e<\/li>\n<li>Le syst\u00e8me de cup innovant d\u2019Evo assure une interface de montage solide pour un r\u00e9glage facile et rapide<\/li>\n<li>Tailles disponibles : 13, 14, 14.5, 15, 15.5, 16, 16.5<\/li>\n<\/ul>\n<h3>Acier 12C27<\/h3>\n<p>L\u2019acier Sandvik 12C27 est un acier inoxydable martensitique su\u00e9dois de milieu de gamme, optimis\u00e9 pour les couteaux. On le retrouve g\u00e9n\u00e9ralement dans les couteaux de cuisine, de chasse, de p\u00eache et \u00e9galement pour les forets \u00e0 glace et <strong>lames de patins<\/strong>.<\/p>\n<h3>Aluminium s\u00e9rie 7000<\/h3>\n<p>L\u2019aluminium s\u00e9rie 7000 est un groupe d\u2019alliages connus pour leur r\u00e9sistance exceptionnelle et leur grande t\u00e9nacit\u00e9. Principalement compos\u00e9 d\u2019aluminium, il contient du zinc comme \u00e9l\u00e9ment principal, avec du cuivre et du magn\u00e9sium pour am\u00e9liorer ses performances. Id\u00e9al pour des applications n\u00e9cessitant une grande r\u00e9sistance, il est couramment utilis\u00e9 dans l\u2019a\u00e9ronautique, l\u2019automobile et les \u00e9quipements sportifs.<\/p>\n<p>Vous achetez pour un club ? D\u00e9couvrez nos offres clubs <a href=\"https:\/\/ztsports.com\/?s=club+deals&amp;post_type=product&amp;product_cat=0\">ici !<\/a><\/p>\n<p>En savoir plus sur Skate-Tec <a href=\"https:\/\/skate-tec.com\/about.html\" target=\"_blank\" rel=\"noopener\">ici !<\/a><\/p>\n<h3>Pack N98 Futuro<\/h3>\n<p>Un pack exceptionnel combinant une excellente chaussure et une lame de qualit\u00e9, parfait pour les d\u00e9butants et les clubs. Ces produits proviennent de la prestigieuse marque Skate-Tec et sont recommand\u00e9s pour tout patineur d\u00e9butant.<\/p>\n<h5>Lame Futuro 12C27<\/h5>\n<p>La lame Futuro 12C27 est le mod\u00e8le d\u2019entr\u00e9e de gamme chez Skate-Tec. Fabriqu\u00e9e en acier 12C27, elle est pr\u00e9courb\u00e9e et constitue la meilleure lame pour les d\u00e9butants. Peu de mod\u00e8les de cette qualit\u00e9 sont propos\u00e9s \u00e0 ce prix :<\/p>\n<ul>\n<li>Lame adapt\u00e9e aux d\u00e9butants et id\u00e9ale pour les clubs<\/li>\n<li>Tube flexible offrant une grande marge d\u2019erreur dans les virages<\/li>\n<li>Comparable : Bont Ultrasprint \/ Maple Premium<\/li>\n<li>Pr\u00e9courb\u00e9e<\/li>\n<li>Lame chrom\u00e9e avec duret\u00e9 de 58 HRC<\/li>\n<li>Tube en aluminium<\/li>\n<li>Id\u00e9al pour les patineurs de moins de \u00b145 kg<\/li>\n<\/ul>\n<p>N\u2019oubliez pas la <a href=\"https:\/\/ztsports.com\/product\/short-track-blade-preparation\/\" data-preorder-handle=\"complete-blade-preparation\">pr\u00e9paration de la lame<\/a> !<\/p>\n<h5>Chaussures N98<\/h5>\n<p>Les chaussures en carbone N98 pour le short track, con\u00e7ues par Skate-Tec, sont inspir\u00e9es des jeux de Nagano 1998. Ce mod\u00e8le d\u2019entr\u00e9e de gamme offre des fonctionnalit\u00e9s hautes performances :<\/p>\n<ul>\n<li>Coque l\u00e9g\u00e8re en fibre de carbone pour rigidit\u00e9 et maintien exceptionnels<\/li>\n<li>Thermomoulables pour un ajustement personnalis\u00e9<\/li>\n<li>Mousse thermoformable \u00e0 la cheville pour un meilleur confort<\/li>\n<li>Rev\u00eatement ext\u00e9rieur en cuir synth\u00e9tique durable<\/li>\n<\/ul>\n<p>Tailles disponibles : 30 \u00e0 46<\/p>\n<p><img decoding=\"async\" src=\"https:\/\/xactskateshop.com\/wp-content\/uploads\/2022\/04\/TctT11lWwLRJOACT-1-257x300.png\" \/><\/p>\n","protected":false},"excerpt":{"rendered":"<p>Skate-Tec N98 &#8211; Pack Futuro Pack Skate-Tec N98 Futuro pour Short Track Coque en fibre de carbone \/ rh\u00e9noplastique thermomoulable Coque l\u00e9g\u00e8re offrant une excellente rigidit\u00e9 et un bon maintien Mousse thermoformable au niveau de la cheville et de la languette pour un ajustement personnalis\u00e9 Straps sup\u00e9rieurs et inf\u00e9rieurs renforc\u00e9s pour un soutien optimal Lacets [&hellip;]<\/p>\n","protected":false},"featured_media":22051,"comment_status":"open","ping_status":"closed","template":"","meta":{"_acf_changed":false,"_monsterinsights_skip_tracking":false,"_monsterinsights_sitenote_active":false,"_monsterinsights_sitenote_note":"","_monsterinsights_sitenote_category":0,"_uf_show_specific_survey":0,"_uf_disable_surveys":false,"site-sidebar-layout":"default","site-content-layout":"","ast-site-content-layout":"default","site-content-style":"default","site-sidebar-style":"default","ast-global-header-display":"","ast-banner-title-visibility":"","ast-main-header-display":"","ast-hfb-above-header-display":"","ast-hfb-below-header-display":"","ast-hfb-mobile-header-display":"","site-post-title":"","ast-breadcrumbs-content":"","ast-featured-img":"","footer-sml-layout":"","ast-disable-related-posts":"","theme-transparent-header-meta":"default","adv-header-id-meta":"","stick-header-meta":"","header-above-stick-meta":"","header-main-stick-meta":"","header-below-stick-meta":"","astra-migrate-meta-layouts":"set","ast-page-background-enabled":"default","ast-page-background-meta":{"desktop":{"background-color":"","background-image":"","background-repeat":"repeat","background-position":"center center","background-size":"auto","background-attachment":"scroll","background-type":"","background-media":"","overlay-type":"","overlay-color":"","overlay-opacity":"","overlay-gradient":""},"tablet":{"background-color":"","background-image":"","background-repeat":"repeat","background-position":"center center","background-size":"auto","background-attachment":"scroll","background-type":"","background-media":"","overlay-type":"","overlay-color":"","overlay-opacity":"","overlay-gradient":""},"mobile":{"background-color":"","background-image":"","background-repeat":"repeat","background-position":"center center","background-size":"auto","background-attachment":"scroll","background-type":"","background-media":"","overlay-type":"","overlay-color":"","overlay-opacity":"","overlay-gradient":""}},"ast-content-background-meta":{"desktop":{"background-color":"var(--ast-global-color-5)","background-image":"","background-repeat":"repeat","background-position":"center center","background-size":"auto","background-attachment":"scroll","background-type":"","background-media":"","overlay-type":"","overlay-color":"","overlay-opacity":"","overlay-gradient":""},"tablet":{"background-color":"var(--ast-global-color-5)","background-image":"","background-repeat":"repeat","background-position":"center center","background-size":"auto","background-attachment":"scroll","background-type":"","background-media":"","overlay-type":"","overlay-color":"","overlay-opacity":"","overlay-gradient":""},"mobile":{"background-color":"var(--ast-global-color-5)","background-image":"","background-repeat":"repeat","background-position":"center center","background-size":"auto","background-attachment":"scroll","background-type":"","background-media":"","overlay-type":"","overlay-color":"","overlay-opacity":"","overlay-gradient":""}}},"product_brand":[3297,3326,3338],"product_cat":[4645,3838],"product_tag":[3796,4562],"class_list":{"0":"post-22219","1":"product","2":"type-product","3":"status-publish","4":"has-post-thumbnail","6":"product_brand-evo","7":"product_brand-nagano","8":"product_brand-skate-tec","9":"product_cat-boots","10":"product_cat-offres-de-club","11":"product_tag-short-track","12":"product_tag-speed-skating","13":"desktop-align-left","14":"tablet-align-left","15":"mobile-align-left","17":"first","18":"instock","19":"taxable","20":"shipping-taxable","21":"purchasable","22":"product-type-simple"},"acf":[],"_links":{"self":[{"href":"https:\/\/ztsports.com\/fr\/wp-json\/wp\/v2\/product\/22219","targetHints":{"allow":["GET"]}}],"collection":[{"href":"https:\/\/ztsports.com\/fr\/wp-json\/wp\/v2\/product"}],"about":[{"href":"https:\/\/ztsports.com\/fr\/wp-json\/wp\/v2\/types\/product"}],"replies":[{"embeddable":true,"href":"https:\/\/ztsports.com\/fr\/wp-json\/wp\/v2\/comments?post=22219"}],"version-history":[{"count":2,"href":"https:\/\/ztsports.com\/fr\/wp-json\/wp\/v2\/product\/22219\/revisions"}],"predecessor-version":[{"id":22234,"href":"https:\/\/ztsports.com\/fr\/wp-json\/wp\/v2\/product\/22219\/revisions\/22234"}],"wp:featuredmedia":[{"embeddable":true,"href":"https:\/\/ztsports.com\/fr\/wp-json\/wp\/v2\/media\/22051"}],"wp:attachment":[{"href":"https:\/\/ztsports.com\/fr\/wp-json\/wp\/v2\/media?parent=22219"}],"wp:term":[{"taxonomy":"product_brand","embeddable":true,"href":"https:\/\/ztsports.com\/fr\/wp-json\/wp\/v2\/product_brand?post=22219"},{"taxonomy":"product_cat","embeddable":true,"href":"https:\/\/ztsports.com\/fr\/wp-json\/wp\/v2\/product_cat?post=22219"},{"taxonomy":"product_tag","embeddable":true,"href":"https:\/\/ztsports.com\/fr\/wp-json\/wp\/v2\/product_tag?post=22219"}],"curies":[{"name":"wp","href":"https:\/\/api.w.org\/{rel}","templated":true}]}}