{"id":22210,"date":"2025-01-06T20:14:25","date_gmt":"2025-01-06T20:14:25","guid":{"rendered":"https:\/\/ztsports.com\/?post_type=product&#038;p=22210"},"modified":"2026-03-06T10:54:24","modified_gmt":"2026-03-06T10:54:24","slug":"rottefella-n-i-s-performance-ice-bindings","status":"publish","type":"product","link":"https:\/\/ztsports.com\/fr\/store\/rottefella-n-i-s-performance-ice-bindings\/","title":{"rendered":"ROTTEFELLA N.I.S. Performance Ice bindings"},"content":{"rendered":"<h2>Fixations Performance Ice<\/h2>\n<p>Fixations ROTTEFELLA N.I.S. PerformanceIce pour lames nordiques<\/p>\n<p class=\"details__title\">C\u2019est la fixation id\u00e9ale si vous recherchez le parfait \u00e9quilibre entre performance et stabilit\u00e9, tout en privil\u00e9giant la l\u00e9g\u00e8ret\u00e9, la facilit\u00e9 d\u2019utilisation et le confort.<\/p>\n<p>Avec la cl\u00e9 NIS, les fixations Rottefella N.I.S. Performance peuvent \u00eatre d\u00e9plac\u00e9es vers l\u2019avant ou l\u2019arri\u00e8re pour s\u2019adapter \u00e0 votre technique de patinage individuelle. Le montage de la fixation est rapide et facile. La fixation poss\u00e8de une flexion extra-dure sp\u00e9cialement con\u00e7ue pour le patinage sur glace. (lames non incluses)<\/p>\n<p>Vendu par paire<\/p>\n","protected":false},"excerpt":{"rendered":"<p>Fixations Performance Ice Fixations ROTTEFELLA N.I.S. PerformanceIce pour lames nordiques C\u2019est la fixation id\u00e9ale si vous recherchez le parfait \u00e9quilibre entre performance et stabilit\u00e9, tout en privil\u00e9giant la l\u00e9g\u00e8ret\u00e9, la facilit\u00e9 d\u2019utilisation et le confort. Avec la cl\u00e9 NIS, les fixations Rottefella N.I.S. Performance peuvent \u00eatre d\u00e9plac\u00e9es vers l\u2019avant ou l\u2019arri\u00e8re pour s\u2019adapter \u00e0 votre [&hellip;]<\/p>\n","protected":false},"featured_media":22208,"comment_status":"open","ping_status":"closed","template":"","meta":{"_acf_changed":false,"_monsterinsights_skip_tracking":false,"_monsterinsights_sitenote_active":false,"_monsterinsights_sitenote_note":"","_monsterinsights_sitenote_category":0,"_uf_show_specific_survey":0,"_uf_disable_surveys":false,"site-sidebar-layout":"default","site-content-layout":"","ast-site-content-layout":"default","site-content-style":"default","site-sidebar-style":"default","ast-global-header-display":"","ast-banner-title-visibility":"","ast-main-header-display":"","ast-hfb-above-header-display":"","ast-hfb-below-header-display":"","ast-hfb-mobile-header-display":"","site-post-title":"","ast-breadcrumbs-content":"","ast-featured-img":"","footer-sml-layout":"","ast-disable-related-posts":"","theme-transparent-header-meta":"default","adv-header-id-meta":"","stick-header-meta":"","header-above-stick-meta":"","header-main-stick-meta":"","header-below-stick-meta":"","astra-migrate-meta-layouts":"set","ast-page-background-enabled":"default","ast-page-background-meta":{"desktop":{"background-color":"","background-image":"","background-repeat":"repeat","background-position":"center center","background-size":"auto","background-attachment":"scroll","background-type":"","background-media":"","overlay-type":"","overlay-color":"","overlay-opacity":"","overlay-gradient":""},"tablet":{"background-color":"","background-image":"","background-repeat":"repeat","background-position":"center center","background-size":"auto","background-attachment":"scroll","background-type":"","background-media":"","overlay-type":"","overlay-color":"","overlay-opacity":"","overlay-gradient":""},"mobile":{"background-color":"","background-image":"","background-repeat":"repeat","background-position":"center center","background-size":"auto","background-attachment":"scroll","background-type":"","background-media":"","overlay-type":"","overlay-color":"","overlay-opacity":"","overlay-gradient":""}},"ast-content-background-meta":{"desktop":{"background-color":"var(--ast-global-color-5)","background-image":"","background-repeat":"repeat","background-position":"center center","background-size":"auto","background-attachment":"scroll","background-type":"","background-media":"","overlay-type":"","overlay-color":"","overlay-opacity":"","overlay-gradient":""},"tablet":{"background-color":"var(--ast-global-color-5)","background-image":"","background-repeat":"repeat","background-position":"center center","background-size":"auto","background-attachment":"scroll","background-type":"","background-media":"","overlay-type":"","overlay-color":"","overlay-opacity":"","overlay-gradient":""},"mobile":{"background-color":"var(--ast-global-color-5)","background-image":"","background-repeat":"repeat","background-position":"center center","background-size":"auto","background-attachment":"scroll","background-type":"","background-media":"","overlay-type":"","overlay-color":"","overlay-opacity":"","overlay-gradient":""}}},"product_brand":[],"product_cat":[4552],"product_tag":[],"class_list":{"0":"post-22210","1":"product","2":"type-product","3":"status-publish","4":"has-post-thumbnail","6":"product_cat-patins-du-canal-nordique","7":"desktop-align-left","8":"tablet-align-left","9":"mobile-align-left","11":"first","12":"instock","13":"taxable","14":"shipping-taxable","15":"purchasable","16":"product-type-simple"},"acf":[],"_links":{"self":[{"href":"https:\/\/ztsports.com\/fr\/wp-json\/wp\/v2\/product\/22210","targetHints":{"allow":["GET"]}}],"collection":[{"href":"https:\/\/ztsports.com\/fr\/wp-json\/wp\/v2\/product"}],"about":[{"href":"https:\/\/ztsports.com\/fr\/wp-json\/wp\/v2\/types\/product"}],"replies":[{"embeddable":true,"href":"https:\/\/ztsports.com\/fr\/wp-json\/wp\/v2\/comments?post=22210"}],"version-history":[{"count":2,"href":"https:\/\/ztsports.com\/fr\/wp-json\/wp\/v2\/product\/22210\/revisions"}],"predecessor-version":[{"id":22232,"href":"https:\/\/ztsports.com\/fr\/wp-json\/wp\/v2\/product\/22210\/revisions\/22232"}],"wp:featuredmedia":[{"embeddable":true,"href":"https:\/\/ztsports.com\/fr\/wp-json\/wp\/v2\/media\/22208"}],"wp:attachment":[{"href":"https:\/\/ztsports.com\/fr\/wp-json\/wp\/v2\/media?parent=22210"}],"wp:term":[{"taxonomy":"product_brand","embeddable":true,"href":"https:\/\/ztsports.com\/fr\/wp-json\/wp\/v2\/product_brand?post=22210"},{"taxonomy":"product_cat","embeddable":true,"href":"https:\/\/ztsports.com\/fr\/wp-json\/wp\/v2\/product_cat?post=22210"},{"taxonomy":"product_tag","embeddable":true,"href":"https:\/\/ztsports.com\/fr\/wp-json\/wp\/v2\/product_tag?post=22210"}],"curies":[{"name":"wp","href":"https:\/\/api.w.org\/{rel}","templated":true}]}}