{"id":22204,"date":"2025-01-09T15:35:05","date_gmt":"2025-01-09T15:35:05","guid":{"rendered":"https:\/\/ztsports.com\/?post_type=product&#038;p=22204"},"modified":"2026-03-06T10:53:10","modified_gmt":"2026-03-06T10:53:10","slug":"norton-arkansas-soft-stone","status":"publish","type":"product","link":"https:\/\/ztsports.com\/fr\/store\/norton-arkansas-soft-stone\/","title":{"rendered":"Norton Arkansas Soft Stone"},"content":{"rendered":"<h1>Pierre Norton Arkansas Soft<\/h1>\n<p>Les pierres \u00e0 aff\u00fbter et \u00e0 finir Norton offrent les performances sup\u00e9rieures que vous recherchez. Norton\u00ae est le principal fournisseur de pierres \u00e0 banc, limes, cales et briques abrasives. Achetez les abrasifs Norton &#8211; pierres \u00e0 aff\u00fbter Norton et outils abrasifs \u00e0 main lorsque vous exigez des abrasifs de la plus haute performance disponibles sur <a href=\"https:\/\/ztsports.com\/fr\/\">Zt Sports<\/a>.<\/p>\n<p>Vous pouvez utiliser de l&#8217;eau ou de l&#8217;huile avec les pierres Arkansas. La <a href=\"https:\/\/ztsports.com\/product\/norton-sharpening-stone-oil-xb1\/\">Norton <b>huile min\u00e9rale l\u00e9g\u00e8re<\/b><\/a> est pr\u00e9f\u00e9r\u00e9e par la plupart des utilisateurs. Elle permet de mieux \u00e9viter l&#8217;encrassement des pierres.<\/p>\n<p><span class=\"base\" data-ui-id=\"page-title-wrapper\">Norton 11-1\/2 x 2-1\/2 x 1 Arkansas Soft, Extra Fine SB11<\/span><\/p>\n<h3 class=\"style-scope ytd-watch-metadata\"><a href=\"http:\/\/Understanding Arkansas Stones\">Comprendre les pierres Arkansas &#8211; Vid\u00e9o YouTube<\/a><\/h3>\n","protected":false},"excerpt":{"rendered":"<p>Pierre Norton Arkansas Soft Les pierres \u00e0 aff\u00fbter et \u00e0 finir Norton offrent les performances sup\u00e9rieures que vous recherchez. Norton\u00ae est le principal fournisseur de pierres \u00e0 banc, limes, cales et briques abrasives. Achetez les abrasifs Norton &#8211; pierres \u00e0 aff\u00fbter Norton et outils abrasifs \u00e0 main lorsque vous exigez des abrasifs de la plus [&hellip;]<\/p>\n","protected":false},"featured_media":22203,"comment_status":"open","ping_status":"closed","template":"","meta":{"_acf_changed":false,"_monsterinsights_skip_tracking":false,"_monsterinsights_sitenote_active":false,"_monsterinsights_sitenote_note":"","_monsterinsights_sitenote_category":0,"_uf_show_specific_survey":0,"_uf_disable_surveys":false,"site-sidebar-layout":"default","site-content-layout":"","ast-site-content-layout":"default","site-content-style":"default","site-sidebar-style":"default","ast-global-header-display":"","ast-banner-title-visibility":"","ast-main-header-display":"","ast-hfb-above-header-display":"","ast-hfb-below-header-display":"","ast-hfb-mobile-header-display":"","site-post-title":"","ast-breadcrumbs-content":"","ast-featured-img":"","footer-sml-layout":"","ast-disable-related-posts":"","theme-transparent-header-meta":"default","adv-header-id-meta":"","stick-header-meta":"","header-above-stick-meta":"","header-main-stick-meta":"","header-below-stick-meta":"","astra-migrate-meta-layouts":"set","ast-page-background-enabled":"default","ast-page-background-meta":{"desktop":{"background-color":"","background-image":"","background-repeat":"repeat","background-position":"center center","background-size":"auto","background-attachment":"scroll","background-type":"","background-media":"","overlay-type":"","overlay-color":"","overlay-opacity":"","overlay-gradient":""},"tablet":{"background-color":"","background-image":"","background-repeat":"repeat","background-position":"center center","background-size":"auto","background-attachment":"scroll","background-type":"","background-media":"","overlay-type":"","overlay-color":"","overlay-opacity":"","overlay-gradient":""},"mobile":{"background-color":"","background-image":"","background-repeat":"repeat","background-position":"center center","background-size":"auto","background-attachment":"scroll","background-type":"","background-media":"","overlay-type":"","overlay-color":"","overlay-opacity":"","overlay-gradient":""}},"ast-content-background-meta":{"desktop":{"background-color":"var(--ast-global-color-5)","background-image":"","background-repeat":"repeat","background-position":"center center","background-size":"auto","background-attachment":"scroll","background-type":"","background-media":"","overlay-type":"","overlay-color":"","overlay-opacity":"","overlay-gradient":""},"tablet":{"background-color":"var(--ast-global-color-5)","background-image":"","background-repeat":"repeat","background-position":"center center","background-size":"auto","background-attachment":"scroll","background-type":"","background-media":"","overlay-type":"","overlay-color":"","overlay-opacity":"","overlay-gradient":""},"mobile":{"background-color":"var(--ast-global-color-5)","background-image":"","background-repeat":"repeat","background-position":"center center","background-size":"auto","background-attachment":"scroll","background-type":"","background-media":"","overlay-type":"","overlay-color":"","overlay-opacity":"","overlay-gradient":""}}},"product_brand":[3328],"product_cat":[3378],"product_tag":[],"class_list":{"0":"post-22204","1":"product","2":"type-product","3":"status-publish","4":"has-post-thumbnail","6":"product_brand-norton","7":"product_cat-non-categorise","8":"desktop-align-left","9":"tablet-align-left","10":"mobile-align-left","12":"first","13":"instock","14":"taxable","15":"shipping-taxable","16":"purchasable","17":"product-type-simple"},"acf":[],"_links":{"self":[{"href":"https:\/\/ztsports.com\/fr\/wp-json\/wp\/v2\/product\/22204","targetHints":{"allow":["GET"]}}],"collection":[{"href":"https:\/\/ztsports.com\/fr\/wp-json\/wp\/v2\/product"}],"about":[{"href":"https:\/\/ztsports.com\/fr\/wp-json\/wp\/v2\/types\/product"}],"replies":[{"embeddable":true,"href":"https:\/\/ztsports.com\/fr\/wp-json\/wp\/v2\/comments?post=22204"}],"version-history":[{"count":2,"href":"https:\/\/ztsports.com\/fr\/wp-json\/wp\/v2\/product\/22204\/revisions"}],"predecessor-version":[{"id":22228,"href":"https:\/\/ztsports.com\/fr\/wp-json\/wp\/v2\/product\/22204\/revisions\/22228"}],"wp:featuredmedia":[{"embeddable":true,"href":"https:\/\/ztsports.com\/fr\/wp-json\/wp\/v2\/media\/22203"}],"wp:attachment":[{"href":"https:\/\/ztsports.com\/fr\/wp-json\/wp\/v2\/media?parent=22204"}],"wp:term":[{"taxonomy":"product_brand","embeddable":true,"href":"https:\/\/ztsports.com\/fr\/wp-json\/wp\/v2\/product_brand?post=22204"},{"taxonomy":"product_cat","embeddable":true,"href":"https:\/\/ztsports.com\/fr\/wp-json\/wp\/v2\/product_cat?post=22204"},{"taxonomy":"product_tag","embeddable":true,"href":"https:\/\/ztsports.com\/fr\/wp-json\/wp\/v2\/product_tag?post=22204"}],"curies":[{"name":"wp","href":"https:\/\/api.w.org\/{rel}","templated":true}]}}