{"id":22194,"date":"2025-01-22T17:57:52","date_gmt":"2025-01-22T17:57:52","guid":{"rendered":"https:\/\/ztsports.com\/?post_type=product&#038;p=22194"},"modified":"2026-04-13T02:19:50","modified_gmt":"2026-04-13T02:19:50","slug":"platinum-k390-ice-short-track-blade-new-color","status":"publish","type":"product","link":"https:\/\/ztsports.com\/fr\/store\/platinum-k390-ice-short-track-blade-new-color\/","title":{"rendered":"Platinum K390 Ice Short Track Blade New Color"},"content":{"rendered":"<h2>Lame de Patinage Courte Piste Platinum K390<\/h2>\n<p>La l\u00e9gendaire lame <strong>Bont Platinum K390<\/strong> pour patinage courte piste est de retour. Fabriqu\u00e9e en acier B\u00f6hler K390 en poudre m\u00e9tallique, chaque lame est meul\u00e9e lentement pour produire une pi\u00e8ce parfaitement droite. La structure fine de l&#8217;acier en poudre offre des propri\u00e9t\u00e9s de glisse exceptionnelles et une r\u00e9tention de tranchant jusqu&#8217;\u00e0 8 fois sup\u00e9rieure aux lames en acier classique. Le tube conserve la plus haute rigidit\u00e9 de flexion du march\u00e9.<\/p>\n<h3>Sp\u00e9cifications du Platinum K390<\/h3>\n<ul>\n<li><strong>Mat\u00e9riau de la cup:<\/strong> Aluminium 7075 T6<\/li>\n<li><strong>Rayon:<\/strong> 9m<\/li>\n<li><strong>Longueurs:<\/strong> 15&#8243;, 15,5&#8243;, 16&#8243;, 16,5&#8243;, 17&#8243;, 17,5&#8243;, 18&#8243;<\/li>\n<li><strong>\u00c9paisseur de la lame:<\/strong> 1,1 mm<\/li>\n<li><strong>Duret\u00e9:<\/strong> 64 Rockwell<\/li>\n<li><strong>Flexion:<\/strong> Form\u00e9e \u00e0 la machine<\/li>\n<li><strong>Hauteur de la cup:<\/strong> 25 mm (standard)<\/li>\n<li><strong>Non pr\u00e9-aff\u00fbt\u00e9e<\/strong><\/li>\n<\/ul>\n<p>La Bont Platinum K390 est consid\u00e9r\u00e9e par de nombreux patineurs courte piste comme la meilleure lame jamais fabriqu\u00e9e. Contrairement aux syst\u00e8mes traditionnels o\u00f9 seuls certains patineurs d\u2019\u00e9quipes nationales pouvaient acc\u00e9der aux meilleures lames, Bont garantit que chaque lame est de haute qualit\u00e9, offrant \u00e0 tous les patineurs un \u00e9quipement performant.<\/p>\n<h3>Fabrication de la Platinum K390<\/h3>\n<ol>\n<li><strong>Acier en feuilles plates :<\/strong> La plupart des lames sont fabriqu\u00e9es \u00e0 partir d\u2019acier en rouleau, qui conserve une courbure et peut \u00eatre ondul\u00e9. Nous importons des feuilles d\u2019acier plates pour garantir la rectitude d\u00e8s le d\u00e9part.<\/li>\n<li><strong>Meulage de pr\u00e9cision :<\/strong> L\u2019acier est d\u00e9coup\u00e9 \u00e0 1,3 mm d\u2019\u00e9paisseur, puis meul\u00e9 0,1 mm de chaque c\u00f4t\u00e9 avec des pierres allemandes haut de gamme. Contrairement \u00e0 la production de masse, nous meulons seulement deux lames \u00e0 la fois pour \u00e9viter les d\u00e9formations dues \u00e0 la chaleur.<\/li>\n<li><strong>Optimisation de l\u2019emplacement de la colle :<\/strong> La fente pour la colle est r\u00e9duite pour minimiser la d\u00e9formation. Apr\u00e8s de nombreux tests, nous avons choisi un adh\u00e9sif plus performant r\u00e9duisant l\u2019espace de 0,1 mm.<\/li>\n<li><strong>Fixation contr\u00f4l\u00e9e de la colle :<\/strong> Pendant le s\u00e9chage de 14 heures, chaque lame est maintenue \u00e0 neuf points pour pr\u00e9server sa courbure pr\u00e9cise. Des gabarits sp\u00e9cialis\u00e9s sont utilis\u00e9s pour garantir l\u2019exactitude.<\/li>\n<li><strong>Polissage Brillance :<\/strong> Les c\u00f4t\u00e9s de la lame sont polis pour r\u00e9duire la friction lors des virages, am\u00e9liorant l\u2019efficacit\u00e9 de la glisse.<\/li>\n<li><strong>Rigidit\u00e9 optimale du tube :<\/strong> La rigidit\u00e9 a \u00e9t\u00e9 d\u00e9termin\u00e9e avec des simulations CAD-CAM et des tests r\u00e9els pour \u00e9quilibrer transfert de puissance et stabilit\u00e9, minimisant les chutes.<\/li>\n<li><strong>Mat\u00e9riaux premium :<\/strong> Le tube est fabriqu\u00e9 en aluminium 7075 T6, ce qui donne la couleur argent naturelle de la lame, difficile \u00e0 anodiser.<\/li>\n<\/ol>\n<p>Le r\u00e9sultat est la lame la plus rapide et la plus fiable pour courte piste, con\u00e7ue pour les patineurs exigeant la perfection.<\/p>\n<p>D\u00e9couvrez \u00e9galement toutes nos <a href=\"https:\/\/ztsports.com\/fr\/product-category\/blades\/\"><strong>Lames Courte Piste ici<\/strong><\/a> et n&#8217;oubliez pas la <strong><a href=\"https:\/\/ztsports.com\/product\/short-track-blade-preparation\/\">Pr\u00e9paration de la lame<\/a><\/strong> pour des performances optimales.<\/p>\n<p><a href=\"https:\/\/ztsports.com\/categorie-produit\/courte-piste\/lame\/?lang=fr\"><strong>Vous pouvez voir toutes nos lames Short Track ici.<\/strong><\/a><\/p>\n<p><a href=\"https:\/\/ztsports.com\/brand\/bont\/\"><strong>Vous pouvez trouver tous nos produits Bont ici.<\/strong><\/a><\/p>\n<h4>N\u2019oubliez pas d\u2019ajouter la\u00a0<strong><a href=\"https:\/\/ztsports.com\/produit\/preparation-des-lames-pour-la-piste-courte\/?lang=fr\">Pr\u00e9paration de la lame.<\/a><\/strong><\/h4>\n","protected":false},"excerpt":{"rendered":"<p>Lame de Patinage Courte Piste Platinum K390 La l\u00e9gendaire lame Bont Platinum K390 pour patinage courte piste est de retour. Fabriqu\u00e9e en acier B\u00f6hler K390 en poudre m\u00e9tallique, chaque lame est meul\u00e9e lentement pour produire une pi\u00e8ce parfaitement droite. La structure fine de l&#8217;acier en poudre offre des propri\u00e9t\u00e9s de glisse exceptionnelles et une r\u00e9tention [&hellip;]<\/p>\n","protected":false},"featured_media":22193,"comment_status":"open","ping_status":"closed","template":"","meta":{"_acf_changed":false,"_monsterinsights_skip_tracking":false,"_monsterinsights_sitenote_active":false,"_monsterinsights_sitenote_note":"","_monsterinsights_sitenote_category":0,"_uf_show_specific_survey":0,"_uf_disable_surveys":false,"site-sidebar-layout":"default","site-content-layout":"","ast-site-content-layout":"default","site-content-style":"default","site-sidebar-style":"default","ast-global-header-display":"","ast-banner-title-visibility":"","ast-main-header-display":"","ast-hfb-above-header-display":"","ast-hfb-below-header-display":"","ast-hfb-mobile-header-display":"","site-post-title":"","ast-breadcrumbs-content":"","ast-featured-img":"","footer-sml-layout":"","ast-disable-related-posts":"","theme-transparent-header-meta":"default","adv-header-id-meta":"","stick-header-meta":"","header-above-stick-meta":"","header-main-stick-meta":"","header-below-stick-meta":"","astra-migrate-meta-layouts":"set","ast-page-background-enabled":"default","ast-page-background-meta":{"desktop":{"background-color":"","background-image":"","background-repeat":"repeat","background-position":"center center","background-size":"auto","background-attachment":"scroll","background-type":"","background-media":"","overlay-type":"","overlay-color":"","overlay-opacity":"","overlay-gradient":""},"tablet":{"background-color":"","background-image":"","background-repeat":"repeat","background-position":"center center","background-size":"auto","background-attachment":"scroll","background-type":"","background-media":"","overlay-type":"","overlay-color":"","overlay-opacity":"","overlay-gradient":""},"mobile":{"background-color":"","background-image":"","background-repeat":"repeat","background-position":"center center","background-size":"auto","background-attachment":"scroll","background-type":"","background-media":"","overlay-type":"","overlay-color":"","overlay-opacity":"","overlay-gradient":""}},"ast-content-background-meta":{"desktop":{"background-color":"var(--ast-global-color-5)","background-image":"","background-repeat":"repeat","background-position":"center center","background-size":"auto","background-attachment":"scroll","background-type":"","background-media":"","overlay-type":"","overlay-color":"","overlay-opacity":"","overlay-gradient":""},"tablet":{"background-color":"var(--ast-global-color-5)","background-image":"","background-repeat":"repeat","background-position":"center center","background-size":"auto","background-attachment":"scroll","background-type":"","background-media":"","overlay-type":"","overlay-color":"","overlay-opacity":"","overlay-gradient":""},"mobile":{"background-color":"var(--ast-global-color-5)","background-image":"","background-repeat":"repeat","background-position":"center center","background-size":"auto","background-attachment":"scroll","background-type":"","background-media":"","overlay-type":"","overlay-color":"","overlay-opacity":"","overlay-gradient":""}}},"product_brand":[3285],"product_cat":[4561,4560],"product_tag":[],"class_list":{"0":"post-22194","1":"product","2":"type-product","3":"status-publish","4":"has-post-thumbnail","6":"product_brand-bont","7":"product_cat-blades","8":"product_cat-short-track-blades","9":"desktop-align-left","10":"tablet-align-left","11":"mobile-align-left","13":"first","14":"instock","15":"taxable","16":"shipping-taxable","17":"purchasable","18":"product-type-simple"},"acf":[],"_links":{"self":[{"href":"https:\/\/ztsports.com\/fr\/wp-json\/wp\/v2\/product\/22194","targetHints":{"allow":["GET"]}}],"collection":[{"href":"https:\/\/ztsports.com\/fr\/wp-json\/wp\/v2\/product"}],"about":[{"href":"https:\/\/ztsports.com\/fr\/wp-json\/wp\/v2\/types\/product"}],"replies":[{"embeddable":true,"href":"https:\/\/ztsports.com\/fr\/wp-json\/wp\/v2\/comments?post=22194"}],"version-history":[{"count":4,"href":"https:\/\/ztsports.com\/fr\/wp-json\/wp\/v2\/product\/22194\/revisions"}],"predecessor-version":[{"id":25294,"href":"https:\/\/ztsports.com\/fr\/wp-json\/wp\/v2\/product\/22194\/revisions\/25294"}],"wp:featuredmedia":[{"embeddable":true,"href":"https:\/\/ztsports.com\/fr\/wp-json\/wp\/v2\/media\/22193"}],"wp:attachment":[{"href":"https:\/\/ztsports.com\/fr\/wp-json\/wp\/v2\/media?parent=22194"}],"wp:term":[{"taxonomy":"product_brand","embeddable":true,"href":"https:\/\/ztsports.com\/fr\/wp-json\/wp\/v2\/product_brand?post=22194"},{"taxonomy":"product_cat","embeddable":true,"href":"https:\/\/ztsports.com\/fr\/wp-json\/wp\/v2\/product_cat?post=22194"},{"taxonomy":"product_tag","embeddable":true,"href":"https:\/\/ztsports.com\/fr\/wp-json\/wp\/v2\/product_tag?post=22194"}],"curies":[{"name":"wp","href":"https:\/\/api.w.org\/{rel}","templated":true}]}}