{"id":22190,"date":"2025-02-06T09:46:26","date_gmt":"2025-02-06T09:46:26","guid":{"rendered":"https:\/\/ztsports.com\/?post_type=product&#038;p=22190"},"modified":"2026-03-06T11:00:01","modified_gmt":"2026-03-06T11:00:01","slug":"bont-bolts-for-platinum-cups","status":"publish","type":"product","link":"https:\/\/ztsports.com\/fr\/store\/bont-bolts-for-platinum-cups\/","title":{"rendered":"BONT Bolts for Platinum Cups"},"content":{"rendered":"<h1 class=\"product_title entry-title\">Boulons BONT pour Coupes Platinum<\/h1>\n<p><strong>Lot de 8<\/strong> boulons de rechange pour les lames BONT Platinum et Platinum X. Ces boulons sont sp\u00e9cialement con\u00e7us pour s\u2019adapter aux lames de patinage haute performance BONT, garantissant une connexion stable et s\u00e9curis\u00e9e entre la botte et la lame\u2014essentielle pour des performances optimales sur la glace.<\/p>\n<p>Pi\u00e8ces d\u2019origine BONT. Chaque boulon respecte les normes strictes de qualit\u00e9 BONT pour la durabilit\u00e9 et la fiabilit\u00e9, m\u00eame en utilisation intense. L\u2019utilisation de pi\u00e8ces authentiques assure \u00e0 la fois performance maximale et s\u00e9curit\u00e9.<\/p>\n<p>Indispensable pour les patineurs, entra\u00eeneurs et responsables de mat\u00e9riel. Avoir un lot de rechange permet de faire face \u00e0 tout probl\u00e8me impr\u00e9vu lors des entra\u00eenements ou comp\u00e9titions, gagnant du temps et \u00e9vitant la frustration.<\/p>\n<p>L\u2019installation est simple, permettant aux patineurs de remplacer facilement les boulons eux-m\u00eames. Un entretien r\u00e9gulier, incluant la v\u00e9rification des boulons, prolonge la dur\u00e9e de vie des patins et am\u00e9liore les performances. Des boulons desserr\u00e9s ou endommag\u00e9s peuvent provoquer des accidents, ce qui rend les boulons BONT authentiques prioritaires pour la s\u00e9curit\u00e9.<\/p>\n<p>Comprendre les diff\u00e9rents types de boulons et leurs applications aide les patineurs \u00e0 choisir la meilleure option selon leur style, la fr\u00e9quence d\u2019utilisation et leurs pr\u00e9f\u00e9rences personnelles.<\/p>\n<p>Vous cherchez des <a href=\"https:\/\/ztsports.com\/product-category\/short-track\/parts-and-screws\/\"><strong>pi\u00e8ces, vis et outils pour patins de vitesse<\/strong><\/a> ?<\/p>\n","protected":false},"excerpt":{"rendered":"<p>Boulons BONT pour Coupes Platinum Lot de 8 boulons de rechange pour les lames BONT Platinum et Platinum X. Ces boulons sont sp\u00e9cialement con\u00e7us pour s\u2019adapter aux lames de patinage haute performance BONT, garantissant une connexion stable et s\u00e9curis\u00e9e entre la botte et la lame\u2014essentielle pour des performances optimales sur la glace. Pi\u00e8ces d\u2019origine BONT. [&hellip;]<\/p>\n","protected":false},"featured_media":22189,"comment_status":"open","ping_status":"closed","template":"","meta":{"_acf_changed":false,"_monsterinsights_skip_tracking":false,"_monsterinsights_sitenote_active":false,"_monsterinsights_sitenote_note":"","_monsterinsights_sitenote_category":0,"_uf_show_specific_survey":0,"_uf_disable_surveys":false,"site-sidebar-layout":"default","site-content-layout":"","ast-site-content-layout":"default","site-content-style":"default","site-sidebar-style":"default","ast-global-header-display":"","ast-banner-title-visibility":"","ast-main-header-display":"","ast-hfb-above-header-display":"","ast-hfb-below-header-display":"","ast-hfb-mobile-header-display":"","site-post-title":"","ast-breadcrumbs-content":"","ast-featured-img":"","footer-sml-layout":"","ast-disable-related-posts":"","theme-transparent-header-meta":"default","adv-header-id-meta":"","stick-header-meta":"","header-above-stick-meta":"","header-main-stick-meta":"","header-below-stick-meta":"","astra-migrate-meta-layouts":"set","ast-page-background-enabled":"default","ast-page-background-meta":{"desktop":{"background-color":"","background-image":"","background-repeat":"repeat","background-position":"center center","background-size":"auto","background-attachment":"scroll","background-type":"","background-media":"","overlay-type":"","overlay-color":"","overlay-opacity":"","overlay-gradient":""},"tablet":{"background-color":"","background-image":"","background-repeat":"repeat","background-position":"center center","background-size":"auto","background-attachment":"scroll","background-type":"","background-media":"","overlay-type":"","overlay-color":"","overlay-opacity":"","overlay-gradient":""},"mobile":{"background-color":"","background-image":"","background-repeat":"repeat","background-position":"center center","background-size":"auto","background-attachment":"scroll","background-type":"","background-media":"","overlay-type":"","overlay-color":"","overlay-opacity":"","overlay-gradient":""}},"ast-content-background-meta":{"desktop":{"background-color":"var(--ast-global-color-5)","background-image":"","background-repeat":"repeat","background-position":"center center","background-size":"auto","background-attachment":"scroll","background-type":"","background-media":"","overlay-type":"","overlay-color":"","overlay-opacity":"","overlay-gradient":""},"tablet":{"background-color":"var(--ast-global-color-5)","background-image":"","background-repeat":"repeat","background-position":"center center","background-size":"auto","background-attachment":"scroll","background-type":"","background-media":"","overlay-type":"","overlay-color":"","overlay-opacity":"","overlay-gradient":""},"mobile":{"background-color":"var(--ast-global-color-5)","background-image":"","background-repeat":"repeat","background-position":"center center","background-size":"auto","background-attachment":"scroll","background-type":"","background-media":"","overlay-type":"","overlay-color":"","overlay-opacity":"","overlay-gradient":""}}},"product_brand":[3285],"product_cat":[4561],"product_tag":[3799,3796,4562],"class_list":{"0":"post-22190","1":"product","2":"type-product","3":"status-publish","4":"has-post-thumbnail","6":"product_brand-bont","7":"product_cat-blades","8":"product_tag-bont","9":"product_tag-short-track","10":"product_tag-speed-skating","11":"desktop-align-left","12":"tablet-align-left","13":"mobile-align-left","15":"first","16":"instock","17":"taxable","18":"shipping-taxable","19":"purchasable","20":"product-type-simple"},"acf":[],"_links":{"self":[{"href":"https:\/\/ztsports.com\/fr\/wp-json\/wp\/v2\/product\/22190","targetHints":{"allow":["GET"]}}],"collection":[{"href":"https:\/\/ztsports.com\/fr\/wp-json\/wp\/v2\/product"}],"about":[{"href":"https:\/\/ztsports.com\/fr\/wp-json\/wp\/v2\/types\/product"}],"replies":[{"embeddable":true,"href":"https:\/\/ztsports.com\/fr\/wp-json\/wp\/v2\/comments?post=22190"}],"version-history":[{"count":3,"href":"https:\/\/ztsports.com\/fr\/wp-json\/wp\/v2\/product\/22190\/revisions"}],"predecessor-version":[{"id":22236,"href":"https:\/\/ztsports.com\/fr\/wp-json\/wp\/v2\/product\/22190\/revisions\/22236"}],"wp:featuredmedia":[{"embeddable":true,"href":"https:\/\/ztsports.com\/fr\/wp-json\/wp\/v2\/media\/22189"}],"wp:attachment":[{"href":"https:\/\/ztsports.com\/fr\/wp-json\/wp\/v2\/media?parent=22190"}],"wp:term":[{"taxonomy":"product_brand","embeddable":true,"href":"https:\/\/ztsports.com\/fr\/wp-json\/wp\/v2\/product_brand?post=22190"},{"taxonomy":"product_cat","embeddable":true,"href":"https:\/\/ztsports.com\/fr\/wp-json\/wp\/v2\/product_cat?post=22190"},{"taxonomy":"product_tag","embeddable":true,"href":"https:\/\/ztsports.com\/fr\/wp-json\/wp\/v2\/product_tag?post=22190"}],"curies":[{"name":"wp","href":"https:\/\/api.w.org\/{rel}","templated":true}]}}