{"id":22186,"date":"2025-02-06T10:04:07","date_gmt":"2025-02-06T10:04:07","guid":{"rendered":"https:\/\/ztsports.com\/?post_type=product&#038;p=22186"},"modified":"2026-03-06T10:37:43","modified_gmt":"2026-03-06T10:37:43","slug":"bont-boot-mounting-set","status":"publish","type":"product","link":"https:\/\/ztsports.com\/fr\/store\/bont-boot-mounting-set\/","title":{"rendered":"Bont Boot Mounting Set"},"content":{"rendered":"<p>Ce kit de montage pour bottes Bont comprend 4 boulons \u00e0 t\u00eate hexagonale en acier zingu\u00e9 de 10 mm ainsi que 4 <strong>rondelles robustes<\/strong> (et non les rondelles l\u00e9g\u00e8res fournies avec vos bottes).<\/p>\n<p>Une excellente pi\u00e8ce de remplacement ou de secours lorsque vous voyagez pour des comp\u00e9titions.<\/p>\n<p>Un indispensable pour chaque patineur, gestionnaire d\u2019\u00e9quipement ou entra\u00eeneur.<\/p>\n<p>Pour les commandes en gros destin\u00e9es aux clubs, veuillez envoyer un courriel \u00e0<br \/>\n<a href=\"mailto:info@ztsports.com\"><strong>info@ztsports.com<\/strong><\/a>.<\/p>\n<p>Vous cherchez une cl\u00e9 de 10 mm adapt\u00e9e pour votre kit ?<br \/>\n<a href=\"https:\/\/ztsports.com\/product\/short-track-wrench-10mm\/\"><strong>Nous l\u2019avons ici.<\/strong><\/a><\/p>\n","protected":false},"excerpt":{"rendered":"<p>Ce kit de montage pour bottes Bont comprend 4 boulons \u00e0 t\u00eate hexagonale en acier zingu\u00e9 de 10 mm ainsi que 4 rondelles robustes (et non les rondelles l\u00e9g\u00e8res fournies avec vos bottes). Une excellente pi\u00e8ce de remplacement ou de secours lorsque vous voyagez pour des comp\u00e9titions. Un indispensable pour chaque patineur, gestionnaire d\u2019\u00e9quipement ou [&hellip;]<\/p>\n","protected":false},"featured_media":22181,"comment_status":"open","ping_status":"closed","template":"","meta":{"_acf_changed":false,"_monsterinsights_skip_tracking":false,"_monsterinsights_sitenote_active":false,"_monsterinsights_sitenote_note":"","_monsterinsights_sitenote_category":0,"_uf_show_specific_survey":0,"_uf_disable_surveys":false,"site-sidebar-layout":"default","site-content-layout":"","ast-site-content-layout":"default","site-content-style":"default","site-sidebar-style":"default","ast-global-header-display":"","ast-banner-title-visibility":"","ast-main-header-display":"","ast-hfb-above-header-display":"","ast-hfb-below-header-display":"","ast-hfb-mobile-header-display":"","site-post-title":"","ast-breadcrumbs-content":"","ast-featured-img":"","footer-sml-layout":"","ast-disable-related-posts":"","theme-transparent-header-meta":"default","adv-header-id-meta":"","stick-header-meta":"","header-above-stick-meta":"","header-main-stick-meta":"","header-below-stick-meta":"","astra-migrate-meta-layouts":"set","ast-page-background-enabled":"default","ast-page-background-meta":{"desktop":{"background-color":"","background-image":"","background-repeat":"repeat","background-position":"center center","background-size":"auto","background-attachment":"scroll","background-type":"","background-media":"","overlay-type":"","overlay-color":"","overlay-opacity":"","overlay-gradient":""},"tablet":{"background-color":"","background-image":"","background-repeat":"repeat","background-position":"center center","background-size":"auto","background-attachment":"scroll","background-type":"","background-media":"","overlay-type":"","overlay-color":"","overlay-opacity":"","overlay-gradient":""},"mobile":{"background-color":"","background-image":"","background-repeat":"repeat","background-position":"center center","background-size":"auto","background-attachment":"scroll","background-type":"","background-media":"","overlay-type":"","overlay-color":"","overlay-opacity":"","overlay-gradient":""}},"ast-content-background-meta":{"desktop":{"background-color":"var(--ast-global-color-5)","background-image":"","background-repeat":"repeat","background-position":"center center","background-size":"auto","background-attachment":"scroll","background-type":"","background-media":"","overlay-type":"","overlay-color":"","overlay-opacity":"","overlay-gradient":""},"tablet":{"background-color":"var(--ast-global-color-5)","background-image":"","background-repeat":"repeat","background-position":"center center","background-size":"auto","background-attachment":"scroll","background-type":"","background-media":"","overlay-type":"","overlay-color":"","overlay-opacity":"","overlay-gradient":""},"mobile":{"background-color":"var(--ast-global-color-5)","background-image":"","background-repeat":"repeat","background-position":"center center","background-size":"auto","background-attachment":"scroll","background-type":"","background-media":"","overlay-type":"","overlay-color":"","overlay-opacity":"","overlay-gradient":""}}},"product_brand":[3285],"product_cat":[3378],"product_tag":[3799,3796,4562],"class_list":{"0":"post-22186","1":"product","2":"type-product","3":"status-publish","4":"has-post-thumbnail","6":"product_brand-bont","7":"product_cat-non-categorise","8":"product_tag-bont","9":"product_tag-short-track","10":"product_tag-speed-skating","11":"desktop-align-left","12":"tablet-align-left","13":"mobile-align-left","15":"first","16":"instock","17":"taxable","18":"shipping-taxable","19":"purchasable","20":"product-type-simple"},"acf":[],"_links":{"self":[{"href":"https:\/\/ztsports.com\/fr\/wp-json\/wp\/v2\/product\/22186","targetHints":{"allow":["GET"]}}],"collection":[{"href":"https:\/\/ztsports.com\/fr\/wp-json\/wp\/v2\/product"}],"about":[{"href":"https:\/\/ztsports.com\/fr\/wp-json\/wp\/v2\/types\/product"}],"replies":[{"embeddable":true,"href":"https:\/\/ztsports.com\/fr\/wp-json\/wp\/v2\/comments?post=22186"}],"version-history":[{"count":2,"href":"https:\/\/ztsports.com\/fr\/wp-json\/wp\/v2\/product\/22186\/revisions"}],"predecessor-version":[{"id":22188,"href":"https:\/\/ztsports.com\/fr\/wp-json\/wp\/v2\/product\/22186\/revisions\/22188"}],"wp:featuredmedia":[{"embeddable":true,"href":"https:\/\/ztsports.com\/fr\/wp-json\/wp\/v2\/media\/22181"}],"wp:attachment":[{"href":"https:\/\/ztsports.com\/fr\/wp-json\/wp\/v2\/media?parent=22186"}],"wp:term":[{"taxonomy":"product_brand","embeddable":true,"href":"https:\/\/ztsports.com\/fr\/wp-json\/wp\/v2\/product_brand?post=22186"},{"taxonomy":"product_cat","embeddable":true,"href":"https:\/\/ztsports.com\/fr\/wp-json\/wp\/v2\/product_cat?post=22186"},{"taxonomy":"product_tag","embeddable":true,"href":"https:\/\/ztsports.com\/fr\/wp-json\/wp\/v2\/product_tag?post=22186"}],"curies":[{"name":"wp","href":"https:\/\/api.w.org\/{rel}","templated":true}]}}