{"id":22169,"date":"2025-02-06T18:04:32","date_gmt":"2025-02-06T18:04:32","guid":{"rendered":"https:\/\/ztsports.com\/?post_type=product&#038;p=22169"},"modified":"2026-03-12T11:09:59","modified_gmt":"2026-03-12T11:09:59","slug":"kapvoe-junior-skating-glasses-new","status":"publish","type":"product","link":"https:\/\/ztsports.com\/fr\/store\/kapvoe-junior-skating-glasses-new\/","title":{"rendered":"Kapvoe Junior Skating Glasses New!"},"content":{"rendered":"<h1>Lunettes de patinage Kapvoe Junior<\/h1>\n<p>Lunettes de patinage Kapvoe Junior. Ces lunettes sont livr\u00e9es avec trois verres interchangeables : un verre color\u00e9, un verre polaris\u00e9 pour une meilleure vision et plus de confort, et un verre transparent.<\/p>\n<p>La monture en TR90 est l\u00e9g\u00e8re et offre une protection compl\u00e8te du cadre, et la pi\u00e8ce nasale en caoutchouc incluse assure un ajustement confortable.<\/p>\n<p>De plus, les lunettes Kapvoe Junior comprennent une monture myopie pour verres correcteurs, un chiffon pour lunettes, une pochette pour lunettes et un \u00e9tui de protection.<\/p>\n<p>Nous pensons que ces lunettes am\u00e9lioreront votre exp\u00e9rience de patinage.<\/p>\n<p><em>Kapvoe est une marque professionnelle sp\u00e9cialis\u00e9e dans le cyclisme et le patinage de vitesse.<\/em><\/p>\n<p>Elle propose des lunettes de cyclisme de haute qualit\u00e9, des lunettes de protection et des \u00e9quipements pour sports de plein air.<\/p>\n<p dir=\"ltr\" data-placeholder=\"Translation\"><strong><br \/>\n<span class=\"Y2IQFc\" lang=\"en\">FPVQ &amp; <a href=\"https:\/\/www.ontariospeedskating.ca\/safety-equipment\" target=\"_blank\" rel=\"noopener\">OSSA : Accessoire obligatoire<\/a> en comp\u00e9tition.<\/span><br \/>\n<\/strong><\/p>\n<p dir=\"ltr\" data-placeholder=\"Translation\">Enfin, veuillez consulter ici toute notre<br \/>\n<a href=\"https:\/\/ztsports.ca\/product-category\/speed-skating-protection-equipment\/glasses\/\" target=\"_blank\" rel=\"noopener\"><br \/>\n<strong>collection de lunettes de protection pour patinage de vitesse<\/strong><br \/>\n<\/a><\/p>\n","protected":false},"excerpt":{"rendered":"<p>Lunettes de patinage Kapvoe Junior Lunettes de patinage Kapvoe Junior. Ces lunettes sont livr\u00e9es avec trois verres interchangeables : un verre color\u00e9, un verre polaris\u00e9 pour une meilleure vision et plus de confort, et un verre transparent. La monture en TR90 est l\u00e9g\u00e8re et offre une protection compl\u00e8te du cadre, et la pi\u00e8ce nasale en [&hellip;]<\/p>\n","protected":false},"featured_media":22163,"comment_status":"open","ping_status":"closed","template":"","meta":{"_acf_changed":false,"_monsterinsights_skip_tracking":false,"_monsterinsights_sitenote_active":false,"_monsterinsights_sitenote_note":"","_monsterinsights_sitenote_category":0,"_uf_show_specific_survey":0,"_uf_disable_surveys":false,"site-sidebar-layout":"default","site-content-layout":"","ast-site-content-layout":"default","site-content-style":"default","site-sidebar-style":"default","ast-global-header-display":"","ast-banner-title-visibility":"","ast-main-header-display":"","ast-hfb-above-header-display":"","ast-hfb-below-header-display":"","ast-hfb-mobile-header-display":"","site-post-title":"","ast-breadcrumbs-content":"","ast-featured-img":"","footer-sml-layout":"","ast-disable-related-posts":"","theme-transparent-header-meta":"default","adv-header-id-meta":"","stick-header-meta":"","header-above-stick-meta":"","header-main-stick-meta":"","header-below-stick-meta":"","astra-migrate-meta-layouts":"set","ast-page-background-enabled":"default","ast-page-background-meta":{"desktop":{"background-color":"","background-image":"","background-repeat":"repeat","background-position":"center center","background-size":"auto","background-attachment":"scroll","background-type":"","background-media":"","overlay-type":"","overlay-color":"","overlay-opacity":"","overlay-gradient":""},"tablet":{"background-color":"","background-image":"","background-repeat":"repeat","background-position":"center center","background-size":"auto","background-attachment":"scroll","background-type":"","background-media":"","overlay-type":"","overlay-color":"","overlay-opacity":"","overlay-gradient":""},"mobile":{"background-color":"","background-image":"","background-repeat":"repeat","background-position":"center center","background-size":"auto","background-attachment":"scroll","background-type":"","background-media":"","overlay-type":"","overlay-color":"","overlay-opacity":"","overlay-gradient":""}},"ast-content-background-meta":{"desktop":{"background-color":"var(--ast-global-color-5)","background-image":"","background-repeat":"repeat","background-position":"center center","background-size":"auto","background-attachment":"scroll","background-type":"","background-media":"","overlay-type":"","overlay-color":"","overlay-opacity":"","overlay-gradient":""},"tablet":{"background-color":"var(--ast-global-color-5)","background-image":"","background-repeat":"repeat","background-position":"center center","background-size":"auto","background-attachment":"scroll","background-type":"","background-media":"","overlay-type":"","overlay-color":"","overlay-opacity":"","overlay-gradient":""},"mobile":{"background-color":"var(--ast-global-color-5)","background-image":"","background-repeat":"repeat","background-position":"center center","background-size":"auto","background-attachment":"scroll","background-type":"","background-media":"","overlay-type":"","overlay-color":"","overlay-opacity":"","overlay-gradient":""}}},"product_brand":[3313],"product_cat":[4565,3381],"product_tag":[],"class_list":{"0":"post-22169","1":"product","2":"type-product","3":"status-publish","4":"has-post-thumbnail","6":"product_brand-kapvoe","7":"product_cat-accessoires","8":"product_cat-patinage-de-vitesse-en-ligne","9":"desktop-align-left","10":"tablet-align-left","11":"mobile-align-left","13":"first","14":"instock","15":"sale","16":"taxable","17":"shipping-taxable","18":"purchasable","19":"product-type-simple"},"acf":[],"_links":{"self":[{"href":"https:\/\/ztsports.com\/fr\/wp-json\/wp\/v2\/product\/22169","targetHints":{"allow":["GET"]}}],"collection":[{"href":"https:\/\/ztsports.com\/fr\/wp-json\/wp\/v2\/product"}],"about":[{"href":"https:\/\/ztsports.com\/fr\/wp-json\/wp\/v2\/types\/product"}],"replies":[{"embeddable":true,"href":"https:\/\/ztsports.com\/fr\/wp-json\/wp\/v2\/comments?post=22169"}],"version-history":[{"count":1,"href":"https:\/\/ztsports.com\/fr\/wp-json\/wp\/v2\/product\/22169\/revisions"}],"predecessor-version":[{"id":22180,"href":"https:\/\/ztsports.com\/fr\/wp-json\/wp\/v2\/product\/22169\/revisions\/22180"}],"wp:featuredmedia":[{"embeddable":true,"href":"https:\/\/ztsports.com\/fr\/wp-json\/wp\/v2\/media\/22163"}],"wp:attachment":[{"href":"https:\/\/ztsports.com\/fr\/wp-json\/wp\/v2\/media?parent=22169"}],"wp:term":[{"taxonomy":"product_brand","embeddable":true,"href":"https:\/\/ztsports.com\/fr\/wp-json\/wp\/v2\/product_brand?post=22169"},{"taxonomy":"product_cat","embeddable":true,"href":"https:\/\/ztsports.com\/fr\/wp-json\/wp\/v2\/product_cat?post=22169"},{"taxonomy":"product_tag","embeddable":true,"href":"https:\/\/ztsports.com\/fr\/wp-json\/wp\/v2\/product_tag?post=22169"}],"curies":[{"name":"wp","href":"https:\/\/api.w.org\/{rel}","templated":true}]}}