{"id":22162,"date":"2025-02-08T09:50:07","date_gmt":"2025-02-08T09:50:07","guid":{"rendered":"https:\/\/ztsports.com\/?post_type=product&#038;p=22162"},"modified":"2026-03-12T11:10:11","modified_gmt":"2026-03-12T11:10:11","slug":"short-track-wrench-10mm","status":"publish","type":"product","link":"https:\/\/ztsports.com\/fr\/store\/short-track-wrench-10mm\/","title":{"rendered":"Short Track Wrench 10mm"},"content":{"rendered":"<h1>Cl\u00e9 Short Track 10 mm<\/h1>\n<p>Cl\u00e9 de 10 mm \u00e0 double usage avec extr\u00e9mit\u00e9 ouverte, con\u00e7ue pour les <strong>boulons de bottes de patins de vitesse<\/strong>. Id\u00e9ale pour les r\u00e9parations d\u2019\u00e9quipement de patinage ou pour diverses t\u00e2ches domestiques.<\/p>\n<p>Un outil indispensable pour tout <strong>entra\u00eeneur, patineur, responsable d\u2019\u00e9quipement, parent de patineur, arbitre<\/strong> ou pour compl\u00e9ter un sac d\u2019\u00e9quipement ou un kit d\u2019aff\u00fbtage. Cette cl\u00e9 Short Track 10 mm est polyvalente, fiable et facile \u00e0 utiliser.<\/p>\n<ul class=\"nl-features__list\">\n<li>\n<p class=\"nl-features__information\">Acier alli\u00e9 chrome-vanadium de haute qualit\u00e9<\/p>\n<p class=\"nl-features__information\">Con\u00e7ue pour offrir une efficacit\u00e9 et une fiabilit\u00e9 maximales.<\/p>\n<\/li>\n<li>\n<p class=\"nl-features__information\">Finition enti\u00e8rement polie pour plus de confort et un nettoyage facile<\/p>\n<\/li>\n<\/ul>\n<h2>\u00c0 propos de cet article<\/h2>\n<p>La cl\u00e9 Short Track permet d\u2019effectuer facilement les r\u00e9parations et les ajustements n\u00e9cessaires sur les patins de vitesse.<\/p>\n<ul>\n<li>\u3010Arc standard\u3011La cl\u00e9 poss\u00e8de une ouverture en arc standard qui r\u00e9duit la friction et l\u2019usure tout en assurant une meilleure prise sur l\u2019\u00e9crou.<\/li>\n<li>\u3010Gain de temps et d\u2019effort\u3011La longueur optimis\u00e9e de la cl\u00e9 augmente le bras de levier et permet d\u2019exercer un couple plus important avec moins d\u2019effort.<\/li>\n<li>\u3010R\u00e9sistance \u00e0 la rouille\u3011Sa structure renforc\u00e9e et sa surface polie offrent une excellente r\u00e9sistance \u00e0 la corrosion.<\/li>\n<li>\u3010Acier chrome-vanadium\u3011Fabriqu\u00e9e en acier chrome-vanadium pour une grande duret\u00e9 et une longue dur\u00e9e de vie.<\/li>\n<\/ul>\n<p>Gr\u00e2ce \u00e0 sa conception robuste, la cl\u00e9 Short Track est id\u00e9ale pour l\u2019entretien des patins de vitesse.<\/p>\n<ul>\n<li>\u3010Large gamme d\u2019applications\u3011Facile \u00e0 utiliser et adapt\u00e9e \u00e0 de nombreux travaux de r\u00e9paration et d\u2019entretien.<\/li>\n<\/ul>\n<p>Cette cl\u00e9 est \u00e9galement pratique pour de nombreuses t\u00e2ches domestiques, ce qui en fait un excellent ajout \u00e0 toute bo\u00eete \u00e0 outils.<\/p>\n<h3>Quelques faits sur l\u2019histoire des cl\u00e9s<\/h3>\n<p>L\u2019histoire de la cl\u00e9 remonte \u00e0 l\u2019Antiquit\u00e9, lorsque des outils similaires \u00e9taient d\u00e9j\u00e0 utilis\u00e9s par les Romains. Au fil des si\u00e8cles, de nombreuses innovations ont am\u00e9lior\u00e9 leur conception et leur efficacit\u00e9.<\/p>\n<ul>\n<li><strong>1835 :<\/strong> Solymon Merrick d\u00e9pose l\u2019un des premiers brevets pour une cl\u00e9 r\u00e9glable.<\/li>\n<li><strong>1858 :<\/strong> Charles Moncky d\u00e9veloppe la c\u00e9l\u00e8bre \u00ab monkey wrench \u00bb.<\/li>\n<li><strong>1870 :<\/strong> Daniel C. Stillson brev\u00e8te la cl\u00e9 \u00e0 griffe utilis\u00e9e par les plombiers.<\/li>\n<li><strong>1913 :<\/strong> Robert Owen Jr. introduit la cl\u00e9 \u00e0 cliquet.<\/li>\n<\/ul>\n<p>Aujourd\u2019hui, les cl\u00e9s sont des outils essentiels pour les m\u00e9caniciens, les techniciens et les sportifs, y compris les patineurs de vitesse.<\/p>\n","protected":false},"excerpt":{"rendered":"<p>Cl\u00e9 Short Track 10 mm Cl\u00e9 de 10 mm \u00e0 double usage avec extr\u00e9mit\u00e9 ouverte, con\u00e7ue pour les boulons de bottes de patins de vitesse. Id\u00e9ale pour les r\u00e9parations d\u2019\u00e9quipement de patinage ou pour diverses t\u00e2ches domestiques. Un outil indispensable pour tout entra\u00eeneur, patineur, responsable d\u2019\u00e9quipement, parent de patineur, arbitre ou pour compl\u00e9ter un sac [&hellip;]<\/p>\n","protected":false},"featured_media":22157,"comment_status":"open","ping_status":"closed","template":"","meta":{"_acf_changed":false,"_monsterinsights_skip_tracking":false,"_monsterinsights_sitenote_active":false,"_monsterinsights_sitenote_note":"","_monsterinsights_sitenote_category":0,"_uf_show_specific_survey":0,"_uf_disable_surveys":false,"site-sidebar-layout":"default","site-content-layout":"","ast-site-content-layout":"default","site-content-style":"default","site-sidebar-style":"default","ast-global-header-display":"","ast-banner-title-visibility":"","ast-main-header-display":"","ast-hfb-above-header-display":"","ast-hfb-below-header-display":"","ast-hfb-mobile-header-display":"","site-post-title":"","ast-breadcrumbs-content":"","ast-featured-img":"","footer-sml-layout":"","ast-disable-related-posts":"","theme-transparent-header-meta":"default","adv-header-id-meta":"","stick-header-meta":"","header-above-stick-meta":"","header-main-stick-meta":"","header-below-stick-meta":"","astra-migrate-meta-layouts":"set","ast-page-background-enabled":"default","ast-page-background-meta":{"desktop":{"background-color":"","background-image":"","background-repeat":"repeat","background-position":"center center","background-size":"auto","background-attachment":"scroll","background-type":"","background-media":"","overlay-type":"","overlay-color":"","overlay-opacity":"","overlay-gradient":""},"tablet":{"background-color":"","background-image":"","background-repeat":"repeat","background-position":"center center","background-size":"auto","background-attachment":"scroll","background-type":"","background-media":"","overlay-type":"","overlay-color":"","overlay-opacity":"","overlay-gradient":""},"mobile":{"background-color":"","background-image":"","background-repeat":"repeat","background-position":"center center","background-size":"auto","background-attachment":"scroll","background-type":"","background-media":"","overlay-type":"","overlay-color":"","overlay-opacity":"","overlay-gradient":""}},"ast-content-background-meta":{"desktop":{"background-color":"var(--ast-global-color-5)","background-image":"","background-repeat":"repeat","background-position":"center center","background-size":"auto","background-attachment":"scroll","background-type":"","background-media":"","overlay-type":"","overlay-color":"","overlay-opacity":"","overlay-gradient":""},"tablet":{"background-color":"var(--ast-global-color-5)","background-image":"","background-repeat":"repeat","background-position":"center center","background-size":"auto","background-attachment":"scroll","background-type":"","background-media":"","overlay-type":"","overlay-color":"","overlay-opacity":"","overlay-gradient":""},"mobile":{"background-color":"var(--ast-global-color-5)","background-image":"","background-repeat":"repeat","background-position":"center center","background-size":"auto","background-attachment":"scroll","background-type":"","background-media":"","overlay-type":"","overlay-color":"","overlay-opacity":"","overlay-gradient":""}}},"product_brand":[3365],"product_cat":[4565],"product_tag":[3796],"class_list":{"0":"post-22162","1":"product","2":"type-product","3":"status-publish","4":"has-post-thumbnail","6":"product_brand-zt-sports","7":"product_cat-accessoires","8":"product_tag-short-track","9":"desktop-align-left","10":"tablet-align-left","11":"mobile-align-left","13":"first","14":"instock","15":"taxable","16":"shipping-taxable","17":"purchasable","18":"product-type-simple"},"acf":[],"_links":{"self":[{"href":"https:\/\/ztsports.com\/fr\/wp-json\/wp\/v2\/product\/22162","targetHints":{"allow":["GET"]}}],"collection":[{"href":"https:\/\/ztsports.com\/fr\/wp-json\/wp\/v2\/product"}],"about":[{"href":"https:\/\/ztsports.com\/fr\/wp-json\/wp\/v2\/types\/product"}],"replies":[{"embeddable":true,"href":"https:\/\/ztsports.com\/fr\/wp-json\/wp\/v2\/comments?post=22162"}],"version-history":[{"count":1,"href":"https:\/\/ztsports.com\/fr\/wp-json\/wp\/v2\/product\/22162\/revisions"}],"predecessor-version":[{"id":22179,"href":"https:\/\/ztsports.com\/fr\/wp-json\/wp\/v2\/product\/22162\/revisions\/22179"}],"wp:featuredmedia":[{"embeddable":true,"href":"https:\/\/ztsports.com\/fr\/wp-json\/wp\/v2\/media\/22157"}],"wp:attachment":[{"href":"https:\/\/ztsports.com\/fr\/wp-json\/wp\/v2\/media?parent=22162"}],"wp:term":[{"taxonomy":"product_brand","embeddable":true,"href":"https:\/\/ztsports.com\/fr\/wp-json\/wp\/v2\/product_brand?post=22162"},{"taxonomy":"product_cat","embeddable":true,"href":"https:\/\/ztsports.com\/fr\/wp-json\/wp\/v2\/product_cat?post=22162"},{"taxonomy":"product_tag","embeddable":true,"href":"https:\/\/ztsports.com\/fr\/wp-json\/wp\/v2\/product_tag?post=22162"}],"curies":[{"name":"wp","href":"https:\/\/api.w.org\/{rel}","templated":true}]}}