{"id":22156,"date":"2025-02-08T11:26:11","date_gmt":"2025-02-08T11:26:11","guid":{"rendered":"https:\/\/ztsports.com\/?post_type=product&#038;p=22156"},"modified":"2026-04-30T22:20:25","modified_gmt":"2026-04-30T22:20:25","slug":"boot-correcting-plate","status":"publish","type":"product","link":"https:\/\/ztsports.com\/fr\/store\/boot-correcting-plate\/","title":{"rendered":"Boot Correcting Plate Short Track Frank&#8217;s Signature"},"content":{"rendered":"<h3 data-rm-block-id=\"block-1\">Plaque de correction de botte Signature Frank pour bottes de Short Track<\/h3>\n<h5 class=\"serp-title\"><mark data-rm-block-id=\"block-2\">Boot Correcting Plate Short Track Frank&#8217;s Signature<\/mark><\/h5>\n<p data-rm-block-id=\"block-3\">Cette plaque de correction est con\u00e7ue pour les bottes de Short Track.<\/p>\n<p data-rm-block-id=\"block-4\">Une autre plaque de correction diamant de la gamme Signature de Frank.<\/p>\n<p data-rm-block-id=\"block-5\">Elle permet d\u2019ajuster avec pr\u00e9cision l\u2019angle des supports de patins et assure le parall\u00e9lisme ainsi que la pr\u00e9cision de l\u2019\u00e9l\u00e9vation des supports de coupelles.<\/p>\n<p data-rm-block-id=\"block-6\">Id\u00e9ale pour am\u00e9liorer les performances et la stabilit\u00e9 sur la glace pour les bottes de Short Track.<\/p>\n<p data-rm-block-id=\"block-7\">Une autre plaque de correction diamant de la gamme Signature de Frank.<\/p>\n<p data-rm-block-id=\"block-8\">Elle permet d\u2019ajuster avec pr\u00e9cision l\u2019angle des supports de patins et assure le parall\u00e9lisme ainsi que la pr\u00e9cision de l\u2019\u00e9l\u00e9vation des supports de coupelles.<\/p>\n<h5 class=\"serp-title\"><mark data-rm-block-id=\"block-2\">Boot Correcting Plate Short Track Frank&#8217;s Signature<\/mark><\/h5>\n<h3 data-rm-block-id=\"block-9\"><strong>Noir grain 140<\/strong><\/h3>\n<p data-rm-block-id=\"block-10\"><strong>Un outil destin\u00e9 aux clubs, f\u00e9d\u00e9rations et responsables d\u2019\u00e9quipement.<\/strong><\/p>\n<p data-rm-block-id=\"block-11\">Produit exclusif \u00e0 Nagano Skate et <a href=\"https:\/\/ztsports.com\/fr\/\">Zt Sports<\/a>, revendeur autoris\u00e9.<\/p>\n","protected":false},"excerpt":{"rendered":"<p>Plaque de correction de botte Signature Frank pour bottes de Short Track Boot Correcting Plate Short Track Frank&#8217;s Signature Cette plaque de correction est con\u00e7ue pour les bottes de Short Track. Une autre plaque de correction diamant de la gamme Signature de Frank. Elle permet d\u2019ajuster avec pr\u00e9cision l\u2019angle des supports de patins et assure [&hellip;]<\/p>\n","protected":false},"featured_media":22154,"comment_status":"open","ping_status":"closed","template":"","meta":{"_acf_changed":false,"_monsterinsights_skip_tracking":false,"_monsterinsights_sitenote_active":false,"_monsterinsights_sitenote_note":"","_monsterinsights_sitenote_category":0,"_uf_show_specific_survey":0,"_uf_disable_surveys":false,"site-sidebar-layout":"default","site-content-layout":"","ast-site-content-layout":"default","site-content-style":"default","site-sidebar-style":"default","ast-global-header-display":"","ast-banner-title-visibility":"","ast-main-header-display":"","ast-hfb-above-header-display":"","ast-hfb-below-header-display":"","ast-hfb-mobile-header-display":"","site-post-title":"","ast-breadcrumbs-content":"","ast-featured-img":"","footer-sml-layout":"","ast-disable-related-posts":"","theme-transparent-header-meta":"default","adv-header-id-meta":"","stick-header-meta":"","header-above-stick-meta":"","header-main-stick-meta":"","header-below-stick-meta":"","astra-migrate-meta-layouts":"set","ast-page-background-enabled":"default","ast-page-background-meta":{"desktop":{"background-color":"","background-image":"","background-repeat":"repeat","background-position":"center center","background-size":"auto","background-attachment":"scroll","background-type":"","background-media":"","overlay-type":"","overlay-color":"","overlay-opacity":"","overlay-gradient":""},"tablet":{"background-color":"","background-image":"","background-repeat":"repeat","background-position":"center center","background-size":"auto","background-attachment":"scroll","background-type":"","background-media":"","overlay-type":"","overlay-color":"","overlay-opacity":"","overlay-gradient":""},"mobile":{"background-color":"","background-image":"","background-repeat":"repeat","background-position":"center center","background-size":"auto","background-attachment":"scroll","background-type":"","background-media":"","overlay-type":"","overlay-color":"","overlay-opacity":"","overlay-gradient":""}},"ast-content-background-meta":{"desktop":{"background-color":"var(--ast-global-color-5)","background-image":"","background-repeat":"repeat","background-position":"center center","background-size":"auto","background-attachment":"scroll","background-type":"","background-media":"","overlay-type":"","overlay-color":"","overlay-opacity":"","overlay-gradient":""},"tablet":{"background-color":"var(--ast-global-color-5)","background-image":"","background-repeat":"repeat","background-position":"center center","background-size":"auto","background-attachment":"scroll","background-type":"","background-media":"","overlay-type":"","overlay-color":"","overlay-opacity":"","overlay-gradient":""},"mobile":{"background-color":"var(--ast-global-color-5)","background-image":"","background-repeat":"repeat","background-position":"center center","background-size":"auto","background-attachment":"scroll","background-type":"","background-media":"","overlay-type":"","overlay-color":"","overlay-opacity":"","overlay-gradient":""}}},"product_brand":[],"product_cat":[3378],"product_tag":[4674,3796],"class_list":{"0":"post-22156","1":"product","2":"type-product","3":"status-publish","4":"has-post-thumbnail","6":"product_cat-non-categorise","7":"product_tag-nagano-skate","8":"product_tag-short-track","9":"desktop-align-left","10":"tablet-align-left","11":"mobile-align-left","13":"first","14":"instock","15":"taxable","16":"shipping-taxable","17":"purchasable","18":"product-type-simple"},"acf":[],"_links":{"self":[{"href":"https:\/\/ztsports.com\/fr\/wp-json\/wp\/v2\/product\/22156","targetHints":{"allow":["GET"]}}],"collection":[{"href":"https:\/\/ztsports.com\/fr\/wp-json\/wp\/v2\/product"}],"about":[{"href":"https:\/\/ztsports.com\/fr\/wp-json\/wp\/v2\/types\/product"}],"replies":[{"embeddable":true,"href":"https:\/\/ztsports.com\/fr\/wp-json\/wp\/v2\/comments?post=22156"}],"version-history":[{"count":5,"href":"https:\/\/ztsports.com\/fr\/wp-json\/wp\/v2\/product\/22156\/revisions"}],"predecessor-version":[{"id":25823,"href":"https:\/\/ztsports.com\/fr\/wp-json\/wp\/v2\/product\/22156\/revisions\/25823"}],"wp:featuredmedia":[{"embeddable":true,"href":"https:\/\/ztsports.com\/fr\/wp-json\/wp\/v2\/media\/22154"}],"wp:attachment":[{"href":"https:\/\/ztsports.com\/fr\/wp-json\/wp\/v2\/media?parent=22156"}],"wp:term":[{"taxonomy":"product_brand","embeddable":true,"href":"https:\/\/ztsports.com\/fr\/wp-json\/wp\/v2\/product_brand?post=22156"},{"taxonomy":"product_cat","embeddable":true,"href":"https:\/\/ztsports.com\/fr\/wp-json\/wp\/v2\/product_cat?post=22156"},{"taxonomy":"product_tag","embeddable":true,"href":"https:\/\/ztsports.com\/fr\/wp-json\/wp\/v2\/product_tag?post=22156"}],"curies":[{"name":"wp","href":"https:\/\/api.w.org\/{rel}","templated":true}]}}