{"id":22153,"date":"2025-02-15T22:57:27","date_gmt":"2025-02-15T22:57:27","guid":{"rendered":"https:\/\/ztsports.com\/?post_type=product&#038;p=22153"},"modified":"2026-04-30T22:11:54","modified_gmt":"2026-04-30T22:11:54","slug":"evo-replacement-cups","status":"publish","type":"product","link":"https:\/\/ztsports.com\/fr\/store\/evo-replacement-cups\/","title":{"rendered":"EVO Replacement Cups New"},"content":{"rendered":"<h1 class=\"product_title entry-title\">EVO Replacement Cups Coupelles de remplacement pour lames EVO<\/h1>\n<p>Coupelles de remplacement Evo<\/p>\n<h2>Coupelles Evo<\/h2>\n<ul class=\"productspecs\">\n<li>Con\u00e7ues uniquement avec de l\u2019aluminium de haute qualit\u00e9 et du mat\u00e9riel de montage<\/li>\n<li>Coupelles l\u00e9g\u00e8res en aluminium<\/li>\n<li>Anodisation dor\u00e9e<\/li>\n<li>Pilier de coupelle filet\u00e9 avec un seul boulon\/rondelle<\/li>\n<li>Compatibles avec tous les mod\u00e8les de lames Evo<\/li>\n<li>Vendues en ensemble de 4 coupelles (2 larges &amp; 2 r\u00e9guli\u00e8res)<\/li>\n<li>EVO Cups 0 or +5<\/li>\n<\/ul>\n<p>Coupelles de remplacement Evo<\/p>\n<h2>Coupes Evo<\/h2>\n<ul class=\"productspecs\">\n<li>Con\u00e7u en utilisant uniquement de l\u2019aluminium de haute qualit\u00e9 et du mat\u00e9riel de montage<\/li>\n<li>Coupelles l\u00e9g\u00e8res en aluminium<\/li>\n<li>Anodisation \u00e0 l\u2019or<\/li>\n<li>Pilier de coupelle filet\u00e9 avec un seul boulon\/rondelle<\/li>\n<li>Compatible avec tous les mod\u00e8les de lames Evo<\/li>\n<li>Viennent en lot de 4 tasses (2 larges et 2 r\u00e9guli\u00e8res)<\/li>\n<\/ul>\n","protected":false},"excerpt":{"rendered":"<p>EVO Replacement Cups Coupelles de remplacement pour lames EVO Coupelles de remplacement Evo Coupelles Evo Con\u00e7ues uniquement avec de l\u2019aluminium de haute qualit\u00e9 et du mat\u00e9riel de montage Coupelles l\u00e9g\u00e8res en aluminium Anodisation dor\u00e9e Pilier de coupelle filet\u00e9 avec un seul boulon\/rondelle Compatibles avec tous les mod\u00e8les de lames Evo Vendues en ensemble de 4 [&hellip;]<\/p>\n","protected":false},"featured_media":22151,"comment_status":"open","ping_status":"closed","template":"","meta":{"_acf_changed":false,"_monsterinsights_skip_tracking":false,"_monsterinsights_sitenote_active":false,"_monsterinsights_sitenote_note":"","_monsterinsights_sitenote_category":0,"_uf_show_specific_survey":0,"_uf_disable_surveys":false,"site-sidebar-layout":"default","site-content-layout":"","ast-site-content-layout":"default","site-content-style":"default","site-sidebar-style":"default","ast-global-header-display":"","ast-banner-title-visibility":"","ast-main-header-display":"","ast-hfb-above-header-display":"","ast-hfb-below-header-display":"","ast-hfb-mobile-header-display":"","site-post-title":"","ast-breadcrumbs-content":"","ast-featured-img":"","footer-sml-layout":"","ast-disable-related-posts":"","theme-transparent-header-meta":"default","adv-header-id-meta":"","stick-header-meta":"","header-above-stick-meta":"","header-main-stick-meta":"","header-below-stick-meta":"","astra-migrate-meta-layouts":"set","ast-page-background-enabled":"default","ast-page-background-meta":{"desktop":{"background-color":"","background-image":"","background-repeat":"repeat","background-position":"center center","background-size":"auto","background-attachment":"scroll","background-type":"","background-media":"","overlay-type":"","overlay-color":"","overlay-opacity":"","overlay-gradient":""},"tablet":{"background-color":"","background-image":"","background-repeat":"repeat","background-position":"center center","background-size":"auto","background-attachment":"scroll","background-type":"","background-media":"","overlay-type":"","overlay-color":"","overlay-opacity":"","overlay-gradient":""},"mobile":{"background-color":"","background-image":"","background-repeat":"repeat","background-position":"center center","background-size":"auto","background-attachment":"scroll","background-type":"","background-media":"","overlay-type":"","overlay-color":"","overlay-opacity":"","overlay-gradient":""}},"ast-content-background-meta":{"desktop":{"background-color":"var(--ast-global-color-5)","background-image":"","background-repeat":"repeat","background-position":"center center","background-size":"auto","background-attachment":"scroll","background-type":"","background-media":"","overlay-type":"","overlay-color":"","overlay-opacity":"","overlay-gradient":""},"tablet":{"background-color":"var(--ast-global-color-5)","background-image":"","background-repeat":"repeat","background-position":"center center","background-size":"auto","background-attachment":"scroll","background-type":"","background-media":"","overlay-type":"","overlay-color":"","overlay-opacity":"","overlay-gradient":""},"mobile":{"background-color":"var(--ast-global-color-5)","background-image":"","background-repeat":"repeat","background-position":"center center","background-size":"auto","background-attachment":"scroll","background-type":"","background-media":"","overlay-type":"","overlay-color":"","overlay-opacity":"","overlay-gradient":""}}},"product_brand":[],"product_cat":[4561,4560],"product_tag":[4666],"class_list":{"0":"post-22153","1":"product","2":"type-product","3":"status-publish","4":"has-post-thumbnail","6":"product_cat-blades","7":"product_cat-short-track-blades","8":"product_tag-evo-cups","9":"desktop-align-left","10":"tablet-align-left","11":"mobile-align-left","13":"first","14":"instock","15":"taxable","16":"shipping-taxable","17":"purchasable","18":"product-type-simple"},"acf":[],"_links":{"self":[{"href":"https:\/\/ztsports.com\/fr\/wp-json\/wp\/v2\/product\/22153","targetHints":{"allow":["GET"]}}],"collection":[{"href":"https:\/\/ztsports.com\/fr\/wp-json\/wp\/v2\/product"}],"about":[{"href":"https:\/\/ztsports.com\/fr\/wp-json\/wp\/v2\/types\/product"}],"replies":[{"embeddable":true,"href":"https:\/\/ztsports.com\/fr\/wp-json\/wp\/v2\/comments?post=22153"}],"version-history":[{"count":4,"href":"https:\/\/ztsports.com\/fr\/wp-json\/wp\/v2\/product\/22153\/revisions"}],"predecessor-version":[{"id":25289,"href":"https:\/\/ztsports.com\/fr\/wp-json\/wp\/v2\/product\/22153\/revisions\/25289"}],"wp:featuredmedia":[{"embeddable":true,"href":"https:\/\/ztsports.com\/fr\/wp-json\/wp\/v2\/media\/22151"}],"wp:attachment":[{"href":"https:\/\/ztsports.com\/fr\/wp-json\/wp\/v2\/media?parent=22153"}],"wp:term":[{"taxonomy":"product_brand","embeddable":true,"href":"https:\/\/ztsports.com\/fr\/wp-json\/wp\/v2\/product_brand?post=22153"},{"taxonomy":"product_cat","embeddable":true,"href":"https:\/\/ztsports.com\/fr\/wp-json\/wp\/v2\/product_cat?post=22153"},{"taxonomy":"product_tag","embeddable":true,"href":"https:\/\/ztsports.com\/fr\/wp-json\/wp\/v2\/product_tag?post=22153"}],"curies":[{"name":"wp","href":"https:\/\/api.w.org\/{rel}","templated":true}]}}