{"id":22150,"date":"2025-02-19T15:48:00","date_gmt":"2025-02-19T15:48:00","guid":{"rendered":"https:\/\/ztsports.com\/?post_type=product&#038;p=22150"},"modified":"2026-03-06T10:30:00","modified_gmt":"2026-03-06T10:30:00","slug":"skate-tec-attaq-short-track-blades","status":"publish","type":"product","link":"https:\/\/ztsports.com\/fr\/store\/skate-tec-attaq-short-track-blades\/","title":{"rendered":"SKATE-TEC ATTAQ Short Track Blades"},"content":{"rendered":"<p data-rm-block-id=\"block-1\">Lames Skate-Tec Attaq<\/p>\n<p data-rm-block-id=\"block-2\">Elles comblent l\u2019\u00e9cart entre les M-Wave Flex Flattop et les Quarq.<\/p>\n<p data-rm-block-id=\"block-3\">Elles offrent la l\u00e9g\u00e8ret\u00e9 et la sensation de direction des Quarq, tout en conservant la stabilit\u00e9 et le contr\u00f4le des M-Wave.<\/p>\n<p data-rm-block-id=\"block-4\">La g\u00e9om\u00e9trie des fourches a \u00e9t\u00e9 ajust\u00e9e afin d\u2019obtenir une flexion lat\u00e9rale similaire \u00e0 celle des Quarq, mais avec une position plus large sur le tube, comme les M-Wave.<\/p>\n<p data-rm-block-id=\"block-5\">L\u2019Attaq est le dernier ajout \u00e0 la famille orange de Skate-Tec.<\/p>\n<p data-rm-block-id=\"block-6\">Il s\u2019agit d\u2019un m\u00e9lange entre les M-Wave et les Quarq.<\/p>\n<p data-rm-block-id=\"block-7\">L\u2019Attaq comble l\u2019\u00e9cart entre les deux, en se rapprochant davantage des Quarq.<\/p>\n<p>Tube : aluminium 7000 anodis\u00e9<\/p>\n<p>Lame : 1,1 mm d\u2019\u00e9paisseur<\/p>\n<p>62 HRC bi-m\u00e9tal<\/p>\n<p>Pr\u00e9-courb\u00e9e<\/p>\n<p>Rigidit\u00e9 : Flex<\/p>\n<p data-rm-block-id=\"block-8\">Enfin, d\u00e9couvrez toutes nos <a href=\"https:\/\/ztsports.com\/product-category\/short-track\/blades\/\"><strong>lames de short track ici<\/strong><\/a>.<\/p>\n<h3 data-rm-block-id=\"block-9\">N\u2019oubliez pas d\u2019ajouter la <strong><a href=\"https:\/\/ztsports.com\/product\/short-track-blade-preparation\/\">pr\u00e9paration des lames.<\/a><\/strong><\/h3>\n","protected":false},"excerpt":{"rendered":"<p>Lames Skate-Tec Attaq Elles comblent l\u2019\u00e9cart entre les M-Wave Flex Flattop et les Quarq. Elles offrent la l\u00e9g\u00e8ret\u00e9 et la sensation de direction des Quarq, tout en conservant la stabilit\u00e9 et le contr\u00f4le des M-Wave. La g\u00e9om\u00e9trie des fourches a \u00e9t\u00e9 ajust\u00e9e afin d\u2019obtenir une flexion lat\u00e9rale similaire \u00e0 celle des Quarq, mais avec une [&hellip;]<\/p>\n","protected":false},"featured_media":22144,"comment_status":"open","ping_status":"closed","template":"","meta":{"_acf_changed":false,"_monsterinsights_skip_tracking":false,"_monsterinsights_sitenote_active":false,"_monsterinsights_sitenote_note":"","_monsterinsights_sitenote_category":0,"_uf_show_specific_survey":0,"_uf_disable_surveys":false,"site-sidebar-layout":"default","site-content-layout":"","ast-site-content-layout":"default","site-content-style":"default","site-sidebar-style":"default","ast-global-header-display":"","ast-banner-title-visibility":"","ast-main-header-display":"","ast-hfb-above-header-display":"","ast-hfb-below-header-display":"","ast-hfb-mobile-header-display":"","site-post-title":"","ast-breadcrumbs-content":"","ast-featured-img":"","footer-sml-layout":"","ast-disable-related-posts":"","theme-transparent-header-meta":"default","adv-header-id-meta":"","stick-header-meta":"","header-above-stick-meta":"","header-main-stick-meta":"","header-below-stick-meta":"","astra-migrate-meta-layouts":"set","ast-page-background-enabled":"default","ast-page-background-meta":{"desktop":{"background-color":"","background-image":"","background-repeat":"repeat","background-position":"center center","background-size":"auto","background-attachment":"scroll","background-type":"","background-media":"","overlay-type":"","overlay-color":"","overlay-opacity":"","overlay-gradient":""},"tablet":{"background-color":"","background-image":"","background-repeat":"repeat","background-position":"center center","background-size":"auto","background-attachment":"scroll","background-type":"","background-media":"","overlay-type":"","overlay-color":"","overlay-opacity":"","overlay-gradient":""},"mobile":{"background-color":"","background-image":"","background-repeat":"repeat","background-position":"center center","background-size":"auto","background-attachment":"scroll","background-type":"","background-media":"","overlay-type":"","overlay-color":"","overlay-opacity":"","overlay-gradient":""}},"ast-content-background-meta":{"desktop":{"background-color":"var(--ast-global-color-5)","background-image":"","background-repeat":"repeat","background-position":"center center","background-size":"auto","background-attachment":"scroll","background-type":"","background-media":"","overlay-type":"","overlay-color":"","overlay-opacity":"","overlay-gradient":""},"tablet":{"background-color":"var(--ast-global-color-5)","background-image":"","background-repeat":"repeat","background-position":"center center","background-size":"auto","background-attachment":"scroll","background-type":"","background-media":"","overlay-type":"","overlay-color":"","overlay-opacity":"","overlay-gradient":""},"mobile":{"background-color":"var(--ast-global-color-5)","background-image":"","background-repeat":"repeat","background-position":"center center","background-size":"auto","background-attachment":"scroll","background-type":"","background-media":"","overlay-type":"","overlay-color":"","overlay-opacity":"","overlay-gradient":""}}},"product_brand":[3338],"product_cat":[4561,4560],"product_tag":[3796],"class_list":{"0":"post-22150","1":"product","2":"type-product","3":"status-publish","4":"has-post-thumbnail","6":"product_brand-skate-tec","7":"product_cat-blades","8":"product_cat-short-track-blades","9":"product_tag-short-track","10":"desktop-align-left","11":"tablet-align-left","12":"mobile-align-left","14":"first","15":"instock","16":"taxable","17":"shipping-taxable","18":"purchasable","19":"product-type-simple"},"acf":[],"_links":{"self":[{"href":"https:\/\/ztsports.com\/fr\/wp-json\/wp\/v2\/product\/22150","targetHints":{"allow":["GET"]}}],"collection":[{"href":"https:\/\/ztsports.com\/fr\/wp-json\/wp\/v2\/product"}],"about":[{"href":"https:\/\/ztsports.com\/fr\/wp-json\/wp\/v2\/types\/product"}],"replies":[{"embeddable":true,"href":"https:\/\/ztsports.com\/fr\/wp-json\/wp\/v2\/comments?post=22150"}],"version-history":[{"count":2,"href":"https:\/\/ztsports.com\/fr\/wp-json\/wp\/v2\/product\/22150\/revisions"}],"predecessor-version":[{"id":22172,"href":"https:\/\/ztsports.com\/fr\/wp-json\/wp\/v2\/product\/22150\/revisions\/22172"}],"wp:featuredmedia":[{"embeddable":true,"href":"https:\/\/ztsports.com\/fr\/wp-json\/wp\/v2\/media\/22144"}],"wp:attachment":[{"href":"https:\/\/ztsports.com\/fr\/wp-json\/wp\/v2\/media?parent=22150"}],"wp:term":[{"taxonomy":"product_brand","embeddable":true,"href":"https:\/\/ztsports.com\/fr\/wp-json\/wp\/v2\/product_brand?post=22150"},{"taxonomy":"product_cat","embeddable":true,"href":"https:\/\/ztsports.com\/fr\/wp-json\/wp\/v2\/product_cat?post=22150"},{"taxonomy":"product_tag","embeddable":true,"href":"https:\/\/ztsports.com\/fr\/wp-json\/wp\/v2\/product_tag?post=22150"}],"curies":[{"name":"wp","href":"https:\/\/api.w.org\/{rel}","templated":true}]}}