{"id":22141,"date":"2025-02-27T18:08:02","date_gmt":"2025-02-27T18:08:02","guid":{"rendered":"https:\/\/ztsports.com\/?post_type=product&#038;p=22141"},"modified":"2026-03-06T10:28:05","modified_gmt":"2026-03-06T10:28:05","slug":"x-series-shiny-gloves","status":"publish","type":"product","link":"https:\/\/ztsports.com\/fr\/store\/x-series-shiny-gloves\/","title":{"rendered":"X-Series Shiny Gloves"},"content":{"rendered":"<p data-rm-block-id=\"block-1\">Gants brillants X-Series blancs<\/p>\n<p data-rm-block-id=\"block-2\">Le m\u00eame gant que le gant Extreme de notre s\u00e9rie, mais avec un mat\u00e9riau brillant sur le dos de la main.<\/p>\n<p data-rm-block-id=\"block-3\">Gant confortable et r\u00e9sistant aux coupures.<\/p>\n<p data-rm-block-id=\"block-4\">Ce gant offre plus de chaleur, une meilleure imperm\u00e9abilit\u00e9 et poss\u00e8de un niveau de r\u00e9sistance aux coupures 4.<\/p>\n<p data-rm-block-id=\"block-5\">Gants brillants X-Series blancs<\/p>\n<p data-rm-block-id=\"block-6\">Le m\u00eame gant que le gant Extreme de notre s\u00e9rie, mais avec un mat\u00e9riau brillant sur le dos de la main. Gant confortable et r\u00e9sistant aux coupures. Ce gant offre plus de chaleur, une meilleure imperm\u00e9abilit\u00e9 et poss\u00e8de un niveau de r\u00e9sistance aux coupures 4.<\/p>\n<p data-rm-block-id=\"block-7\">Ils sont disponibles uniquement en blanc.<\/p>\n<p data-rm-block-id=\"block-8\">\u2013 Ils sont fabriqu\u00e9s en cuir synth\u00e9tique et en micro-maille<\/p>\n<p data-rm-block-id=\"block-9\">\u2013 Le mat\u00e9riau r\u00e9sistant aux coupures est le Spectra et le niveau de r\u00e9sistance aux coupures est 4<\/p>\n<p data-rm-block-id=\"block-10\">Voir les autres mod\u00e8les <a href=\"https:\/\/ztsports.com\/product-category\/protection\/gloves\/\"><strong>Ici.<\/strong><\/a><\/p>\n<p data-rm-block-id=\"block-11\"><img decoding=\"async\" src=\"https:\/\/ztsports.com\/wp-content\/uploads\/2025\/02\/GLOVE-SIZE-2-3.jpg\" \/><\/p>\n<h6 data-rm-block-id=\"block-12\">Durabilit\u00e9 et long\u00e9vit\u00e9<\/h6>\n<p data-rm-block-id=\"block-13\">Les v\u00eatements fabriqu\u00e9s avec la fibre Spectra pr\u00e9sentent une excellente durabilit\u00e9, offrant une dur\u00e9e de vie plus longue que ceux fabriqu\u00e9s avec d\u2019autres mat\u00e9riaux. Les propri\u00e9t\u00e9s exceptionnelles de r\u00e9sistance \u00e0 l\u2019abrasion de la fibre Spectra, avec laquelle nos gants de patinage brillants X-Series sont fabriqu\u00e9s, se traduisent par un produit capable de mieux r\u00e9sister \u00e0 l\u2019usure li\u00e9e \u00e0 une utilisation intensive.<\/p>\n<h6 data-rm-block-id=\"block-14\">Confort<\/h6>\n<p data-rm-block-id=\"block-15\">Le confort est essentiel dans les situations de travail physiquement exigeantes. La l\u00e9g\u00e8ret\u00e9, la respirabilit\u00e9 et la faible absorption d\u2019humidit\u00e9 des v\u00eatements fabriqu\u00e9s avec la fibre Spectra permettent aux utilisateurs de rester au frais, ce qui est particuli\u00e8rement important lorsque les t\u00e2ches sont effectu\u00e9es dans des environnements tr\u00e8s chauds, comme \u00e0 l\u2019ext\u00e9rieur lors d\u2019une journ\u00e9e d\u2019\u00e9t\u00e9 ou \u00e0 l\u2019int\u00e9rieur d\u2019une cuisine de restaurant chaude.<\/p>\n<h6 data-rm-block-id=\"block-16\">Notre leadership et notre expertise<\/h6>\n<p data-rm-block-id=\"block-17\">en protection contre les coupures : les mat\u00e9riaux avanc\u00e9s r\u00e9sistants aux coupures de Honeywell sont \u00e0 l\u2019avant-garde de la s\u00e9curit\u00e9 au travail, utilisant la fibre Spectra pour offrir un haut niveau de protection contre les coupures, une grande dext\u00e9rit\u00e9 et un confort optimal dans les v\u00eatements de protection. Gr\u00e2ce \u00e0 d\u2019importantes capacit\u00e9s internes de recherche et de d\u00e9veloppement des mat\u00e9riaux, ainsi qu\u2019\u00e0 un r\u00e9seau mondial de vente et de support technique, Honeywell propose les ressources n\u00e9cessaires pour soutenir votre entreprise.<\/p>\n<p data-rm-block-id=\"block-18\">En savoir plus sur Honeywell <a href=\"https:\/\/industrial.honeywell.com\/content\/dam\/industrial\/en\/documents\/document-lists\/marketing\/SpectraFiber-CutProtection-SellSheet.pdf\" target=\"_blank\" rel=\"noopener\">ici\u00a0!<\/a><\/p>\n","protected":false},"excerpt":{"rendered":"<p>Gants brillants X-Series blancs Le m\u00eame gant que le gant Extreme de notre s\u00e9rie, mais avec un mat\u00e9riau brillant sur le dos de la main. Gant confortable et r\u00e9sistant aux coupures. Ce gant offre plus de chaleur, une meilleure imperm\u00e9abilit\u00e9 et poss\u00e8de un niveau de r\u00e9sistance aux coupures 4. Gants brillants X-Series blancs Le m\u00eame [&hellip;]<\/p>\n","protected":false},"featured_media":22136,"comment_status":"open","ping_status":"closed","template":"","meta":{"_acf_changed":false,"_monsterinsights_skip_tracking":false,"_monsterinsights_sitenote_active":false,"_monsterinsights_sitenote_note":"","_monsterinsights_sitenote_category":0,"_uf_show_specific_survey":0,"_uf_disable_surveys":false,"site-sidebar-layout":"default","site-content-layout":"","ast-site-content-layout":"default","site-content-style":"default","site-sidebar-style":"default","ast-global-header-display":"","ast-banner-title-visibility":"","ast-main-header-display":"","ast-hfb-above-header-display":"","ast-hfb-below-header-display":"","ast-hfb-mobile-header-display":"","site-post-title":"","ast-breadcrumbs-content":"","ast-featured-img":"","footer-sml-layout":"","ast-disable-related-posts":"","theme-transparent-header-meta":"default","adv-header-id-meta":"","stick-header-meta":"","header-above-stick-meta":"","header-main-stick-meta":"","header-below-stick-meta":"","astra-migrate-meta-layouts":"set","ast-page-background-enabled":"default","ast-page-background-meta":{"desktop":{"background-color":"","background-image":"","background-repeat":"repeat","background-position":"center center","background-size":"auto","background-attachment":"scroll","background-type":"","background-media":"","overlay-type":"","overlay-color":"","overlay-opacity":"","overlay-gradient":""},"tablet":{"background-color":"","background-image":"","background-repeat":"repeat","background-position":"center center","background-size":"auto","background-attachment":"scroll","background-type":"","background-media":"","overlay-type":"","overlay-color":"","overlay-opacity":"","overlay-gradient":""},"mobile":{"background-color":"","background-image":"","background-repeat":"repeat","background-position":"center center","background-size":"auto","background-attachment":"scroll","background-type":"","background-media":"","overlay-type":"","overlay-color":"","overlay-opacity":"","overlay-gradient":""}},"ast-content-background-meta":{"desktop":{"background-color":"var(--ast-global-color-5)","background-image":"","background-repeat":"repeat","background-position":"center center","background-size":"auto","background-attachment":"scroll","background-type":"","background-media":"","overlay-type":"","overlay-color":"","overlay-opacity":"","overlay-gradient":""},"tablet":{"background-color":"var(--ast-global-color-5)","background-image":"","background-repeat":"repeat","background-position":"center center","background-size":"auto","background-attachment":"scroll","background-type":"","background-media":"","overlay-type":"","overlay-color":"","overlay-opacity":"","overlay-gradient":""},"mobile":{"background-color":"var(--ast-global-color-5)","background-image":"","background-repeat":"repeat","background-position":"center center","background-size":"auto","background-attachment":"scroll","background-type":"","background-media":"","overlay-type":"","overlay-color":"","overlay-opacity":"","overlay-gradient":""}}},"product_brand":[3358,3360],"product_cat":[3378],"product_tag":[],"class_list":{"0":"post-22141","1":"product","2":"type-product","3":"status-publish","4":"has-post-thumbnail","6":"product_brand-x-series","7":"product_brand-xact","8":"product_cat-non-categorise","9":"desktop-align-left","10":"tablet-align-left","11":"mobile-align-left","13":"first","14":"instock","15":"taxable","16":"shipping-taxable","17":"purchasable","18":"product-type-simple"},"acf":[],"_links":{"self":[{"href":"https:\/\/ztsports.com\/fr\/wp-json\/wp\/v2\/product\/22141","targetHints":{"allow":["GET"]}}],"collection":[{"href":"https:\/\/ztsports.com\/fr\/wp-json\/wp\/v2\/product"}],"about":[{"href":"https:\/\/ztsports.com\/fr\/wp-json\/wp\/v2\/types\/product"}],"replies":[{"embeddable":true,"href":"https:\/\/ztsports.com\/fr\/wp-json\/wp\/v2\/comments?post=22141"}],"version-history":[{"count":2,"href":"https:\/\/ztsports.com\/fr\/wp-json\/wp\/v2\/product\/22141\/revisions"}],"predecessor-version":[{"id":22143,"href":"https:\/\/ztsports.com\/fr\/wp-json\/wp\/v2\/product\/22141\/revisions\/22143"}],"wp:featuredmedia":[{"embeddable":true,"href":"https:\/\/ztsports.com\/fr\/wp-json\/wp\/v2\/media\/22136"}],"wp:attachment":[{"href":"https:\/\/ztsports.com\/fr\/wp-json\/wp\/v2\/media?parent=22141"}],"wp:term":[{"taxonomy":"product_brand","embeddable":true,"href":"https:\/\/ztsports.com\/fr\/wp-json\/wp\/v2\/product_brand?post=22141"},{"taxonomy":"product_cat","embeddable":true,"href":"https:\/\/ztsports.com\/fr\/wp-json\/wp\/v2\/product_cat?post=22141"},{"taxonomy":"product_tag","embeddable":true,"href":"https:\/\/ztsports.com\/fr\/wp-json\/wp\/v2\/product_tag?post=22141"}],"curies":[{"name":"wp","href":"https:\/\/api.w.org\/{rel}","templated":true}]}}