{"id":22133,"date":"2025-03-03T18:41:39","date_gmt":"2025-03-03T18:41:39","guid":{"rendered":"https:\/\/ztsports.com\/?post_type=product&#038;p=22133"},"modified":"2026-04-11T21:39:34","modified_gmt":"2026-04-11T21:39:34","slug":"skate-tec-dyneema-gloves","status":"publish","type":"product","link":"https:\/\/ztsports.com\/fr\/store\/skate-tec-dyneema-gloves\/","title":{"rendered":"Skate-Tec Dyneema Gloves"},"content":{"rendered":"<h3 class=\"LC20lb MBeuO DKV0Md\">Gants Skate-Tec Dyneema (Skate-Tec Dyneema Gloves)<\/h3>\n<p>Skate-Tec Dyneema Gloves<\/p>\n<p>Les gants Skate-Tec Dyneema sont fabriqu\u00e9s avec la fibre en poly\u00e9thyl\u00e8ne \u00e0 tr\u00e8s haut poids mol\u00e9culaire (UHMWPE) ultra-r\u00e9sistante d\u2019Avient, commercialis\u00e9e sous la marque Dyneema\u00ae, offrant une r\u00e9sistance maximale pour un poids minimal.<\/p>\n<p>Gants Dyneema r\u00e9sistants aux coupures pour le patinage de vitesse sur courte piste.<\/p>\n<p>Gants Skate-Tec Dyneema<\/p>\n<p>Gants parfaits avec un tr\u00e8s bon ajustement.<\/p>\n<p>\u2013 R\u00e9sistants aux coupures (niveau de coupure 3 \u2013 indice EN388)<br \/>\n\u2013 Fabriqu\u00e9s \u00e0 partir de Dyneema\u00ae blanc DSM DPE<br \/>\n\u2013 Paume enduite<br \/>\n\u2013 Poignet prolong\u00e9<br \/>\n\u2013 Disponibles en tailles XS \u2013 XL<\/p>\n<p>\u2013 R\u00e9sistants aux coupures \u2013 niveau de coupure 3 indice EN388<\/p>\n<p>\u2013 Fabriqu\u00e9s \u00e0 partir de Dyneema\u00ae blanc DSM DPE<\/p>\n<p>\u2013 Paume enduite<\/p>\n<p>\u2013 Poignet prolong\u00e9<\/p>\n<p>Skate-Tec Dyneema Gloves<\/p>\n<p>\u2013 Disponibles en tailles XS \u2013 XL<\/p>\n<p>D\u00e9couvrez notre large s\u00e9lection de <a href=\"\/?product_cat=quick-tips-protection\"><strong>Quick Tips ici<\/strong><\/a>.<\/p>\n<p>Enfin, d\u00e9couvrez tous nos <a href=\"https:\/\/ztsports.com\/product-category\/protection\/gloves\/\"><strong>gants de short track<\/strong><\/a> ici.<\/p>\n<h2 class=\"text-center\">Le secret du Dyneema\u00ae<\/h2>\n<p>Les gants Skate-Tec Dyneema sont fabriqu\u00e9s avec la fibre en poly\u00e9thyl\u00e8ne \u00e0 tr\u00e8s haut poids mol\u00e9culaire (UHMWPE) ultra-r\u00e9sistante d\u2019Avient, commercialis\u00e9e sous la marque Dyneema\u00ae, offrant une r\u00e9sistance maximale pour un poids minimal. Cela rend le nombre d\u2019applications possibles pratiquement illimit\u00e9.<\/p>\n<p>La fibre Dyneema\u00ae est produite gr\u00e2ce \u00e0 un proc\u00e9d\u00e9 brevet\u00e9 de filage en gel dans lequel les fibres sont \u00e9tir\u00e9es, chauff\u00e9es, allong\u00e9es puis refroidies. L\u2019\u00e9tirement et le filage entra\u00eenent un alignement mol\u00e9culaire, une forte cristallisation et une faible densit\u00e9. Dyneema\u00ae poss\u00e8de des cha\u00eenes mol\u00e9culaires extr\u00eamement longues qui transf\u00e8rent plus efficacement la charge vers la structure du polym\u00e8re. Elle est donc plus r\u00e9sistante \u00e0 poids \u00e9gal ou plus l\u00e9g\u00e8re pour une r\u00e9sistance \u00e9quivalente que les alternatives.<\/p>\n<p>La fibre Dyneema\u00ae est 15 fois plus r\u00e9sistante que l\u2019acier \u00e0 poids \u00e9gal, avec une r\u00e9sistance \u00e0 la traction pouvant atteindre 43 cN\/dtex. En plus de sa r\u00e9sistance exceptionnelle, Dyneema\u00ae offre une excellente r\u00e9sistance aux coupures et \u00e0 l\u2019abrasion, ainsi qu\u2019une forte r\u00e9sistance aux produits chimiques et aux UV. La fibre Dyneema\u00ae est si l\u00e9g\u00e8re qu\u2019elle flotte sur l\u2019eau et poss\u00e8de \u00e9galement un module tr\u00e8s \u00e9lev\u00e9 (r\u00e9sistance \u00e0 la d\u00e9formation). Dyneema\u00ae est disponible dans une large gamme de titres (\u00e9paisseur de fibre), de 50 \u00e0 6600 dtex, ce qui rend cette fibre adapt\u00e9e \u00e0 de nombreuses applications.<\/p>\n<p>En savoir plus sur DSM <a href=\"https:\/\/www.dyneema.com\/our-products\/dyneema-fiber\" target=\"_blank\" rel=\"noopener\">ici<\/a> !<\/p>\n<h4>Test EN-388<\/h4>\n<p>Les gants Skate-Tec Dyneema r\u00e9pondent \u00e0 la norme europ\u00e9enne EN 388:2016+A1:2018 \u2013 \u00ab Gants de protection contre les risques m\u00e9caniques \u00bb, qui remplace d\u00e9sormais la norme EN 388:2003. Les gants de protection \u00e0 usage g\u00e9n\u00e9ral repr\u00e9sentent la plus grande part du march\u00e9 des \u00e9quipements de protection individuelle (EPI) et prot\u00e8gent les utilisateurs contre un large \u00e9ventail de dangers.<\/p>\n<p>Pour aider les utilisateurs \u00e0 choisir des gants appropri\u00e9s, plusieurs normes de s\u00e9curit\u00e9 europ\u00e9ennes \u2013 dont la norme EN 388:2016+A1:2018 \u2013 ont \u00e9t\u00e9 d\u00e9velopp\u00e9es, permettant de d\u00e9finir diff\u00e9rents niveaux de protection contre divers risques. Ces niveaux de protection d\u00e9finis permettent de s\u00e9lectionner les gants adapt\u00e9s en fonction des dangers et des risques identifi\u00e9s pour une activit\u00e9 sp\u00e9cifique.<\/p>\n","protected":false},"excerpt":{"rendered":"<p>Gants Skate-Tec Dyneema (Skate-Tec Dyneema Gloves) Skate-Tec Dyneema Gloves Les gants Skate-Tec Dyneema sont fabriqu\u00e9s avec la fibre en poly\u00e9thyl\u00e8ne \u00e0 tr\u00e8s haut poids mol\u00e9culaire (UHMWPE) ultra-r\u00e9sistante d\u2019Avient, commercialis\u00e9e sous la marque Dyneema\u00ae, offrant une r\u00e9sistance maximale pour un poids minimal. Gants Dyneema r\u00e9sistants aux coupures pour le patinage de vitesse sur courte piste. Gants [&hellip;]<\/p>\n","protected":false},"featured_media":22128,"comment_status":"open","ping_status":"closed","template":"","meta":{"_acf_changed":false,"_monsterinsights_skip_tracking":false,"_monsterinsights_sitenote_active":false,"_monsterinsights_sitenote_note":"","_monsterinsights_sitenote_category":0,"_uf_show_specific_survey":0,"_uf_disable_surveys":false,"site-sidebar-layout":"default","site-content-layout":"","ast-site-content-layout":"default","site-content-style":"default","site-sidebar-style":"default","ast-global-header-display":"","ast-banner-title-visibility":"","ast-main-header-display":"","ast-hfb-above-header-display":"","ast-hfb-below-header-display":"","ast-hfb-mobile-header-display":"","site-post-title":"","ast-breadcrumbs-content":"","ast-featured-img":"","footer-sml-layout":"","ast-disable-related-posts":"","theme-transparent-header-meta":"default","adv-header-id-meta":"","stick-header-meta":"","header-above-stick-meta":"","header-main-stick-meta":"","header-below-stick-meta":"","astra-migrate-meta-layouts":"set","ast-page-background-enabled":"default","ast-page-background-meta":{"desktop":{"background-color":"","background-image":"","background-repeat":"repeat","background-position":"center center","background-size":"auto","background-attachment":"scroll","background-type":"","background-media":"","overlay-type":"","overlay-color":"","overlay-opacity":"","overlay-gradient":""},"tablet":{"background-color":"","background-image":"","background-repeat":"repeat","background-position":"center center","background-size":"auto","background-attachment":"scroll","background-type":"","background-media":"","overlay-type":"","overlay-color":"","overlay-opacity":"","overlay-gradient":""},"mobile":{"background-color":"","background-image":"","background-repeat":"repeat","background-position":"center center","background-size":"auto","background-attachment":"scroll","background-type":"","background-media":"","overlay-type":"","overlay-color":"","overlay-opacity":"","overlay-gradient":""}},"ast-content-background-meta":{"desktop":{"background-color":"var(--ast-global-color-5)","background-image":"","background-repeat":"repeat","background-position":"center center","background-size":"auto","background-attachment":"scroll","background-type":"","background-media":"","overlay-type":"","overlay-color":"","overlay-opacity":"","overlay-gradient":""},"tablet":{"background-color":"var(--ast-global-color-5)","background-image":"","background-repeat":"repeat","background-position":"center center","background-size":"auto","background-attachment":"scroll","background-type":"","background-media":"","overlay-type":"","overlay-color":"","overlay-opacity":"","overlay-gradient":""},"mobile":{"background-color":"var(--ast-global-color-5)","background-image":"","background-repeat":"repeat","background-position":"center center","background-size":"auto","background-attachment":"scroll","background-type":"","background-media":"","overlay-type":"","overlay-color":"","overlay-opacity":"","overlay-gradient":""}}},"product_brand":[3338],"product_cat":[3396,3455,4423,3483,3480,3481],"product_tag":[4647,4649,3796,4646,4562],"class_list":{"0":"post-22133","1":"product","2":"type-product","3":"status-publish","4":"has-post-thumbnail","6":"product_brand-skate-tec","7":"product_cat-accessories","9":"product_cat-equipement-de-protection","10":"product_cat-gants","11":"product_cat-gants-blancs","12":"product_cat-gants-pour-short-track","13":"product_tag-dyneema-gloves","14":"product_tag-gants","15":"product_tag-short-track","16":"product_tag-skate-tec","17":"product_tag-speed-skating","18":"desktop-align-left","19":"tablet-align-left","20":"mobile-align-left","22":"first","23":"instock","24":"sale","25":"taxable","26":"shipping-taxable","27":"purchasable","28":"product-type-simple"},"acf":[],"_links":{"self":[{"href":"https:\/\/ztsports.com\/fr\/wp-json\/wp\/v2\/product\/22133","targetHints":{"allow":["GET"]}}],"collection":[{"href":"https:\/\/ztsports.com\/fr\/wp-json\/wp\/v2\/product"}],"about":[{"href":"https:\/\/ztsports.com\/fr\/wp-json\/wp\/v2\/types\/product"}],"replies":[{"embeddable":true,"href":"https:\/\/ztsports.com\/fr\/wp-json\/wp\/v2\/comments?post=22133"}],"version-history":[{"count":4,"href":"https:\/\/ztsports.com\/fr\/wp-json\/wp\/v2\/product\/22133\/revisions"}],"predecessor-version":[{"id":25216,"href":"https:\/\/ztsports.com\/fr\/wp-json\/wp\/v2\/product\/22133\/revisions\/25216"}],"wp:featuredmedia":[{"embeddable":true,"href":"https:\/\/ztsports.com\/fr\/wp-json\/wp\/v2\/media\/22128"}],"wp:attachment":[{"href":"https:\/\/ztsports.com\/fr\/wp-json\/wp\/v2\/media?parent=22133"}],"wp:term":[{"taxonomy":"product_brand","embeddable":true,"href":"https:\/\/ztsports.com\/fr\/wp-json\/wp\/v2\/product_brand?post=22133"},{"taxonomy":"product_cat","embeddable":true,"href":"https:\/\/ztsports.com\/fr\/wp-json\/wp\/v2\/product_cat?post=22133"},{"taxonomy":"product_tag","embeddable":true,"href":"https:\/\/ztsports.com\/fr\/wp-json\/wp\/v2\/product_tag?post=22133"}],"curies":[{"name":"wp","href":"https:\/\/api.w.org\/{rel}","templated":true}]}}