{"id":22125,"date":"2025-03-06T15:49:07","date_gmt":"2025-03-06T15:49:07","guid":{"rendered":"https:\/\/ztsports.com\/?post_type=product&#038;p=22125"},"modified":"2026-03-06T10:25:12","modified_gmt":"2026-03-06T10:25:12","slug":"skate-tec-soakers-blade-protection","status":"publish","type":"product","link":"https:\/\/ztsports.com\/fr\/store\/skate-tec-soakers-blade-protection\/","title":{"rendered":"Skate-Tec Soakers Blade Protection"},"content":{"rendered":"<h2>Prot\u00e8ge-lames Skate-Tec<\/h2>\n<p>Prot\u00e8ge-lames Skate-Tec dans leur couleur signature <strong>orange<\/strong>, fabriqu\u00e9s avec un mat\u00e9riau en microfibre et une doublure en coton pour absorber l\u2019eau.<\/p>\n<p><strong>Taille unique \u2013 convient aux lames jusqu\u2019\u00e0 18\u2033<\/strong><\/p>\n<p>Mat\u00e9riau en microfibre et doublure en coton pour l\u2019absorption de l\u2019eau dans la couleur orange signature de Skate-Tec.<\/p>\n<div data-hveid=\"CFAQAQ\" data-ved=\"2ahUKEwiv0dHNqPaLAxW6JjQIHfGrJg8Qj7gIegQIUBAB\">\n<div class=\"dnXCYb\" tabindex=\"0\" role=\"button\" aria-controls=\"_mQjKZ--gD7rN0PEP8deaeQ_70\" aria-expanded=\"true\">\n<h3 class=\"JlqpRe\"><span class=\"JCzEY tNxQIb\"><span class=\"CSkcDe\">Les prot\u00e8ge-lames pour patins sont-ils n\u00e9cessaires\u00a0?<\/span><\/span><\/h3>\n<\/div>\n<\/div>\n<div id=\"_mQjKZ--gD7rN0PEP8deaeQ_70\" class=\"bCOlv\" data-ved=\"2ahUKEwiv0dHNqPaLAxW6JjQIHfGrJg8Q7NUEegQIUBAE\">\n<div class=\"IZE3Td\">\n<div class=\"r2fjmd t0bRye Sbgr0\" data-hveid=\"CFAQBQ\" data-ved=\"2ahUKEwiv0dHNqPaLAxW6JjQIHfGrJg8Qu04oAHoECFAQBQ\">\n<div id=\"mQjKZ--gD7rN0PEP8deaeQ__87\">\n<div class=\"wDYxhc\" data-md=\"61\">\n<div class=\"LGOjhe\" data-attrid=\"wa:\/description\" data-hveid=\"CFEQAA\"><span class=\"BxUVEf ILfuVd\" lang=\"fr\"><br \/>\n<span class=\"hgKElc\">Il y a une tr\u00e8s bonne raison pour laquelle <b>les prot\u00e8ge-lames sont un accessoire indispensable dans chaque sac de patinage<\/b>. Leur fonction principale est d\u2019absorber l\u2019humidit\u00e9 des lames apr\u00e8s votre s\u00e9ance de patinage. Il est essentiel d\u2019essuyer la partie inf\u00e9rieure de vos patins, y compris les lames, apr\u00e8s chaque entra\u00eenement.<\/span><br \/>\n<\/span><\/div>\n<\/div>\n<\/div>\n<\/div>\n<\/div>\n<div data-attrid=\"wa:\/description\" data-hveid=\"CFEQAA\">\n<div data-hveid=\"CE8QAQ\" data-ved=\"2ahUKEwiv0dHNqPaLAxW6JjQIHfGrJg8Qj7gIegQITxAB\">\n<div class=\"dnXCYb\" tabindex=\"0\" role=\"button\" aria-controls=\"_mQjKZ--gD7rN0PEP8deaeQ_69\" aria-expanded=\"true\">\n<h3 class=\"JlqpRe\"><strong><span class=\"JCzEY tNxQIb\"><span class=\"CSkcDe\">Laisse-t-on les prot\u00e8ge-lames sur les patins \u00e0 glace\u00a0?<\/span><\/span><\/strong><\/h3>\n<\/div>\n<\/div>\n<div id=\"_mQjKZ--gD7rN0PEP8deaeQ_69\" class=\"bCOlv\" data-ved=\"2ahUKEwiv0dHNqPaLAxW6JjQIHfGrJg8Q7NUEegQITxAE\">\n<div class=\"IZE3Td\">\n<div class=\"r2fjmd t0bRye Sbgr0\" data-hveid=\"CE8QBQ\" data-ved=\"2ahUKEwiv0dHNqPaLAxW6JjQIHfGrJg8Qu04oAHoECE8QBQ\">\n<div id=\"mQjKZ--gD7rN0PEP8deaeQ__93\">\n<div class=\"wDYxhc\" data-md=\"61\">\n<div class=\"LGOjhe\" data-attrid=\"wa:\/description\" data-hveid=\"CEwQAA\"><span class=\"BxUVEf ILfuVd\" lang=\"fr\"><br \/>\n<span class=\"hgKElc\">Ces protections agissent comme une barri\u00e8re protectrice, prot\u00e9geant les bords d\u00e9licats des lames de vos patins. <b>N\u2019oubliez pas de les retirer avant de ranger vos patins<\/b>, car l\u2019humidit\u00e9 peut rester pi\u00e9g\u00e9e \u00e0 l\u2019int\u00e9rieur et provoquer de la rouille.<\/span><br \/>\n<\/span><\/div>\n<\/div>\n<\/div>\n<\/div>\n<\/div>\n<\/div>\n<\/div>\n<\/div>\n<p>Souhaitez-vous ce produit dans d\u2019autres couleurs\u00a0? D\u00e9couvrez les prot\u00e8ge-lames BONT <a href=\"https:\/\/ztsports.com\/product\/bont-blade-covers-and-soaker\/\">ici<\/a>.<\/p>\n","protected":false},"excerpt":{"rendered":"<p>Prot\u00e8ge-lames Skate-Tec Prot\u00e8ge-lames Skate-Tec dans leur couleur signature orange, fabriqu\u00e9s avec un mat\u00e9riau en microfibre et une doublure en coton pour absorber l\u2019eau. Taille unique \u2013 convient aux lames jusqu\u2019\u00e0 18\u2033 Mat\u00e9riau en microfibre et doublure en coton pour l\u2019absorption de l\u2019eau dans la couleur orange signature de Skate-Tec. Les prot\u00e8ge-lames pour patins sont-ils n\u00e9cessaires\u00a0? [&hellip;]<\/p>\n","protected":false},"featured_media":22123,"comment_status":"open","ping_status":"closed","template":"","meta":{"_acf_changed":false,"_monsterinsights_skip_tracking":false,"_monsterinsights_sitenote_active":false,"_monsterinsights_sitenote_note":"","_monsterinsights_sitenote_category":0,"_uf_show_specific_survey":0,"_uf_disable_surveys":false,"site-sidebar-layout":"default","site-content-layout":"","ast-site-content-layout":"default","site-content-style":"default","site-sidebar-style":"default","ast-global-header-display":"","ast-banner-title-visibility":"","ast-main-header-display":"","ast-hfb-above-header-display":"","ast-hfb-below-header-display":"","ast-hfb-mobile-header-display":"","site-post-title":"","ast-breadcrumbs-content":"","ast-featured-img":"","footer-sml-layout":"","ast-disable-related-posts":"","theme-transparent-header-meta":"default","adv-header-id-meta":"","stick-header-meta":"","header-above-stick-meta":"","header-main-stick-meta":"","header-below-stick-meta":"","astra-migrate-meta-layouts":"set","ast-page-background-enabled":"default","ast-page-background-meta":{"desktop":{"background-color":"","background-image":"","background-repeat":"repeat","background-position":"center center","background-size":"auto","background-attachment":"scroll","background-type":"","background-media":"","overlay-type":"","overlay-color":"","overlay-opacity":"","overlay-gradient":""},"tablet":{"background-color":"","background-image":"","background-repeat":"repeat","background-position":"center center","background-size":"auto","background-attachment":"scroll","background-type":"","background-media":"","overlay-type":"","overlay-color":"","overlay-opacity":"","overlay-gradient":""},"mobile":{"background-color":"","background-image":"","background-repeat":"repeat","background-position":"center center","background-size":"auto","background-attachment":"scroll","background-type":"","background-media":"","overlay-type":"","overlay-color":"","overlay-opacity":"","overlay-gradient":""}},"ast-content-background-meta":{"desktop":{"background-color":"var(--ast-global-color-5)","background-image":"","background-repeat":"repeat","background-position":"center center","background-size":"auto","background-attachment":"scroll","background-type":"","background-media":"","overlay-type":"","overlay-color":"","overlay-opacity":"","overlay-gradient":""},"tablet":{"background-color":"var(--ast-global-color-5)","background-image":"","background-repeat":"repeat","background-position":"center center","background-size":"auto","background-attachment":"scroll","background-type":"","background-media":"","overlay-type":"","overlay-color":"","overlay-opacity":"","overlay-gradient":""},"mobile":{"background-color":"var(--ast-global-color-5)","background-image":"","background-repeat":"repeat","background-position":"center center","background-size":"auto","background-attachment":"scroll","background-type":"","background-media":"","overlay-type":"","overlay-color":"","overlay-opacity":"","overlay-gradient":""}}},"product_brand":[3338],"product_cat":[3378],"product_tag":[3799],"class_list":{"0":"post-22125","1":"product","2":"type-product","3":"status-publish","4":"has-post-thumbnail","6":"product_brand-skate-tec","7":"product_cat-non-categorise","8":"product_tag-bont","9":"desktop-align-left","10":"tablet-align-left","11":"mobile-align-left","13":"first","14":"instock","15":"sale","16":"taxable","17":"shipping-taxable","18":"purchasable","19":"product-type-simple"},"acf":[],"_links":{"self":[{"href":"https:\/\/ztsports.com\/fr\/wp-json\/wp\/v2\/product\/22125","targetHints":{"allow":["GET"]}}],"collection":[{"href":"https:\/\/ztsports.com\/fr\/wp-json\/wp\/v2\/product"}],"about":[{"href":"https:\/\/ztsports.com\/fr\/wp-json\/wp\/v2\/types\/product"}],"replies":[{"embeddable":true,"href":"https:\/\/ztsports.com\/fr\/wp-json\/wp\/v2\/comments?post=22125"}],"version-history":[{"count":2,"href":"https:\/\/ztsports.com\/fr\/wp-json\/wp\/v2\/product\/22125\/revisions"}],"predecessor-version":[{"id":22127,"href":"https:\/\/ztsports.com\/fr\/wp-json\/wp\/v2\/product\/22125\/revisions\/22127"}],"wp:featuredmedia":[{"embeddable":true,"href":"https:\/\/ztsports.com\/fr\/wp-json\/wp\/v2\/media\/22123"}],"wp:attachment":[{"href":"https:\/\/ztsports.com\/fr\/wp-json\/wp\/v2\/media?parent=22125"}],"wp:term":[{"taxonomy":"product_brand","embeddable":true,"href":"https:\/\/ztsports.com\/fr\/wp-json\/wp\/v2\/product_brand?post=22125"},{"taxonomy":"product_cat","embeddable":true,"href":"https:\/\/ztsports.com\/fr\/wp-json\/wp\/v2\/product_cat?post=22125"},{"taxonomy":"product_tag","embeddable":true,"href":"https:\/\/ztsports.com\/fr\/wp-json\/wp\/v2\/product_tag?post=22125"}],"curies":[{"name":"wp","href":"https:\/\/api.w.org\/{rel}","templated":true}]}}