{"id":22080,"date":"2025-03-10T19:32:55","date_gmt":"2025-03-10T19:32:55","guid":{"rendered":"https:\/\/ztsports.com\/?post_type=product&#038;p=22080"},"modified":"2026-03-12T11:06:48","modified_gmt":"2026-03-12T11:06:48","slug":"base360-speed-skate-soaker","status":"publish","type":"product","link":"https:\/\/ztsports.com\/fr\/store\/base360-speed-skate-soaker\/","title":{"rendered":"Base360 Speed Skate Soaker"},"content":{"rendered":"<h2>Base360 Speed Skate Soakers<\/h2>\n<p>Les Base360 Speed Skate Soakers sont con\u00e7us pour prot\u00e9ger vos lames de patin apr\u00e8s chaque s\u00e9ance de glisse. Avec une doublure int\u00e9rieure en \u00e9ponge (terry) absorbant l\u2019exc\u00e8s d\u2019eau, ces soakers pr\u00e9viennent la rouille et prolongent la dur\u00e9e de vie de vos lames.<\/p>\n<p>Leur conception ing\u00e9nieuse inclut une bande renforc\u00e9e en polypropyl\u00e8ne \u00e0 l\u2019int\u00e9rieur et \u00e0 l\u2019ext\u00e9rieur sur le bas, emp\u00eachant les lames de s\u2019\u00e9br\u00e9cher et maintenant leur aff\u00fbtage optimal. La coque ext\u00e9rieure en nylon r\u00e9sistant \u00e0 l\u2019eau offre une protection suppl\u00e9mentaire aux couches internes du soaker.<\/p>\n<ul>\n<li>Prot\u00e8ge les lames de patin contre les \u00e9clats et prolonge l\u2019aff\u00fbtage<\/li>\n<li>Doublure int\u00e9rieure en terry absorbant l\u2019exc\u00e8s d\u2019eau pour pr\u00e9venir la rouille<\/li>\n<li>Mat\u00e9riau ext\u00e9rieur en nylon r\u00e9sistant \u00e0 l\u2019eau pour prot\u00e9ger les couches internes<\/li>\n<li><strong>Bande renforc\u00e9e en polypropyl\u00e8ne int\u00e9gr\u00e9e sur le bas<\/strong><\/li>\n<li><strong>Soakers doux pour s\u00e9cher et prot\u00e9ger vos lames apr\u00e8s patinage<\/strong>. Apr\u00e8s chaque s\u00e9ance, essuyez les lames pour \u00e9liminer neige et eau, ou utilisez des soakers. Cela \u00e9vite la rouille qui peut ternir et rendre les patins dangereux.<\/li>\n<li>Vendues par paire<\/li>\n<li>D\u00e9couvrez une vari\u00e9t\u00e9 infinie de <em><strong>protections de lames color\u00e9es, \u00e0 motifs et en peluche<\/strong><\/em> pour garder vos lames s\u00e8ches et sans rouille. <a href=\"https:\/\/ztsports.com\/product-tag\/blade-soakers\/\"><strong>Voir ici<\/strong><\/a><\/li>\n<\/ul>\n","protected":false},"excerpt":{"rendered":"<p>Base360 Speed Skate Soakers Les Base360 Speed Skate Soakers sont con\u00e7us pour prot\u00e9ger vos lames de patin apr\u00e8s chaque s\u00e9ance de glisse. Avec une doublure int\u00e9rieure en \u00e9ponge (terry) absorbant l\u2019exc\u00e8s d\u2019eau, ces soakers pr\u00e9viennent la rouille et prolongent la dur\u00e9e de vie de vos lames. Leur conception ing\u00e9nieuse inclut une bande renforc\u00e9e en polypropyl\u00e8ne [&hellip;]<\/p>\n","protected":false},"featured_media":22078,"comment_status":"open","ping_status":"closed","template":"","meta":{"_acf_changed":false,"_monsterinsights_skip_tracking":false,"_monsterinsights_sitenote_active":false,"_monsterinsights_sitenote_note":"","_monsterinsights_sitenote_category":0,"_uf_show_specific_survey":0,"_uf_disable_surveys":false,"site-sidebar-layout":"default","site-content-layout":"","ast-site-content-layout":"default","site-content-style":"default","site-sidebar-style":"default","ast-global-header-display":"","ast-banner-title-visibility":"","ast-main-header-display":"","ast-hfb-above-header-display":"","ast-hfb-below-header-display":"","ast-hfb-mobile-header-display":"","site-post-title":"","ast-breadcrumbs-content":"","ast-featured-img":"","footer-sml-layout":"","ast-disable-related-posts":"","theme-transparent-header-meta":"default","adv-header-id-meta":"","stick-header-meta":"","header-above-stick-meta":"","header-main-stick-meta":"","header-below-stick-meta":"","astra-migrate-meta-layouts":"set","ast-page-background-enabled":"default","ast-page-background-meta":{"desktop":{"background-color":"","background-image":"","background-repeat":"repeat","background-position":"center center","background-size":"auto","background-attachment":"scroll","background-type":"","background-media":"","overlay-type":"","overlay-color":"","overlay-opacity":"","overlay-gradient":""},"tablet":{"background-color":"","background-image":"","background-repeat":"repeat","background-position":"center center","background-size":"auto","background-attachment":"scroll","background-type":"","background-media":"","overlay-type":"","overlay-color":"","overlay-opacity":"","overlay-gradient":""},"mobile":{"background-color":"","background-image":"","background-repeat":"repeat","background-position":"center center","background-size":"auto","background-attachment":"scroll","background-type":"","background-media":"","overlay-type":"","overlay-color":"","overlay-opacity":"","overlay-gradient":""}},"ast-content-background-meta":{"desktop":{"background-color":"var(--ast-global-color-5)","background-image":"","background-repeat":"repeat","background-position":"center center","background-size":"auto","background-attachment":"scroll","background-type":"","background-media":"","overlay-type":"","overlay-color":"","overlay-opacity":"","overlay-gradient":""},"tablet":{"background-color":"var(--ast-global-color-5)","background-image":"","background-repeat":"repeat","background-position":"center center","background-size":"auto","background-attachment":"scroll","background-type":"","background-media":"","overlay-type":"","overlay-color":"","overlay-opacity":"","overlay-gradient":""},"mobile":{"background-color":"var(--ast-global-color-5)","background-image":"","background-repeat":"repeat","background-position":"center center","background-size":"auto","background-attachment":"scroll","background-type":"","background-media":"","overlay-type":"","overlay-color":"","overlay-opacity":"","overlay-gradient":""}}},"product_brand":[3279],"product_cat":[4565],"product_tag":[],"class_list":{"0":"post-22080","1":"product","2":"type-product","3":"status-publish","4":"has-post-thumbnail","6":"product_brand-base-360","7":"product_cat-accessoires","8":"desktop-align-left","9":"tablet-align-left","10":"mobile-align-left","12":"first","13":"instock","14":"taxable","15":"shipping-taxable","16":"purchasable","17":"product-type-simple"},"acf":[],"_links":{"self":[{"href":"https:\/\/ztsports.com\/fr\/wp-json\/wp\/v2\/product\/22080","targetHints":{"allow":["GET"]}}],"collection":[{"href":"https:\/\/ztsports.com\/fr\/wp-json\/wp\/v2\/product"}],"about":[{"href":"https:\/\/ztsports.com\/fr\/wp-json\/wp\/v2\/types\/product"}],"replies":[{"embeddable":true,"href":"https:\/\/ztsports.com\/fr\/wp-json\/wp\/v2\/comments?post=22080"}],"version-history":[{"count":2,"href":"https:\/\/ztsports.com\/fr\/wp-json\/wp\/v2\/product\/22080\/revisions"}],"predecessor-version":[{"id":24550,"href":"https:\/\/ztsports.com\/fr\/wp-json\/wp\/v2\/product\/22080\/revisions\/24550"}],"wp:featuredmedia":[{"embeddable":true,"href":"https:\/\/ztsports.com\/fr\/wp-json\/wp\/v2\/media\/22078"}],"wp:attachment":[{"href":"https:\/\/ztsports.com\/fr\/wp-json\/wp\/v2\/media?parent=22080"}],"wp:term":[{"taxonomy":"product_brand","embeddable":true,"href":"https:\/\/ztsports.com\/fr\/wp-json\/wp\/v2\/product_brand?post=22080"},{"taxonomy":"product_cat","embeddable":true,"href":"https:\/\/ztsports.com\/fr\/wp-json\/wp\/v2\/product_cat?post=22080"},{"taxonomy":"product_tag","embeddable":true,"href":"https:\/\/ztsports.com\/fr\/wp-json\/wp\/v2\/product_tag?post=22080"}],"curies":[{"name":"wp","href":"https:\/\/api.w.org\/{rel}","templated":true}]}}