{"id":22075,"date":"2025-03-12T00:09:00","date_gmt":"2025-03-12T00:09:00","guid":{"rendered":"https:\/\/ztsports.com\/?post_type=product&#038;p=22075"},"modified":"2026-04-18T17:47:51","modified_gmt":"2026-04-18T17:47:51","slug":"atom-gear-elbow-knee-wrist-combo-3pack","status":"publish","type":"product","link":"https:\/\/ztsports.com\/fr\/store\/atom-gear-elbow-knee-wrist-combo-3pack\/","title":{"rendered":"ATOM Gear Elbow\/Knee\/Wrist Combo (3Pack)"},"content":{"rendered":"<h2>Ensemble de Protections ATOM Gear : Coudi\u00e8res \/ Genouill\u00e8res \/ Prot\u00e8ge-Poignets (3 pi\u00e8ces)<\/h2>\n<p>L\u2019ensemble ATOM Gear est id\u00e9al pour les d\u00e9butants en roller ou patin \u00e0 roulettes. Quelle que soit votre exp\u00e9rience, le port de protections est indispensable pour \u00e9viter blessures et \u00e9raflures.<\/p>\n<h3>Caract\u00e9ristiques des protections ATOM Gear<\/h3>\n<p>Les protections souples conviennent aux patineurs r\u00e9cr\u00e9atifs en priorit\u00e9 mobilit\u00e9 et respirabilit\u00e9. Elles prot\u00e8gent les articulations gr\u00e2ce \u00e0 une mousse r\u00e9sistante, efficace contre les chutes \u00e0 vitesse mod\u00e9r\u00e9e.<\/p>\n<p>Les protections avec coque rigide poss\u00e8dent un capuchon plastique sur la mousse pour une protection renforc\u00e9e. Id\u00e9al pour les figures, sauts et sports de contact comme le roller hockey ou le roller derby.<\/p>\n<h3>\u00c0 propos de ces articles :<\/h3>\n<ul>\n<li>Mousse haute densit\u00e9 pour absorber les impacts<\/li>\n<li>Tissu l\u00e9ger et respirant pour un confort optimal<\/li>\n<li>Doublure slip-in pour maintenir la protection en place<\/li>\n<li>Sangles Velcro ajustables (haut et bas) avec coque ext\u00e9rieure contourn\u00e9e<\/li>\n<li>Ensemble coudi\u00e8res \/ genouill\u00e8res ATOM Gear<\/li>\n<\/ul>\n<table>\n<tbody>\n<tr>\n<td><strong>Marque<\/strong><\/td>\n<td>ATOM<\/td>\n<\/tr>\n<tr>\n<td><strong>Mat\u00e9riau<\/strong><\/td>\n<td>Mousse<\/td>\n<\/tr>\n<tr>\n<td><strong>Type de fermeture<\/strong><\/td>\n<td>Velcro<\/td>\n<\/tr>\n<tr>\n<td><strong>Caract\u00e9ristique sp\u00e9ciale<\/strong><\/td>\n<td>Respirant<\/td>\n<\/tr>\n<tr>\n<td><strong>Forme<\/strong><\/td>\n<td>Coque<\/td>\n<\/tr>\n<\/tbody>\n<\/table>\n<p><img decoding=\"async\" src=\"https:\/\/www.conniesskateplace.com\/v\/vspfiles\/photos\/manufacturers\/Atom.gif\" alt=\"Logo ATOM Gear\" \/><\/p>\n<p><img decoding=\"async\" src=\"https:\/\/cdn4.volusion.store\/renvs-jxqrr\/v\/vspfiles\/photos\/ARMOR-ELBOW-KNEE-2T.jpg?v-cache=1407095344\" alt=\"Protections coudi\u00e8res et genouill\u00e8res\" \/><br \/>\n<img fetchpriority=\"high\" decoding=\"async\" class=\"\" src=\"https:\/\/atomskates.com\/cdn\/shop\/products\/wrist_guards_1024x1024.jpg?v=1504908697\" alt=\"Prot\u00e8ge-poignets ATOM Gear\" width=\"458\" height=\"458\" \/><\/p>\n","protected":false},"excerpt":{"rendered":"<p>Ensemble de Protections ATOM Gear : Coudi\u00e8res \/ Genouill\u00e8res \/ Prot\u00e8ge-Poignets (3 pi\u00e8ces) L\u2019ensemble ATOM Gear est id\u00e9al pour les d\u00e9butants en roller ou patin \u00e0 roulettes. Quelle que soit votre exp\u00e9rience, le port de protections est indispensable pour \u00e9viter blessures et \u00e9raflures. Caract\u00e9ristiques des protections ATOM Gear Les protections souples conviennent aux patineurs r\u00e9cr\u00e9atifs [&hellip;]<\/p>\n","protected":false},"featured_media":22074,"comment_status":"open","ping_status":"closed","template":"","meta":{"_acf_changed":false,"_monsterinsights_skip_tracking":false,"_monsterinsights_sitenote_active":false,"_monsterinsights_sitenote_note":"","_monsterinsights_sitenote_category":0,"_uf_show_specific_survey":0,"_uf_disable_surveys":false,"site-sidebar-layout":"default","site-content-layout":"","ast-site-content-layout":"default","site-content-style":"default","site-sidebar-style":"default","ast-global-header-display":"","ast-banner-title-visibility":"","ast-main-header-display":"","ast-hfb-above-header-display":"","ast-hfb-below-header-display":"","ast-hfb-mobile-header-display":"","site-post-title":"","ast-breadcrumbs-content":"","ast-featured-img":"","footer-sml-layout":"","ast-disable-related-posts":"","theme-transparent-header-meta":"default","adv-header-id-meta":"","stick-header-meta":"","header-above-stick-meta":"","header-main-stick-meta":"","header-below-stick-meta":"","astra-migrate-meta-layouts":"set","ast-page-background-enabled":"default","ast-page-background-meta":{"desktop":{"background-color":"","background-image":"","background-repeat":"repeat","background-position":"center center","background-size":"auto","background-attachment":"scroll","background-type":"","background-media":"","overlay-type":"","overlay-color":"","overlay-opacity":"","overlay-gradient":""},"tablet":{"background-color":"","background-image":"","background-repeat":"repeat","background-position":"center center","background-size":"auto","background-attachment":"scroll","background-type":"","background-media":"","overlay-type":"","overlay-color":"","overlay-opacity":"","overlay-gradient":""},"mobile":{"background-color":"","background-image":"","background-repeat":"repeat","background-position":"center center","background-size":"auto","background-attachment":"scroll","background-type":"","background-media":"","overlay-type":"","overlay-color":"","overlay-opacity":"","overlay-gradient":""}},"ast-content-background-meta":{"desktop":{"background-color":"var(--ast-global-color-5)","background-image":"","background-repeat":"repeat","background-position":"center center","background-size":"auto","background-attachment":"scroll","background-type":"","background-media":"","overlay-type":"","overlay-color":"","overlay-opacity":"","overlay-gradient":""},"tablet":{"background-color":"var(--ast-global-color-5)","background-image":"","background-repeat":"repeat","background-position":"center center","background-size":"auto","background-attachment":"scroll","background-type":"","background-media":"","overlay-type":"","overlay-color":"","overlay-opacity":"","overlay-gradient":""},"mobile":{"background-color":"var(--ast-global-color-5)","background-image":"","background-repeat":"repeat","background-position":"center center","background-size":"auto","background-attachment":"scroll","background-type":"","background-media":"","overlay-type":"","overlay-color":"","overlay-opacity":"","overlay-gradient":""}}},"product_brand":[3277],"product_cat":[4565,3381],"product_tag":[4692],"class_list":{"0":"post-22075","1":"product","2":"type-product","3":"status-publish","4":"has-post-thumbnail","6":"product_brand-atom","7":"product_cat-accessoires","8":"product_cat-patinage-de-vitesse-en-ligne","9":"product_tag-atom-gear","10":"desktop-align-left","11":"tablet-align-left","12":"mobile-align-left","14":"first","15":"instock","16":"sale","17":"taxable","18":"shipping-taxable","19":"purchasable","20":"product-type-simple"},"acf":[],"_links":{"self":[{"href":"https:\/\/ztsports.com\/fr\/wp-json\/wp\/v2\/product\/22075","targetHints":{"allow":["GET"]}}],"collection":[{"href":"https:\/\/ztsports.com\/fr\/wp-json\/wp\/v2\/product"}],"about":[{"href":"https:\/\/ztsports.com\/fr\/wp-json\/wp\/v2\/types\/product"}],"replies":[{"embeddable":true,"href":"https:\/\/ztsports.com\/fr\/wp-json\/wp\/v2\/comments?post=22075"}],"version-history":[{"count":2,"href":"https:\/\/ztsports.com\/fr\/wp-json\/wp\/v2\/product\/22075\/revisions"}],"predecessor-version":[{"id":22088,"href":"https:\/\/ztsports.com\/fr\/wp-json\/wp\/v2\/product\/22075\/revisions\/22088"}],"wp:featuredmedia":[{"embeddable":true,"href":"https:\/\/ztsports.com\/fr\/wp-json\/wp\/v2\/media\/22074"}],"wp:attachment":[{"href":"https:\/\/ztsports.com\/fr\/wp-json\/wp\/v2\/media?parent=22075"}],"wp:term":[{"taxonomy":"product_brand","embeddable":true,"href":"https:\/\/ztsports.com\/fr\/wp-json\/wp\/v2\/product_brand?post=22075"},{"taxonomy":"product_cat","embeddable":true,"href":"https:\/\/ztsports.com\/fr\/wp-json\/wp\/v2\/product_cat?post=22075"},{"taxonomy":"product_tag","embeddable":true,"href":"https:\/\/ztsports.com\/fr\/wp-json\/wp\/v2\/product_tag?post=22075"}],"curies":[{"name":"wp","href":"https:\/\/api.w.org\/{rel}","templated":true}]}}