{"id":22073,"date":"2025-03-12T09:47:39","date_gmt":"2025-03-12T09:47:39","guid":{"rendered":"https:\/\/ztsports.com\/?post_type=product&#038;p=22073"},"modified":"2026-03-12T10:53:30","modified_gmt":"2026-03-12T10:53:30","slug":"bont-skate-protective-pads-set","status":"publish","type":"product","link":"https:\/\/ztsports.com\/fr\/store\/bont-skate-protective-pads-set\/","title":{"rendered":"BONT Skate Protective Pads Set"},"content":{"rendered":"<h2 data-rm-block-id=\"block-1\">Ensemble de Protections BONT pour Patinage<\/h2>\n<p data-rm-block-id=\"block-2\">Cet ensemble de protections permet aux enfants de s\u2019amuser tout en restant en s\u00e9curit\u00e9, comprenant des genouill\u00e8res (2 pcs), coudi\u00e8res (2 pcs) et prot\u00e8ge-poignets (2 pcs). Con\u00e7u pour absorber les chocs, il est adapt\u00e9 au roller, patin \u00e0 roulettes, skateboard, trottinette et autres sports.<\/p>\n<p data-rm-block-id=\"block-3\">Les sangles \u00e9lastiques r\u00e9glables assurent un ajustement s\u00e9curis\u00e9 et offrent une excellente protection pendant l\u2019activit\u00e9 sportive. Fabriqu\u00e9 en PVC durable et l\u00e9ger, il pr\u00e9vient les blessures aux poignets, coudes et genoux. La mousse EVA ventil\u00e9e permet une excellente circulation de l\u2019air et limite la transpiration.<\/p>\n<p data-rm-block-id=\"block-4\">Taille recommand\u00e9e :<\/p>\n<ul>\n<li data-rm-block-id=\"block-5\">Small : 5 \u00e0 8 ans<\/li>\n<li data-rm-block-id=\"block-6\">Medium : 8 \u00e0 12 ans<\/li>\n<li data-rm-block-id=\"block-7\">Large : 12 \u00e0 16 ans<\/li>\n<\/ul>\n<p data-rm-block-id=\"block-8\">Assurez la s\u00e9curit\u00e9 de votre enfant avec l\u2019ensemble de protections BONT, le choix id\u00e9al pour les jeunes actifs.<\/p>\n","protected":false},"excerpt":{"rendered":"<p>Ensemble de Protections BONT pour Patinage Cet ensemble de protections permet aux enfants de s\u2019amuser tout en restant en s\u00e9curit\u00e9, comprenant des genouill\u00e8res (2 pcs), coudi\u00e8res (2 pcs) et prot\u00e8ge-poignets (2 pcs). Con\u00e7u pour absorber les chocs, il est adapt\u00e9 au roller, patin \u00e0 roulettes, skateboard, trottinette et autres sports. Les sangles \u00e9lastiques r\u00e9glables assurent [&hellip;]<\/p>\n","protected":false},"featured_media":22069,"comment_status":"open","ping_status":"closed","template":"","meta":{"_acf_changed":false,"_monsterinsights_skip_tracking":false,"_monsterinsights_sitenote_active":false,"_monsterinsights_sitenote_note":"","_monsterinsights_sitenote_category":0,"_uf_show_specific_survey":0,"_uf_disable_surveys":false,"site-sidebar-layout":"default","site-content-layout":"","ast-site-content-layout":"default","site-content-style":"default","site-sidebar-style":"default","ast-global-header-display":"","ast-banner-title-visibility":"","ast-main-header-display":"","ast-hfb-above-header-display":"","ast-hfb-below-header-display":"","ast-hfb-mobile-header-display":"","site-post-title":"","ast-breadcrumbs-content":"","ast-featured-img":"","footer-sml-layout":"","ast-disable-related-posts":"","theme-transparent-header-meta":"default","adv-header-id-meta":"","stick-header-meta":"","header-above-stick-meta":"","header-main-stick-meta":"","header-below-stick-meta":"","astra-migrate-meta-layouts":"set","ast-page-background-enabled":"default","ast-page-background-meta":{"desktop":{"background-color":"","background-image":"","background-repeat":"repeat","background-position":"center center","background-size":"auto","background-attachment":"scroll","background-type":"","background-media":"","overlay-type":"","overlay-color":"","overlay-opacity":"","overlay-gradient":""},"tablet":{"background-color":"","background-image":"","background-repeat":"repeat","background-position":"center center","background-size":"auto","background-attachment":"scroll","background-type":"","background-media":"","overlay-type":"","overlay-color":"","overlay-opacity":"","overlay-gradient":""},"mobile":{"background-color":"","background-image":"","background-repeat":"repeat","background-position":"center center","background-size":"auto","background-attachment":"scroll","background-type":"","background-media":"","overlay-type":"","overlay-color":"","overlay-opacity":"","overlay-gradient":""}},"ast-content-background-meta":{"desktop":{"background-color":"var(--ast-global-color-5)","background-image":"","background-repeat":"repeat","background-position":"center center","background-size":"auto","background-attachment":"scroll","background-type":"","background-media":"","overlay-type":"","overlay-color":"","overlay-opacity":"","overlay-gradient":""},"tablet":{"background-color":"var(--ast-global-color-5)","background-image":"","background-repeat":"repeat","background-position":"center center","background-size":"auto","background-attachment":"scroll","background-type":"","background-media":"","overlay-type":"","overlay-color":"","overlay-opacity":"","overlay-gradient":""},"mobile":{"background-color":"var(--ast-global-color-5)","background-image":"","background-repeat":"repeat","background-position":"center center","background-size":"auto","background-attachment":"scroll","background-type":"","background-media":"","overlay-type":"","overlay-color":"","overlay-opacity":"","overlay-gradient":""}}},"product_brand":[3285],"product_cat":[4565,3381],"product_tag":[],"class_list":{"0":"post-22073","1":"product","2":"type-product","3":"status-publish","4":"has-post-thumbnail","6":"product_brand-bont","7":"product_cat-accessoires","8":"product_cat-patinage-de-vitesse-en-ligne","9":"desktop-align-left","10":"tablet-align-left","11":"mobile-align-left","13":"first","14":"instock","15":"taxable","16":"shipping-taxable","17":"purchasable","18":"product-type-simple"},"acf":[],"_links":{"self":[{"href":"https:\/\/ztsports.com\/fr\/wp-json\/wp\/v2\/product\/22073","targetHints":{"allow":["GET"]}}],"collection":[{"href":"https:\/\/ztsports.com\/fr\/wp-json\/wp\/v2\/product"}],"about":[{"href":"https:\/\/ztsports.com\/fr\/wp-json\/wp\/v2\/types\/product"}],"replies":[{"embeddable":true,"href":"https:\/\/ztsports.com\/fr\/wp-json\/wp\/v2\/comments?post=22073"}],"version-history":[{"count":3,"href":"https:\/\/ztsports.com\/fr\/wp-json\/wp\/v2\/product\/22073\/revisions"}],"predecessor-version":[{"id":24549,"href":"https:\/\/ztsports.com\/fr\/wp-json\/wp\/v2\/product\/22073\/revisions\/24549"}],"wp:featuredmedia":[{"embeddable":true,"href":"https:\/\/ztsports.com\/fr\/wp-json\/wp\/v2\/media\/22069"}],"wp:attachment":[{"href":"https:\/\/ztsports.com\/fr\/wp-json\/wp\/v2\/media?parent=22073"}],"wp:term":[{"taxonomy":"product_brand","embeddable":true,"href":"https:\/\/ztsports.com\/fr\/wp-json\/wp\/v2\/product_brand?post=22073"},{"taxonomy":"product_cat","embeddable":true,"href":"https:\/\/ztsports.com\/fr\/wp-json\/wp\/v2\/product_cat?post=22073"},{"taxonomy":"product_tag","embeddable":true,"href":"https:\/\/ztsports.com\/fr\/wp-json\/wp\/v2\/product_tag?post=22073"}],"curies":[{"name":"wp","href":"https:\/\/api.w.org\/{rel}","templated":true}]}}