{"id":22068,"date":"2025-04-07T12:04:01","date_gmt":"2025-04-07T12:04:01","guid":{"rendered":"https:\/\/ztsports.com\/?post_type=product&#038;p=22068"},"modified":"2026-03-12T10:49:22","modified_gmt":"2026-03-12T10:49:22","slug":"deluxe-plaid-blade-soakers","status":"publish","type":"product","link":"https:\/\/ztsports.com\/fr\/store\/deluxe-plaid-blade-soakers\/","title":{"rendered":"Deluxe Plaid Blade Soakers"},"content":{"rendered":"<h2 data-rm-block-id=\"block-1\">Deluxe Plaid \u2013 Prot\u00e8ge-Lames<\/h2>\n<p data-rm-block-id=\"block-2\">Ces prot\u00e8ge-lames Deluxe Plaid sont renforc\u00e9s aux extr\u00e9mit\u00e9s avec un mat\u00e9riau r\u00e9sistant aux coupures.<\/p>\n<p data-rm-block-id=\"block-3\">Ext\u00e9rieur en flanelle avec int\u00e9rieur absorbant.<\/p>\n<p data-rm-block-id=\"block-4\">Pointes et talons renforc\u00e9s avec un tissu r\u00e9sistant aux coupures.<\/p>\n<h3 data-rm-block-id=\"block-5\"><strong>Pourquoi utiliser des prot\u00e8ge-lames ?<\/strong><\/h3>\n<p data-rm-block-id=\"block-6\">Il y a une tr\u00e8s bonne raison pour laquelle les prot\u00e8ge-lames sont un \u00e9l\u00e9ment indispensable dans chaque sac de patinage. Leur fonction principale est <em>d\u2019absorber l\u2019humidit\u00e9 des lames<\/em> apr\u00e8s votre s\u00e9ance de patinage. Il est crucial d\u2019essuyer la partie inf\u00e9rieure de vos patins, y compris les lames, apr\u00e8s chaque entra\u00eenement.<\/p>\n<p data-rm-block-id=\"block-7\">Cependant, peu importe la minutie avec laquelle vous essuyez vos lames, le contraste entre la temp\u00e9rature ambiante et celle de la patinoire provoquera plus de condensation sur vos patins une fois rang\u00e9s dans le sac. L\u2019humidit\u00e9 r\u00e9siduelle favorise la rouille et l\u2019\u00e9moussage rapide des lames.<\/p>\n<p data-rm-block-id=\"block-8\">Les prot\u00e8ge-lames pour patins \u00e0 glace sont con\u00e7us pour capturer toute humidit\u00e9 r\u00e9siduelle, gardant ainsi vos lames s\u00e8ches et correctement prot\u00e9g\u00e9es. D\u2019autres fonctions utiles incluent <em>la protection contre les dommages m\u00e9caniques<\/em> tels que bosses et rayures, ainsi que <em>le maintien du sac de patinage sans coupures<\/em>.<\/p>\n<p data-rm-block-id=\"block-9\">Disponibles en quatre motifs plaid uniques :<\/p>\n<ul>\n<li data-rm-block-id=\"block-10\">Gris\/Noir<\/li>\n<li data-rm-block-id=\"block-11\">Bleu\/Noir<\/li>\n<li data-rm-block-id=\"block-12\">Rouge\/Noir<\/li>\n<li data-rm-block-id=\"block-13\">Jaune\/Noir<\/li>\n<\/ul>\n<p data-rm-block-id=\"block-14\">D\u00e9couvrez notre large s\u00e9lection de <a href=\"https:\/\/ztsports.com\/?s=soakers&amp;post_type=product&amp;product_cat=0\"><strong>Prot\u00e8ge-Lames Ici.<\/strong><\/a><\/p>\n","protected":false},"excerpt":{"rendered":"<p>Deluxe Plaid \u2013 Prot\u00e8ge-Lames Ces prot\u00e8ge-lames Deluxe Plaid sont renforc\u00e9s aux extr\u00e9mit\u00e9s avec un mat\u00e9riau r\u00e9sistant aux coupures. Ext\u00e9rieur en flanelle avec int\u00e9rieur absorbant. Pointes et talons renforc\u00e9s avec un tissu r\u00e9sistant aux coupures. Pourquoi utiliser des prot\u00e8ge-lames ? Il y a une tr\u00e8s bonne raison pour laquelle les prot\u00e8ge-lames sont un \u00e9l\u00e9ment indispensable dans [&hellip;]<\/p>\n","protected":false},"featured_media":22063,"comment_status":"open","ping_status":"closed","template":"","meta":{"_acf_changed":false,"_monsterinsights_skip_tracking":false,"_monsterinsights_sitenote_active":false,"_monsterinsights_sitenote_note":"","_monsterinsights_sitenote_category":0,"_uf_show_specific_survey":0,"_uf_disable_surveys":false,"site-sidebar-layout":"default","site-content-layout":"","ast-site-content-layout":"default","site-content-style":"default","site-sidebar-style":"default","ast-global-header-display":"","ast-banner-title-visibility":"","ast-main-header-display":"","ast-hfb-above-header-display":"","ast-hfb-below-header-display":"","ast-hfb-mobile-header-display":"","site-post-title":"","ast-breadcrumbs-content":"","ast-featured-img":"","footer-sml-layout":"","ast-disable-related-posts":"","theme-transparent-header-meta":"default","adv-header-id-meta":"","stick-header-meta":"","header-above-stick-meta":"","header-main-stick-meta":"","header-below-stick-meta":"","astra-migrate-meta-layouts":"set","ast-page-background-enabled":"default","ast-page-background-meta":{"desktop":{"background-color":"","background-image":"","background-repeat":"repeat","background-position":"center center","background-size":"auto","background-attachment":"scroll","background-type":"","background-media":"","overlay-type":"","overlay-color":"","overlay-opacity":"","overlay-gradient":""},"tablet":{"background-color":"","background-image":"","background-repeat":"repeat","background-position":"center center","background-size":"auto","background-attachment":"scroll","background-type":"","background-media":"","overlay-type":"","overlay-color":"","overlay-opacity":"","overlay-gradient":""},"mobile":{"background-color":"","background-image":"","background-repeat":"repeat","background-position":"center center","background-size":"auto","background-attachment":"scroll","background-type":"","background-media":"","overlay-type":"","overlay-color":"","overlay-opacity":"","overlay-gradient":""}},"ast-content-background-meta":{"desktop":{"background-color":"var(--ast-global-color-5)","background-image":"","background-repeat":"repeat","background-position":"center center","background-size":"auto","background-attachment":"scroll","background-type":"","background-media":"","overlay-type":"","overlay-color":"","overlay-opacity":"","overlay-gradient":""},"tablet":{"background-color":"var(--ast-global-color-5)","background-image":"","background-repeat":"repeat","background-position":"center center","background-size":"auto","background-attachment":"scroll","background-type":"","background-media":"","overlay-type":"","overlay-color":"","overlay-opacity":"","overlay-gradient":""},"mobile":{"background-color":"var(--ast-global-color-5)","background-image":"","background-repeat":"repeat","background-position":"center center","background-size":"auto","background-attachment":"scroll","background-type":"","background-media":"","overlay-type":"","overlay-color":"","overlay-opacity":"","overlay-gradient":""}}},"product_brand":[3337,3358,3361,3360],"product_cat":[3455],"product_tag":[],"class_list":{"0":"post-22068","1":"product","2":"type-product","3":"status-publish","4":"has-post-thumbnail","6":"product_brand-sherbatov","7":"product_brand-x-series","8":"product_brand-x-series-xact","9":"product_brand-xact","10":"product_cat-accessories","11":"desktop-align-left","12":"tablet-align-left","13":"mobile-align-left","15":"first","16":"instock","17":"sale","18":"taxable","19":"shipping-taxable","20":"purchasable","21":"product-type-simple"},"acf":[],"_links":{"self":[{"href":"https:\/\/ztsports.com\/fr\/wp-json\/wp\/v2\/product\/22068","targetHints":{"allow":["GET"]}}],"collection":[{"href":"https:\/\/ztsports.com\/fr\/wp-json\/wp\/v2\/product"}],"about":[{"href":"https:\/\/ztsports.com\/fr\/wp-json\/wp\/v2\/types\/product"}],"replies":[{"embeddable":true,"href":"https:\/\/ztsports.com\/fr\/wp-json\/wp\/v2\/comments?post=22068"}],"version-history":[{"count":2,"href":"https:\/\/ztsports.com\/fr\/wp-json\/wp\/v2\/product\/22068\/revisions"}],"predecessor-version":[{"id":22084,"href":"https:\/\/ztsports.com\/fr\/wp-json\/wp\/v2\/product\/22068\/revisions\/22084"}],"wp:featuredmedia":[{"embeddable":true,"href":"https:\/\/ztsports.com\/fr\/wp-json\/wp\/v2\/media\/22063"}],"wp:attachment":[{"href":"https:\/\/ztsports.com\/fr\/wp-json\/wp\/v2\/media?parent=22068"}],"wp:term":[{"taxonomy":"product_brand","embeddable":true,"href":"https:\/\/ztsports.com\/fr\/wp-json\/wp\/v2\/product_brand?post=22068"},{"taxonomy":"product_cat","embeddable":true,"href":"https:\/\/ztsports.com\/fr\/wp-json\/wp\/v2\/product_cat?post=22068"},{"taxonomy":"product_tag","embeddable":true,"href":"https:\/\/ztsports.com\/fr\/wp-json\/wp\/v2\/product_tag?post=22068"}],"curies":[{"name":"wp","href":"https:\/\/api.w.org\/{rel}","templated":true}]}}