{"id":22058,"date":"2025-06-17T15:52:56","date_gmt":"2025-06-17T15:52:56","guid":{"rendered":"https:\/\/ztsports.com\/?post_type=product&#038;p=22058"},"modified":"2026-04-11T17:35:02","modified_gmt":"2026-04-11T17:35:02","slug":"skate-tec-n98-futuro-l2t-club-order-5-pairs","status":"publish","type":"product","link":"https:\/\/ztsports.com\/fr\/store\/skate-tec-n98-futuro-l2t-club-order-5-pairs\/","title":{"rendered":"Skate-Tec N98 Futuro L2T Club Order 5 Pairs"},"content":{"rendered":"<h1 class=\"product_title entry-title wd-entities-title\" data-rm-block-id=\"block-1\">Skate-Tec N98 Futuro L2T set \u2013 Commande Club 5 Paires<\/h1>\n<h5 class=\"serp-title\">Skate-Tec N98 Futuro L2T Club Order 5 Pairs<\/h5>\n<p data-rm-block-id=\"block-3\"><strong>La lame Futuro 12C27<\/strong> est le mod\u00e8le d\u2019entr\u00e9e de gamme de Skate-Tec. Fabriqu\u00e9e en acier inoxydable 12C27, elle est pr\u00e9-courb\u00e9e et id\u00e9ale pour les jeunes patineurs. Peu de mod\u00e8les de cette qualit\u00e9 sont propos\u00e9s \u00e0 ce prix.<\/p>\n<h5 class=\"serp-title\">Skate-Tec N98 Futuro L2T Club Order 5 Pairs<\/h5>\n<ul>\n<li data-rm-block-id=\"block-4\">Lame pour athl\u00e8tes d\u00e9butants. Excellente option pour les clubs<\/li>\n<li data-rm-block-id=\"block-5\">Tuyau flexible permettant une grande marge d\u2019erreur dans les virages<\/li>\n<li data-rm-block-id=\"block-6\">Comparables : Bont Ultrasprint \/ Maple Premium<\/li>\n<li data-rm-block-id=\"block-7\">Pr\u00e9-courb\u00e9e<\/li>\n<li data-rm-block-id=\"block-8\">Lame en chrome avec une duret\u00e9 de 58 HRC<\/li>\n<li data-rm-block-id=\"block-9\">Tuyau en aluminium<\/li>\n<li data-rm-block-id=\"block-10\">Id\u00e9ale pour les patineurs de moins de \u00b1100 lbs.<\/li>\n<\/ul>\n<h3 data-rm-block-id=\"block-11\"><strong>Prix sp\u00e9cial pour commandes de club de 5+ paires : 499,00 $ \/ 5 paires<\/strong><\/h3>\n<h3 data-rm-block-id=\"block-12\">N\u2019oubliez pas d\u2019ajouter la <strong><a href=\"https:\/\/ztsports.com\/product\/short-track-blade-preparation\/\">pr\u00e9paration de lame<\/a><\/strong><\/h3>\n<p data-rm-block-id=\"block-13\">Consultez enfin tous nos <strong><a href=\"https:\/\/ztsports.com\/product-category\/patinage-de-vitesse-en-ligne\/packages\/\">packages Short Track ici<\/a><\/strong>.<\/p>\n","protected":false},"excerpt":{"rendered":"<p>Skate-Tec N98 Futuro L2T set \u2013 Commande Club 5 Paires Skate-Tec N98 Futuro L2T Club Order 5 Pairs La lame Futuro 12C27 est le mod\u00e8le d\u2019entr\u00e9e de gamme de Skate-Tec. Fabriqu\u00e9e en acier inoxydable 12C27, elle est pr\u00e9-courb\u00e9e et id\u00e9ale pour les jeunes patineurs. Peu de mod\u00e8les de cette qualit\u00e9 sont propos\u00e9s \u00e0 ce prix. [&hellip;]<\/p>\n","protected":false},"featured_media":22051,"comment_status":"open","ping_status":"closed","template":"","meta":{"_acf_changed":false,"_monsterinsights_skip_tracking":false,"_monsterinsights_sitenote_active":false,"_monsterinsights_sitenote_note":"","_monsterinsights_sitenote_category":0,"_uf_show_specific_survey":0,"_uf_disable_surveys":false,"site-sidebar-layout":"default","site-content-layout":"","ast-site-content-layout":"default","site-content-style":"default","site-sidebar-style":"default","ast-global-header-display":"","ast-banner-title-visibility":"","ast-main-header-display":"","ast-hfb-above-header-display":"","ast-hfb-below-header-display":"","ast-hfb-mobile-header-display":"","site-post-title":"","ast-breadcrumbs-content":"","ast-featured-img":"","footer-sml-layout":"","ast-disable-related-posts":"","theme-transparent-header-meta":"default","adv-header-id-meta":"","stick-header-meta":"","header-above-stick-meta":"","header-main-stick-meta":"","header-below-stick-meta":"","astra-migrate-meta-layouts":"set","ast-page-background-enabled":"default","ast-page-background-meta":{"desktop":{"background-color":"","background-image":"","background-repeat":"repeat","background-position":"center center","background-size":"auto","background-attachment":"scroll","background-type":"","background-media":"","overlay-type":"","overlay-color":"","overlay-opacity":"","overlay-gradient":""},"tablet":{"background-color":"","background-image":"","background-repeat":"repeat","background-position":"center center","background-size":"auto","background-attachment":"scroll","background-type":"","background-media":"","overlay-type":"","overlay-color":"","overlay-opacity":"","overlay-gradient":""},"mobile":{"background-color":"","background-image":"","background-repeat":"repeat","background-position":"center center","background-size":"auto","background-attachment":"scroll","background-type":"","background-media":"","overlay-type":"","overlay-color":"","overlay-opacity":"","overlay-gradient":""}},"ast-content-background-meta":{"desktop":{"background-color":"var(--ast-global-color-5)","background-image":"","background-repeat":"repeat","background-position":"center center","background-size":"auto","background-attachment":"scroll","background-type":"","background-media":"","overlay-type":"","overlay-color":"","overlay-opacity":"","overlay-gradient":""},"tablet":{"background-color":"var(--ast-global-color-5)","background-image":"","background-repeat":"repeat","background-position":"center center","background-size":"auto","background-attachment":"scroll","background-type":"","background-media":"","overlay-type":"","overlay-color":"","overlay-opacity":"","overlay-gradient":""},"mobile":{"background-color":"var(--ast-global-color-5)","background-image":"","background-repeat":"repeat","background-position":"center center","background-size":"auto","background-attachment":"scroll","background-type":"","background-media":"","overlay-type":"","overlay-color":"","overlay-opacity":"","overlay-gradient":""}}},"product_brand":[3326,3338],"product_cat":[3838],"product_tag":[4641],"class_list":{"0":"post-22058","1":"product","2":"type-product","3":"status-publish","4":"has-post-thumbnail","6":"product_brand-nagano","7":"product_brand-skate-tec","8":"product_cat-offres-de-club","9":"product_tag-skate-tec-n98-futuro-l2t-club-order-5-pairs","10":"desktop-align-left","11":"tablet-align-left","12":"mobile-align-left","14":"first","15":"instock","16":"taxable","17":"shipping-taxable","18":"purchasable","19":"product-type-simple"},"acf":[],"_links":{"self":[{"href":"https:\/\/ztsports.com\/fr\/wp-json\/wp\/v2\/product\/22058","targetHints":{"allow":["GET"]}}],"collection":[{"href":"https:\/\/ztsports.com\/fr\/wp-json\/wp\/v2\/product"}],"about":[{"href":"https:\/\/ztsports.com\/fr\/wp-json\/wp\/v2\/types\/product"}],"replies":[{"embeddable":true,"href":"https:\/\/ztsports.com\/fr\/wp-json\/wp\/v2\/comments?post=22058"}],"version-history":[{"count":4,"href":"https:\/\/ztsports.com\/fr\/wp-json\/wp\/v2\/product\/22058\/revisions"}],"predecessor-version":[{"id":25194,"href":"https:\/\/ztsports.com\/fr\/wp-json\/wp\/v2\/product\/22058\/revisions\/25194"}],"wp:featuredmedia":[{"embeddable":true,"href":"https:\/\/ztsports.com\/fr\/wp-json\/wp\/v2\/media\/22051"}],"wp:attachment":[{"href":"https:\/\/ztsports.com\/fr\/wp-json\/wp\/v2\/media?parent=22058"}],"wp:term":[{"taxonomy":"product_brand","embeddable":true,"href":"https:\/\/ztsports.com\/fr\/wp-json\/wp\/v2\/product_brand?post=22058"},{"taxonomy":"product_cat","embeddable":true,"href":"https:\/\/ztsports.com\/fr\/wp-json\/wp\/v2\/product_cat?post=22058"},{"taxonomy":"product_tag","embeddable":true,"href":"https:\/\/ztsports.com\/fr\/wp-json\/wp\/v2\/product_tag?post=22058"}],"curies":[{"name":"wp","href":"https:\/\/api.w.org\/{rel}","templated":true}]}}