{"id":22049,"date":"2025-07-08T14:20:01","date_gmt":"2025-07-08T14:20:01","guid":{"rendered":"https:\/\/ztsports.com\/?post_type=product&#038;p=22049"},"modified":"2026-03-04T12:28:31","modified_gmt":"2026-03-04T12:28:31","slug":"ehs-short-track-boot-sale","status":"publish","type":"product","link":"https:\/\/ztsports.com\/fr\/store\/ehs-short-track-boot-sale\/","title":{"rendered":"EHS Short Track Boot Sale"},"content":{"rendered":"<h1 data-rm-block-id=\"block-1\">Botte EHS Short Track<\/h1>\n<p data-rm-block-id=\"block-2\">La <strong>Botte EHS Short Track<\/strong> est une botte riche en fonctionnalit\u00e9s offrant une valeur exceptionnelle.<\/p>\n<p class=\"font_8\" data-rm-block-id=\"block-3\"><span class=\"color_11\">Gr\u00e2ce \u00e0 une construction l\u00e9g\u00e8re utilisant des fibres de carbone et Diolen, nos formes ont \u00e9t\u00e9 con\u00e7ues pour un confort optimal. <\/span><span class=\"color_11\">De plus, la coque en carbone est thermoformable et hautement personnalisable gr\u00e2ce \u00e0 sa r\u00e9sine \u00e9poxy thermoplastique et sa construction Rhenoflex.<\/span> <span class=\"color_11\">Des cuirs synth\u00e9tiques sont utilis\u00e9s sur l\u2019empeigne et la doublure pour une durabilit\u00e9 accrue. Le <strong>dessus de la languette<\/strong> est contourn\u00e9 \u00e0 la forme de votre pied pour un confort am\u00e9lior\u00e9. Enfin, toutes les bottes sont livr\u00e9es avec des lacets cir\u00e9s fabriqu\u00e9s au Canada.<\/span><\/p>\n<h2 class=\"font_8\" data-rm-block-id=\"block-4\"><strong><span class=\"color_11\">Disponible uniquement en taille 40 pour la super promotion<\/span><\/strong><\/h2>\n<p data-rm-block-id=\"block-5\"><a href=\"https:\/\/ztsports.com\/brand\/staybent-by-ehs\/ehs\/\"><strong>Vous pouvez trouver tous les produits EHS ici.<\/strong><\/a><\/p>\n<p data-rm-block-id=\"block-6\"><a href=\"https:\/\/ztsports.com\/product-category\/speed-skating-boots\/\"><strong>Vous pouvez consulter toutes nos bottes Short Track ici.<\/strong><\/a><\/p>\n","protected":false},"excerpt":{"rendered":"<p>Botte EHS Short Track La Botte EHS Short Track est une botte riche en fonctionnalit\u00e9s offrant une valeur exceptionnelle. Gr\u00e2ce \u00e0 une construction l\u00e9g\u00e8re utilisant des fibres de carbone et Diolen, nos formes ont \u00e9t\u00e9 con\u00e7ues pour un confort optimal. De plus, la coque en carbone est thermoformable et hautement personnalisable gr\u00e2ce \u00e0 sa r\u00e9sine [&hellip;]<\/p>\n","protected":false},"featured_media":22045,"comment_status":"open","ping_status":"closed","template":"","meta":{"_acf_changed":false,"_monsterinsights_skip_tracking":false,"_monsterinsights_sitenote_active":false,"_monsterinsights_sitenote_note":"","_monsterinsights_sitenote_category":0,"_uf_show_specific_survey":0,"_uf_disable_surveys":false,"site-sidebar-layout":"default","site-content-layout":"","ast-site-content-layout":"default","site-content-style":"default","site-sidebar-style":"default","ast-global-header-display":"","ast-banner-title-visibility":"","ast-main-header-display":"","ast-hfb-above-header-display":"","ast-hfb-below-header-display":"","ast-hfb-mobile-header-display":"","site-post-title":"","ast-breadcrumbs-content":"","ast-featured-img":"","footer-sml-layout":"","ast-disable-related-posts":"","theme-transparent-header-meta":"default","adv-header-id-meta":"","stick-header-meta":"","header-above-stick-meta":"","header-main-stick-meta":"","header-below-stick-meta":"","astra-migrate-meta-layouts":"set","ast-page-background-enabled":"default","ast-page-background-meta":{"desktop":{"background-color":"","background-image":"","background-repeat":"repeat","background-position":"center center","background-size":"auto","background-attachment":"scroll","background-type":"","background-media":"","overlay-type":"","overlay-color":"","overlay-opacity":"","overlay-gradient":""},"tablet":{"background-color":"","background-image":"","background-repeat":"repeat","background-position":"center center","background-size":"auto","background-attachment":"scroll","background-type":"","background-media":"","overlay-type":"","overlay-color":"","overlay-opacity":"","overlay-gradient":""},"mobile":{"background-color":"","background-image":"","background-repeat":"repeat","background-position":"center center","background-size":"auto","background-attachment":"scroll","background-type":"","background-media":"","overlay-type":"","overlay-color":"","overlay-opacity":"","overlay-gradient":""}},"ast-content-background-meta":{"desktop":{"background-color":"var(--ast-global-color-5)","background-image":"","background-repeat":"repeat","background-position":"center center","background-size":"auto","background-attachment":"scroll","background-type":"","background-media":"","overlay-type":"","overlay-color":"","overlay-opacity":"","overlay-gradient":""},"tablet":{"background-color":"var(--ast-global-color-5)","background-image":"","background-repeat":"repeat","background-position":"center center","background-size":"auto","background-attachment":"scroll","background-type":"","background-media":"","overlay-type":"","overlay-color":"","overlay-opacity":"","overlay-gradient":""},"mobile":{"background-color":"var(--ast-global-color-5)","background-image":"","background-repeat":"repeat","background-position":"center center","background-size":"auto","background-attachment":"scroll","background-type":"","background-media":"","overlay-type":"","overlay-color":"","overlay-opacity":"","overlay-gradient":""}}},"product_brand":[3296,3347,3344,3346],"product_cat":[3378],"product_tag":[3811,3796,4562],"class_list":{"0":"post-22049","1":"product","2":"type-product","3":"status-publish","4":"has-post-thumbnail","6":"product_brand-ehs-2","7":"product_brand-ehs","8":"product_brand-stay-bent","9":"product_brand-staybent-by-ehs","10":"product_cat-non-categorise","11":"product_tag-ehs","12":"product_tag-short-track","13":"product_tag-speed-skating","14":"desktop-align-left","15":"tablet-align-left","16":"mobile-align-left","18":"first","19":"onbackorder","20":"taxable","21":"shipping-taxable","22":"purchasable","23":"product-type-simple"},"acf":[],"_links":{"self":[{"href":"https:\/\/ztsports.com\/fr\/wp-json\/wp\/v2\/product\/22049","targetHints":{"allow":["GET"]}}],"collection":[{"href":"https:\/\/ztsports.com\/fr\/wp-json\/wp\/v2\/product"}],"about":[{"href":"https:\/\/ztsports.com\/fr\/wp-json\/wp\/v2\/types\/product"}],"replies":[{"embeddable":true,"href":"https:\/\/ztsports.com\/fr\/wp-json\/wp\/v2\/comments?post=22049"}],"version-history":[{"count":1,"href":"https:\/\/ztsports.com\/fr\/wp-json\/wp\/v2\/product\/22049\/revisions"}],"predecessor-version":[{"id":22050,"href":"https:\/\/ztsports.com\/fr\/wp-json\/wp\/v2\/product\/22049\/revisions\/22050"}],"wp:featuredmedia":[{"embeddable":true,"href":"https:\/\/ztsports.com\/fr\/wp-json\/wp\/v2\/media\/22045"}],"wp:attachment":[{"href":"https:\/\/ztsports.com\/fr\/wp-json\/wp\/v2\/media?parent=22049"}],"wp:term":[{"taxonomy":"product_brand","embeddable":true,"href":"https:\/\/ztsports.com\/fr\/wp-json\/wp\/v2\/product_brand?post=22049"},{"taxonomy":"product_cat","embeddable":true,"href":"https:\/\/ztsports.com\/fr\/wp-json\/wp\/v2\/product_cat?post=22049"},{"taxonomy":"product_tag","embeddable":true,"href":"https:\/\/ztsports.com\/fr\/wp-json\/wp\/v2\/product_tag?post=22049"}],"curies":[{"name":"wp","href":"https:\/\/api.w.org\/{rel}","templated":true}]}}