{"id":22042,"date":"2025-08-04T13:18:10","date_gmt":"2025-08-04T13:18:10","guid":{"rendered":"https:\/\/ztsports.com\/?post_type=product&#038;p=22042"},"modified":"2026-04-18T17:54:15","modified_gmt":"2026-04-18T17:54:15","slug":"k2-roulements-abec-9","status":"publish","type":"product","link":"https:\/\/ztsports.com\/fr\/store\/k2-roulements-abec-9\/","title":{"rendered":"K2 Roulements ABEC 9"},"content":{"rendered":"<h2>K2 Roulements ABEC 9<\/h2>\n<p>La cote ABEC est l\u2019\u00e9chelle utilis\u00e9e pour d\u00e9terminer la vitesse d\u2019un roulement lorsqu\u2019il est test\u00e9 \u00e0 haute vitesse. Par exemple, ABEC 1 est le plus lent et <b>ABEC 9<\/b> est consid\u00e9r\u00e9 comme le plus rapide.<\/p>\n<p>Le &#8220;608&#8221; dans &#8220;608 ZZ&#8221; et &#8220;608 2RS&#8221; <b>fait r\u00e9f\u00e9rence \u00e0 la taille du roulement, sp\u00e9cifiquement \u00e0 ses dimensions<\/b>. Il s&#8217;agit d&#8217;un type de roulement \u00e0 billes \u00e0 gorge profonde largement utilis\u00e9 dans diverses applications, y compris les planches \u00e0 roulettes et les patins en ligne.<\/p>\n<h2 class=\"a-size-base-plus a-text-bold\">\u00c0 propos de cet article<\/h2>\n<ul class=\"a-unordered-list a-vertical a-spacing-mini\">\n<li class=\"a-spacing-mini\"><span class=\"a-list-item\">Roulements ABEC 9 pour skateboard, adapt\u00e9s aux scooters, skates et longboards, double rang\u00e9e.<\/span><\/li>\n<li class=\"a-spacing-mini\"><span class=\"a-list-item\">Diam\u00e8tre int\u00e9rieur : 8 mm, diam\u00e8tre ext\u00e9rieur : 22 mm, \u00e9paisseur : 7 mm<\/span><\/li>\n<li class=\"a-spacing-mini\"><span class=\"a-list-item\">Mat\u00e9riaux : couvercle en plastique, billes en acier<\/span><\/li>\n<li class=\"a-spacing-mini\"><span class=\"a-list-item\">Double protection pour conserver le lubrifiant.<\/span><\/li>\n<li class=\"a-spacing-mini\">\n<h3><strong><span class=\"a-list-item\">Contenu du package : 16 x Roulements ABEC-9<\/span><\/strong><\/h3>\n<\/li>\n<\/ul>\n","protected":false},"excerpt":{"rendered":"<p>K2 Roulements ABEC 9 La cote ABEC est l\u2019\u00e9chelle utilis\u00e9e pour d\u00e9terminer la vitesse d\u2019un roulement lorsqu\u2019il est test\u00e9 \u00e0 haute vitesse. Par exemple, ABEC 1 est le plus lent et ABEC 9 est consid\u00e9r\u00e9 comme le plus rapide. Le &#8220;608&#8221; dans &#8220;608 ZZ&#8221; et &#8220;608 2RS&#8221; fait r\u00e9f\u00e9rence \u00e0 la taille du roulement, sp\u00e9cifiquement [&hellip;]<\/p>\n","protected":false},"featured_media":22039,"comment_status":"open","ping_status":"closed","template":"","meta":{"_acf_changed":false,"_monsterinsights_skip_tracking":false,"_monsterinsights_sitenote_active":false,"_monsterinsights_sitenote_note":"","_monsterinsights_sitenote_category":0,"_uf_show_specific_survey":0,"_uf_disable_surveys":false,"site-sidebar-layout":"default","site-content-layout":"","ast-site-content-layout":"default","site-content-style":"default","site-sidebar-style":"default","ast-global-header-display":"","ast-banner-title-visibility":"","ast-main-header-display":"","ast-hfb-above-header-display":"","ast-hfb-below-header-display":"","ast-hfb-mobile-header-display":"","site-post-title":"","ast-breadcrumbs-content":"","ast-featured-img":"","footer-sml-layout":"","ast-disable-related-posts":"","theme-transparent-header-meta":"default","adv-header-id-meta":"","stick-header-meta":"","header-above-stick-meta":"","header-main-stick-meta":"","header-below-stick-meta":"","astra-migrate-meta-layouts":"set","ast-page-background-enabled":"default","ast-page-background-meta":{"desktop":{"background-color":"","background-image":"","background-repeat":"repeat","background-position":"center center","background-size":"auto","background-attachment":"scroll","background-type":"","background-media":"","overlay-type":"","overlay-color":"","overlay-opacity":"","overlay-gradient":""},"tablet":{"background-color":"","background-image":"","background-repeat":"repeat","background-position":"center center","background-size":"auto","background-attachment":"scroll","background-type":"","background-media":"","overlay-type":"","overlay-color":"","overlay-opacity":"","overlay-gradient":""},"mobile":{"background-color":"","background-image":"","background-repeat":"repeat","background-position":"center center","background-size":"auto","background-attachment":"scroll","background-type":"","background-media":"","overlay-type":"","overlay-color":"","overlay-opacity":"","overlay-gradient":""}},"ast-content-background-meta":{"desktop":{"background-color":"var(--ast-global-color-5)","background-image":"","background-repeat":"repeat","background-position":"center center","background-size":"auto","background-attachment":"scroll","background-type":"","background-media":"","overlay-type":"","overlay-color":"","overlay-opacity":"","overlay-gradient":""},"tablet":{"background-color":"var(--ast-global-color-5)","background-image":"","background-repeat":"repeat","background-position":"center center","background-size":"auto","background-attachment":"scroll","background-type":"","background-media":"","overlay-type":"","overlay-color":"","overlay-opacity":"","overlay-gradient":""},"mobile":{"background-color":"var(--ast-global-color-5)","background-image":"","background-repeat":"repeat","background-position":"center center","background-size":"auto","background-attachment":"scroll","background-type":"","background-media":"","overlay-type":"","overlay-color":"","overlay-opacity":"","overlay-gradient":""}}},"product_brand":[3312],"product_cat":[3381],"product_tag":[4694,3385],"class_list":{"0":"post-22042","1":"product","2":"type-product","3":"status-publish","4":"has-post-thumbnail","6":"product_brand-k2","7":"product_cat-patinage-de-vitesse-en-ligne","8":"product_tag-abec-9","9":"product_tag-en-ligne","10":"desktop-align-left","11":"tablet-align-left","12":"mobile-align-left","14":"first","15":"instock","16":"sale","17":"taxable","18":"shipping-taxable","19":"purchasable","20":"product-type-simple"},"acf":[],"_links":{"self":[{"href":"https:\/\/ztsports.com\/fr\/wp-json\/wp\/v2\/product\/22042","targetHints":{"allow":["GET"]}}],"collection":[{"href":"https:\/\/ztsports.com\/fr\/wp-json\/wp\/v2\/product"}],"about":[{"href":"https:\/\/ztsports.com\/fr\/wp-json\/wp\/v2\/types\/product"}],"replies":[{"embeddable":true,"href":"https:\/\/ztsports.com\/fr\/wp-json\/wp\/v2\/comments?post=22042"}],"version-history":[{"count":4,"href":"https:\/\/ztsports.com\/fr\/wp-json\/wp\/v2\/product\/22042\/revisions"}],"predecessor-version":[{"id":25630,"href":"https:\/\/ztsports.com\/fr\/wp-json\/wp\/v2\/product\/22042\/revisions\/25630"}],"wp:featuredmedia":[{"embeddable":true,"href":"https:\/\/ztsports.com\/fr\/wp-json\/wp\/v2\/media\/22039"}],"wp:attachment":[{"href":"https:\/\/ztsports.com\/fr\/wp-json\/wp\/v2\/media?parent=22042"}],"wp:term":[{"taxonomy":"product_brand","embeddable":true,"href":"https:\/\/ztsports.com\/fr\/wp-json\/wp\/v2\/product_brand?post=22042"},{"taxonomy":"product_cat","embeddable":true,"href":"https:\/\/ztsports.com\/fr\/wp-json\/wp\/v2\/product_cat?post=22042"},{"taxonomy":"product_tag","embeddable":true,"href":"https:\/\/ztsports.com\/fr\/wp-json\/wp\/v2\/product_tag?post=22042"}],"curies":[{"name":"wp","href":"https:\/\/api.w.org\/{rel}","templated":true}]}}