{"id":22011,"date":"2025-09-03T12:46:56","date_gmt":"2025-09-03T12:46:56","guid":{"rendered":"https:\/\/ztsports.com\/?post_type=product&#038;p=22011"},"modified":"2026-04-11T17:22:07","modified_gmt":"2026-04-11T17:22:07","slug":"franks-carbide","status":"publish","type":"product","link":"https:\/\/ztsports.com\/fr\/store\/franks-carbide\/","title":{"rendered":"Frank&#8217;s Carbide"},"content":{"rendered":"<h1 data-rm-block-id=\"block-1\">Carbure Frank (Frank&#8217;s Carbide)<\/h1>\n<p>Frank&#8217;s Carbide Carbure Frank. Carbure \u00e0 haute densit\u00e9. L\u2019outil d\u2019\u00e9bavurage le plus r\u00e9sistant. Le choix personnel de Fran\u00e7ois Drolet, concepteur de la ligne d\u2019aff\u00fbtage Frank&#8217;s Signature. Il a \u00e9t\u00e9 le technicien des patins de l\u2019\u00e9quipe canadienne de short track jusqu\u2019en 2015.<\/p>\n<p data-rm-block-id=\"block-3\"><strong>Notez que ce carbure doit \u00eatre pass\u00e9 en angle pour obtenir le r\u00e9sultat souhait\u00e9.<\/strong><\/p>\n<p data-rm-block-id=\"block-4\"><strong>Le carbure ne doit pas \u00eatre utilis\u00e9 \u00e0 plat sur la lame.<\/strong><\/p>\n<p data-rm-block-id=\"block-5\">Vous pouvez trouver tous nos <a href=\"\/?product_cat=diamond-stones-2\"><strong>pierres \u00e0 aff\u00fbter diamant et pierres d\u2019\u00e9bavurage<\/strong><\/a> ici.<\/p>\n","protected":false},"excerpt":{"rendered":"<p>Carbure Frank (Frank&#8217;s Carbide) Frank&#8217;s Carbide Carbure Frank. Carbure \u00e0 haute densit\u00e9. L\u2019outil d\u2019\u00e9bavurage le plus r\u00e9sistant. Le choix personnel de Fran\u00e7ois Drolet, concepteur de la ligne d\u2019aff\u00fbtage Frank&#8217;s Signature. Il a \u00e9t\u00e9 le technicien des patins de l\u2019\u00e9quipe canadienne de short track jusqu\u2019en 2015. Notez que ce carbure doit \u00eatre pass\u00e9 en angle pour [&hellip;]<\/p>\n","protected":false},"featured_media":22007,"comment_status":"open","ping_status":"closed","template":"","meta":{"_acf_changed":false,"_monsterinsights_skip_tracking":false,"_monsterinsights_sitenote_active":false,"_monsterinsights_sitenote_note":"","_monsterinsights_sitenote_category":0,"_uf_show_specific_survey":0,"_uf_disable_surveys":false,"site-sidebar-layout":"default","site-content-layout":"","ast-site-content-layout":"default","site-content-style":"default","site-sidebar-style":"default","ast-global-header-display":"","ast-banner-title-visibility":"","ast-main-header-display":"","ast-hfb-above-header-display":"","ast-hfb-below-header-display":"","ast-hfb-mobile-header-display":"","site-post-title":"","ast-breadcrumbs-content":"","ast-featured-img":"","footer-sml-layout":"","ast-disable-related-posts":"","theme-transparent-header-meta":"default","adv-header-id-meta":"","stick-header-meta":"","header-above-stick-meta":"","header-main-stick-meta":"","header-below-stick-meta":"","astra-migrate-meta-layouts":"set","ast-page-background-enabled":"default","ast-page-background-meta":{"desktop":{"background-color":"","background-image":"","background-repeat":"repeat","background-position":"center center","background-size":"auto","background-attachment":"scroll","background-type":"","background-media":"","overlay-type":"","overlay-color":"","overlay-opacity":"","overlay-gradient":""},"tablet":{"background-color":"","background-image":"","background-repeat":"repeat","background-position":"center center","background-size":"auto","background-attachment":"scroll","background-type":"","background-media":"","overlay-type":"","overlay-color":"","overlay-opacity":"","overlay-gradient":""},"mobile":{"background-color":"","background-image":"","background-repeat":"repeat","background-position":"center center","background-size":"auto","background-attachment":"scroll","background-type":"","background-media":"","overlay-type":"","overlay-color":"","overlay-opacity":"","overlay-gradient":""}},"ast-content-background-meta":{"desktop":{"background-color":"var(--ast-global-color-5)","background-image":"","background-repeat":"repeat","background-position":"center center","background-size":"auto","background-attachment":"scroll","background-type":"","background-media":"","overlay-type":"","overlay-color":"","overlay-opacity":"","overlay-gradient":""},"tablet":{"background-color":"var(--ast-global-color-5)","background-image":"","background-repeat":"repeat","background-position":"center center","background-size":"auto","background-attachment":"scroll","background-type":"","background-media":"","overlay-type":"","overlay-color":"","overlay-opacity":"","overlay-gradient":""},"mobile":{"background-color":"var(--ast-global-color-5)","background-image":"","background-repeat":"repeat","background-position":"center center","background-size":"auto","background-attachment":"scroll","background-type":"","background-media":"","overlay-type":"","overlay-color":"","overlay-opacity":"","overlay-gradient":""}}},"product_brand":[3365],"product_cat":[3391,3874,3625,3469,3515],"product_tag":[],"class_list":{"0":"post-22011","1":"product","2":"type-product","3":"status-publish","4":"has-post-thumbnail","6":"product_brand-zt-sports","7":"product_cat-accessoires-pour-la-longue-piste","8":"product_cat-accessories","9":"product_cat-patins-de-vitesse","10":"product_cat-pierres-de-diamant","11":"product_cat-pierres-de-ronce","12":"desktop-align-left","13":"tablet-align-left","14":"mobile-align-left","16":"first","17":"instock","18":"taxable","19":"shipping-taxable","20":"purchasable","21":"product-type-simple"},"acf":[],"_links":{"self":[{"href":"https:\/\/ztsports.com\/fr\/wp-json\/wp\/v2\/product\/22011","targetHints":{"allow":["GET"]}}],"collection":[{"href":"https:\/\/ztsports.com\/fr\/wp-json\/wp\/v2\/product"}],"about":[{"href":"https:\/\/ztsports.com\/fr\/wp-json\/wp\/v2\/types\/product"}],"replies":[{"embeddable":true,"href":"https:\/\/ztsports.com\/fr\/wp-json\/wp\/v2\/comments?post=22011"}],"version-history":[{"count":4,"href":"https:\/\/ztsports.com\/fr\/wp-json\/wp\/v2\/product\/22011\/revisions"}],"predecessor-version":[{"id":25189,"href":"https:\/\/ztsports.com\/fr\/wp-json\/wp\/v2\/product\/22011\/revisions\/25189"}],"wp:featuredmedia":[{"embeddable":true,"href":"https:\/\/ztsports.com\/fr\/wp-json\/wp\/v2\/media\/22007"}],"wp:attachment":[{"href":"https:\/\/ztsports.com\/fr\/wp-json\/wp\/v2\/media?parent=22011"}],"wp:term":[{"taxonomy":"product_brand","embeddable":true,"href":"https:\/\/ztsports.com\/fr\/wp-json\/wp\/v2\/product_brand?post=22011"},{"taxonomy":"product_cat","embeddable":true,"href":"https:\/\/ztsports.com\/fr\/wp-json\/wp\/v2\/product_cat?post=22011"},{"taxonomy":"product_tag","embeddable":true,"href":"https:\/\/ztsports.com\/fr\/wp-json\/wp\/v2\/product_tag?post=22011"}],"curies":[{"name":"wp","href":"https:\/\/api.w.org\/{rel}","templated":true}]}}