{"id":21998,"date":"2025-10-10T19:35:06","date_gmt":"2025-10-10T19:35:06","guid":{"rendered":"https:\/\/ztsports.com\/?post_type=product&#038;p=21998"},"modified":"2026-04-12T17:43:36","modified_gmt":"2026-04-12T17:43:36","slug":"bont-jesa-swiss-608-black-bearings","status":"publish","type":"product","link":"https:\/\/ztsports.com\/fr\/store\/bont-jesa-swiss-608-black-bearings\/","title":{"rendered":"Bont JESA Swiss 608 Black Bearings"},"content":{"rendered":"<h1 class=\"product_name\" data-rm-block-id=\"block-1\">Roulements Bont JESA Swiss 608 Noir<\/h1>\n<p data-rm-block-id=\"block-2\">Ce roulement poss\u00e8de une piste de roulement \u00e0 la finition polie d\u2019une finesse exceptionnelle ainsi que des billes d\u2019une pr\u00e9cision remarquable.<br \/>\nDes cages en plastique l\u00e9ger r\u00e9duisent la r\u00e9sistance au roulement.<br \/>\nL\u2019acier est extr\u00eamement robuste, ce qui permet au roulement de conserver sa forme sous charge.<br \/>\nJesa a augment\u00e9 le jeu radial, r\u00e9duisant l\u00e9g\u00e8rement le nombre total de points de contact des billes, ce qui diminue la tra\u00een\u00e9e.<\/p>\n<h1 class=\"product_name\" data-rm-block-id=\"block-3\">Bont JESA Swiss<\/h1>\n<p data-rm-block-id=\"block-4\">Vous cherchez \u00e0 acheter le roulement de patin en ligne le plus rapide et le plus performant du march\u00e9 ? Vous l\u2019avez trouv\u00e9. Nous avons con\u00e7u ce roulement de A \u00e0 Z avec <a title=\"Jesa\" href=\"https:\/\/www.jesa.com\/en\/\" target=\"_blank\" rel=\"noopener\">JESA<\/a> en Suisse. Nous avons utilis\u00e9 un acier de qualit\u00e9 a\u00e9rospatiale pour la bague ext\u00e9rieure et poli deux fois les bagues int\u00e9rieure et ext\u00e9rieure afin d\u2019offrir le minimum de friction possible.<\/p>\n<p data-rm-block-id=\"block-5\">Les billes passent par de nombreuses \u00e9tapes de polissage, bien plus que les roulements standards ABEC 5, 7 ou 9, afin de garantir une rondeur maximale. De plus, les cages en plastique l\u00e9ger permettent une r\u00e9sistance au roulement r\u00e9duite.<\/p>\n<p data-rm-block-id=\"block-6\">Pour aider \u00e0 r\u00e9duire la tra\u00een\u00e9e, Jesa a augment\u00e9 le jeu radial, offrant l\u00e9g\u00e8rement moins de points de contact totaux entre les billes et les pistes. Enfin, nous utilisons une huile de course sp\u00e9ciale et l\u00e9g\u00e8re en provenance d\u2019Allemagne, appel\u00e9e Kluber oil, pour finaliser le roulement. Le r\u00e9sultat est le roulement en acier pour patin le plus rapide du march\u00e9.<\/p>\n<p data-rm-block-id=\"block-7\">Avec une piste de roulement finement polie et des billes d\u2019une grande pr\u00e9cision, les roulements BONT JESA Swiss 608 Steel sont parfaits pour le patinage \u00e0 roulettes ou le roller derby. Adapt\u00e9s au patinage int\u00e9rieur et ext\u00e9rieur ainsi qu\u2019aux patinoires, les cages en plastique l\u00e9ger r\u00e9duisent la r\u00e9sistance au roulement tandis que l\u2019acier robuste permet au roulement de conserver sa forme sous forte pression.<\/p>\n<p data-rm-block-id=\"block-8\">&#8211; Roulements de patin Bont JESA Swiss<br \/>\n&#8211; Ensemble de 16<br \/>\n&#8211; Type de roulement : 608<br \/>\n&#8211; Protection : Flasque 1-Z<br \/>\n&#8211; Cage : Cage plastique TN9<br \/>\n&#8211; Nombre de billes : 7<br \/>\n&#8211; Mat\u00e9riau des billes : Acier haute qualit\u00e9<\/p>\n<p data-rm-block-id=\"block-9\"><a href=\"https:\/\/www.devaskation.com\/what-are-swiss-bearings\/\" target=\"_blank\" rel=\"noopener\"><strong>Que sont les roulements Swiss ?<\/strong><\/a><\/p>\n<p data-rm-block-id=\"block-10\">Enfin, vous pouvez consulter et <a href=\"https:\/\/ztsports.com\/product-category\/patinage-de-vitesse-en-ligne\/bearings\/\"><strong>comparer tous nos roulements ici<\/strong><\/a>.<\/p>\n","protected":false},"excerpt":{"rendered":"<p>Roulements Bont JESA Swiss 608 Noir Ce roulement poss\u00e8de une piste de roulement \u00e0 la finition polie d\u2019une finesse exceptionnelle ainsi que des billes d\u2019une pr\u00e9cision remarquable. Des cages en plastique l\u00e9ger r\u00e9duisent la r\u00e9sistance au roulement. L\u2019acier est extr\u00eamement robuste, ce qui permet au roulement de conserver sa forme sous charge. Jesa a augment\u00e9 [&hellip;]<\/p>\n","protected":false},"featured_media":21996,"comment_status":"open","ping_status":"closed","template":"","meta":{"_acf_changed":false,"_monsterinsights_skip_tracking":false,"_monsterinsights_sitenote_active":false,"_monsterinsights_sitenote_note":"","_monsterinsights_sitenote_category":0,"_uf_show_specific_survey":0,"_uf_disable_surveys":false,"site-sidebar-layout":"default","site-content-layout":"","ast-site-content-layout":"default","site-content-style":"default","site-sidebar-style":"default","ast-global-header-display":"","ast-banner-title-visibility":"","ast-main-header-display":"","ast-hfb-above-header-display":"","ast-hfb-below-header-display":"","ast-hfb-mobile-header-display":"","site-post-title":"","ast-breadcrumbs-content":"","ast-featured-img":"","footer-sml-layout":"","ast-disable-related-posts":"","theme-transparent-header-meta":"default","adv-header-id-meta":"","stick-header-meta":"","header-above-stick-meta":"","header-main-stick-meta":"","header-below-stick-meta":"","astra-migrate-meta-layouts":"set","ast-page-background-enabled":"default","ast-page-background-meta":{"desktop":{"background-color":"","background-image":"","background-repeat":"repeat","background-position":"center center","background-size":"auto","background-attachment":"scroll","background-type":"","background-media":"","overlay-type":"","overlay-color":"","overlay-opacity":"","overlay-gradient":""},"tablet":{"background-color":"","background-image":"","background-repeat":"repeat","background-position":"center center","background-size":"auto","background-attachment":"scroll","background-type":"","background-media":"","overlay-type":"","overlay-color":"","overlay-opacity":"","overlay-gradient":""},"mobile":{"background-color":"","background-image":"","background-repeat":"repeat","background-position":"center center","background-size":"auto","background-attachment":"scroll","background-type":"","background-media":"","overlay-type":"","overlay-color":"","overlay-opacity":"","overlay-gradient":""}},"ast-content-background-meta":{"desktop":{"background-color":"var(--ast-global-color-5)","background-image":"","background-repeat":"repeat","background-position":"center center","background-size":"auto","background-attachment":"scroll","background-type":"","background-media":"","overlay-type":"","overlay-color":"","overlay-opacity":"","overlay-gradient":""},"tablet":{"background-color":"var(--ast-global-color-5)","background-image":"","background-repeat":"repeat","background-position":"center center","background-size":"auto","background-attachment":"scroll","background-type":"","background-media":"","overlay-type":"","overlay-color":"","overlay-opacity":"","overlay-gradient":""},"mobile":{"background-color":"var(--ast-global-color-5)","background-image":"","background-repeat":"repeat","background-position":"center center","background-size":"auto","background-attachment":"scroll","background-type":"","background-media":"","overlay-type":"","overlay-color":"","overlay-opacity":"","overlay-gradient":""}}},"product_brand":[3285],"product_cat":[3381],"product_tag":[4653],"class_list":{"0":"post-21998","1":"product","2":"type-product","3":"status-publish","4":"has-post-thumbnail","6":"product_brand-bont","7":"product_cat-patinage-de-vitesse-en-ligne","8":"product_tag-bont-swiss","9":"desktop-align-left","10":"tablet-align-left","11":"mobile-align-left","13":"first","14":"instock","15":"sale","16":"taxable","17":"shipping-taxable","18":"purchasable","19":"product-type-simple"},"acf":[],"_links":{"self":[{"href":"https:\/\/ztsports.com\/fr\/wp-json\/wp\/v2\/product\/21998","targetHints":{"allow":["GET"]}}],"collection":[{"href":"https:\/\/ztsports.com\/fr\/wp-json\/wp\/v2\/product"}],"about":[{"href":"https:\/\/ztsports.com\/fr\/wp-json\/wp\/v2\/types\/product"}],"replies":[{"embeddable":true,"href":"https:\/\/ztsports.com\/fr\/wp-json\/wp\/v2\/comments?post=21998"}],"version-history":[{"count":3,"href":"https:\/\/ztsports.com\/fr\/wp-json\/wp\/v2\/product\/21998\/revisions"}],"predecessor-version":[{"id":25248,"href":"https:\/\/ztsports.com\/fr\/wp-json\/wp\/v2\/product\/21998\/revisions\/25248"}],"wp:featuredmedia":[{"embeddable":true,"href":"https:\/\/ztsports.com\/fr\/wp-json\/wp\/v2\/media\/21996"}],"wp:attachment":[{"href":"https:\/\/ztsports.com\/fr\/wp-json\/wp\/v2\/media?parent=21998"}],"wp:term":[{"taxonomy":"product_brand","embeddable":true,"href":"https:\/\/ztsports.com\/fr\/wp-json\/wp\/v2\/product_brand?post=21998"},{"taxonomy":"product_cat","embeddable":true,"href":"https:\/\/ztsports.com\/fr\/wp-json\/wp\/v2\/product_cat?post=21998"},{"taxonomy":"product_tag","embeddable":true,"href":"https:\/\/ztsports.com\/fr\/wp-json\/wp\/v2\/product_tag?post=21998"}],"curies":[{"name":"wp","href":"https:\/\/api.w.org\/{rel}","templated":true}]}}