{"id":21995,"date":"2025-10-11T09:50:22","date_gmt":"2025-10-11T09:50:22","guid":{"rendered":"https:\/\/ztsports.com\/?post_type=product&#038;p=21995"},"modified":"2026-04-12T17:52:30","modified_gmt":"2026-04-12T17:52:30","slug":"bones-speed-cream","status":"publish","type":"product","link":"https:\/\/ztsports.com\/fr\/store\/bones-speed-cream\/","title":{"rendered":"BONES Speed Cream"},"content":{"rendered":"<h2 data-rm-block-id=\"block-1\">BONES Speed Cream<\/h2>\n<p data-rm-block-id=\"block-2\">Bones Speed Cream est un lubrifiant synth\u00e9tique pour roulements de patins, \u00e0 haute temp\u00e9rature et faible viscosit\u00e9, sp\u00e9cialement formul\u00e9 par Bones\u00ae pour r\u00e9duire la friction et fournir un micro-film lubrifiant durable prot\u00e9geant contre la corrosion.<\/p>\n<p data-rm-block-id=\"block-3\">Nous avons constat\u00e9 que ce lubrifiant est sup\u00e9rieur aux lubrifiants \u00e0 base de Teflon\u2122 dans les environnements de patinage. La Speed Cream R.F. rend vos roulements plus rapides et offre une excellente long\u00e9vit\u00e9.<\/p>\n<p data-rm-block-id=\"block-4\">Sa formule sp\u00e9ciale de lubrification \u00ab race \u00bb est con\u00e7ue pour augmenter la vitesse de vos roulements et prolonger leur dur\u00e9e de vie.<\/p>\n<h2 data-rm-block-id=\"block-5\">Sp\u00e9cifications<\/h2>\n<h2 data-rm-block-id=\"block-6\"><span style=\"font-size: 16px;\">Volume du produit (ml \/ oz) : <\/span><span style=\"font-size: 16px;\">15 ml \/ 0,5 oz<\/span><\/h2>\n","protected":false},"excerpt":{"rendered":"<p>BONES Speed Cream Bones Speed Cream est un lubrifiant synth\u00e9tique pour roulements de patins, \u00e0 haute temp\u00e9rature et faible viscosit\u00e9, sp\u00e9cialement formul\u00e9 par Bones\u00ae pour r\u00e9duire la friction et fournir un micro-film lubrifiant durable prot\u00e9geant contre la corrosion. Nous avons constat\u00e9 que ce lubrifiant est sup\u00e9rieur aux lubrifiants \u00e0 base de Teflon\u2122 dans les environnements [&hellip;]<\/p>\n","protected":false},"featured_media":21992,"comment_status":"open","ping_status":"closed","template":"","meta":{"_acf_changed":false,"_monsterinsights_skip_tracking":false,"_monsterinsights_sitenote_active":false,"_monsterinsights_sitenote_note":"","_monsterinsights_sitenote_category":0,"_uf_show_specific_survey":0,"_uf_disable_surveys":false,"site-sidebar-layout":"default","site-content-layout":"","ast-site-content-layout":"default","site-content-style":"default","site-sidebar-style":"default","ast-global-header-display":"","ast-banner-title-visibility":"","ast-main-header-display":"","ast-hfb-above-header-display":"","ast-hfb-below-header-display":"","ast-hfb-mobile-header-display":"","site-post-title":"","ast-breadcrumbs-content":"","ast-featured-img":"","footer-sml-layout":"","ast-disable-related-posts":"","theme-transparent-header-meta":"default","adv-header-id-meta":"","stick-header-meta":"","header-above-stick-meta":"","header-main-stick-meta":"","header-below-stick-meta":"","astra-migrate-meta-layouts":"set","ast-page-background-enabled":"default","ast-page-background-meta":{"desktop":{"background-color":"","background-image":"","background-repeat":"repeat","background-position":"center center","background-size":"auto","background-attachment":"scroll","background-type":"","background-media":"","overlay-type":"","overlay-color":"","overlay-opacity":"","overlay-gradient":""},"tablet":{"background-color":"","background-image":"","background-repeat":"repeat","background-position":"center center","background-size":"auto","background-attachment":"scroll","background-type":"","background-media":"","overlay-type":"","overlay-color":"","overlay-opacity":"","overlay-gradient":""},"mobile":{"background-color":"","background-image":"","background-repeat":"repeat","background-position":"center center","background-size":"auto","background-attachment":"scroll","background-type":"","background-media":"","overlay-type":"","overlay-color":"","overlay-opacity":"","overlay-gradient":""}},"ast-content-background-meta":{"desktop":{"background-color":"var(--ast-global-color-5)","background-image":"","background-repeat":"repeat","background-position":"center center","background-size":"auto","background-attachment":"scroll","background-type":"","background-media":"","overlay-type":"","overlay-color":"","overlay-opacity":"","overlay-gradient":""},"tablet":{"background-color":"var(--ast-global-color-5)","background-image":"","background-repeat":"repeat","background-position":"center center","background-size":"auto","background-attachment":"scroll","background-type":"","background-media":"","overlay-type":"","overlay-color":"","overlay-opacity":"","overlay-gradient":""},"mobile":{"background-color":"var(--ast-global-color-5)","background-image":"","background-repeat":"repeat","background-position":"center center","background-size":"auto","background-attachment":"scroll","background-type":"","background-media":"","overlay-type":"","overlay-color":"","overlay-opacity":"","overlay-gradient":""}}},"product_brand":[3284],"product_cat":[3381],"product_tag":[4655],"class_list":{"0":"post-21995","1":"product","2":"type-product","3":"status-publish","4":"has-post-thumbnail","6":"product_brand-bones","7":"product_cat-patinage-de-vitesse-en-ligne","8":"product_tag-bones-speed-cream","9":"desktop-align-left","10":"tablet-align-left","11":"mobile-align-left","13":"first","14":"instock","15":"taxable","16":"shipping-taxable","17":"purchasable","18":"product-type-simple"},"acf":[],"_links":{"self":[{"href":"https:\/\/ztsports.com\/fr\/wp-json\/wp\/v2\/product\/21995","targetHints":{"allow":["GET"]}}],"collection":[{"href":"https:\/\/ztsports.com\/fr\/wp-json\/wp\/v2\/product"}],"about":[{"href":"https:\/\/ztsports.com\/fr\/wp-json\/wp\/v2\/types\/product"}],"replies":[{"embeddable":true,"href":"https:\/\/ztsports.com\/fr\/wp-json\/wp\/v2\/comments?post=21995"}],"version-history":[{"count":2,"href":"https:\/\/ztsports.com\/fr\/wp-json\/wp\/v2\/product\/21995\/revisions"}],"predecessor-version":[{"id":25255,"href":"https:\/\/ztsports.com\/fr\/wp-json\/wp\/v2\/product\/21995\/revisions\/25255"}],"wp:featuredmedia":[{"embeddable":true,"href":"https:\/\/ztsports.com\/fr\/wp-json\/wp\/v2\/media\/21992"}],"wp:attachment":[{"href":"https:\/\/ztsports.com\/fr\/wp-json\/wp\/v2\/media?parent=21995"}],"wp:term":[{"taxonomy":"product_brand","embeddable":true,"href":"https:\/\/ztsports.com\/fr\/wp-json\/wp\/v2\/product_brand?post=21995"},{"taxonomy":"product_cat","embeddable":true,"href":"https:\/\/ztsports.com\/fr\/wp-json\/wp\/v2\/product_cat?post=21995"},{"taxonomy":"product_tag","embeddable":true,"href":"https:\/\/ztsports.com\/fr\/wp-json\/wp\/v2\/product_tag?post=21995"}],"curies":[{"name":"wp","href":"https:\/\/api.w.org\/{rel}","templated":true}]}}