{"id":21980,"date":"2025-10-11T13:29:18","date_gmt":"2025-10-11T13:29:18","guid":{"rendered":"https:\/\/ztsports.com\/?post_type=product&#038;p=21980"},"modified":"2026-03-12T10:44:46","modified_gmt":"2026-03-12T10:44:46","slug":"ninja-ultra-speed-oil-10ml","status":"publish","type":"product","link":"https:\/\/ztsports.com\/fr\/store\/ninja-ultra-speed-oil-10ml\/","title":{"rendered":"Ninja Ultra Speed Oil 10ML"},"content":{"rendered":"<h2 data-rm-block-id=\"block-1\">Ninja Ultra Speed Oil 10ML<\/h2>\n<p data-rm-block-id=\"block-2\">La Ninja Ultra Speed Oil 10ML est un produit r\u00e9volutionnaire con\u00e7u pour am\u00e9liorer les performances des patins de vitesse en ligne.<\/p>\n<p data-rm-block-id=\"block-3\">Cette huile ne se limite pas \u00e0 la vitesse ; elle am\u00e9liore \u00e9galement la durabilit\u00e9, ce qui en fait un indispensable pour tout patineur s\u00e9rieux.<\/p>\n<p data-rm-block-id=\"block-4\">Cette huile de haute qualit\u00e9 pour roulements de patins en ligne a \u00e9t\u00e9 sp\u00e9cialement formul\u00e9e pour r\u00e9duire la friction et augmenter la vitesse de vos patins.<\/p>\n<p data-rm-block-id=\"block-5\">L\u2019huile p\u00e9n\u00e8tre dans les roulements et cr\u00e9e une surface lisse et quasi sans friction sur laquelle les billes peuvent rouler librement.<\/p>\n<p data-rm-block-id=\"block-6\">Cela augmente non seulement la vitesse de vos patins, mais prolonge \u00e9galement leur dur\u00e9e de vie, rendant votre investissement encore plus rentable.<\/p>\n<p data-rm-block-id=\"block-7\">L\u2019un des atouts majeurs de la Ninja Ultra Speed Oil 10ML est son flacon.<\/p>\n<p data-rm-block-id=\"block-8\">L\u2019huile est pr\u00e9sent\u00e9e dans un flacon pratique de 10 ml, facile \u00e0 transporter et \u00e0 utiliser.<\/p>\n<p data-rm-block-id=\"block-9\">Le flacon est dot\u00e9 d\u2019un applicateur simple et propre qui permet une application directe sur les roulements, sans gaspillage ni salissure.<\/p>\n<p data-rm-block-id=\"block-10\">Ce produit ne se limite pas aux patins en ligne.<\/p>\n<p data-rm-block-id=\"block-11\">Il convient \u00e9galement \u00e0 d\u2019autres types de patins ainsi qu\u2019aux planches \u00e0 roulettes.<\/p>\n<p data-rm-block-id=\"block-12\">Cette polyvalence en fait un ajout pr\u00e9cieux \u00e0 l\u2019\u00e9quipement de tout patineur.<\/p>\n<p data-rm-block-id=\"block-13\">Mais cette huile ne se distingue pas uniquement par ses performances.<\/p>\n<p data-rm-block-id=\"block-14\">Elle est aussi synonyme de praticit\u00e9.<\/p>\n<p data-rm-block-id=\"block-15\">Facile \u00e0 appliquer, cette huile haute performance simplifie l\u2019entretien de vos roulements.<\/p>\n<p data-rm-block-id=\"block-16\">Ce produit offre \u00e9galement un excellent rapport qualit\u00e9-prix.<\/p>\n<p data-rm-block-id=\"block-17\">Compte tenu du gain de performance et de la dur\u00e9e de vie prolong\u00e9e qu\u2019il procure \u00e0 vos patins, il s\u2019agit d\u2019une solution \u00e9conomique pour leur entretien.<\/p>\n<p data-rm-block-id=\"block-18\">La marque Ninja est synonyme d\u2019excellence dans le monde du patinage, et cette huile ne fait pas exception.<\/p>\n<p data-rm-block-id=\"block-19\">Choisir Ninja, c\u2019est choisir une marque qui repr\u00e9sente la qualit\u00e9, la performance et l\u2019innovation.<\/p>\n<p data-rm-block-id=\"block-20\">Dans l\u2019univers des huiles de performance, la Ninja Ultra Speed Oil 10ML se d\u00e9marque clairement.<\/p>\n<p data-rm-block-id=\"block-21\">En conclusion, la Ninja Ultra Speed Oil 10ML est une huile haute performance con\u00e7ue pour am\u00e9liorer la vitesse et la long\u00e9vit\u00e9 de vos patins en ligne.<\/p>\n<p data-rm-block-id=\"block-22\">D\u00e9couvrez d\u00e8s aujourd\u2019hui la diff\u00e9rence que la Ninja Ultra Speed Oil 10ML peut apporter \u00e0 vos performances.<\/p>\n<p data-rm-block-id=\"block-23\">1. Ninja Ultra Speed Oil Bottle :<br \/>\nCommencez votre parcours avec la formule signature de Ninja.<br \/>\nEssentielle pour chaque patineur, la Ultra Speed Oil Bottle offre une glisse constante et une protection fiable. Pr\u00e9sent\u00e9e dans un flacon au design classique, elle garantit pr\u00e9cision et efficacit\u00e9 aux d\u00e9butants comme aux passionn\u00e9s.<\/p>\n<p data-rm-block-id=\"block-24\">2. Ninja Ultra Speed Oil Oval :<br \/>\nPassez au niveau sup\u00e9rieur avec plus de pr\u00e9cision.<br \/>\nPr\u00e9sent\u00e9e dans un contenant ovale ergonomique pour une application facile, cette formule am\u00e9lior\u00e9e assure des sorties encore plus fluides. Id\u00e9ale pour les patineurs ambitieux souhaitant progresser.<\/p>\n<p data-rm-block-id=\"block-25\">3. Ninja Super Baddest &#8211; Oil :<br \/>\nPour les pros et les perfectionnistes.<br \/>\nLa Super Baddest Oil propose une formule \u00e9lite con\u00e7ue pour des performances de haut niveau. Destin\u00e9e aux patineurs exigeants, elle garantit une vitesse optimale, une friction r\u00e9duite et une sensation de glisse exceptionnelle.<\/p>\n<p data-rm-block-id=\"block-26\">4. Ninja Very Very Fast &#8211; Oil :<br \/>\nL\u2019excellence ultime en mati\u00e8re de lubrification.<br \/>\nComme son nom l\u2019indique, la Very Very Fast Oil est le joyau de la gamme Ninja. Une formule haut de gamme, ultra raffin\u00e9e, offrant une vitesse et une long\u00e9vit\u00e9 in\u00e9gal\u00e9es. Pour ceux qui recherchent le meilleur absolu, cette huile red\u00e9finit les standards du patinage.<\/p>\n<p data-rm-block-id=\"block-27\">Que vous d\u00e9butiez ou que vous dominiez les comp\u00e9titions, Ninja propose l\u2019huile id\u00e9ale pour sublimer votre glisse.<br \/>\n<a class=\"x1i10hfl xjbqb8w x1ejq31n x18oe1m7 x1sy0etr xstzfhl x972fbf x10w94by x1qhh985 x14e42zd x9f619 x1ypdohk xt0psk2 x3ct3a4 xdj266r x14z9mp xat24cr x1lziwak xexx8yu xyri2b x18d9i69 x1c1uobl x16tdsg8 x1hl2dhg xggy1nq x1a2a7pz _aa9_ _a6hd\" tabindex=\"0\" role=\"link\" href=\"https:\/\/www.instagram.com\/explore\/tags\/ninjaoils\/\" target=\"_blank\" rel=\"noopener\">#NinjaOils<\/a><br \/>\n<a class=\"x1i10hfl xjbqb8w x1ejq31n x18oe1m7 x1sy0etr xstzfhl x972fbf x10w94by x1qhh985 x14e42zd x9f619 x1ypdohk xt0psk2 x3ct3a4 xdj266r x14z9mp xat24cr x1lziwak xexx8yu xyri2b x18d9i69 x1c1uobl x16tdsg8 x1hl2dhg xggy1nq x1a2a7pz _aa9_ _a6hd\" tabindex=\"0\" role=\"link\" href=\"https:\/\/www.instagram.com\/explore\/tags\/frombeginnertopro\/\" target=\"_blank\" rel=\"noopener\">#FromBeginnerToPro<\/a><br \/>\n<a class=\"x1i10hfl xjbqb8w x1ejq31n x18oe1m7 x1sy0etr xstzfhl x972fbf x10w94by x1qhh985 x14e42zd x9f619 x1ypdohk xt0psk2 x3ct3a4 xdj266r x14z9mp xat24cr x1lziwak xexx8yu xyri2b x18d9i69 x1c1uobl x16tdsg8 x1hl2dhg xggy1nq x1a2a7pz _aa9_ _a6hd\" tabindex=\"0\" role=\"link\" href=\"https:\/\/www.instagram.com\/explore\/tags\/skateinstyle\/\" target=\"_blank\" rel=\"noopener\">#SkateInStyle<\/a><\/p>\n<p data-rm-block-id=\"block-28\"><a href=\"https:\/\/www.instagram.com\/reel\/C7nnlobpQgQ\/\" target=\"_blank\" rel=\"noopener\">Ninja Oils<\/a><\/p>\n","protected":false},"excerpt":{"rendered":"<p>Ninja Ultra Speed Oil 10ML La Ninja Ultra Speed Oil 10ML est un produit r\u00e9volutionnaire con\u00e7u pour am\u00e9liorer les performances des patins de vitesse en ligne. Cette huile ne se limite pas \u00e0 la vitesse ; elle am\u00e9liore \u00e9galement la durabilit\u00e9, ce qui en fait un indispensable pour tout patineur s\u00e9rieux. Cette huile de haute [&hellip;]<\/p>\n","protected":false},"featured_media":21979,"comment_status":"open","ping_status":"closed","template":"","meta":{"_acf_changed":false,"_monsterinsights_skip_tracking":false,"_monsterinsights_sitenote_active":false,"_monsterinsights_sitenote_note":"","_monsterinsights_sitenote_category":0,"_uf_show_specific_survey":0,"_uf_disable_surveys":false,"site-sidebar-layout":"default","site-content-layout":"","ast-site-content-layout":"default","site-content-style":"default","site-sidebar-style":"default","ast-global-header-display":"","ast-banner-title-visibility":"","ast-main-header-display":"","ast-hfb-above-header-display":"","ast-hfb-below-header-display":"","ast-hfb-mobile-header-display":"","site-post-title":"","ast-breadcrumbs-content":"","ast-featured-img":"","footer-sml-layout":"","ast-disable-related-posts":"","theme-transparent-header-meta":"default","adv-header-id-meta":"","stick-header-meta":"","header-above-stick-meta":"","header-main-stick-meta":"","header-below-stick-meta":"","astra-migrate-meta-layouts":"set","ast-page-background-enabled":"default","ast-page-background-meta":{"desktop":{"background-color":"","background-image":"","background-repeat":"repeat","background-position":"center center","background-size":"auto","background-attachment":"scroll","background-type":"","background-media":"","overlay-type":"","overlay-color":"","overlay-opacity":"","overlay-gradient":""},"tablet":{"background-color":"","background-image":"","background-repeat":"repeat","background-position":"center center","background-size":"auto","background-attachment":"scroll","background-type":"","background-media":"","overlay-type":"","overlay-color":"","overlay-opacity":"","overlay-gradient":""},"mobile":{"background-color":"","background-image":"","background-repeat":"repeat","background-position":"center center","background-size":"auto","background-attachment":"scroll","background-type":"","background-media":"","overlay-type":"","overlay-color":"","overlay-opacity":"","overlay-gradient":""}},"ast-content-background-meta":{"desktop":{"background-color":"var(--ast-global-color-5)","background-image":"","background-repeat":"repeat","background-position":"center center","background-size":"auto","background-attachment":"scroll","background-type":"","background-media":"","overlay-type":"","overlay-color":"","overlay-opacity":"","overlay-gradient":""},"tablet":{"background-color":"var(--ast-global-color-5)","background-image":"","background-repeat":"repeat","background-position":"center center","background-size":"auto","background-attachment":"scroll","background-type":"","background-media":"","overlay-type":"","overlay-color":"","overlay-opacity":"","overlay-gradient":""},"mobile":{"background-color":"var(--ast-global-color-5)","background-image":"","background-repeat":"repeat","background-position":"center center","background-size":"auto","background-attachment":"scroll","background-type":"","background-media":"","overlay-type":"","overlay-color":"","overlay-opacity":"","overlay-gradient":""}}},"product_brand":[3327],"product_cat":[4565,3381],"product_tag":[3862],"class_list":{"0":"post-21980","1":"product","2":"type-product","3":"status-publish","4":"has-post-thumbnail","6":"product_brand-ninja","7":"product_cat-accessoires","8":"product_cat-patinage-de-vitesse-en-ligne","9":"product_tag-ninja","10":"desktop-align-left","11":"tablet-align-left","12":"mobile-align-left","14":"first","15":"instock","16":"taxable","17":"shipping-taxable","18":"purchasable","19":"product-type-simple"},"acf":[],"_links":{"self":[{"href":"https:\/\/ztsports.com\/fr\/wp-json\/wp\/v2\/product\/21980","targetHints":{"allow":["GET"]}}],"collection":[{"href":"https:\/\/ztsports.com\/fr\/wp-json\/wp\/v2\/product"}],"about":[{"href":"https:\/\/ztsports.com\/fr\/wp-json\/wp\/v2\/types\/product"}],"replies":[{"embeddable":true,"href":"https:\/\/ztsports.com\/fr\/wp-json\/wp\/v2\/comments?post=21980"}],"version-history":[{"count":2,"href":"https:\/\/ztsports.com\/fr\/wp-json\/wp\/v2\/product\/21980\/revisions"}],"predecessor-version":[{"id":21984,"href":"https:\/\/ztsports.com\/fr\/wp-json\/wp\/v2\/product\/21980\/revisions\/21984"}],"wp:featuredmedia":[{"embeddable":true,"href":"https:\/\/ztsports.com\/fr\/wp-json\/wp\/v2\/media\/21979"}],"wp:attachment":[{"href":"https:\/\/ztsports.com\/fr\/wp-json\/wp\/v2\/media?parent=21980"}],"wp:term":[{"taxonomy":"product_brand","embeddable":true,"href":"https:\/\/ztsports.com\/fr\/wp-json\/wp\/v2\/product_brand?post=21980"},{"taxonomy":"product_cat","embeddable":true,"href":"https:\/\/ztsports.com\/fr\/wp-json\/wp\/v2\/product_cat?post=21980"},{"taxonomy":"product_tag","embeddable":true,"href":"https:\/\/ztsports.com\/fr\/wp-json\/wp\/v2\/product_tag?post=21980"}],"curies":[{"name":"wp","href":"https:\/\/api.w.org\/{rel}","templated":true}]}}